{"id":21126,"date":"2018-01-02T01:00:25","date_gmt":"2018-01-02T01:00:25","guid":{"rendered":"http:\/\/biblian.is\/videy\/sidari-samuelsbok-10-kafli\/"},"modified":"2018-01-02T01:00:25","modified_gmt":"2018-01-02T01:00:25","slug":"sidari-samuelsbok-10-kafli","status":"publish","type":"page","link":"https:\/\/biblian.is\/videy\/sidari-samuelsbok-10-kafli\/","title":{"rendered":"S\u00ed\u00f0ari Sam\u00faelsb\u00f3k 10. kafli"},"content":{"rendered":"<div class=\"fyrirsognVidey\">Sigur yfir Ammon\u00edtum og s\u00fdrlenskum.<\/div>\n<p><a name=\"1\"><span class=\"versanumer\">1<\/span><\/a>Eftir \u00fea\u00f0 bar svo til a\u00f0 konungur Ammons barna d\u00f3, og Hanon hans son var\u00f0 k\u00f3ngur \u00ed hans sta\u00f0.<a name=\"2\"><span class=\"versanumer\">2<\/span><\/a>\u00de\u00e1 m\u00e6lti Dav\u00ed\u00f0: eg vil s\u00fdna vinskap Hanon syni Nahas, eins og hans fa\u00f0ir s\u00fdndi m\u00e9r vinskap. Og Dav\u00ed\u00f0 sendi s\u00edna \u00fej\u00f3na til a\u00f0 hugga hann \u00fe\u00e1 hann syrg\u00f0i f\u00f6\u00f0ur sinn. Svo komu Dav\u00ed\u00f0s \u00fej\u00f3nar \u00ed land Ammonsbarna.<a name=\"3\"><span class=\"versanumer\">3<\/span><\/a>\u00de\u00e1 s\u00f6g\u00f0u h\u00f6f\u00f0ingjar Ammonsbarna vi\u00f0 Hanon sinn herra: \u00feyki \u00fe\u00e9r Dav\u00ed\u00f0 hei\u00f0ra f\u00f6\u00f0ur \u00feinn, \u00fear hann sendir til \u00fe\u00edn huggara? mun Dav\u00ed\u00f0 ei \u00e6tla s\u00e9r a\u00f0 rannsaka og nj\u00f3sna um borgina og ey\u00f0ileggja hana svo, og \u00feess vegna hafa sent s\u00edna \u00fej\u00f3na til \u00fe\u00edn?<a name=\"4\"><span class=\"versanumer\">4<\/span><\/a>\u00de\u00e1 t\u00f3k Hanon Dav\u00ed\u00f0s \u00fej\u00f3na og skar af \u00feeim h\u00e1lft skeggi\u00f0, s\u00f6mulei\u00f0is h\u00e1lf \u00feeirra kl\u00e6\u00f0i allt upp til beltissta\u00f0ar, og l\u00e9t \u00fe\u00e1 svo fara.<a name=\"5\"><span class=\"versanumer\">5<\/span><\/a>\u00deetta var Dav\u00ed\u00f0 sagt, \u00fe\u00e1 sendi hann \u00e1 m\u00f3ti \u00feeim, \u00fev\u00ed mennirnir voru mj\u00f6g sv\u00edvirtir, og konungur l\u00e9t segja \u00feeim: veri\u00f0 \u00ed Jer\u00edk\u00f3 \u00feanga\u00f0 til y\u00f0ar skegg sprettur, og komi\u00f0 svo heim aftur. <br \/><a name=\"6\"><span class=\"versanumer\">6<\/span><\/a>En sem Ammons b\u00f6rn s\u00e1u a\u00f0 Dav\u00ed\u00f0 var or\u00f0i\u00f0 gramt \u00ed ge\u00f0i <span class='VideyAth'>a)<\/span> sendu \u00feeir af sta\u00f0, og leig\u00f0u s\u00e9r s\u00fdrlenska \u00ed Bet-Rehob og s\u00fdrlenska \u00ed Soba 20 \u00fe\u00fasund manns af f\u00f3tg\u00f6nguli\u00f0i og \u00fe\u00fasund manns af konunginum \u00ed Maaka, og 12 \u00fe\u00fasund manns \u00ed Tob <span class='VideyAth'>b)<\/span>.<a name=\"7\"><span class=\"versanumer\">7<\/span><\/a>En sem Dav\u00ed\u00f0 fr\u00e9tti \u00fea\u00f0, sendi hann J\u00f3ab af sta\u00f0 og allan str\u00ed\u00f0smannaherinn.<a name=\"8\"><span class=\"versanumer\">8<\/span><\/a>Og Ammonsb\u00f6rn l\u00f6g\u00f0u af sta\u00f0, og skipu\u00f0u s\u00e9r ni\u00f0ur til bardaga fyrir utan borgarhli\u00f0i\u00f0. Og \u00feeir s\u00fdrlensku fr\u00e1 Soba og Rehob, og mennirnir fr\u00e1 Tob og Maaka st\u00f3\u00f0u einir \u00e1 v\u00edgvellinum.<a name=\"9\"><span class=\"versanumer\">9<\/span><\/a>En er J\u00f3ab s\u00e1 a\u00f0 honum var bardagi b\u00fainn, b\u00e6\u00f0i \u00ed bak og fyrir, t\u00f3k hann s\u00e9r einvalali\u00f0 af \u00f6llum \u00cdsrael, og f\u00f3r \u00e1 m\u00f3ti s\u00fdrlenskum;<a name=\"10\"><span class=\"versanumer\">10<\/span><\/a>og hitt li\u00f0i\u00f0 f\u00e9kk hann Ab\u00edsai br\u00f3\u00f0ur s\u00ednum, og hann f\u00f3r m\u00f3ti Ammonsb\u00f6rnum.<a name=\"11\"><span class=\"versanumer\">11<\/span><\/a>Og J\u00f3ab m\u00e6lti: ver\u00f0i s\u00fdrlenskir m\u00e9r yfirsterkari svo kom \u00fe\u00fa m\u00e9r til li\u00f0s, og ef Ammonsb\u00f6rn ver\u00f0a \u00fe\u00e9r yfirsterkari, \u00fe\u00e1 kem eg \u00fe\u00e9r til li\u00f0s.<a name=\"12\"><span class=\"versanumer\">12<\/span><\/a>Vertu fastur fyrir, og l\u00e1tum oss verja \u00f6rugglega vort f\u00f3lk og sta\u00f0i vors Gu\u00f0s; en Drottinn gj\u00f6ri hva\u00f0 honum gott \u00feykir.<a name=\"13\"><span class=\"versanumer\">13<\/span><\/a>Og J\u00f3ab lag\u00f0i til orrustu og \u00fea\u00f0 f\u00f3lk sem me\u00f0 honum var m\u00f3ti s\u00fdrlenskum, og \u00feeir hrukku fyrir honum.<a name=\"14\"><span class=\"versanumer\">14<\/span><\/a>En sem Ammonsb\u00f6rn s\u00e1u a\u00f0 s\u00fdrlenskir fl\u00fd\u00f0u, l\u00f6g\u00f0u \u00feeir l\u00edka \u00e1 fl\u00f3tta fyrir Abisai, og f\u00f3ru inn \u00ed borgina. Og J\u00f3ab sneri eftir \u00fea\u00f0 heim fr\u00e1 Ammon\u00edtum og kom til Jer\u00fasalem. <br \/><a name=\"15\"><span class=\"versanumer\">15<\/span><\/a>En sem s\u00fdrlenskir s\u00e1u a\u00f0 \u00feeir h\u00f6f\u00f0u fengi\u00f0 \u00f3sigur fyrir \u00cdsraelsm\u00f6nnum, samans\u00f6fnu\u00f0ust \u00feeir allssta\u00f0ar fr\u00e1.<a name=\"16\"><span class=\"versanumer\">16<\/span><\/a>Og Hadadeser sendi bo\u00f0, og l\u00e9t s\u00fdrlenska sem voru hinumegin vi\u00f0 \u00e1na fara lei\u00f0angur, og \u00feeir komu til Helam; og Sobak, Hadadesers hersh\u00f6f\u00f0ingi var fyrir \u00feeim <span class='VideyAth'>c)<\/span>.<a name=\"17\"><span class=\"versanumer\">17<\/span><\/a>\u00de\u00e1 Dav\u00ed\u00f0 f\u00e9kk \u00fea\u00f0 a\u00f0 vita, samansafna\u00f0i hann \u00f6llum \u00cdsrael og f\u00f3r yfir \u00e1na J\u00f3rdan og kom til Helam. Og s\u00fdrlenskir skipu\u00f0u s\u00e9r ni\u00f0ur \u00ed fylkingu gegnt Dav\u00ed\u00f0 og b\u00f6r\u00f0ust vi\u00f0 hann,<a name=\"18\"><span class=\"versanumer\">18<\/span><\/a>en s\u00fdrlenskir fl\u00fd\u00f0u fyrir \u00cdsrael\u00edtum, og Dav\u00ed\u00f0 felldi af s\u00fdrlenskra herv\u00f6gnum 7 hundru\u00f0 manns, og 40 \u00fe\u00fasund rei\u00f0menn, hann lag\u00f0i og a\u00f0 velli hersh\u00f6f\u00f0ingjann, svo a\u00f0 hann d\u00f3 <span class='VideyAth'>(\u00fear)<\/span>.<a name=\"19\"><span class=\"versanumer\">19<\/span><\/a>En \u00fe\u00e1 \u00feeir k\u00f3ngar sem voru l\u00fd\u00f0skildir vi\u00f0 Hadadeser, s\u00e1u a\u00f0 \u00feeir voru sigra\u00f0ir af \u00cdsrael\u00edtum, gj\u00f6r\u00f0u \u00feeir fri\u00f0 vi\u00f0 \u00cdsrael og ur\u00f0u \u00feeim undirgefnir. Og s\u00fdrlenskir \u00feor\u00f0u ekki, upp fr\u00e1 \u00fev\u00ed, a\u00f0 koma Ammon\u00edtum til li\u00f0s.<\/p>\n<div class=\"footnoteVidey\">V. 1. 1 Kron. 19,1.  V. 6. a. Kap. 16,21. 1 Kron. 19,6. 1 Sam. 13,4.  V. 8. b. D\u00f3m. 11,3.  V. 16. c. 1 Kron. 19,16.  V. 18. d. 1 Kron. 19,18.<\/div>\n","protected":false},"excerpt":{"rendered":"<p>Sigur yfir Ammon\u00edtum og s\u00fdrlenskum. 1Eftir \u00fea\u00f0 bar svo til a\u00f0 konungur Ammons barna d\u00f3, og Hanon hans son var\u00f0 k\u00f3ngur \u00ed hans sta\u00f0.2\u00de\u00e1 m\u00e6lti Dav\u00ed\u00f0: eg vil s\u00fdna vinskap Hanon syni Nahas, eins og hans fa\u00f0ir s\u00fdndi m\u00e9r vinskap. Og Dav\u00ed\u00f0 sendi s\u00edna \u00fej\u00f3na til a\u00f0 hugga hann \u00fe\u00e1 hann syrg\u00f0i f\u00f6\u00f0ur sinn. Svo komu Dav\u00ed\u00f0s \u00fej\u00f3nar \u00ed land Ammonsbarna.3\u00de\u00e1 s\u00f6g\u00f0u h\u00f6f\u00f0ingjar Ammonsbarna vi\u00f0 Hanon sinn herra: \u00feyki \u00fe\u00e9r Dav\u00ed\u00f0 hei\u00f0ra f\u00f6\u00f0ur \u00feinn, \u00fear hann sendir til \u00fe\u00edn huggara? mun Dav\u00ed\u00f0 ei \u00e6tla s\u00e9r a\u00f0 rannsaka og nj\u00f3sna um borgina og ey\u00f0ileggja hana svo, og \u00feess vegna hafa sent <a href=\"https:\/\/biblian.is\/videy\/sidari-samuelsbok-10-kafli\/\"> [&#8230;]<\/a><\/p>\n","protected":false},"author":1,"featured_media":0,"parent":0,"menu_order":0,"comment_status":"open","ping_status":"open","template":"bibliukaflar.php","meta":{"footnotes":""},"class_list":["post-21126","page","type-page","status-publish","hentry"],"_links":{"self":[{"href":"https:\/\/biblian.is\/videy\/wp-json\/wp\/v2\/pages\/21126","targetHints":{"allow":["GET"]}}],"collection":[{"href":"https:\/\/biblian.is\/videy\/wp-json\/wp\/v2\/pages"}],"about":[{"href":"https:\/\/biblian.is\/videy\/wp-json\/wp\/v2\/types\/page"}],"author":[{"embeddable":true,"href":"https:\/\/biblian.is\/videy\/wp-json\/wp\/v2\/users\/1"}],"replies":[{"embeddable":true,"href":"https:\/\/biblian.is\/videy\/wp-json\/wp\/v2\/comments?post=21126"}],"version-history":[{"count":0,"href":"https:\/\/biblian.is\/videy\/wp-json\/wp\/v2\/pages\/21126\/revisions"}],"wp:attachment":[{"href":"https:\/\/biblian.is\/videy\/wp-json\/wp\/v2\/media?parent=21126"}],"curies":[{"name":"wp","href":"https:\/\/api.w.org\/{rel}","templated":true}]}}