{"id":21125,"date":"2018-01-02T01:00:25","date_gmt":"2018-01-02T01:00:25","guid":{"rendered":"http:\/\/biblian.is\/videy\/sidari-samuelsbok-9-kafli\/"},"modified":"2018-01-02T01:00:25","modified_gmt":"2018-01-02T01:00:25","slug":"sidari-samuelsbok-9-kafli","status":"publish","type":"page","link":"https:\/\/biblian.is\/videy\/sidari-samuelsbok-9-kafli\/","title":{"rendered":"S\u00ed\u00f0ari Sam\u00faelsb\u00f3k 9. kafli"},"content":{"rendered":"<div class=\"fyrirsognVidey\">Dav\u00ed\u00f0s velgj\u00f6r\u00f0 vi\u00f0 Mesiboset.<\/div>\n<p><a name=\"1\"><span class=\"versanumer\">1<\/span><\/a>Og Dav\u00ed\u00f0 m\u00e6lti: er n\u00fa nokkur ma\u00f0ur eftir or\u00f0inn af S\u00e1ls\u00e6tt, a\u00f0 eg geti au\u00f0s\u00fdnt honum n\u00e1\u00f0 sakir J\u00f3natans?<a name=\"2\"><span class=\"versanumer\">2<\/span><\/a>En af S\u00e1ls h\u00fasi var til \u00fer\u00e6ll nokkur sem h\u00e9t Siba <span class='VideyAth'>c)<\/span>, hann k\u00f6llu\u00f0u \u00feeir fyrir Dav\u00ed\u00f0, og k\u00f3ngur m\u00e6lti vi\u00f0 hann: ert \u00fe\u00fa Siba? og hann svara\u00f0i: j\u00e1, \u00feinn \u00fer\u00e6ll er!<a name=\"3\"><span class=\"versanumer\">3<\/span><\/a>Og konungur sag\u00f0i: er enginn ma\u00f0ur n\u00fa eftir or\u00f0inn af h\u00fasi S\u00e1ls, a\u00f0 eg s\u00fdni \u00e1 honum Gu\u00f0s miskunnsemi? Og Siba ansa\u00f0i konunginum: enn er \u00e1 l\u00edfi sonur J\u00f3natans og er f\u00f3tlami <span class='VideyAth'>d)<\/span>.<a name=\"4\"><span class=\"versanumer\">4<\/span><\/a>Og konungur sag\u00f0i til hans: hvar er hann? Siba sag\u00f0i vi\u00f0 k\u00f3nginn: hann er \u00ed h\u00fasi Makirs sonar Amm\u00edels \u00ed Lodebar <span class='VideyAth'>c)<\/span>.<a name=\"5\"><span class=\"versanumer\">5<\/span><\/a>\u00de\u00e1 sendi Dav\u00ed\u00f0 konungur \u00feanga\u00f0 og l\u00e9t s\u00e6kja hann \u00ed h\u00fas Mak\u00edrs sonar Amm\u00edels \u00ed Lodebar.<a name=\"6\"><span class=\"versanumer\">6<\/span><\/a>Og svo kom Mesiboset sonur J\u00f3natans sonar S\u00e1ls, til Dav\u00ed\u00f0s, og f\u00e9ll fram \u00e1 sitt andlit og laut honum og Dav\u00ed\u00f0 m\u00e6lti: Mesiboset! og hann svara\u00f0i: sj\u00e1! h\u00e9r em eg, \u00feinn \u00fer\u00e6ll!<a name=\"7\"><span class=\"versanumer\">7<\/span><\/a>Og Dav\u00ed\u00f0 sag\u00f0i til hans: vert \u00fe\u00fa \u00f3hr\u00e6ddur, \u00e1 \u00fe\u00e9r vil eg gj\u00f6ra miskunnarverk, s\u00f6kum J\u00f3natans f\u00f6\u00f0ur \u00fe\u00edns, og eg vil gefa \u00fe\u00e9r aftur alla akra f\u00f6\u00f0ur \u00fe\u00edns S\u00e1ls, og \u00fe\u00fa skalt jafnan eta vi\u00f0 mitt bor\u00f0 <span class='VideyAth'>f)<\/span>,<a name=\"8\"><span class=\"versanumer\">8<\/span><\/a>og hann laut og m\u00e6lti: hva\u00f0 er \u00feinn \u00fer\u00e6ll, a\u00f0 \u00fe\u00fa rennir auga \u00e1 dau\u00f0an hund <span class='VideyAth'>g)<\/span>, sem eg er.<a name=\"9\"><span class=\"versanumer\">9<\/span><\/a>\u00de\u00e1 kalla\u00f0i konungurinn Siba fyrir sig, \u00fej\u00f3n S\u00e1ls, og m\u00e6lti til hans: allt \u00fea\u00f0 sem S\u00e1l tilheyr\u00f0i og \u00f6llu hans h\u00fasi, \u00fea\u00f0 gef eg syni \u00fe\u00edns herra.<a name=\"10\"><span class=\"versanumer\">10<\/span><\/a>Yrk \u00fe\u00fa n\u00fa landi\u00f0 fyrir hann, \u00fe\u00fa og \u00fe\u00ednir synir og \u00fe\u00ednir \u00fer\u00e6lar, og hir\u00f0 af \u00feeim, a\u00f0 \u00feinn herra hafi brau\u00f0 og eti. Og Mesiboset sonur \u00fe\u00edns herra, skal \u00e1vallt eta vi\u00f0 mitt bor\u00f0; en Siba \u00e1tti 15 syni og 20 \u00fer\u00e6la <span class='VideyAth'>h)<\/span>.<a name=\"11\"><span class=\"versanumer\">11<\/span><\/a>Og Siba sag\u00f0i vi\u00f0 konunginn: eins og minn herra konungurinn b\u00fd\u00f0ur s\u00ednum \u00fer\u00e6li, svo mun \u00feinn \u00fer\u00e6ll gj\u00f6ra. \u201eOg Mesiboset skal eta vi\u00f0 mitt bor\u00f0 sem einn af k\u00f3ngsins sonum <span class='VideyAth'>i)<\/span>\u201c.<a name=\"12\"><span class=\"versanumer\">12<\/span><\/a>En Mesiboset \u00e1tti ungan son sem h\u00e9t Mika, og allir sem bjuggu \u00ed Siba h\u00fasi, voru Mefibosets \u00fer\u00e6lar.<a name=\"13\"><span class=\"versanumer\">13<\/span><\/a>Og Mesiboset bj\u00f3 \u00ed Jer\u00fasalem, \u00fev\u00ed hann sat \u00e1vallt til bor\u00f0s me\u00f0 konungi, en hann <span class='VideyAth'>(Mesiboset)<\/span> var haltur \u00e1 b\u00e1\u00f0um f\u00f3tum <span class='VideyAth'>k)<\/span>.<\/p>\n<div class=\"footnoteVidey\">V. 2. c. Kap. 16,1.  V. 3. d. Kap. 4,4.  V. 4. e. Kap. 17,27.  V. 7. f. 2 K\u00f3ng. 25,29.  V. 8. g. 1 Sam. 24,15. 2 K\u00f3ng. 8,13.  V. 10. h. Kap. 19,17.  V. 11. i. Kap. 19,28.  V. 13. k. Kap. 4,4.<\/div>\n","protected":false},"excerpt":{"rendered":"<p>Dav\u00ed\u00f0s velgj\u00f6r\u00f0 vi\u00f0 Mesiboset. 1Og Dav\u00ed\u00f0 m\u00e6lti: er n\u00fa nokkur ma\u00f0ur eftir or\u00f0inn af S\u00e1ls\u00e6tt, a\u00f0 eg geti au\u00f0s\u00fdnt honum n\u00e1\u00f0 sakir J\u00f3natans?2En af S\u00e1ls h\u00fasi var til \u00fer\u00e6ll nokkur sem h\u00e9t Siba c), hann k\u00f6llu\u00f0u \u00feeir fyrir Dav\u00ed\u00f0, og k\u00f3ngur m\u00e6lti vi\u00f0 hann: ert \u00fe\u00fa Siba? og hann svara\u00f0i: j\u00e1, \u00feinn \u00fer\u00e6ll er!3Og konungur sag\u00f0i: er enginn ma\u00f0ur n\u00fa eftir or\u00f0inn af h\u00fasi S\u00e1ls, a\u00f0 eg s\u00fdni \u00e1 honum Gu\u00f0s miskunnsemi? Og Siba ansa\u00f0i konunginum: enn er \u00e1 l\u00edfi sonur J\u00f3natans og er f\u00f3tlami d).4Og konungur sag\u00f0i til hans: hvar er hann? Siba sag\u00f0i vi\u00f0 k\u00f3nginn: hann er \u00ed <a href=\"https:\/\/biblian.is\/videy\/sidari-samuelsbok-9-kafli\/\"> [&#8230;]<\/a><\/p>\n","protected":false},"author":1,"featured_media":0,"parent":0,"menu_order":0,"comment_status":"open","ping_status":"open","template":"bibliukaflar.php","meta":{"footnotes":""},"class_list":["post-21125","page","type-page","status-publish","hentry"],"_links":{"self":[{"href":"https:\/\/biblian.is\/videy\/wp-json\/wp\/v2\/pages\/21125","targetHints":{"allow":["GET"]}}],"collection":[{"href":"https:\/\/biblian.is\/videy\/wp-json\/wp\/v2\/pages"}],"about":[{"href":"https:\/\/biblian.is\/videy\/wp-json\/wp\/v2\/types\/page"}],"author":[{"embeddable":true,"href":"https:\/\/biblian.is\/videy\/wp-json\/wp\/v2\/users\/1"}],"replies":[{"embeddable":true,"href":"https:\/\/biblian.is\/videy\/wp-json\/wp\/v2\/comments?post=21125"}],"version-history":[{"count":0,"href":"https:\/\/biblian.is\/videy\/wp-json\/wp\/v2\/pages\/21125\/revisions"}],"wp:attachment":[{"href":"https:\/\/biblian.is\/videy\/wp-json\/wp\/v2\/media?parent=21125"}],"curies":[{"name":"wp","href":"https:\/\/api.w.org\/{rel}","templated":true}]}}