{"id":21124,"date":"2018-01-02T01:00:25","date_gmt":"2018-01-02T01:00:25","guid":{"rendered":"http:\/\/biblian.is\/videy\/sidari-samuelsbok-8-kafli\/"},"modified":"2018-01-02T01:00:25","modified_gmt":"2018-01-02T01:00:25","slug":"sidari-samuelsbok-8-kafli","status":"publish","type":"page","link":"https:\/\/biblian.is\/videy\/sidari-samuelsbok-8-kafli\/","title":{"rendered":"S\u00ed\u00f0ari Sam\u00faelsb\u00f3k 8. kafli"},"content":{"rendered":"<div class=\"fyrirsognVidey\">Sigurvinningar Dav\u00ed\u00f0s. Hans h\u00f6f\u00f0ingjar.<\/div>\n<p><a name=\"1\"><span class=\"versanumer\">1<\/span><\/a>Eftir \u00fea\u00f0 vann Dav\u00ed\u00f0 sigur \u00e1 Filisteum, og au\u00f0m\u00fdkti \u00fe\u00e1 og t\u00f3k tauma h\u00f6fu\u00f0sta\u00f0arins \u00far Filisteanna h\u00f6nd.<a name=\"2\"><span class=\"versanumer\">2<\/span><\/a>Og l\u00edka sigra\u00f0i hann M\u00f3ab\u00edtana og m\u00e6ldi \u00fe\u00e1 me\u00f0 va\u00f0, hann l\u00e9t \u00fe\u00e1 leggjast ni\u00f0ur \u00e1 j\u00f6r\u00f0ina, og m\u00e6ldi tvo va\u00f0i til a\u00f0 deyja; og einn va\u00f0 til a\u00f0 l\u00e1ta lifa. Svo ur\u00f0u M\u00f3ab\u00edtar Dav\u00ed\u00f0s \u00fer\u00e6lar, sem f\u00e6r\u00f0u honum g\u00e1fur.<a name=\"3\"><span class=\"versanumer\">3<\/span><\/a>Og Dav\u00ed\u00f0 yfirvann Hadadeser Rehobsson, konung \u00ed Soba, \u00fe\u00e1 hann f\u00f3r lei\u00f0angur til a\u00f0 n\u00e1 aftur r\u00edki a\u00f0 \u00e1nni Frat.<a name=\"4\"><span class=\"versanumer\">4<\/span><\/a>Og Dav\u00ed\u00f0 vann af honum 17 hundru\u00f0 rei\u00f0menn og 20 \u00fe\u00fasund f\u00f3tg\u00f6nguli\u00f0s, og helti alla vagnhestana, og h\u00e9lt eftir hundra\u00f0i af \u00feeim.<a name=\"5\"><span class=\"versanumer\">5<\/span><\/a>Og S\u00fdrlenskir fr\u00e1 Damaskus komu til li\u00f0s vi\u00f0 Hadadeser, konung \u00ed S\u00f3ba; og Dav\u00ed\u00f0 lag\u00f0i a\u00f0 velli \u00fe\u00e1 s\u00fdrlensku, 22 \u00fe\u00fasundir manns.<a name=\"6\"><span class=\"versanumer\">6<\/span><\/a>Og Dav\u00ed\u00f0 l\u00e9t eftir vera setuli\u00f0 \u00ed Damaskus \u00e1 S\u00fdrlandi, og s\u00fdrlenskir gj\u00f6r\u00f0ust Dav\u00ed\u00f0s \u00feegnar sem f\u00e6r\u00f0u honum g\u00e1fur. Svo veitti Drottinn Dav\u00ed\u00f0 sigur hv\u00f6rt sem hann f\u00f3r.<a name=\"7\"><span class=\"versanumer\">7<\/span><\/a>Og Dav\u00ed\u00f0 t\u00f3k \u00fe\u00e1 gullb\u00fanu skildi, sem Hadadesers \u00fej\u00f3nar h\u00f6f\u00f0u bori\u00f0 og flutti \u00fe\u00e1 til Jer\u00fasalem,<a name=\"8\"><span class=\"versanumer\">8<\/span><\/a>og \u00far Beta og Berota\u00ed, st\u00f6\u00f0um Hadadesers, t\u00f3k Dav\u00ed\u00f0 konungur afar miki\u00f0 eir.<a name=\"9\"><span class=\"versanumer\">9<\/span><\/a>Og T\u00f3\u00ed konungur \u00ed Hemat fr\u00e9tti a\u00f0 Dav\u00ed\u00f0 hef\u00f0i lagt a\u00f0 velli allan Hadadesers her.<a name=\"10\"><span class=\"versanumer\">10<\/span><\/a>\u00de\u00e1 sendi hann son sinn J\u00f3ram til Dav\u00ed\u00f0s konungs til a\u00f0 heilsa honum, og \u00f3ska til lukku, a\u00f0 hann \u00ed str\u00ed\u00f0inu vi\u00f0 Hadadeser hef\u00f0i fengi\u00f0 sigur, \u00fev\u00ed T\u00f3i var \u00ed str\u00ed\u00f0i vi\u00f0 Hadadeser, og hann haf\u00f0i me\u00f0 s\u00e9r, gersemar af gulli, silfri og eiri.<a name=\"11\"><span class=\"versanumer\">11<\/span><\/a>\u00de\u00e6r helga\u00f0i Dav\u00ed\u00f0 konungur Drottni \u00e1samt \u00fev\u00ed gulli og silfri er hann haf\u00f0i helga\u00f0 fr\u00e1 \u00f6llum \u00feeim \u00fej\u00f3\u00f0um sem hann haf\u00f0i yfirunni\u00f0,<a name=\"12\"><span class=\"versanumer\">12<\/span><\/a>fr\u00e1 s\u00fdrlenskum og fr\u00e1 M\u00f3ab\u00edtum, og fr\u00e1 Ammonssonum og fr\u00e1 Filisteum og fr\u00e1 Amalek\u00edtum, og af herfangi Hadadesers sonar Rehobs konungs \u00ed S\u00f3ba.<br \/><a name=\"13\"><span class=\"versanumer\">13<\/span><\/a>Og Dav\u00ed\u00f0 gj\u00f6r\u00f0i s\u00e9r minnismerki \u00fe\u00e1 hann kom til baka, eftir a\u00f0 hann haf\u00f0i lagt a\u00f0 velli Edom\u00edta, 18 \u00fe\u00fasundir, \u00ed Saltdalnum.<a name=\"14\"><span class=\"versanumer\">14<\/span><\/a>Og hann lag\u00f0i setuli\u00f0 inn \u00ed Edomsland, um allt landi\u00f0 setti hann setuli\u00f0 og allt Edomsland lag\u00f0ist undir Dav\u00ed\u00f0. Og svona \u00fatvega\u00f0i Drottinn Dav\u00ed\u00f0 sigur allssta\u00f0ar, hv\u00f6rt sem hann f\u00f3r <span class='VideyAth'>a)<\/span>.<a name=\"15\"><span class=\"versanumer\">15<\/span><\/a>Og Dav\u00ed\u00f0 r\u00edkti yfir \u00f6llum \u00cdsrael, og l\u00e9t allt sitt f\u00f3lk nj\u00f3ta laga og r\u00e9ttinda <span class='VideyAth'>b)<\/span>.<a name=\"16\"><span class=\"versanumer\">16<\/span><\/a>En J\u00f3ab sonur Seruja var fyrir hernum, og J\u00f3safat sonur Ahilud var sagnameistari.<a name=\"17\"><span class=\"versanumer\">17<\/span><\/a>Og Sadok sonur Ahitubs, og Ahimelek sonur Abiatars voru prestar, og Seraja skrifari,<a name=\"18\"><span class=\"versanumer\">18<\/span><\/a>og Benaja sonur Jojada var yfir l\u00edfvaktinni, og Dav\u00ed\u00f0s synir voru klerkar.<\/p>\n<div class=\"footnoteVidey\">V. 1. A\u00f0rir leggja \u00fat: t\u00f3k Metek-Amma, og vilja \u00fea\u00f0 s\u00e9 sama borg og Gat. Sj\u00e1 1 Krb. 18,1.  V. 2. L\u00e9t hv\u00f6rn \u00feri\u00f0ja mann halda l\u00edfi.  V. 3. 1 Kron. 18,3.  V. 4. J\u00f3s. 11,9. 1 Kron. 18,4.  V. 9. 1 Kron. 18,9.  V. 14. a. v. 6. 1 K\u00f3ng. 11,15.  V. 15. b. 1 Kron. 18,14.  V. 16. Kap. 20,23.24.<\/div>\n","protected":false},"excerpt":{"rendered":"<p>Sigurvinningar Dav\u00ed\u00f0s. Hans h\u00f6f\u00f0ingjar. 1Eftir \u00fea\u00f0 vann Dav\u00ed\u00f0 sigur \u00e1 Filisteum, og au\u00f0m\u00fdkti \u00fe\u00e1 og t\u00f3k tauma h\u00f6fu\u00f0sta\u00f0arins \u00far Filisteanna h\u00f6nd.2Og l\u00edka sigra\u00f0i hann M\u00f3ab\u00edtana og m\u00e6ldi \u00fe\u00e1 me\u00f0 va\u00f0, hann l\u00e9t \u00fe\u00e1 leggjast ni\u00f0ur \u00e1 j\u00f6r\u00f0ina, og m\u00e6ldi tvo va\u00f0i til a\u00f0 deyja; og einn va\u00f0 til a\u00f0 l\u00e1ta lifa. Svo ur\u00f0u M\u00f3ab\u00edtar Dav\u00ed\u00f0s \u00fer\u00e6lar, sem f\u00e6r\u00f0u honum g\u00e1fur.3Og Dav\u00ed\u00f0 yfirvann Hadadeser Rehobsson, konung \u00ed Soba, \u00fe\u00e1 hann f\u00f3r lei\u00f0angur til a\u00f0 n\u00e1 aftur r\u00edki a\u00f0 \u00e1nni Frat.4Og Dav\u00ed\u00f0 vann af honum 17 hundru\u00f0 rei\u00f0menn og 20 \u00fe\u00fasund f\u00f3tg\u00f6nguli\u00f0s, og helti alla vagnhestana, og h\u00e9lt eftir hundra\u00f0i af \u00feeim.5Og <a href=\"https:\/\/biblian.is\/videy\/sidari-samuelsbok-8-kafli\/\"> [&#8230;]<\/a><\/p>\n","protected":false},"author":1,"featured_media":0,"parent":0,"menu_order":0,"comment_status":"open","ping_status":"open","template":"bibliukaflar.php","meta":{"footnotes":""},"class_list":["post-21124","page","type-page","status-publish","hentry"],"_links":{"self":[{"href":"https:\/\/biblian.is\/videy\/wp-json\/wp\/v2\/pages\/21124","targetHints":{"allow":["GET"]}}],"collection":[{"href":"https:\/\/biblian.is\/videy\/wp-json\/wp\/v2\/pages"}],"about":[{"href":"https:\/\/biblian.is\/videy\/wp-json\/wp\/v2\/types\/page"}],"author":[{"embeddable":true,"href":"https:\/\/biblian.is\/videy\/wp-json\/wp\/v2\/users\/1"}],"replies":[{"embeddable":true,"href":"https:\/\/biblian.is\/videy\/wp-json\/wp\/v2\/comments?post=21124"}],"version-history":[{"count":0,"href":"https:\/\/biblian.is\/videy\/wp-json\/wp\/v2\/pages\/21124\/revisions"}],"wp:attachment":[{"href":"https:\/\/biblian.is\/videy\/wp-json\/wp\/v2\/media?parent=21124"}],"curies":[{"name":"wp","href":"https:\/\/api.w.org\/{rel}","templated":true}]}}