{"id":21123,"date":"2018-01-02T01:00:25","date_gmt":"2018-01-02T01:00:25","guid":{"rendered":"http:\/\/biblian.is\/videy\/sidari-samuelsbok-7-kafli\/"},"modified":"2018-01-02T01:00:25","modified_gmt":"2018-01-02T01:00:25","slug":"sidari-samuelsbok-7-kafli","status":"publish","type":"page","link":"https:\/\/biblian.is\/videy\/sidari-samuelsbok-7-kafli\/","title":{"rendered":"S\u00ed\u00f0ari Sam\u00faelsb\u00f3k 7. kafli"},"content":{"rendered":"<div class=\"fyrirsognVidey\">Dav\u00ed\u00f0 vill byggja musteri; f\u00e6r fyrirheit.<\/div>\n<p><a name=\"1\"><span class=\"versanumer\">1<\/span><\/a>Og \u00fea\u00f0 ske\u00f0i, \u00fe\u00e1 Dav\u00ed\u00f0 konungur var sestur um kyrrt, og Drottinn haf\u00f0i gefi\u00f0 honum fri\u00f0 allt um kring fyrir \u00f6llum hans \u00f3vinum.<a name=\"2\"><span class=\"versanumer\">2<\/span><\/a>\u00de\u00e1 sag\u00f0i konungurinn vi\u00f0 Natan sp\u00e1mann: sj\u00e1! eg b\u00fd \u00ed h\u00fasi af sedrusvi\u00f0i <span class='VideyAth'>b)<\/span>, og \u00f6rk Drottins er undir tjaldd\u00fakum!<a name=\"3\"><span class=\"versanumer\">3<\/span><\/a>Og Natan svara\u00f0i konungi: gj\u00f6r \u00fe\u00fa allt hva\u00f0 \u00fe\u00e9r er \u00ed hug, \u00fev\u00ed Drottinn er me\u00f0 \u00fe\u00e9r.<a name=\"4\"><span class=\"versanumer\">4<\/span><\/a>Og \u00fea\u00f0 ske\u00f0i \u00fe\u00e1 s\u00f6mu n\u00f3tt a\u00f0 or\u00f0 Drottins kom til Natans, og sag\u00f0i:<a name=\"5\"><span class=\"versanumer\">5<\/span><\/a>far \u00fe\u00fa, og seg m\u00ednum \u00fej\u00f3n Dav\u00ed\u00f0: svo segir Drottinn: vilt \u00fe\u00fa byggja m\u00e9r h\u00fas til a\u00f0 b\u00faa \u00ed?<a name=\"6\"><span class=\"versanumer\">6<\/span><\/a>Eg hefi \u00ed engu h\u00fasi <span class='VideyAth'>c)<\/span> b\u00fai\u00f0 \u00ed fr\u00e1 \u00feeim degi, a\u00f0 eg leiddi \u00cdsraelssyni \u00far Egyptalandi, allt til \u00feessa dags, og eg var \u00e1 fer\u00f0 \u00ed tjaldi, m\u00e9r til b\u00fasta\u00f0ar.<a name=\"7\"><span class=\"versanumer\">7<\/span><\/a>Allan \u00feann t\u00edma sem eg var \u00e1 fer\u00f0 me\u00f0 \u00f6llum \u00cdsraels sonum, hefi eg \u00fe\u00e1 tala\u00f0 eitt or\u00f0 vi\u00f0 nokkra \u00cdsraels \u00e6ttkv\u00edsl, sem eg bau\u00f0 a\u00f0 vakta mitt f\u00f3lk \u00cdsrael, og sagt: \u00fev\u00ed byggi\u00f0 \u00fe\u00e9r m\u00e9r ekki h\u00fas af sedrusvi\u00f0?<a name=\"8\"><span class=\"versanumer\">8<\/span><\/a>Og seg n\u00fa til m\u00edns \u00fej\u00f3ns Dav\u00ed\u00f0s: svo segir Drottinn allsherjar: eg hefi teki\u00f0 \u00feig \u00far haglendinu, \u00fea\u00f0an sem \u00fe\u00fa rakst hjar\u00f0ir <span class='VideyAth'>d)<\/span>, og eg gj\u00f6r\u00f0i \u00feig h\u00f6f\u00f0ingja yfir mitt f\u00f3lk \u00cdsrael <span class='VideyAth'>e)<\/span>,<a name=\"9\"><span class=\"versanumer\">9<\/span><\/a>og var me\u00f0 \u00fe\u00e9r, hv\u00f6rt sem \u00fe\u00fa f\u00f3rst, og uppr\u00e6tti alla \u00fe\u00edna \u00f3vini fr\u00e1 \u00fe\u00e9r, og gj\u00f6r\u00f0i \u00fe\u00e9r miki\u00f0 nafn, l\u00edkt nafni hinna miklu \u00e1 j\u00f6r\u00f0inni,<a name=\"10\"><span class=\"versanumer\">10<\/span><\/a>og eg hefi gefi\u00f0 b\u00fasta\u00f0 m\u00ednu f\u00f3lki \u00cdsrael, og gr\u00f3\u00f0ursett \u00fea\u00f0, a\u00f0 \u00fea\u00f0 b\u00fai \u00e1 s\u00ednum sta\u00f0 og ver\u00f0i ei framar \u00f3n\u00e1\u00f0a\u00f0, og a\u00f0 vonskunnar synir \u00fej\u00e1i \u00fea\u00f0 ekki, eins og \u00e1\u00f0ur,<a name=\"11\"><span class=\"versanumer\">11<\/span><\/a>\u00ed fr\u00e1 \u00feeim t\u00edma a\u00f0 eg bau\u00f0 d\u00f3murum a\u00f0 vera yfir m\u00ednu f\u00f3lki \u00cdsrael; og eg hefi \u00fatvega\u00f0 \u00fe\u00e9r r\u00f3 fyrir \u00f6llum \u00fe\u00ednum \u00f3vinum; og Drottinn hefir kunngj\u00f6rt \u00fe\u00e9r a\u00f0 hann muni byggja \u00fe\u00e9r h\u00fas.<a name=\"12\"><span class=\"versanumer\">12<\/span><\/a>\u00deegar \u00fe\u00ednir dagar eru <span class='VideyAth'>(\u00ferotnir)<\/span>, og \u00fe\u00fa liggur hj\u00e1 \u00fe\u00ednum fe\u00f0rum, svo vil eg hefja \u00feinn ni\u00f0ja eftir \u00feig sem kominn er af \u00fe\u00ednum lendum, og eg skal sta\u00f0festa hans konungsr\u00edki.<a name=\"13\"><span class=\"versanumer\">13<\/span><\/a>S\u00e1 hinn sami skal byggja h\u00fas m\u00ednu nafni, og eg mun sta\u00f0festa h\u00e1s\u00e6ti hans k\u00f3ngsr\u00edkis;<a name=\"14\"><span class=\"versanumer\">14<\/span><\/a>eg vil vera honum fa\u00f0ir, og hann skal vera m\u00e9r sonur, svo \u00fe\u00f3 honum yfirsj\u00e1ist, vil eg a\u00f0eins hirta hann me\u00f0 mannavendi og me\u00f0 mannsins barna h\u00f6ggum,<a name=\"15\"><span class=\"versanumer\">15<\/span><\/a>og m\u00edn n\u00e1\u00f0 skal ei fr\u00e1 honum v\u00edkja, eins og eg dr\u00f3 hana \u00ed hl\u00e9 vi\u00f0 S\u00e1l <span class='VideyAth'>l)<\/span>, sem eg t\u00f3k \u00far vegi fr\u00e1 \u00fe\u00e9r;<a name=\"16\"><span class=\"versanumer\">16<\/span><\/a>\u00feitt h\u00fas og \u00feitt r\u00edki skal sta\u00f0fast vera til eil\u00edf\u00f0ar. \u00deitt h\u00e1s\u00e6ti \u00f3bifanlegt a\u00f0 eil\u00edfu. <br \/><a name=\"17\"><span class=\"versanumer\">17<\/span><\/a>Samkv\u00e6mt \u00f6llum \u00feessum or\u00f0um og opinberunum tala\u00f0i Natan vi\u00f0 Dav\u00ed\u00f0.<a name=\"18\"><span class=\"versanumer\">18<\/span><\/a>\u00de\u00e1 gekk Dav\u00ed\u00f0 konungur inn, og setti sig fyrir auglit Drottins og m\u00e6lti: hv\u00f6r em eg <span class='VideyAth'>g)<\/span>, minn Drottinn, Drottinn! og hva\u00f0 mitt h\u00fas, a\u00f0 \u00fe\u00fa hefur minnst m\u00edn hinga\u00f0 til?<a name=\"19\"><span class=\"versanumer\">19<\/span><\/a>Og \u00fe\u00e9r n\u00e6g\u00f0i \u00fea\u00f0 ei, minn Drottinn, Drottinn, \u00fe\u00fa gafst og h\u00fasi \u00fe\u00edns \u00fe\u00e9nara fyrirheit, sem eiga s\u00e9r langan aldur, er sl\u00edkt mannah\u00e1ttur, minn Drottinn, Drottinn.<a name=\"20\"><span class=\"versanumer\">20<\/span><\/a>Og hva\u00f0 skal Dav\u00ed\u00f0 framar vi\u00f0 \u00feig segja? \u00fe\u00fa \u00feekkir \u00feinn \u00fej\u00f3n, minn Drottinn, Drottinn.<a name=\"21\"><span class=\"versanumer\">21<\/span><\/a>Sakir \u00feinna or\u00f0a og eftir \u00fe\u00ednum vilja hefir \u00fe\u00fa gj\u00f6rt allt \u00feetta mikla, og kunngj\u00f6rt \u00fea\u00f0 \u00fe\u00ednum \u00fej\u00f3n.<a name=\"22\"><span class=\"versanumer\">22<\/span><\/a>\u00deess vegna ert \u00fe\u00fa mikill Gu\u00f0 Drottinn, \u00fev\u00ed enginn er sem \u00fe\u00fa, og enginn Gu\u00f0 nema \u00fe\u00fa, \u00f6ldungis samhlj\u00f3\u00f0a \u00fev\u00ed sem v\u00e9r h\u00f6fum heyrt me\u00f0 vorum eyrum.<a name=\"23\"><span class=\"versanumer\">23<\/span><\/a>Og hva\u00f0a f\u00f3lk \u00e1 j\u00f6r\u00f0unni er sem \u00feitt f\u00f3lk, sem \u00cdsrael <span class='VideyAth'>a)<\/span>, fyrir hv\u00f6rs sakir Gu\u00f0 t\u00f3k sig til, a\u00f0 \u00fatleysa \u00fea\u00f0 handa s\u00e9r, og \u00fatvega s\u00e9r nafn, og framkv\u00e6ma \u00fea\u00f0 mikla og \u00f3ttalega fyrir \u00feitt land, \u00ed augs\u00fdn \u00feess f\u00f3lks, sem \u00fe\u00fa hefir leyst handa \u00fe\u00e9r fr\u00e1 egypskum, fr\u00e1 \u00fej\u00f3\u00f0unum og \u00feeirra afgu\u00f0um.<a name=\"24\"><span class=\"versanumer\">24<\/span><\/a>Og svo hefir \u00fe\u00fa tilreitt handa \u00fe\u00e9r \u00feitt f\u00f3lk \u00cdsrael, a\u00f0 \u00fea\u00f0 s\u00e9 \u00feitt f\u00f3lk a\u00f0 eil\u00edfu, og \u00fe\u00fa Drottinn ert \u00feess Gu\u00f0.<a name=\"25\"><span class=\"versanumer\">25<\/span><\/a>Og n\u00fa, Gu\u00f0 Drottinn! \u00fea\u00f0 or\u00f0 sem \u00fe\u00fa hefir tala\u00f0 vi\u00f0v\u00edkjandi \u00fe\u00ednum \u00fej\u00f3n og hans h\u00fasi, \u00fea\u00f0 hi\u00f0 sama sta\u00f0fest \u00fe\u00fa a\u00f0 eil\u00edfu, og gj\u00f6r sem \u00fe\u00fa hefir m\u00e6lt.<a name=\"26\"><span class=\"versanumer\">26<\/span><\/a>Og miki\u00f0 s\u00e9 \u00feitt nafn a\u00f0 eil\u00edfu, a\u00f0 menn segi: Drottinn allsherjar, er Gu\u00f0 yfir \u00cdsrael, og h\u00fas \u00fe\u00edns \u00fej\u00f3ns Dav\u00ed\u00f0s s\u00e9 sta\u00f0fast fyrir \u00fe\u00e9r;<a name=\"27\"><span class=\"versanumer\">27<\/span><\/a>\u00fev\u00ed \u00fe\u00fa, Allsherjar Drottinn, Gu\u00f0 \u00cdsraels, \u00fe\u00fa hefir opinbera\u00f0 \u00fe\u00ednum \u00fej\u00f3n <span class='VideyAth'>b)<\/span> og sagt: eg vil byggja \u00fe\u00e9r h\u00fas, \u00fev\u00ed hefir \u00fej\u00f3n \u00feinn fengi\u00f0 hjarta til a\u00f0 frambera \u00fe\u00e9r \u00feessa b\u00e6n.<a name=\"28\"><span class=\"versanumer\">28<\/span><\/a>Og n\u00fa minn Drottinn, Drottinn, \u00fe\u00fa ert Gu\u00f0, og \u00fe\u00edn or\u00f0 munu ver\u00f0a sannleiki <span class='VideyAth'>c)<\/span>; og \u00fe\u00fa hefir fyrirheiti\u00f0 \u00feessi g\u00e6\u00f0i \u00fej\u00f3ni \u00fe\u00ednum.<a name=\"29\"><span class=\"versanumer\">29<\/span><\/a>Og l\u00e1t \u00fe\u00e9r n\u00fa \u00fe\u00f3knast a\u00f0 blessa h\u00fas \u00fe\u00edns \u00fe\u00e9nara, a\u00f0 \u00fea\u00f0 eil\u00edflega s\u00e9 fyrir \u00fe\u00e9r, \u00fev\u00ed \u00fe\u00fa, minn Drottinn! Drottinn! hefir \u00fev\u00ed heiti\u00f0, og fyrir \u00fe\u00edna blessan mun h\u00fas \u00fe\u00edns \u00fe\u00e9nara a\u00f0 eil\u00edfu blessa\u00f0 ver\u00f0a.<\/p>\n<div class=\"footnoteVidey\">V. 2. b. Kap. 5,11.  V. 6. c. 1 K\u00f3ng. 8,16. Esa. 66,1.  V. 8. d. 1 Sam. 16,11\u201313. S\u00e1lm. 7,8,70. e. 2 Sam. 6,21. S\u00e1lm. 78,71.  V. 12. 1 Kron. 17,11.  V. 13. 1 K\u00f3ng. 5,5. 6,12. 1 Kron. 17,12. S\u00e1lm. 89,4.  V. 15. f. 1 Sam. 15,26.  V. 18. g. Gen. 32,10.  V. 23. a. Deut. 4,7. 1 Kron. 17,21.  V. 27. b.  V. 28. c. 1 K\u00f3ng. 8,26. S\u00e1lm. 33,4.<\/div>\n","protected":false},"excerpt":{"rendered":"<p>Dav\u00ed\u00f0 vill byggja musteri; f\u00e6r fyrirheit. 1Og \u00fea\u00f0 ske\u00f0i, \u00fe\u00e1 Dav\u00ed\u00f0 konungur var sestur um kyrrt, og Drottinn haf\u00f0i gefi\u00f0 honum fri\u00f0 allt um kring fyrir \u00f6llum hans \u00f3vinum.2\u00de\u00e1 sag\u00f0i konungurinn vi\u00f0 Natan sp\u00e1mann: sj\u00e1! eg b\u00fd \u00ed h\u00fasi af sedrusvi\u00f0i b), og \u00f6rk Drottins er undir tjaldd\u00fakum!3Og Natan svara\u00f0i konungi: gj\u00f6r \u00fe\u00fa allt hva\u00f0 \u00fe\u00e9r er \u00ed hug, \u00fev\u00ed Drottinn er me\u00f0 \u00fe\u00e9r.4Og \u00fea\u00f0 ske\u00f0i \u00fe\u00e1 s\u00f6mu n\u00f3tt a\u00f0 or\u00f0 Drottins kom til Natans, og sag\u00f0i:5far \u00fe\u00fa, og seg m\u00ednum \u00fej\u00f3n Dav\u00ed\u00f0: svo segir Drottinn: vilt \u00fe\u00fa byggja m\u00e9r h\u00fas til a\u00f0 b\u00faa \u00ed?6Eg hefi \u00ed engu h\u00fasi c) <a href=\"https:\/\/biblian.is\/videy\/sidari-samuelsbok-7-kafli\/\"> [&#8230;]<\/a><\/p>\n","protected":false},"author":1,"featured_media":0,"parent":0,"menu_order":0,"comment_status":"open","ping_status":"open","template":"bibliukaflar.php","meta":{"footnotes":""},"class_list":["post-21123","page","type-page","status-publish","hentry"],"_links":{"self":[{"href":"https:\/\/biblian.is\/videy\/wp-json\/wp\/v2\/pages\/21123","targetHints":{"allow":["GET"]}}],"collection":[{"href":"https:\/\/biblian.is\/videy\/wp-json\/wp\/v2\/pages"}],"about":[{"href":"https:\/\/biblian.is\/videy\/wp-json\/wp\/v2\/types\/page"}],"author":[{"embeddable":true,"href":"https:\/\/biblian.is\/videy\/wp-json\/wp\/v2\/users\/1"}],"replies":[{"embeddable":true,"href":"https:\/\/biblian.is\/videy\/wp-json\/wp\/v2\/comments?post=21123"}],"version-history":[{"count":0,"href":"https:\/\/biblian.is\/videy\/wp-json\/wp\/v2\/pages\/21123\/revisions"}],"wp:attachment":[{"href":"https:\/\/biblian.is\/videy\/wp-json\/wp\/v2\/media?parent=21123"}],"curies":[{"name":"wp","href":"https:\/\/api.w.org\/{rel}","templated":true}]}}