{"id":21121,"date":"2018-01-02T01:00:25","date_gmt":"2018-01-02T01:00:25","guid":{"rendered":"http:\/\/biblian.is\/videy\/sidari-samuelsbok-5-kafli\/"},"modified":"2018-01-02T01:00:25","modified_gmt":"2018-01-02T01:00:25","slug":"sidari-samuelsbok-5-kafli","status":"publish","type":"page","link":"https:\/\/biblian.is\/videy\/sidari-samuelsbok-5-kafli\/","title":{"rendered":"S\u00ed\u00f0ari Sam\u00faelsb\u00f3k 5. kafli"},"content":{"rendered":"<div class=\"fyrirsognVidey\">Dav\u00ed\u00f0 ver\u00f0ur k\u00f3ngur \u00ed \u00cdsrael. Jer\u00fasalem tekin. Dav\u00ed\u00f0s konur og synir. Str\u00ed\u00f0 vi\u00f0 Filistea.<\/div>\n<p><a name=\"1\"><span class=\"versanumer\">1<\/span><\/a>Og allar \u00cdsraels \u00e6ttkv\u00edslir komu til Dav\u00ed\u00f0s \u00ed Hebron <span class='VideyAth'>b)<\/span> og m\u00e6ltu: sj\u00e1! v\u00e9r erum \u00fe\u00edn bein og \u00feitt hold <span class='VideyAth'>c)<\/span>,<a name=\"2\"><span class=\"versanumer\">2<\/span><\/a>j\u00e1, \u00e1\u00f0ur fyrri, \u00feegar S\u00e1l var k\u00f3ngur yfir oss, varst \u00fe\u00fa s\u00e1 sem leiddir \u00cdsrael \u00fat og inn, og Drottinn hefir sagt vi\u00f0 \u00feig: \u00fe\u00fa skalt vera h\u00f6f\u00f0ingi yfir \u00cdsrael.<a name=\"3\"><span class=\"versanumer\">3<\/span><\/a>Og allir \u00f6ldungar \u00cdsraels komu til k\u00f3ngsins \u00ed Hebron, og Dav\u00ed\u00f0 konungur gj\u00f6r\u00f0i vi\u00f0 \u00fe\u00e1 s\u00e1ttm\u00e1la frammi fyrir Drottni \u00ed Hebron, og \u00feeir smur\u00f0u Dav\u00ed\u00f0 til konungs yfir \u00cdsrael <span class='VideyAth'>d)<\/span>.<a name=\"4\"><span class=\"versanumer\">4<\/span><\/a>\u00derj\u00e1t\u00edu \u00e1ra gamall var Dav\u00ed\u00f0 \u00fe\u00e1 hann var\u00f0 konungur, og hann r\u00edkti 40 \u00e1r <span class='VideyAth'>e)<\/span>.<a name=\"5\"><span class=\"versanumer\">5<\/span><\/a>\u00cd Hebron r\u00edkti hann 7 \u00e1r og 6 m\u00e1nu\u00f0i yfir J\u00fada <span class='VideyAth'>(\u00e6ttkv\u00edsl)<\/span> og \u00ed Jer\u00fasalem r\u00edkti hann 33 \u00e1r yfir \u00f6llum \u00cdsrael og J\u00fada.<br \/><a name=\"6\"><span class=\"versanumer\">6<\/span><\/a>Og k\u00f3ngurinn og hans menn f\u00f3ru herf\u00f6r til Jer\u00fasalem m\u00f3ti Jeb\u00fas\u00edtum, sem bjuggu \u00ed landinu. Og menn s\u00f6g\u00f0u vi\u00f0 Dav\u00ed\u00f0: \u00fe\u00fa munt ei komast \u00fear inn, heldur munu \u00feeir blindu og h\u00f6ltu stansa \u00feig! \u00fea\u00f0 er a\u00f0 segja: Dav\u00ed\u00f0 mun ekki komast h\u00e9r inn.<a name=\"7\"><span class=\"versanumer\">7<\/span><\/a>En Dav\u00ed\u00f0 n\u00e1\u00f0i kastalanum S\u00edon, \u00fea\u00f0 er Dav\u00ed\u00f0sborg.<a name=\"8\"><span class=\"versanumer\">8<\/span><\/a>Og Dav\u00ed\u00f0 var\u00f0 \u00fea\u00f0 a\u00f0 or\u00f0um sama dag: hv\u00f6r sem vinnur Jeb\u00fas\u00edtana og kemst a\u00f0 vatnsrennunum og a\u00f0 \u00feeim h\u00f6ltu og blindu, sem Dav\u00ed\u00f0 hatar, <span class='VideyAth'>(s\u00e1 skal f\u00e1 laun)<\/span> \u00fea\u00f0an er m\u00e1lt\u00e6ki\u00f0: blindir og haltir koma ekki inn \u00ed h\u00fasi\u00f0.<a name=\"9\"><span class=\"versanumer\">9<\/span><\/a>Og Dav\u00ed\u00f0 bj\u00f3 \u00ed kastalanum og kalla\u00f0i hann Dav\u00ed\u00f0sborg, og bygg\u00f0i vegg allt um kring fr\u00e1 Millo og \u00fear inn\u00e1vi\u00f0 <span class='VideyAth'>f)<\/span>.<a name=\"10\"><span class=\"versanumer\">10<\/span><\/a>Og Dav\u00ed\u00f0 efldist meir og meir, og Drottinn, Gu\u00f0 allsherjar, var me\u00f0 honum.<a name=\"11\"><span class=\"versanumer\">11<\/span><\/a>Og Hiram konungur \u00ed Tyrus sendi menn til Dav\u00ed\u00f0s, og sedrusvi\u00f0 og tr\u00e9smi\u00f0i, og steinh\u00f6ggvara; \u00feeir bygg\u00f0u Dav\u00ed\u00f0s h\u00fas.<a name=\"12\"><span class=\"versanumer\">12<\/span><\/a>Og Dav\u00ed\u00f0 kanna\u00f0ist vi\u00f0 a\u00f0 Drottinn sta\u00f0festi hann sem konung yfir \u00cdsrael og efldi hans k\u00f3ngsr\u00edki sakir s\u00edns f\u00f3lks \u00cdsraels. <br \/><a name=\"13\"><span class=\"versanumer\">13<\/span><\/a>Og Dav\u00ed\u00f0 t\u00f3k s\u00e9r enn fleiri hj\u00e1konur og konur \u00ed Jer\u00fasalem, eftir a\u00f0 hann kom fr\u00e1 Hebron; og Dav\u00ed\u00f0 f\u00e6ddist enn fleiri synir og d\u00e6tur.<a name=\"14\"><span class=\"versanumer\">14<\/span><\/a>En \u00feetta eru n\u00f6fn \u00feeirra sem honum f\u00e6ddust \u00ed Jer\u00fasalem <span class='VideyAth'>g)<\/span>: Samm\u00faa og S\u00f3bab og Natan og Salomo,<a name=\"15\"><span class=\"versanumer\">15<\/span><\/a>og Ibhar og Elisua og Nefeg og Jafja,<a name=\"16\"><span class=\"versanumer\">16<\/span><\/a>og El\u00edsama og El\u00edada og Elifelet. <br \/><a name=\"17\"><span class=\"versanumer\">17<\/span><\/a>En er Filistear <span class='VideyAth'>h)<\/span> heyr\u00f0u, a\u00f0 Dav\u00ed\u00f0 var smur\u00f0ur til k\u00f3ngs yfir \u00cdsrael, l\u00f6g\u00f0u \u00feeir allir af sta\u00f0 a\u00f0 leita Dav\u00ed\u00f0s; og sem Dav\u00ed\u00f0 fr\u00e9tti \u00fea\u00f0, f\u00f3r hann \u00fat \u00far kastalanum.<a name=\"18\"><span class=\"versanumer\">18<\/span><\/a>Og Filistear komu, og breiddu sig \u00fat \u00ed dalnum Refaim.<a name=\"19\"><span class=\"versanumer\">19<\/span><\/a>\u00de\u00e1 f\u00f3r Dav\u00ed\u00f0 til fr\u00e9tta vi\u00f0 Drottin <span class='VideyAth'>i)<\/span> og m\u00e6lti: skal eg fara m\u00f3ti Filisteum, munt \u00fe\u00fa gefa \u00fe\u00e1 \u00ed m\u00edna h\u00f6nd? og Drottinn sag\u00f0i vi\u00f0 Dav\u00ed\u00f0: far \u00fe\u00fa! \u00fev\u00ed eg mun gefa Filisteana \u00ed \u00fe\u00edna h\u00f6nd.<a name=\"20\"><span class=\"versanumer\">20<\/span><\/a>\u00de\u00e1 kom Dav\u00ed\u00f0 til Bal-Prasim <span class='VideyAth'>k)<\/span>, og vann \u00fe\u00e1 \u00fear og m\u00e6lti: Drottinn hefur tv\u00edstra\u00f0 m\u00ednum \u00f3vinum fyrir m\u00e9r,  l\u00edkt og \u00fe\u00e1 vatni er skvett\u2014\u00fev\u00ed kalla\u00f0i hann \u00feann sta\u00f0 Bal-Prasim <span class='VideyAth'>(tv\u00edstrunarsta\u00f0)<\/span>.<a name=\"21\"><span class=\"versanumer\">21<\/span><\/a>Og \u00feeir skildu \u00fear eftir sk\u00far\u00f0go\u00f0 s\u00edn <span class='VideyAth'>a)<\/span>, og Dav\u00ed\u00f0 og hans menn t\u00f3ku \u00feau. <br \/><a name=\"22\"><span class=\"versanumer\">22<\/span><\/a>Og Filistear komu aftur og breiddust um dalinn Refaim.<a name=\"23\"><span class=\"versanumer\">23<\/span><\/a>\u00de\u00e1 spur\u00f0i Dav\u00ed\u00f0 aftur Drottin, og hann svara\u00f0i: far \u00fe\u00fa ei! kom \u00fe\u00fa a\u00f0 baki \u00feeim, gagnvart m\u00f3rberjask\u00f3ginum.<a name=\"24\"><span class=\"versanumer\">24<\/span><\/a>Og \u00fe\u00e1 \u00fe\u00fa heyrir \u00feyt fara yfir m\u00f3rberjaeikurnar, skaltu ekki vera seinn, \u00fev\u00ed \u00fe\u00e1 fer Drottinn fyrir \u00fe\u00e9r, til a\u00f0 vinna Filisteana.<a name=\"25\"><span class=\"versanumer\">25<\/span><\/a>Og Dav\u00ed\u00f0 gj\u00f6r\u00f0i eins og Drottinn bau\u00f0 honum og rak Filisteana \u00e1 fl\u00f3tta fr\u00e1 Geba allt til Geser.<\/p>\n<div class=\"footnoteVidey\">V. 1. b. 1. Kron. 12,23. c. Kap. 19,12.  V. 3. d. 1 Sam. 16,13. 2 Sam. 2,4.  V. 4. e. 1 K\u00f3ng. 2,11. 1 Kron. 29,27.  V. 9. f. D\u00f3m. 9,6. 1 K\u00f3ng. 9,15.  V. 14. g. 1 Kron. 3,5. 14,4.  V. 17. k. 1 Kron. 14,8.  V. 19. i. 1 Sam. 30,8.  V. 20. k. 1 Kron. 14,11. Esa. 28,21.  V. 21. a. 1 Sam. 31,9. 1 Kron. 14,12.<\/div>\n","protected":false},"excerpt":{"rendered":"<p>Dav\u00ed\u00f0 ver\u00f0ur k\u00f3ngur \u00ed \u00cdsrael. Jer\u00fasalem tekin. Dav\u00ed\u00f0s konur og synir. Str\u00ed\u00f0 vi\u00f0 Filistea. 1Og allar \u00cdsraels \u00e6ttkv\u00edslir komu til Dav\u00ed\u00f0s \u00ed Hebron b) og m\u00e6ltu: sj\u00e1! v\u00e9r erum \u00fe\u00edn bein og \u00feitt hold c),2j\u00e1, \u00e1\u00f0ur fyrri, \u00feegar S\u00e1l var k\u00f3ngur yfir oss, varst \u00fe\u00fa s\u00e1 sem leiddir \u00cdsrael \u00fat og inn, og Drottinn hefir sagt vi\u00f0 \u00feig: \u00fe\u00fa skalt vera h\u00f6f\u00f0ingi yfir \u00cdsrael.3Og allir \u00f6ldungar \u00cdsraels komu til k\u00f3ngsins \u00ed Hebron, og Dav\u00ed\u00f0 konungur gj\u00f6r\u00f0i vi\u00f0 \u00fe\u00e1 s\u00e1ttm\u00e1la frammi fyrir Drottni \u00ed Hebron, og \u00feeir smur\u00f0u Dav\u00ed\u00f0 til konungs yfir \u00cdsrael d).4\u00derj\u00e1t\u00edu \u00e1ra gamall var Dav\u00ed\u00f0 \u00fe\u00e1 hann var\u00f0 <a href=\"https:\/\/biblian.is\/videy\/sidari-samuelsbok-5-kafli\/\"> [&#8230;]<\/a><\/p>\n","protected":false},"author":1,"featured_media":0,"parent":0,"menu_order":0,"comment_status":"open","ping_status":"open","template":"bibliukaflar.php","meta":{"footnotes":""},"class_list":["post-21121","page","type-page","status-publish","hentry"],"_links":{"self":[{"href":"https:\/\/biblian.is\/videy\/wp-json\/wp\/v2\/pages\/21121","targetHints":{"allow":["GET"]}}],"collection":[{"href":"https:\/\/biblian.is\/videy\/wp-json\/wp\/v2\/pages"}],"about":[{"href":"https:\/\/biblian.is\/videy\/wp-json\/wp\/v2\/types\/page"}],"author":[{"embeddable":true,"href":"https:\/\/biblian.is\/videy\/wp-json\/wp\/v2\/users\/1"}],"replies":[{"embeddable":true,"href":"https:\/\/biblian.is\/videy\/wp-json\/wp\/v2\/comments?post=21121"}],"version-history":[{"count":0,"href":"https:\/\/biblian.is\/videy\/wp-json\/wp\/v2\/pages\/21121\/revisions"}],"wp:attachment":[{"href":"https:\/\/biblian.is\/videy\/wp-json\/wp\/v2\/media?parent=21121"}],"curies":[{"name":"wp","href":"https:\/\/api.w.org\/{rel}","templated":true}]}}