{"id":21120,"date":"2018-01-02T01:00:25","date_gmt":"2018-01-02T01:00:25","guid":{"rendered":"http:\/\/biblian.is\/videy\/sidari-samuelsbok-4-kafli\/"},"modified":"2018-01-02T01:00:25","modified_gmt":"2018-01-02T01:00:25","slug":"sidari-samuelsbok-4-kafli","status":"publish","type":"page","link":"https:\/\/biblian.is\/videy\/sidari-samuelsbok-4-kafli\/","title":{"rendered":"S\u00ed\u00f0ari Sam\u00faelsb\u00f3k 4. kafli"},"content":{"rendered":"<div class=\"fyrirsognVidey\">\u00cdsb\u00f3set myrtur.<\/div>\n<p><a name=\"1\"><span class=\"versanumer\">1<\/span><\/a>En sem sonur S\u00e1ls heyr\u00f0i a\u00f0 Abner v\u00e6ri dau\u00f0ur \u00ed Hebron, f\u00e9llust honum hendur, og allur \u00cdsrael skelka\u00f0ist.<a name=\"2\"><span class=\"versanumer\">2<\/span><\/a>En sonur S\u00e1ls haf\u00f0i tvo herforingja, annar h\u00e9t Baena og hinn Rekab, og \u00feeir voru synir Rimmons Berotita, af Benjam\u00edns kyn\u00fe\u00e6tti; \u00fev\u00ed Berot reiknast l\u00edka me\u00f0 Benjam\u00edns eign.<a name=\"3\"><span class=\"versanumer\">3<\/span><\/a><span class='VideyAth'>(Og Berotitarnir voru fl\u00fanir til Getajim, og h\u00e9ldu \u00fear til, sem framandi, allt til \u00feessa dags)<\/span>.<a name=\"4\"><span class=\"versanumer\">4<\/span><\/a>Og J\u00f3natan sonur S\u00e1ls \u00e1tti f\u00f3thruman son; hann var fimm \u00e1ra gamall, \u00feegar fregnin kom um S\u00e1l og J\u00f3natan, fr\u00e1 Jesreel: \u00fe\u00e1 t\u00f3k f\u00f3stra hans hann, og fl\u00fa\u00f0i; og af \u00fev\u00ed h\u00fan fl\u00fd\u00f0i me\u00f0 skyndi, f\u00e9ll hann, og var\u00f0 f\u00f3tlama, og nafn hans var Mesib\u00f3set.<a name=\"5\"><span class=\"versanumer\">5<\/span><\/a>Og synir Rimmons Berotitans, Rekab og Baena, l\u00f6g\u00f0u af sta\u00f0, og komu, \u00fe\u00e1 heitast var dags, \u00ed h\u00fas \u00cdsb\u00f3sets, \u00fe\u00e1 haf\u00f0i hann lagt sig um mi\u00f0degi\u00f0.<a name=\"6\"><span class=\"versanumer\">6<\/span><\/a>\u00deeir gengu inn \u00ed h\u00fasi\u00f0 a\u00f0 s\u00e6kja hveiti og l\u00f6g\u00f0u hann \u00fear \u00ed kvi\u00f0inn; og Rekab og br\u00f3\u00f0ir hans Baena, komust undan.<a name=\"7\"><span class=\"versanumer\">7<\/span><\/a>\u00deeir h\u00f6f\u00f0u komi\u00f0 \u00ed h\u00fasi\u00f0 \u00fe\u00e1 hann l\u00e1 \u00ed s\u00e6ng sinni, \u00ed s\u00ednu svefnherbergi, unnu \u00e1 honum og dr\u00e1pu hann og hjuggu af honum h\u00f6fu\u00f0i\u00f0, og t\u00f3ku hans h\u00f6fu\u00f0, og f\u00f3ru veginn yfir sl\u00e9ttlendi\u00f0 alla n\u00f3ttina.<a name=\"8\"><span class=\"versanumer\">8<\/span><\/a>Og \u00feeir f\u00e6r\u00f0u Dav\u00ed\u00f0 \u00ed Hebron \u00cdsb\u00f3sets h\u00f6fu\u00f0, og m\u00e6ltu vi\u00f0 k\u00f3nginn: sj\u00e1! \u00fearna er \u00cdsb\u00f3sets h\u00f6fu\u00f0, sonar S\u00e1ls \u00fe\u00edns fjandmanns, sem sat um l\u00edf \u00feitt. Og svo hefir Drottinn \u00ed dag hefnt fyrir minn herra konunginn \u00e1 S\u00e1l og hans syni. <br \/><a name=\"9\"><span class=\"versanumer\">9<\/span><\/a>\u00de\u00e1 svara\u00f0i Dav\u00ed\u00f0 Rekab og Baena br\u00f3\u00f0ur hans, sonum Rimmons Berotitans og m\u00e6lti til \u00feeirra: Svo sannarlega sem Drottinn lifir, sem frelsa\u00f0i l\u00edf mitt \u00far \u00f6llum h\u00e1ska.<a name=\"10\"><span class=\"versanumer\">10<\/span><\/a>\u00deann sem f\u00e6r\u00f0i m\u00e9r t\u00ed\u00f0indin og m\u00e6lti: S\u00e1l er dau\u00f0ur, og hugsa\u00f0i, a\u00f0 hann f\u00e6r\u00f0i m\u00e9r g\u00f3\u00f0 t\u00ed\u00f0indi, handt\u00f3k eg og drap \u00ed Siklag, til a\u00f0 umbuna honum t\u00ed\u00f0indin.<a name=\"11\"><span class=\"versanumer\">11<\/span><\/a>Skyldi eg \u00fe\u00e1 ekki miklu framar n\u00fa, \u00feegar \u00f3b\u00f3tamenn hafa myrt r\u00e9ttl\u00e1tan mann \u00ed hans eigin h\u00fasi og \u00ed hans s\u00e6ng, krefjast hans bl\u00f3\u00f0s af y\u00f0ar hendi, og afm\u00e1 y\u00f0ur af j\u00f6r\u00f0inni?<a name=\"12\"><span class=\"versanumer\">12<\/span><\/a>Og svo bau\u00f0 Dav\u00ed\u00f0 s\u00ednum \u00fe\u00e9nurum a\u00f0 afl\u00edfa \u00fe\u00e1, og \u00feeir gj\u00f6r\u00f0u svo, og hjuggu af \u00feeim hendur og f\u00e6tur, og hengdu \u00fe\u00e1 upp hj\u00e1 Hebronsvatni; en \u00cdsb\u00f3sets h\u00f6fu\u00f0 t\u00f3ku \u00feeir og gr\u00f3fu \u00fea\u00f0 \u00ed Hebron \u00ed Abners gr\u00f6f <span class='VideyAth'>a)<\/span>.<\/p>\n<div class=\"footnoteVidey\">V. 12. a. Kap. 3,32.<\/div>\n","protected":false},"excerpt":{"rendered":"<p>\u00cdsb\u00f3set myrtur. 1En sem sonur S\u00e1ls heyr\u00f0i a\u00f0 Abner v\u00e6ri dau\u00f0ur \u00ed Hebron, f\u00e9llust honum hendur, og allur \u00cdsrael skelka\u00f0ist.2En sonur S\u00e1ls haf\u00f0i tvo herforingja, annar h\u00e9t Baena og hinn Rekab, og \u00feeir voru synir Rimmons Berotita, af Benjam\u00edns kyn\u00fe\u00e6tti; \u00fev\u00ed Berot reiknast l\u00edka me\u00f0 Benjam\u00edns eign.3(Og Berotitarnir voru fl\u00fanir til Getajim, og h\u00e9ldu \u00fear til, sem framandi, allt til \u00feessa dags).4Og J\u00f3natan sonur S\u00e1ls \u00e1tti f\u00f3thruman son; hann var fimm \u00e1ra gamall, \u00feegar fregnin kom um S\u00e1l og J\u00f3natan, fr\u00e1 Jesreel: \u00fe\u00e1 t\u00f3k f\u00f3stra hans hann, og fl\u00fa\u00f0i; og af \u00fev\u00ed h\u00fan fl\u00fd\u00f0i me\u00f0 skyndi, f\u00e9ll hann, og var\u00f0 <a href=\"https:\/\/biblian.is\/videy\/sidari-samuelsbok-4-kafli\/\"> [&#8230;]<\/a><\/p>\n","protected":false},"author":1,"featured_media":0,"parent":0,"menu_order":0,"comment_status":"open","ping_status":"open","template":"bibliukaflar.php","meta":{"footnotes":""},"class_list":["post-21120","page","type-page","status-publish","hentry"],"_links":{"self":[{"href":"https:\/\/biblian.is\/videy\/wp-json\/wp\/v2\/pages\/21120","targetHints":{"allow":["GET"]}}],"collection":[{"href":"https:\/\/biblian.is\/videy\/wp-json\/wp\/v2\/pages"}],"about":[{"href":"https:\/\/biblian.is\/videy\/wp-json\/wp\/v2\/types\/page"}],"author":[{"embeddable":true,"href":"https:\/\/biblian.is\/videy\/wp-json\/wp\/v2\/users\/1"}],"replies":[{"embeddable":true,"href":"https:\/\/biblian.is\/videy\/wp-json\/wp\/v2\/comments?post=21120"}],"version-history":[{"count":0,"href":"https:\/\/biblian.is\/videy\/wp-json\/wp\/v2\/pages\/21120\/revisions"}],"wp:attachment":[{"href":"https:\/\/biblian.is\/videy\/wp-json\/wp\/v2\/media?parent=21120"}],"curies":[{"name":"wp","href":"https:\/\/api.w.org\/{rel}","templated":true}]}}