{"id":21119,"date":"2018-01-02T01:00:25","date_gmt":"2018-01-02T01:00:25","guid":{"rendered":"http:\/\/biblian.is\/videy\/sidari-samuelsbok-3-kafli\/"},"modified":"2018-01-02T01:00:25","modified_gmt":"2018-01-02T01:00:25","slug":"sidari-samuelsbok-3-kafli","status":"publish","type":"page","link":"https:\/\/biblian.is\/videy\/sidari-samuelsbok-3-kafli\/","title":{"rendered":"S\u00ed\u00f0ari Sam\u00faelsb\u00f3k 3. kafli"},"content":{"rendered":"<div class=\"fyrirsognVidey\">B\u00f6rn Dav\u00ed\u00f0s. Abner fellur fr\u00e1 \u00cdsb\u00f3set og er drepinn af J\u00f3ab.<\/div>\n<p><a name=\"1\"><span class=\"versanumer\">1<\/span><\/a>Og str\u00ed\u00f0i\u00f0 var langt milli S\u00e1ls h\u00fass og Dav\u00ed\u00f0s h\u00fass; en Dav\u00ed\u00f0s h\u00fas efldist meir og meir <span class='VideyAth'>f)<\/span>; en S\u00e1ls h\u00fasi hnigna\u00f0i meir og meir.<a name=\"2\"><span class=\"versanumer\">2<\/span><\/a>Dav\u00ed\u00f0 f\u00e6ddust synir \u00ed Hebron <span class='VideyAth'>g)<\/span>, hans frumgetningur var Amnon me\u00f0 Ah\u00edn\u00f3am fr\u00e1 Jesreel;<a name=\"3\"><span class=\"versanumer\">3<\/span><\/a>hans annar son var Kiliab <span class='VideyAth'>h)<\/span> me\u00f0 Ab\u00edgael, konu Nabals, Karmel\u00edtans, og s\u00e1 \u00feri\u00f0ji Absalon, sonur Maaka, d\u00f3ttur Talmais, k\u00f3ngsins \u00ed Gesur <span class='VideyAth'>i)<\/span>;<a name=\"4\"><span class=\"versanumer\">4<\/span><\/a>og s\u00e1 fj\u00f3r\u00f0i Adon\u00eda, sonur Hagits <span class='VideyAth'>k)<\/span>, og s\u00e1 fimmti Safat\u00eda, sonur Ab\u00edtals,<a name=\"5\"><span class=\"versanumer\">5<\/span><\/a>og s\u00e1 sj\u00f6tti Jetream me\u00f0 Eglu, konu Dav\u00ed\u00f0s. \u00deessir f\u00e6ddust Dav\u00ed\u00f0 \u00ed Hebron. <br \/><a name=\"6\"><span class=\"versanumer\">6<\/span><\/a>En \u00e1 me\u00f0an \u00feessi \u00f3fri\u00f0ur var milli S\u00e1ls h\u00fass og Dav\u00ed\u00f0s h\u00fass, fylgdi Abner fastlega S\u00e1ls h\u00fasi.<a name=\"7\"><span class=\"versanumer\">7<\/span><\/a>Og S\u00e1l haf\u00f0i \u00e1tt hj\u00e1 konu a\u00f0 nafni Rispa, d\u00f3ttur Ajas <span class='VideyAth'>l)<\/span>. Og \u00cdsb\u00f3set sag\u00f0i vi\u00f0 Abner: \u00fev\u00ed hefir \u00fe\u00fa lagt lag \u00feitt vi\u00f0 hj\u00e1konu f\u00f6\u00f0ur m\u00edns?<a name=\"8\"><span class=\"versanumer\">8<\/span><\/a>\u00deessum or\u00f0um \u00cdsb\u00f3sets reiddist Abner \u00e1kaflega og m\u00e6lti: er eg \u00fe\u00e1 nokkur hundshaus <span class='VideyAth'>a)<\/span> sem haldi me\u00f0 J\u00fada? En n\u00fa s\u00fdni eg elsku h\u00fasi S\u00e1ls, f\u00f6\u00f0ur \u00fe\u00edns, hans br\u00e6\u00f0rum og hans vinum, og hefi ekki framselt \u00feig \u00ed Dav\u00ed\u00f0s h\u00f6nd; og \u00fe\u00f3 \u00e1v\u00edtar \u00fe\u00fa mig \u00ed dag s\u00f6kum misgj\u00f6rnings me\u00f0 \u00feessari kvinnu.<a name=\"9\"><span class=\"versanumer\">9<\/span><\/a>Gu\u00f0 gj\u00f6ri Abner \u00fea\u00f0 og \u00fea\u00f0 og ennfremur <span class='VideyAth'>b)<\/span>! eins og Drottinn hefur svari\u00f0 Dav\u00ed\u00f0, svo skal eg vi\u00f0 hann gj\u00f6ra,<a name=\"10\"><span class=\"versanumer\">10<\/span><\/a>flytja konungd\u00f3minn fr\u00e1 h\u00fasi S\u00e1ls, og reisa Dav\u00ed\u00f0s h\u00e1s\u00e6ti yfir \u00cdsrael og J\u00fada fr\u00e1 Dan til Bersaba <span class='VideyAth'>c)<\/span>.<a name=\"11\"><span class=\"versanumer\">11<\/span><\/a>En hann <span class='VideyAth'>(\u00cdsb\u00f3set)<\/span> gat ekki svara\u00f0 Abner einu or\u00f0i, \u00fev\u00ed hann var hr\u00e6ddur vi\u00f0 hann.<br \/><a name=\"12\"><span class=\"versanumer\">12<\/span><\/a>\u00de\u00e1 sendi Abner sendimann til Dav\u00ed\u00f0s, en f\u00f3r ei sj\u00e1lfur, og sag\u00f0i: hv\u00f6r \u00e1 landi\u00f0? og m\u00e6lti: gj\u00f6r \u00fe\u00fa s\u00e1ttm\u00e1la vi\u00f0 mig, og sj\u00e1! m\u00edn h\u00f6nd skal vera me\u00f0 \u00fe\u00e9r, a\u00f0 sn\u00faa \u00f6llum \u00cdsrael til \u00fe\u00edn.<a name=\"13\"><span class=\"versanumer\">13<\/span><\/a>Hann <span class='VideyAth'>(Dav\u00ed\u00f0)<\/span> svara\u00f0i: vel og gott! eg vil gj\u00f6ra s\u00e1ttm\u00e1la vi\u00f0 \u00feig; eins krefst eg af \u00fe\u00e9r, a\u00f0 \u00fe\u00fa sj\u00e1ir ekki mitt auglit fyrr en \u00fe\u00fa f\u00e6rir m\u00e9r Mikal d\u00f3ttur S\u00e1ls, \u00feegar \u00fe\u00fa kemur a\u00f0 sj\u00e1 mitt auglit.<a name=\"14\"><span class=\"versanumer\">14<\/span><\/a>Og Dav\u00ed\u00f0 gj\u00f6r\u00f0i sendimenn til \u00cdsb\u00f3set sonar S\u00e1ls, og m\u00e6lti: gef m\u00e9r Mikal, konu m\u00edna, sem eg festi m\u00e9r fyrir 100 yfirh\u00fa\u00f0ir Filisteanna <span class='VideyAth'>d)<\/span>.<a name=\"15\"><span class=\"versanumer\">15<\/span><\/a>\u00de\u00e1 gj\u00f6r\u00f0i \u00cdsb\u00f3set menn fr\u00e1 s\u00e9r, og l\u00e9t taka hana fr\u00e1 manninum, fr\u00e1 Palt\u00edel Laissyni <span class='VideyAth'>e)<\/span>,<a name=\"16\"><span class=\"versanumer\">16<\/span><\/a>og ma\u00f0ur hennar gekk me\u00f0 henni og gr\u00e9t \u00e1 eftir henni allt til Bahurim. \u00de\u00e1 m\u00e6lti Abner vi\u00f0 hann: far\u00f0u n\u00fa heim aftur! og svo sneri hann heimlei\u00f0is.<br \/><a name=\"17\"><span class=\"versanumer\">17<\/span><\/a>Eftir \u00fea\u00f0 tala\u00f0i Abner vi\u00f0 \u00cdsraels \u00f6ldunga og m\u00e6lti: \u00e1\u00f0ur <span class='VideyAth'>f)<\/span> hafi\u00f0 \u00fe\u00e9r vilja\u00f0 taka Dav\u00ed\u00f0 til k\u00f3ngs yfir y\u00f0ur,<a name=\"18\"><span class=\"versanumer\">18<\/span><\/a>gj\u00f6ri\u00f0 \u00fea\u00f0 \u00fe\u00e1 n\u00fa. \u00dev\u00ed Drottinn hefir sagt um Dav\u00ed\u00f0: fyrir h\u00f6nd m\u00edns \u00fe\u00e9nara Dav\u00ed\u00f0s vil eg frelsa mitt f\u00f3lk \u00cdsrael af hendi Filisteanna og af hendi allra \u00feess \u00f3vina.<a name=\"19\"><span class=\"versanumer\">19<\/span><\/a>Abner tala\u00f0i og vi\u00f0 Benjamin\u00edtana; og f\u00f3r s\u00f6mulei\u00f0is a\u00f0 tala vi\u00f0 Dav\u00ed\u00f0 \u00ed Hebron um allt \u00fea\u00f0 sem \u00cdsrael og Benjam\u00edns h\u00fasi f\u00e9ll vel \u00ed ge\u00f0.<a name=\"20\"><span class=\"versanumer\">20<\/span><\/a>En sem Abner kom til Dav\u00ed\u00f0s \u00ed Hebron, og me\u00f0 honum 20 menn, gj\u00f6r\u00f0i Dav\u00ed\u00f0 Abner og \u00feeim m\u00f6nnum sem me\u00f0 honum voru heimbo\u00f0.<a name=\"21\"><span class=\"versanumer\">21<\/span><\/a>Og Abner sag\u00f0i vi\u00f0 Dav\u00ed\u00f0: eg vil taka mig til, og fara, og safna \u00f6llum \u00cdsrael til m\u00edns herra konungsins, a\u00f0 \u00feeir gj\u00f6ri vi\u00f0 \u00feig s\u00e1ttm\u00e1la, og \u00fe\u00fa ver\u00f0ir k\u00f3ngur yfir \u00f6llum sem \u00fe\u00edn s\u00e1la girnist. Og svo gaf Dav\u00ed\u00f0 Abner fararleyfi, og hann f\u00f3r \u00ed fri\u00f0i.<br \/><a name=\"22\"><span class=\"versanumer\">22<\/span><\/a>En sj\u00e1! \u00fej\u00f3nar Dav\u00ed\u00f0s og J\u00f3abs komu heim fr\u00e1 hernum, og h\u00f6f\u00f0u me\u00f0fer\u00f0is miki\u00f0 herfang og Abner var ekki hj\u00e1 Dav\u00ed\u00f0 \u00ed Hebron, \u00fev\u00ed hann haf\u00f0i gefi\u00f0 honum or\u00f0lof, og hann var farinn \u00ed fri\u00f0i.<a name=\"23\"><span class=\"versanumer\">23<\/span><\/a>\u00deegar J\u00f3ab og allur herinn, sem me\u00f0 honum var, kom, f\u00e6r\u00f0u menn J\u00f3ab \u00feessi t\u00ed\u00f0indi: Abner sonur Ners kom til k\u00f3ngsins, og hann hefir gefi\u00f0 honum fararleyfi, og hann er farinn \u00ed fri\u00f0i.<a name=\"24\"><span class=\"versanumer\">24<\/span><\/a>\u00de\u00e1 gekk J\u00f3ab fyrir konung og m\u00e6lti: hva\u00f0 hefir \u00fe\u00fa gj\u00f6rt? sj\u00e1! Abner kom til \u00fe\u00edn, \u00fev\u00ed hefir \u00fe\u00fa gefi\u00f0 honum fararleyfi, svo a\u00f0 hann er farinn?<a name=\"25\"><span class=\"versanumer\">25<\/span><\/a>\u00de\u00fa \u00feekkir Abner Nersson; hann er hinga\u00f0 kominn til a\u00f0 sv\u00edkja \u00feig, til a\u00f0 \u00feekkja \u00feinn inngang og \u00fatgang, og til a\u00f0 fr\u00e9tta allt sem \u00fe\u00fa hefir fyrir stafni.<a name=\"26\"><span class=\"versanumer\">26<\/span><\/a>Og J\u00f3ab gekk \u00fat fr\u00e1 Dav\u00ed\u00f0 og sendi menn eftir Abner, og \u00feeir komu me\u00f0 hann til baka fr\u00e1 brunninum Hasira\u2014en Dav\u00ed\u00f0 vissi ekki af \u00feessu.\u2014<br \/><a name=\"27\"><span class=\"versanumer\">27<\/span><\/a>En sem Abner var aftur kominn til Hebron, leiddi J\u00f3ab hann afs\u00ed\u00f0is \u00ed borgarhli\u00f0inu eins og hann vildi tala vi\u00f0 hann heimuglega, og lag\u00f0i hann \u00fear \u00ed kvi\u00f0inn <span class='VideyAth'>g)<\/span> fyrir bl\u00f3\u00f0 <span class='VideyAth'>(dr\u00e1p)<\/span> Asahels br\u00f3\u00f0ur s\u00edns, svo hann d\u00f3.<a name=\"28\"><span class=\"versanumer\">28<\/span><\/a>En sem Dav\u00ed\u00f0 \u00fear eftir f\u00e9kk \u00feetta a\u00f0 vita, m\u00e6lti hann: saklaus em eg og mitt r\u00edki fyrir Drottni a\u00f0 eil\u00edfu af bl\u00f3\u00f0i Abners Nerssonar;<a name=\"29\"><span class=\"versanumer\">29<\/span><\/a>Komi \u00fea\u00f0 yfir h\u00f6fu\u00f0 J\u00f3abs, og yfir allt hans f\u00f6\u00f0urs h\u00fas, aldrei vanti \u00ed J\u00f3abs h\u00fasi kramarmenn og holdsveika, aldrei \u00fe\u00e1 sem gangi vi\u00f0 h\u00e6kjur, falli fyrir sver\u00f0i, og vanti atvinnu.<a name=\"30\"><span class=\"versanumer\">30<\/span><\/a>En J\u00f3ab og Ab\u00edsa\u00ed br\u00f3\u00f0ir hans h\u00f6f\u00f0u myrt Abner, af \u00fev\u00ed a\u00f0 hann drap br\u00f3\u00f0ur \u00feeirra Asahel \u00e1 fundinum, hj\u00e1 G\u00edbeon.<br \/><a name=\"31\"><span class=\"versanumer\">31<\/span><\/a>Og Dav\u00ed\u00f0 m\u00e6lti vi\u00f0 J\u00f3ab og vi\u00f0 allt f\u00f3lki\u00f0 sem hj\u00e1 honum var: sundurr\u00edfi\u00f0 y\u00f0ar kl\u00e6\u00f0i, og leggi\u00f0 sekki um y\u00f0ur, og syrgi\u00f0 Abner. Og Dav\u00ed\u00f0 konungur gekk eftir l\u00edkb\u00f6runum.<a name=\"32\"><span class=\"versanumer\">32<\/span><\/a>Og \u00feeir j\u00f6r\u00f0u\u00f0u Abner \u00ed Hebron, og k\u00f3ngurinn \u00e6pti h\u00e1st\u00f6fum, og gr\u00e9t vi\u00f0 Abners gr\u00f6f, og allt f\u00f3lki\u00f0 gr\u00e9t.<a name=\"33\"><span class=\"versanumer\">33<\/span><\/a>Og konungurinn gj\u00f6r\u00f0i sorgarlj\u00f3\u00f0 <span class='VideyAth'>a)<\/span> eftir Abner, og m\u00e6lti: var\u00f0 \u00fe\u00e1 Abner a\u00f0 deyja eins og d\u00e1rinn?<a name=\"34\"><span class=\"versanumer\">34<\/span><\/a>\u00de\u00ednar hendur voru aldrei bundnar, \u00fe\u00ednir f\u00e6tur ekki settir \u00ed stokk. \u00de\u00fa ert fallinn eins og menn falla fyrir n\u00ed\u00f0ingum. \u00de\u00e1 gr\u00e9t f\u00f3lki\u00f0 enn meir yfir honum.<a name=\"35\"><span class=\"versanumer\">35<\/span><\/a>Og allt f\u00f3lki\u00f0 gekk inn til a\u00f0 f\u00e1 Dav\u00ed\u00f0 til a\u00f0 eta me\u00f0an dagur var, en Dav\u00ed\u00f0 s\u00f3r og m\u00e6lti: Gu\u00f0 gj\u00f6ri m\u00e9r \u00fea\u00f0 og ennfremur <span class='VideyAth'>b)<\/span> ef eg smakka brau\u00f0 e\u00f0a nokku\u00f0 anna\u00f0, fyrir s\u00f3larlag.<a name=\"36\"><span class=\"versanumer\">36<\/span><\/a>Og allt f\u00f3lki\u00f0 s\u00e1 \u00fea\u00f0, og \u00fev\u00ed l\u00edka\u00f0i \u00fea\u00f0; allt sem k\u00f3ngurinn gj\u00f6r\u00f0i, ge\u00f0ja\u00f0ist \u00f6llu f\u00f3lkinu vel.<a name=\"37\"><span class=\"versanumer\">37<\/span><\/a>Og allt f\u00f3lki\u00f0 t\u00f3k eftir, og allur \u00cdsrael \u00e1 \u00feeim sama degi, a\u00f0 konungur var ei valdur a\u00f0 \u00fev\u00ed a\u00f0 Abner sonur Ners var deyddur.<a name=\"38\"><span class=\"versanumer\">38<\/span><\/a>Og konungur m\u00e6lti vi\u00f0 s\u00edna \u00fe\u00e9nara: viti\u00f0 \u00fe\u00e9r ekki a\u00f0 \u00e1 \u00feessum degi er fallinn h\u00f6f\u00f0ingi og mikill ma\u00f0ur \u00ed \u00cdsrael;<a name=\"39\"><span class=\"versanumer\">39<\/span><\/a>en eg em veikli\u00f0a og n\u00fd smur\u00f0ur til k\u00f3ngs, og \u00feessir menn, Serujasynir, eru voldugri en eg. Drottinn endurgjaldi \u00feeim sem illt a\u00f0hefst eftir hans vonsku!<\/p>\n<div class=\"footnoteVidey\">V. 1. f. Kap. 5,10.  V. 2. g. 1 Kron. 3,1.  V. 3. h. Kallast annars Daniel, 1 Kron. 3,1. i. Kap. 13,37.  V. 4. k. 1 K\u00f3ng. 1,5.6.  V. 7. l. Kap. 21,8.  V. 8. 1 Sam. 17,43.  V. 9. b. v. 35.  V. 10. c. 1 K\u00f3ng. 4,23.  V. 14. d. 1 Sam. 18,27.  V. 15. e. 1 Sam. 25,44.  V. 17. f. Hebr. b\u00e6\u00f0i \u00ed g\u00e6r og \u00ed fyrradag.  V. 27. g. Kap. 20,14.  V. 33. a. Kap. 1,17.  V. 35. b. v. 9.<\/div>\n","protected":false},"excerpt":{"rendered":"<p>B\u00f6rn Dav\u00ed\u00f0s. Abner fellur fr\u00e1 \u00cdsb\u00f3set og er drepinn af J\u00f3ab. 1Og str\u00ed\u00f0i\u00f0 var langt milli S\u00e1ls h\u00fass og Dav\u00ed\u00f0s h\u00fass; en Dav\u00ed\u00f0s h\u00fas efldist meir og meir f); en S\u00e1ls h\u00fasi hnigna\u00f0i meir og meir.2Dav\u00ed\u00f0 f\u00e6ddust synir \u00ed Hebron g), hans frumgetningur var Amnon me\u00f0 Ah\u00edn\u00f3am fr\u00e1 Jesreel;3hans annar son var Kiliab h) me\u00f0 Ab\u00edgael, konu Nabals, Karmel\u00edtans, og s\u00e1 \u00feri\u00f0ji Absalon, sonur Maaka, d\u00f3ttur Talmais, k\u00f3ngsins \u00ed Gesur i);4og s\u00e1 fj\u00f3r\u00f0i Adon\u00eda, sonur Hagits k), og s\u00e1 fimmti Safat\u00eda, sonur Ab\u00edtals,5og s\u00e1 sj\u00f6tti Jetream me\u00f0 Eglu, konu Dav\u00ed\u00f0s. \u00deessir f\u00e6ddust Dav\u00ed\u00f0 \u00ed Hebron. 6En \u00e1 me\u00f0an \u00feessi \u00f3fri\u00f0ur <a href=\"https:\/\/biblian.is\/videy\/sidari-samuelsbok-3-kafli\/\"> [&#8230;]<\/a><\/p>\n","protected":false},"author":1,"featured_media":0,"parent":0,"menu_order":0,"comment_status":"open","ping_status":"open","template":"bibliukaflar.php","meta":{"footnotes":""},"class_list":["post-21119","page","type-page","status-publish","hentry"],"_links":{"self":[{"href":"https:\/\/biblian.is\/videy\/wp-json\/wp\/v2\/pages\/21119","targetHints":{"allow":["GET"]}}],"collection":[{"href":"https:\/\/biblian.is\/videy\/wp-json\/wp\/v2\/pages"}],"about":[{"href":"https:\/\/biblian.is\/videy\/wp-json\/wp\/v2\/types\/page"}],"author":[{"embeddable":true,"href":"https:\/\/biblian.is\/videy\/wp-json\/wp\/v2\/users\/1"}],"replies":[{"embeddable":true,"href":"https:\/\/biblian.is\/videy\/wp-json\/wp\/v2\/comments?post=21119"}],"version-history":[{"count":0,"href":"https:\/\/biblian.is\/videy\/wp-json\/wp\/v2\/pages\/21119\/revisions"}],"wp:attachment":[{"href":"https:\/\/biblian.is\/videy\/wp-json\/wp\/v2\/media?parent=21119"}],"curies":[{"name":"wp","href":"https:\/\/api.w.org\/{rel}","templated":true}]}}