{"id":21118,"date":"2018-01-02T01:00:25","date_gmt":"2018-01-02T01:00:25","guid":{"rendered":"http:\/\/biblian.is\/videy\/sidari-samuelsbok-2-kafli\/"},"modified":"2018-01-02T01:00:25","modified_gmt":"2018-01-02T01:00:25","slug":"sidari-samuelsbok-2-kafli","status":"publish","type":"page","link":"https:\/\/biblian.is\/videy\/sidari-samuelsbok-2-kafli\/","title":{"rendered":"S\u00ed\u00f0ari Sam\u00faelsb\u00f3k 2. kafli"},"content":{"rendered":"<div class=\"fyrirsognVidey\">Dav\u00ed\u00f0 ver\u00f0ur konungur \u00ed J\u00fadeu. Isboset \u00ed \u00cdsrael.<\/div>\n<p><a name=\"1\"><span class=\"versanumer\">1<\/span><\/a>Og \u00fea\u00f0 ske\u00f0i \u00fear eftir a\u00f0 Dav\u00ed\u00f0 spur\u00f0i Drottin <span class='VideyAth'>b)<\/span> og m\u00e6lti: skal eg fara h\u00e9\u00f0an til einhv\u00f6rrar borgar \u00ed J\u00fadeu? og Drottinn svara\u00f0i honum: far \u00fe\u00fa! og Dav\u00ed\u00f0 spur\u00f0i: hv\u00f6rt skal eg fara? og hann sag\u00f0i: til Hebron.<a name=\"2\"><span class=\"versanumer\">2<\/span><\/a>Og svo f\u00f3r Dav\u00ed\u00f0 \u00feanga\u00f0, og l\u00edka hans tv\u00e6r konur Ahinoam, fr\u00e1 Jesreel, og Ab\u00edgael kona Nabals, Karmel\u00edta <span class='VideyAth'>c)<\/span>,<a name=\"3\"><span class=\"versanumer\">3<\/span><\/a>og l\u00edka t\u00f3k Dav\u00ed\u00f0 menn, sem hj\u00e1 honum voru, me\u00f0 s\u00e9r, hv\u00f6rn einn og hans h\u00fas, og \u00feeir bjuggu \u00ed Hebrons st\u00f6\u00f0um.<a name=\"4\"><span class=\"versanumer\">4<\/span><\/a>\u00de\u00e1 komu J\u00fada menn og smur\u00f0u Dav\u00ed\u00f0 konung yfir J\u00fada h\u00fas.<br \/>Og menn s\u00f6g\u00f0u Dav\u00ed\u00f0 fr\u00e1 og m\u00e6ltu: mennirnir \u00ed Jabis \u00ed G\u00edlea\u00f0 <span class='VideyAth'>d)<\/span> eru \u00fea\u00f0 sem hafa jar\u00f0a\u00f0 S\u00e1l.<a name=\"5\"><span class=\"versanumer\">5<\/span><\/a>\u00de\u00e1 sendi hann sendibo\u00f0a til mannanna \u00ed Jabes \u00ed G\u00edlea\u00f0 og m\u00e6lti til \u00feeirra: veri\u00f0 blessa\u00f0ir af Drottni a\u00f0 \u00fe\u00e9r gj\u00f6r\u00f0u\u00f0 \u00feetta k\u00e6rleiksverk \u00e1 y\u00f0ar herra, \u00e1 S\u00e1l og gr\u00f3fu\u00f0 hann.<a name=\"6\"><span class=\"versanumer\">6<\/span><\/a>S\u00fdni n\u00fa Drottinn y\u00f0ur elsku og tr\u00fafesti <span class='VideyAth'>e)<\/span>, og l\u00edka vil eg gj\u00f6ra y\u00f0ur gott, sakir \u00feess \u00fe\u00e9r gj\u00f6r\u00f0u\u00f0 sl\u00edkt.<a name=\"7\"><span class=\"versanumer\">7<\/span><\/a>Og styrki\u00f0 n\u00fa y\u00f0ar hendur og veri\u00f0 r\u00f6skir menn, \u00fe\u00f3 a\u00f0 S\u00e1l y\u00f0ar herra s\u00e9 dau\u00f0ur, hefir J\u00fada h\u00fas smurt mig konung yfir sig. <br \/><a name=\"8\"><span class=\"versanumer\">8<\/span><\/a>En Abner, sonur Ners, hersh\u00f6f\u00f0ingi S\u00e1ls <span class='VideyAth'>f)<\/span> t\u00f3k Isboset, son S\u00e1ls, og f\u00f3r me\u00f0 hann yfir til Mahanaim,<a name=\"9\"><span class=\"versanumer\">9<\/span><\/a>og gj\u00f6r\u00f0i hann a\u00f0 konungi yfir G\u00edlea\u00f0, Assuri, Isreel, Efraim og Benjam\u00edn og yfir \u00f6llum \u00cdsrael.<a name=\"10\"><span class=\"versanumer\">10<\/span><\/a>Isboset sonur S\u00e1ls var fertugur \u00fe\u00e1 hann var\u00f0 konungur yfir \u00cdsrael, og tv\u00f6 \u00e1r r\u00edkti hann. Einasta J\u00fada h\u00fas h\u00e9lt sig til Dav\u00ed\u00f0s;<a name=\"11\"><span class=\"versanumer\">11<\/span><\/a>og tala \u00feeirra daga sem Dav\u00ed\u00f0 var konungur \u00ed Hebron yfir J\u00fada h\u00fasi, var 7 \u00e1r og sex m\u00e1nu\u00f0ir.<br \/><a name=\"12\"><span class=\"versanumer\">12<\/span><\/a>Og Abner sonur Ners, f\u00f3r me\u00f0 \u00fe\u00e9nurum Isbosets, S\u00e1ls sonar fr\u00e1 Mahanaim til G\u00edbeon.<a name=\"13\"><span class=\"versanumer\">13<\/span><\/a>Og J\u00f3ab sonur Seruja, og \u00fej\u00f3nar Dav\u00ed\u00f0s, dr\u00f3gu l\u00edka \u00fat, og \u00feeir hittust vi\u00f0 G\u00edbeonsvatn, og \u00feessir l\u00f6g\u00f0ust \u00feessamegin og hinir hinumegin vatnsins.<a name=\"14\"><span class=\"versanumer\">14<\/span><\/a>\u00de\u00e1 sag\u00f0i Abner vi\u00f0 J\u00f3ab: l\u00e1ttu sveinana standa upp og leika fyrir oss! og J\u00f3ab m\u00e6lti: \u00feeir mega \u00fea\u00f0.<a name=\"15\"><span class=\"versanumer\">15<\/span><\/a>Og svo st\u00f3\u00f0u \u00feeir upp og gengu fram eftir t\u00f6lu, 12 fyrir Benjam\u00edn og Isboset son S\u00e1ls, og 12 af Dav\u00ed\u00f0s \u00fe\u00e9nurum.<a name=\"16\"><span class=\"versanumer\">16<\/span><\/a>Og hv\u00f6r greip hendi \u00ed annars h\u00f6fu\u00f0, og lag\u00f0i sver\u00f0 \u00ed annars s\u00ed\u00f0u, og \u00feeir f\u00e9llu hv\u00f6r me\u00f0 \u00f6\u00f0rum. Og menn k\u00f6llu\u00f0u \u00feann sama sta\u00f0: Helkat-Hafurim <span class='VideyAth'>(Skur\u00f0arakur)<\/span>, hann liggur hj\u00e1 G\u00edbeon.<a name=\"17\"><span class=\"versanumer\">17<\/span><\/a>Og \u00e1 \u00feeim degi var har\u00f0ur bardagi, Abner og \u00cdsraelsmenn voru sigra\u00f0ir af Dav\u00ed\u00f0s \u00fe\u00e9nurum.<br \/><a name=\"18\"><span class=\"versanumer\">18<\/span><\/a>\u00dear voru \u00fer\u00edr Ser\u00fajusynir, J\u00f3ab, Ab\u00edsai og Asahel <span class='VideyAth'>a)<\/span>. Asahel var f\u00f3tfr\u00e1r sem r\u00e1d\u00fdr \u00e1 m\u00f6rkinni <span class='VideyAth'>b)<\/span>.<a name=\"19\"><span class=\"versanumer\">19<\/span><\/a>Og Asahel rann eftir Abner og v\u00e9k hv\u00f6rki til h\u00e6gri n\u00e9 vinstri, heldur elti hann einan,<a name=\"20\"><span class=\"versanumer\">20<\/span><\/a>\u00fe\u00e1 sneri Abner s\u00e9r vi\u00f0 og m\u00e6lti: ert \u00fe\u00fa Asahel? og hann svara\u00f0i: eg em.<a name=\"21\"><span class=\"versanumer\">21<\/span><\/a>Abner sag\u00f0i til hans: v\u00edk anna\u00f0hv\u00f6rt til vinstri e\u00f0a h\u00e6gri, og n\u00e1\u00f0u einhv\u00f6rjum ungu mannanna, og flettu hann vopnum hans; en Asahel vildi ei fr\u00e1 honum fara.<a name=\"22\"><span class=\"versanumer\">22<\/span><\/a>Og Abner m\u00e6lti aftur vi\u00f0 Asahel: v\u00edk \u00fe\u00fa burt fr\u00e1 m\u00e9r! \u00fev\u00ed skyldi eg leggja \u00feig a\u00f0 velli? hv\u00f6rnig g\u00e6ti eg \u00fe\u00e1 liti\u00f0 upp \u00e1 J\u00f3ab br\u00f3\u00f0ur \u00feinn.<a name=\"23\"><span class=\"versanumer\">23<\/span><\/a>En hann vildi ekki v\u00edkja. \u00de\u00e1 lag\u00f0i Abner hann \u00ed kvi\u00f0inn me\u00f0 spj\u00f3tsbroddinum <span class='VideyAth'>c)<\/span>, svo \u00fat kom um baki\u00f0, og hann f\u00e9ll og anda\u00f0ist me\u00f0 sama, og \u00fea\u00f0 ske\u00f0i, a\u00f0 hv\u00f6r sem kom \u00e1 \u00feann sta\u00f0, hvar Asahel haf\u00f0i falli\u00f0 og d\u00e1i\u00f0, hann nam \u00fear sta\u00f0ar.<a name=\"24\"><span class=\"versanumer\">24<\/span><\/a>Og J\u00f3ab og Ab\u00edsai eltu Abner, og s\u00f3l gekk undir; \u00fe\u00e1 komu \u00feeir a\u00f0 h\u00e6\u00f0inni Amma sem liggur fyrir framan G\u00eda, \u00e1 lei\u00f0inni til G\u00edbeonsau\u00f0nar.<a name=\"25\"><span class=\"versanumer\">25<\/span><\/a>\u00dear s\u00f6fnu\u00f0ust synir Benjam\u00edns a\u00f0 Abner og ur\u00f0u flokkkorn, og numu sta\u00f0ar efst \u00e1 h\u00f3l nokkrum.<a name=\"26\"><span class=\"versanumer\">26<\/span><\/a>\u00de\u00e1 kalla\u00f0i Abner til J\u00f3abs, og m\u00e6lti: skal \u00fe\u00e1 sver\u00f0i\u00f0 allt af tort\u00edna, veist \u00fe\u00fa ekki, a\u00f0 seinast kemur heift? \u00e6tlar \u00fe\u00fa lengi a\u00f0 draga a\u00f0 segja f\u00f3lkinu a\u00f0 sn\u00faa fr\u00e1 ofs\u00f3kn \u00feess br\u00e6\u00f0ra?<a name=\"27\"><span class=\"versanumer\">27<\/span><\/a>Og J\u00f3ab m\u00e6lti: svo sannarlega sem Gu\u00f0 lifir! hef\u00f0ir \u00fe\u00fa ekki tala\u00f0 <span class='VideyAth'>(sj\u00e1 v. 14)<\/span>, \u00fe\u00e1 hef\u00f0i f\u00f3lki\u00f0 fr\u00e1 \u00fev\u00ed \u00ed morgun haldi\u00f0 s\u00e9r fr\u00e1 a\u00f0 ofs\u00e6kja hv\u00f6r annan.<a name=\"28\"><span class=\"versanumer\">28<\/span><\/a>S\u00ed\u00f0an bl\u00e9s J\u00f3ab \u00ed b\u00e1s\u00fanu <span class='VideyAth'>d)<\/span>, og allt f\u00f3lki\u00f0 st\u00f6\u00f0va\u00f0ist, og \u00feeir eltu ekki \u00cdsrael meir, og b\u00f6r\u00f0ust ekki framar.<br \/><a name=\"29\"><span class=\"versanumer\">29<\/span><\/a>En Abner og hans menn gengu yfir sl\u00e9ttlendi\u00f0 alla \u00fe\u00e1 s\u00f6mu n\u00f3tt, og f\u00f3ru yfir J\u00f3rdan og gengu yfir allt h\u00e9ra\u00f0i\u00f0 B\u00edtron <span class='VideyAth'>e)<\/span> og komu til Mahanaim.<a name=\"30\"><span class=\"versanumer\">30<\/span><\/a>Og J\u00f3ab h\u00e6tti a\u00f0 elta Abner og safna\u00f0i saman f\u00f3lkinu, \u00fe\u00e1 s\u00f6knu\u00f0u menn 19 manna af Dav\u00ed\u00f0s \u00fe\u00e9nurum, og Asahels.<a name=\"31\"><span class=\"versanumer\">31<\/span><\/a>En Dav\u00ed\u00f0s \u00fe\u00e9narar h\u00f6f\u00f0u lagt a\u00f0 velli 360 af Benjamin\u00edtum og Abners m\u00f6nnum, sem dau\u00f0ir voru.<a name=\"32\"><span class=\"versanumer\">32<\/span><\/a>Og \u00feeir t\u00f3ku Asahel og j\u00f6r\u00f0u\u00f0u hann hj\u00e1 f\u00f6\u00f0ur hans \u00ed Betlehem; en J\u00f3ab og hans menn voru \u00e1 fer\u00f0 alla n\u00f3ttina, og komu til Hebron \u00ed d\u00f6gun.<\/p>\n<div class=\"footnoteVidey\">V. 1. b. 1 Sam. 30,8. 23,2.4.  V. 2. c. 1 Sam. 25,42. 27,3.  V. 4. d. 1 Sam. 31,12.  V. 6. e. Rut. 1,8.  V. 8. f. 1 Sam. 14,50. 17,55.  V. 18. a. 1 Kron. 2,16. b. 1 Kron. 12,8. S\u00e1lm. 18,34.  V. 23. c. Kap. 3,27.  V. 28. d. Kap. 18,16. 20,22.  V. 29. e. Sal. Lofkv. 2,17.<\/div>\n","protected":false},"excerpt":{"rendered":"<p>Dav\u00ed\u00f0 ver\u00f0ur konungur \u00ed J\u00fadeu. Isboset \u00ed \u00cdsrael. 1Og \u00fea\u00f0 ske\u00f0i \u00fear eftir a\u00f0 Dav\u00ed\u00f0 spur\u00f0i Drottin b) og m\u00e6lti: skal eg fara h\u00e9\u00f0an til einhv\u00f6rrar borgar \u00ed J\u00fadeu? og Drottinn svara\u00f0i honum: far \u00fe\u00fa! og Dav\u00ed\u00f0 spur\u00f0i: hv\u00f6rt skal eg fara? og hann sag\u00f0i: til Hebron.2Og svo f\u00f3r Dav\u00ed\u00f0 \u00feanga\u00f0, og l\u00edka hans tv\u00e6r konur Ahinoam, fr\u00e1 Jesreel, og Ab\u00edgael kona Nabals, Karmel\u00edta c),3og l\u00edka t\u00f3k Dav\u00ed\u00f0 menn, sem hj\u00e1 honum voru, me\u00f0 s\u00e9r, hv\u00f6rn einn og hans h\u00fas, og \u00feeir bjuggu \u00ed Hebrons st\u00f6\u00f0um.4\u00de\u00e1 komu J\u00fada menn og smur\u00f0u Dav\u00ed\u00f0 konung yfir J\u00fada h\u00fas.Og menn s\u00f6g\u00f0u Dav\u00ed\u00f0 fr\u00e1 <a href=\"https:\/\/biblian.is\/videy\/sidari-samuelsbok-2-kafli\/\"> [&#8230;]<\/a><\/p>\n","protected":false},"author":1,"featured_media":0,"parent":0,"menu_order":0,"comment_status":"open","ping_status":"open","template":"bibliukaflar.php","meta":{"footnotes":""},"class_list":["post-21118","page","type-page","status-publish","hentry"],"_links":{"self":[{"href":"https:\/\/biblian.is\/videy\/wp-json\/wp\/v2\/pages\/21118","targetHints":{"allow":["GET"]}}],"collection":[{"href":"https:\/\/biblian.is\/videy\/wp-json\/wp\/v2\/pages"}],"about":[{"href":"https:\/\/biblian.is\/videy\/wp-json\/wp\/v2\/types\/page"}],"author":[{"embeddable":true,"href":"https:\/\/biblian.is\/videy\/wp-json\/wp\/v2\/users\/1"}],"replies":[{"embeddable":true,"href":"https:\/\/biblian.is\/videy\/wp-json\/wp\/v2\/comments?post=21118"}],"version-history":[{"count":0,"href":"https:\/\/biblian.is\/videy\/wp-json\/wp\/v2\/pages\/21118\/revisions"}],"wp:attachment":[{"href":"https:\/\/biblian.is\/videy\/wp-json\/wp\/v2\/media?parent=21118"}],"curies":[{"name":"wp","href":"https:\/\/api.w.org\/{rel}","templated":true}]}}