{"id":21117,"date":"2018-01-02T01:00:25","date_gmt":"2018-01-02T01:00:25","guid":{"rendered":"http:\/\/biblian.is\/videy\/sidari-samuelsbok-1-kafli\/"},"modified":"2018-01-02T01:00:25","modified_gmt":"2018-01-02T01:00:25","slug":"sidari-samuelsbok-1-kafli","status":"publish","type":"page","link":"https:\/\/biblian.is\/videy\/sidari-samuelsbok-1-kafli\/","title":{"rendered":"S\u00ed\u00f0ari Sam\u00faelsb\u00f3k 1. kafli"},"content":{"rendered":"<div class=\"fyrirsognVidey\">Dav\u00ed\u00f0 harmar S\u00e1l og J\u00f3natan.<\/div>\n<p><a name=\"1\"><span class=\"versanumer\">1<\/span><\/a>Og \u00fea\u00f0 ske\u00f0i, eftir a\u00f0 S\u00e1l var dau\u00f0ur, og eftir a\u00f0 Dav\u00ed\u00f0 haf\u00f0i lagt a\u00f0 velli Amalek\u00edta og var kominn heim aftur, \u00fe\u00e1 var Dav\u00ed\u00f0 2 daga \u00ed Siklag.<a name=\"2\"><span class=\"versanumer\">2<\/span><\/a>Og \u00fea\u00f0 ske\u00f0i \u00e1 \u00feri\u00f0ja degi, a\u00f0 ma\u00f0ur kom af her S\u00e1ls, \u00ed rifnum kl\u00e6\u00f0um, og haf\u00f0i ausi\u00f0 mold yfir h\u00f6fu\u00f0 s\u00e9r; og sem hann kom til Dav\u00ed\u00f0s, f\u00e9ll hann til jar\u00f0ar, og tilba\u00f0.<a name=\"3\"><span class=\"versanumer\">3<\/span><\/a>Og Dav\u00ed\u00f0 m\u00e6lti til hans: hva\u00f0an kemur \u00fe\u00fa? og hann svara\u00f0i honum: eg komst undan af \u00cdsraels her.<a name=\"4\"><span class=\"versanumer\">4<\/span><\/a>Dav\u00ed\u00f0 sag\u00f0i til hans: seg\u00f0u m\u00e9r \u00fe\u00e1, hv\u00f6rnig gengur \u00fea\u00f0? og hinn m\u00e6lti: f\u00f3lki\u00f0 er fl\u00fai\u00f0 \u00far bardaganum og margir eru l\u00edka fallnir og drepnir, og l\u00edka eru \u00feeir S\u00e1l og J\u00f3natan dau\u00f0ir.<a name=\"5\"><span class=\"versanumer\">5<\/span><\/a>Og Dav\u00ed\u00f0 m\u00e6lti vi\u00f0 \u00feann unga mann sem f\u00e6r\u00f0i honum \u00feessa fr\u00e9tt: hv\u00f6rnig veistu \u00fea\u00f0 a\u00f0 S\u00e1l og J\u00f3natan hans son eru dau\u00f0ir?<a name=\"6\"><span class=\"versanumer\">6<\/span><\/a>Og s\u00e1 ungi ma\u00f0ur, sem sag\u00f0i t\u00ed\u00f0indin, m\u00e6lti: af tilviljun kom eg \u00e1 fjalli\u00f0 Gilboa, og sj\u00e1! \u00fear st\u00f3\u00f0 S\u00e1l, og studdist vi\u00f0 sitt spj\u00f3t, og sj\u00e1! vagna og rei\u00f0manna li\u00f0 s\u00f3tti a\u00f0 honum.<a name=\"7\"><span class=\"versanumer\">7<\/span><\/a>Hann sneri s\u00e9r \u00fe\u00e1 vi\u00f0 og leit mig og kalla\u00f0i \u00e1 mig, og eg svara\u00f0i: hv\u00f6r ert \u00fe\u00fa? og eg svara\u00f0i: h\u00e9r em eg,<a name=\"8\"><span class=\"versanumer\">8<\/span><\/a>og hann m\u00e6lti vi\u00f0 mig: hv\u00f6r ert \u00fe\u00fa? og eg svara\u00f0i: eg er Amalek\u00edti.<a name=\"9\"><span class=\"versanumer\">9<\/span><\/a>Og hann sag\u00f0i vi\u00f0 mig: kom \u00fe\u00fa til m\u00edn og dey\u00f0 \u00fe\u00fa mig; \u00fev\u00ed n\u00fa \u00ferengir a\u00f0, en me\u00f0 \u00f6llu l\u00edfi er eg.<a name=\"10\"><span class=\"versanumer\">10<\/span><\/a>\u00de\u00e1 gekk eg a\u00f0 honum og deyddi hann, \u00fev\u00ed eg vissi vel a\u00f0 hann gat ekki lifa\u00f0 eftir sitt fall, og t\u00f3k k\u00f3r\u00f3nuna sem var \u00e1 hans h\u00f6f\u00f0i, og armspengurnar af hans armi, og kem n\u00fa me\u00f0 \u00fe\u00e6r hinga\u00f0 til m\u00edns herra.<a name=\"11\"><span class=\"versanumer\">11<\/span><\/a>\u00de\u00e1 reif Dav\u00ed\u00f0 s\u00edn kl\u00e6\u00f0i <span class='VideyAth'>a)<\/span>, og l\u00edka allir \u00feeir menn sem hj\u00e1 honum voru.<a name=\"12\"><span class=\"versanumer\">12<\/span><\/a>Og \u00feeir kveinu\u00f0u og veinu\u00f0u og f\u00f6stu\u00f0u allt til kv\u00f6lds, sakir S\u00e1ls og hans sonar J\u00f3natans, og sakir Drottins f\u00f3lks og \u00cdsraels h\u00fass, a\u00f0 \u00feeir h\u00f6f\u00f0u falli\u00f0 fyrir sver\u00f0i.<br \/><a name=\"13\"><span class=\"versanumer\">13<\/span><\/a>Og Dav\u00ed\u00f0 sag\u00f0i vi\u00f0 \u00feann unga mann sem f\u00e6r\u00f0i honum t\u00ed\u00f0indin: hva\u00f0an ert \u00fe\u00fa? og hann svara\u00f0i: eg em sonur Amalek\u00edta nokkurs sem h\u00e9r er \u00fatlendur.<a name=\"14\"><span class=\"versanumer\">14<\/span><\/a>Og Dav\u00ed\u00f0 sag\u00f0i til hans: hv\u00f6rnig gastu veri\u00f0 svo djarfur a\u00f0 leggja h\u00f6nd \u00e1 Drottins smur\u00f0a og dey\u00f0a hann?<a name=\"15\"><span class=\"versanumer\">15<\/span><\/a>Og Dav\u00ed\u00f0 kalla\u00f0i einn af s\u00ednum sveinum, og m\u00e6lti: kom \u00fe\u00fa h\u00e9r! og l\u00edfl\u00e1ttu \u00feennan mann! og hann vann \u00e1 honum svo hann d\u00f3.<a name=\"16\"><span class=\"versanumer\">16<\/span><\/a>Og Dav\u00ed\u00f0 sag\u00f0i til hans: \u00feitt bl\u00f3\u00f0 s\u00e9 yfir \u00fe\u00ednu h\u00f6f\u00f0i! \u00fev\u00ed \u00feinn munnur vitna\u00f0i m\u00f3ti \u00fe\u00e9r <span class='VideyAth'>b)<\/span>, \u00fe\u00e1 \u00fe\u00fa sag\u00f0ir: eg hefi deytt Drottins smur\u00f0a.<br \/><a name=\"17\"><span class=\"versanumer\">17<\/span><\/a>Og Dav\u00ed\u00f0 kva\u00f0 \u00feetta sorgar kv\u00e6\u00f0i eftir S\u00e1l og J\u00f3natan hans son,<a name=\"18\"><span class=\"versanumer\">18<\/span><\/a>og skipa\u00f0i a\u00f0 kenna J\u00fada sonum \u00feetta <span class='VideyAth'>(kv\u00e6\u00f0i)<\/span> um bogann, sj\u00e1! \u00fea\u00f0 er skrifa\u00f0 \u00ed b\u00f3k \u00feeirra g\u00f3\u00f0u <span class='VideyAth'>a)<\/span>.<a name=\"19\"><span class=\"versanumer\">19<\/span><\/a>\u00c1 \u00fe\u00ednum h\u00e6\u00f0um, \u00cdsrael! er r\u00e1d\u00fdri\u00f0 lagt a\u00f0 velli, hv\u00f6rnig eru hetjurnar fallnar.<a name=\"20\"><span class=\"versanumer\">20<\/span><\/a>Segi\u00f0 ekki fr\u00e1 \u00fev\u00ed \u00ed Gat, kunngj\u00f6ri\u00f0 \u00fea\u00f0 ekki \u00e1 Askalons str\u00e6tum, svo d\u00e6tur Filisteanna fagni ekki, d\u00e6tur \u00feeirra \u00f3umskornu hlakki ekki yfir \u00fev\u00ed. <br \/><a name=\"21\"><span class=\"versanumer\">21<\/span><\/a>Gilboafj\u00f6ll! hv\u00f6rki d\u00f6gg n\u00e9 regn komi \u00e1 ykkur! ekki s\u00e9u \u00fear akrar frumgr\u00f3\u00f0af\u00f3rnar! \u00fev\u00ed \u00fear var snara\u00f0 kappanna skildi, S\u00e1ls skildi eins og hann hef\u00f0i ei veri\u00f0 smur\u00f0ur me\u00f0 vi\u00f0smj\u00f6ri.<a name=\"22\"><span class=\"versanumer\">22<\/span><\/a>J\u00f3natans bogi hr\u00f6kk aldrei til baka \u00e1n bl\u00f3\u00f0s \u00feeirra felldu, \u00e1n fitu kappanna, S\u00e1ls sver\u00f0 kom aldrei svo b\u00fai\u00f0 aftur.<a name=\"23\"><span class=\"versanumer\">23<\/span><\/a>S\u00e1l og J\u00f3natan, \u00feeir elskulegu og \u00e1st\u00fa\u00f0legu \u00ed s\u00ednu l\u00edfi, sem ekki skildu \u00ed dau\u00f0anum, \u00feeir voru flj\u00f3tari en ernir, sterkari en lj\u00f3n.<a name=\"24\"><span class=\"versanumer\">24<\/span><\/a>\u00cdsraels d\u00e6tur, gr\u00e1ti\u00f0 S\u00e1l! hann kl\u00e6ddi y\u00f0ur \u00ed skarlat yndislega, gullpr\u00fd\u00f0i setti hann \u00e1 y\u00f0ar fatna\u00f0!<a name=\"25\"><span class=\"versanumer\">25<\/span><\/a>Hv\u00f6rnig eru kapparnir fallnir, mitt \u00ed bardaganum. J\u00f3natan er lag\u00f0ur \u00ed gegn \u00e1 \u00fe\u00ednum h\u00e6\u00f0um.<a name=\"26\"><span class=\"versanumer\">26<\/span><\/a>Eg kenni til sakir \u00fe\u00edn, br\u00f3\u00f0ir minn J\u00f3natan! mj\u00f6g varstu m\u00e9r ind\u00e6ll, meir mat eg \u00fe\u00edna elsku, en kvenna elsku.<a name=\"27\"><span class=\"versanumer\">27<\/span><\/a>\u00c6! kapparnir eru fallnir, og hertygin eru t\u00f6pu\u00f0.<\/p>\n<div class=\"footnoteVidey\">V. 11. a. Gen. 37,34. J\u00f3s. 7,6.  V. 16. b. 1. K\u00f3ng. 2,23. S\u00e1lm. 64,9.  V. 18. a. J\u00f3s. 10,13. b\u00f3k \u00feeirra g\u00f3\u00f0u e\u00f0a hreinskilnu.<\/div>\n","protected":false},"excerpt":{"rendered":"<p>Dav\u00ed\u00f0 harmar S\u00e1l og J\u00f3natan. 1Og \u00fea\u00f0 ske\u00f0i, eftir a\u00f0 S\u00e1l var dau\u00f0ur, og eftir a\u00f0 Dav\u00ed\u00f0 haf\u00f0i lagt a\u00f0 velli Amalek\u00edta og var kominn heim aftur, \u00fe\u00e1 var Dav\u00ed\u00f0 2 daga \u00ed Siklag.2Og \u00fea\u00f0 ske\u00f0i \u00e1 \u00feri\u00f0ja degi, a\u00f0 ma\u00f0ur kom af her S\u00e1ls, \u00ed rifnum kl\u00e6\u00f0um, og haf\u00f0i ausi\u00f0 mold yfir h\u00f6fu\u00f0 s\u00e9r; og sem hann kom til Dav\u00ed\u00f0s, f\u00e9ll hann til jar\u00f0ar, og tilba\u00f0.3Og Dav\u00ed\u00f0 m\u00e6lti til hans: hva\u00f0an kemur \u00fe\u00fa? og hann svara\u00f0i honum: eg komst undan af \u00cdsraels her.4Dav\u00ed\u00f0 sag\u00f0i til hans: seg\u00f0u m\u00e9r \u00fe\u00e1, hv\u00f6rnig gengur \u00fea\u00f0? og hinn m\u00e6lti: f\u00f3lki\u00f0 er fl\u00fai\u00f0 \u00far <a href=\"https:\/\/biblian.is\/videy\/sidari-samuelsbok-1-kafli\/\"> [&#8230;]<\/a><\/p>\n","protected":false},"author":1,"featured_media":0,"parent":0,"menu_order":0,"comment_status":"open","ping_status":"open","template":"bibliukaflar.php","meta":{"footnotes":""},"class_list":["post-21117","page","type-page","status-publish","hentry"],"_links":{"self":[{"href":"https:\/\/biblian.is\/videy\/wp-json\/wp\/v2\/pages\/21117","targetHints":{"allow":["GET"]}}],"collection":[{"href":"https:\/\/biblian.is\/videy\/wp-json\/wp\/v2\/pages"}],"about":[{"href":"https:\/\/biblian.is\/videy\/wp-json\/wp\/v2\/types\/page"}],"author":[{"embeddable":true,"href":"https:\/\/biblian.is\/videy\/wp-json\/wp\/v2\/users\/1"}],"replies":[{"embeddable":true,"href":"https:\/\/biblian.is\/videy\/wp-json\/wp\/v2\/comments?post=21117"}],"version-history":[{"count":0,"href":"https:\/\/biblian.is\/videy\/wp-json\/wp\/v2\/pages\/21117\/revisions"}],"wp:attachment":[{"href":"https:\/\/biblian.is\/videy\/wp-json\/wp\/v2\/media?parent=21117"}],"curies":[{"name":"wp","href":"https:\/\/api.w.org\/{rel}","templated":true}]}}