{"id":21116,"date":"2018-01-02T01:00:25","date_gmt":"2018-01-02T01:00:25","guid":{"rendered":"http:\/\/biblian.is\/videy\/fyrri-samuelsbok-31-kafli\/"},"modified":"2018-01-02T01:00:25","modified_gmt":"2018-01-02T01:00:25","slug":"fyrri-samuelsbok-31-kafli","status":"publish","type":"page","link":"https:\/\/biblian.is\/videy\/fyrri-samuelsbok-31-kafli\/","title":{"rendered":"Fyrri Sam\u00faelsb\u00f3k 31. kafli"},"content":{"rendered":"<div class=\"fyrirsognVidey\">S\u00e1l og J\u00f3natan falla.<\/div>\n<p><a name=\"1\"><span class=\"versanumer\">1<\/span><\/a>En Filistear b\u00f6r\u00f0ust vi\u00f0 \u00cdsrael, og \u00cdsraelsmenn fl\u00fd\u00f0u fyrir Filisteum, og margir f\u00e9llu \u00e1 Gilboafj\u00f6llum <span class='VideyAth'>c)<\/span>.<a name=\"2\"><span class=\"versanumer\">2<\/span><\/a>Og Filistear eltu S\u00e1l og syni hans og felldu J\u00f3natan og Ab\u00ednadab og Malk\u00eds\u00faa syni S\u00e1ls.<a name=\"3\"><span class=\"versanumer\">3<\/span><\/a>Og bardaganum halla\u00f0i \u00e1 S\u00e1l, skotmennirnir hittu hann, menn me\u00f0 boga, og s\u00e1r b\u00e1rust \u00e1 hann af skyttunum;<a name=\"4\"><span class=\"versanumer\">4<\/span><\/a>\u00de\u00e1 m\u00e6lti S\u00e1l vi\u00f0 skjaldsvein sinn: breg\u00f0 \u00fe\u00fa \u00fe\u00ednu sver\u00f0i og legg mig \u00ed gegn me\u00f0 \u00fev\u00ed, svo \u00feessir \u00f3umskornu komi ekki og s\u00e1lgi m\u00e9r og sv\u00edvir\u00f0i; en hans skjaldsveinn vildi ekki, \u00fe\u00e1 t\u00f3k S\u00e1l sver\u00f0i\u00f0 og l\u00e9t fallast \u00e1 \u00fea\u00f0.<a name=\"5\"><span class=\"versanumer\">5<\/span><\/a>Og sem hans skjaldsveinn s\u00e1 a\u00f0 S\u00e1l var dau\u00f0ur, svo l\u00e9t hann og fallast \u00e1 sitt sver\u00f0 og d\u00f3 me\u00f0 honum.<a name=\"6\"><span class=\"versanumer\">6<\/span><\/a>\u00deannig d\u00f3 S\u00e1l og hans \u00fer\u00edr synir, og hans skjaldsveinn, og allir hans menn gj\u00f6rsamlega \u00feann sama dag <span class='VideyAth'>d)<\/span>.<a name=\"7\"><span class=\"versanumer\">7<\/span><\/a>Og sem \u00cdsraels menn h\u00e9rnamegin vi\u00f0 sl\u00e9ttlendi\u00f0 og h\u00e9rnamegin J\u00f3rdanar, s\u00e1u, a\u00f0 \u00cdsraelsmenn fl\u00fd\u00f0u og a\u00f0 S\u00e1l og hans synir voru dau\u00f0ir, yfirg\u00e1fu \u00feeir sta\u00f0ina og fl\u00fd\u00f0u, og Filistear komu og bjuggu \u00ed \u00feeim. <br \/><a name=\"8\"><span class=\"versanumer\">8<\/span><\/a>Daginn eftir komu Filistear a\u00f0 fletta kl\u00e6\u00f0um \u00fe\u00e1 sem fallnir voru, og fundu \u00fe\u00e1 S\u00e1l og hans \u00ferj\u00e1 syni fallna \u00e1 Gilboafjalli,<a name=\"9\"><span class=\"versanumer\">9<\/span><\/a>og \u00feeir hjuggu af honum h\u00f6fu\u00f0i\u00f0 og t\u00f3ku vopn hans og verjur og sendu um kring \u00ed Filistealandi, til a\u00f0 augl\u00fdsa bo\u00f0skapinn \u00ed \u00feeirra Go\u00f0a h\u00fasum og fyrir f\u00f3lkinu.<a name=\"10\"><span class=\"versanumer\">10<\/span><\/a>Og \u00feeir l\u00f6g\u00f0u hans vopn \u00ed Astarots h\u00fas, en l\u00edk hans festu \u00feeir \u00e1 borgarvegginn \u00ed Betsan.<a name=\"11\"><span class=\"versanumer\">11<\/span><\/a>\u00deetta fr\u00e9ttu innbyggjararnir \u00ed Jabes \u00ed G\u00edlea\u00f0 hv\u00f6rnig Filistear h\u00f6f\u00f0u fari\u00f0 me\u00f0 S\u00e1l,<a name=\"12\"><span class=\"versanumer\">12<\/span><\/a>og \u00feeir t\u00f3ku sig til allir vopnf\u00e6rir menn, og gengu alla n\u00f3ttina, og t\u00f3ku l\u00edkama S\u00e1ls, og l\u00edkama hans sona af borgarveggnum \u00ed Betsan, komu til Jabes og brenndu \u00fe\u00e1 \u00fear.<a name=\"13\"><span class=\"versanumer\">13<\/span><\/a>Og \u00feeir t\u00f3ku \u00feeirra bein og gr\u00f3fu \u00feau hj\u00e1 lundinum \u00ed Jabes og f\u00f6stu\u00f0u \u00ed 7 daga.<\/p>\n<div class=\"footnoteVidey\">V. 1. c. Kap. 28,4.  V. 6. d. 1 Kron. 10,6.7.<\/div>\n","protected":false},"excerpt":{"rendered":"<p>S\u00e1l og J\u00f3natan falla. 1En Filistear b\u00f6r\u00f0ust vi\u00f0 \u00cdsrael, og \u00cdsraelsmenn fl\u00fd\u00f0u fyrir Filisteum, og margir f\u00e9llu \u00e1 Gilboafj\u00f6llum c).2Og Filistear eltu S\u00e1l og syni hans og felldu J\u00f3natan og Ab\u00ednadab og Malk\u00eds\u00faa syni S\u00e1ls.3Og bardaganum halla\u00f0i \u00e1 S\u00e1l, skotmennirnir hittu hann, menn me\u00f0 boga, og s\u00e1r b\u00e1rust \u00e1 hann af skyttunum;4\u00de\u00e1 m\u00e6lti S\u00e1l vi\u00f0 skjaldsvein sinn: breg\u00f0 \u00fe\u00fa \u00fe\u00ednu sver\u00f0i og legg mig \u00ed gegn me\u00f0 \u00fev\u00ed, svo \u00feessir \u00f3umskornu komi ekki og s\u00e1lgi m\u00e9r og sv\u00edvir\u00f0i; en hans skjaldsveinn vildi ekki, \u00fe\u00e1 t\u00f3k S\u00e1l sver\u00f0i\u00f0 og l\u00e9t fallast \u00e1 \u00fea\u00f0.5Og sem hans skjaldsveinn s\u00e1 a\u00f0 S\u00e1l var dau\u00f0ur, <a href=\"https:\/\/biblian.is\/videy\/fyrri-samuelsbok-31-kafli\/\"> [&#8230;]<\/a><\/p>\n","protected":false},"author":1,"featured_media":0,"parent":0,"menu_order":0,"comment_status":"open","ping_status":"open","template":"bibliukaflar.php","meta":{"footnotes":""},"class_list":["post-21116","page","type-page","status-publish","hentry"],"_links":{"self":[{"href":"https:\/\/biblian.is\/videy\/wp-json\/wp\/v2\/pages\/21116","targetHints":{"allow":["GET"]}}],"collection":[{"href":"https:\/\/biblian.is\/videy\/wp-json\/wp\/v2\/pages"}],"about":[{"href":"https:\/\/biblian.is\/videy\/wp-json\/wp\/v2\/types\/page"}],"author":[{"embeddable":true,"href":"https:\/\/biblian.is\/videy\/wp-json\/wp\/v2\/users\/1"}],"replies":[{"embeddable":true,"href":"https:\/\/biblian.is\/videy\/wp-json\/wp\/v2\/comments?post=21116"}],"version-history":[{"count":0,"href":"https:\/\/biblian.is\/videy\/wp-json\/wp\/v2\/pages\/21116\/revisions"}],"wp:attachment":[{"href":"https:\/\/biblian.is\/videy\/wp-json\/wp\/v2\/media?parent=21116"}],"curies":[{"name":"wp","href":"https:\/\/api.w.org\/{rel}","templated":true}]}}