{"id":21115,"date":"2018-01-02T01:00:25","date_gmt":"2018-01-02T01:00:25","guid":{"rendered":"http:\/\/biblian.is\/videy\/fyrri-samuelsbok-30-kafli\/"},"modified":"2018-01-02T01:00:25","modified_gmt":"2018-01-02T01:00:25","slug":"fyrri-samuelsbok-30-kafli","status":"publish","type":"page","link":"https:\/\/biblian.is\/videy\/fyrri-samuelsbok-30-kafli\/","title":{"rendered":"Fyrri Sam\u00faelsb\u00f3k 30. kafli"},"content":{"rendered":"<div class=\"fyrirsognVidey\">Dav\u00ed\u00f0 n\u00e6r aftur Siklag.<\/div>\n<p><a name=\"1\"><span class=\"versanumer\">1<\/span><\/a>Og \u00fea\u00f0 ske\u00f0i \u00fe\u00e1 Dav\u00ed\u00f0 og hans menn komu til Siklag \u00e1 \u00feri\u00f0ja degi, \u00fe\u00e1 h\u00f6f\u00f0u Amalek\u00edtar gj\u00f6rt \u00e1hlaup \u00fear sy\u00f0ra og \u00e1 Siklag, og unni\u00f0 Siklag og brennt me\u00f0 eldi,<a name=\"2\"><span class=\"versanumer\">2<\/span><\/a>h\u00f6f\u00f0u herteki\u00f0 \u00fe\u00e6r konur sem \u00fear voru og flutt \u00ed burt sm\u00e1ar og st\u00f3rar; \u00feeir h\u00f6f\u00f0u engan mann drepi\u00f0 heldur herteki\u00f0, og voru svo farnir s\u00edna lei\u00f0.<a name=\"3\"><span class=\"versanumer\">3<\/span><\/a>Og er Dav\u00ed\u00f0 og hans menn komu til sta\u00f0arins, sj\u00e1! \u00fe\u00e1 var hann brenndur me\u00f0 eldi, og \u00feeirra konur og synir og d\u00e6tur voru herteknar.<a name=\"4\"><span class=\"versanumer\">4<\/span><\/a>\u00de\u00e1 upph\u00f3f Dav\u00ed\u00f0 og hans f\u00f3lk, sem me\u00f0 honum var, s\u00edna raust og \u00feeir gr\u00e9tu, \u00feanga\u00f0 til enginn m\u00e1ttur var lengur \u00ed \u00feeim til a\u00f0 gr\u00e1ta.<a name=\"5\"><span class=\"versanumer\">5<\/span><\/a>B\u00e1\u00f0ar konur Dav\u00ed\u00f0s h\u00f6f\u00f0u veri\u00f0 herteknar, Ahinoam, fr\u00e1 Jesreel, og Ab\u00edgael, kona Nabals, Karmel\u00edta <span class='VideyAth'>b)<\/span>.<a name=\"6\"><span class=\"versanumer\">6<\/span><\/a>Og Dav\u00ed\u00f0 var \u00ed mestu kr\u00f6ggum, \u00fev\u00ed f\u00f3lki\u00f0 \u00e6tla\u00f0i a\u00f0 gr\u00fdta hann <span class='VideyAth'>c)<\/span>, \u00fev\u00ed allt f\u00f3lki\u00f0 var miki\u00f0 sorgfullt, hv\u00f6r einn vegna sona sinna og d\u00e6tra sinna. En Dav\u00ed\u00f0 styrkti sig vi\u00f0 Drottin, sinn Gu\u00f0.<br \/><a name=\"7\"><span class=\"versanumer\">7<\/span><\/a>Og Dav\u00ed\u00f0 sag\u00f0i vi\u00f0 prestinn Ab\u00edatar son Ab\u00edmeleks: kom \u00fe\u00fa hinga\u00f0 me\u00f0 h\u00f6kulinn! og Ab\u00edatar f\u00e6r\u00f0i Dav\u00ed\u00f0 h\u00f6kulinn.<a name=\"8\"><span class=\"versanumer\">8<\/span><\/a>Og Dav\u00ed\u00f0 spur\u00f0i Drottin, og m\u00e6lti: \u00e1 eg a\u00f0 elta \u00feennan skara? mun eg n\u00e1 \u00feeim? og hann svara\u00f0i: eltu! \u00fev\u00ed \u00fe\u00fa munt n\u00e1 \u00feeim, og n\u00e1 af \u00feeim.<a name=\"9\"><span class=\"versanumer\">9<\/span><\/a>\u00de\u00e1 lag\u00f0i Dav\u00ed\u00f0 af sta\u00f0, hann og \u00feeir 6 hundru\u00f0 menn sem hj\u00e1 honum voru; en sem \u00feeir komu a\u00f0 l\u00e6knum Besor, svo n\u00e1mu nokkrir \u00fear sta\u00f0ar;<a name=\"10\"><span class=\"versanumer\">10<\/span><\/a>en Dav\u00ed\u00f0 elti hann og 4 hundru\u00f0 manns; en 2 hundru\u00f0 manns ur\u00f0u \u00fear eftir, \u00fev\u00ed \u00feeir voru of \u00fereyttir til a\u00f0 fara yfir l\u00e6kinn.<br \/><a name=\"11\"><span class=\"versanumer\">11<\/span><\/a>Og \u00feeir fundu egypskan mann \u00e1 m\u00f6rkinni, og leiddu hann fyrir Dav\u00ed\u00f0, og g\u00e1fu honum brau\u00f0, og hann \u00e1t, og \u00feeir g\u00e1fu honum vatn a\u00f0 drekka.<a name=\"12\"><span class=\"versanumer\">12<\/span><\/a>\u00deeir g\u00e1fu honum og snei\u00f0 af f\u00edkjuk\u00f6ku, og tv\u00e6r r\u00fas\u00ednukl\u00e6r, og hann \u00e1t, og hans andi hvarf til hans aftur, \u00fev\u00ed hann haf\u00f0i ekkert brau\u00f0 eti\u00f0 og ekkert vatn drukki\u00f0 \u00ed \u00ferj\u00e1 daga og \u00ferj\u00e1r n\u00e6tur.<a name=\"13\"><span class=\"versanumer\">13<\/span><\/a>Og Dav\u00ed\u00f0 spur\u00f0i hann: hv\u00f6r \u00e1 me\u00f0 \u00feig? og hva\u00f0an ert \u00fe\u00fa? og hann m\u00e6lti: eg em egypskur unglingur, \u00fer\u00e6ll Amalek\u00edta nokkurs, og h\u00fassb\u00f3ndi minn yfirgaf mig h\u00e9r fyrir \u00ferem d\u00f6gum, af \u00fev\u00ed eg var\u00f0 veikur.<a name=\"14\"><span class=\"versanumer\">14<\/span><\/a>V\u00e9r gj\u00f6r\u00f0um \u00e1hlaup su\u00f0ur \u00ed land \u00e1 Kret\u00edta og \u00e1 land sem J\u00fada tilheyrir, og su\u00f0ur \u00e1 Kaleb <span class='VideyAth'>d)<\/span>; og Siklag brenndum v\u00e9r me\u00f0 eldi.<a name=\"15\"><span class=\"versanumer\">15<\/span><\/a>Og Dav\u00ed\u00f0 m\u00e6lti til hans: viltu ekki v\u00edsa m\u00e9r \u00e1 \u00feennan herflokk? og hann sag\u00f0i: sver \u00fe\u00fa m\u00e9r vi\u00f0 Gu\u00f0, a\u00f0 \u00fe\u00fa skulir ekki drepa mig og ekki framselja mig \u00ed h\u00f6nd m\u00edns herra, \u00fe\u00e1 skal eg v\u00edsa \u00fe\u00e9r \u00e1 herflokkinn.<br \/><a name=\"16\"><span class=\"versanumer\">16<\/span><\/a>Og hann v\u00edsa\u00f0i \u00feeim veg, og sj\u00e1! \u00feeir voru h\u00e9r og hvar um alla m\u00f6rkina, \u00e1tu og drukku og h\u00e9ldu s\u00e9r gle\u00f0idag, vegna \u00feess mikla herfangs sem \u00feeir h\u00f6f\u00f0u teki\u00f0 \u00ed Filistealandi og \u00ed J\u00fadalandi.<a name=\"17\"><span class=\"versanumer\">17<\/span><\/a>Og Dav\u00ed\u00f0 bar\u00f0i \u00e1 \u00feeim fr\u00e1 \u00fev\u00ed \u00ed d\u00f6gun og allt til kv\u00f6lds \u00e1 \u00f6\u00f0rum degi, og enginn ma\u00f0ur komst undan af \u00feeim nema 4 hundru\u00f0 ungir menn sem stigu \u00e1 bak \u00falf\u00f6ldum og fl\u00fd\u00f0u.<a name=\"18\"><span class=\"versanumer\">18<\/span><\/a>\u00deannig n\u00e1\u00f0i Dav\u00ed\u00f0 \u00fev\u00ed \u00f6llu aftur sem Amalek\u00edtar h\u00f6f\u00f0u teki\u00f0, og b\u00e1\u00f0um s\u00ednum konum n\u00e1\u00f0i Dav\u00ed\u00f0 aftur.<a name=\"19\"><span class=\"versanumer\">19<\/span><\/a>Og engan mann vanta\u00f0i hv\u00f6rki sm\u00e1an n\u00e9 st\u00f3ran, hv\u00f6rki sonu n\u00e9 d\u00e6tur, og ekkert af herfanginu sem \u00feeir h\u00f6f\u00f0u teki\u00f0; me\u00f0 allt kom Dav\u00ed\u00f0 aftur.<a name=\"20\"><span class=\"versanumer\">20<\/span><\/a>Og Dav\u00ed\u00f0 t\u00f3k alla sau\u00f0i og naut, menn f\u00f3ru undan f\u00e9na\u00f0inum og s\u00f6g\u00f0u: \u00feetta er Dav\u00ed\u00f0s herfang.<a name=\"21\"><span class=\"versanumer\">21<\/span><\/a>Og sem Dav\u00ed\u00f0 kom til \u00feeirra 2 hundru\u00f0 manna, sem \u00fereyst h\u00f6f\u00f0u, svo \u00feeir ur\u00f0u eftir af Dav\u00ed\u00f0, og sem hann skildi eftir hj\u00e1 Besorl\u00e6k, \u00fe\u00e1 f\u00f3ru \u00feeir m\u00f3t Dav\u00ed\u00f0 og f\u00f3lkinu sem me\u00f0 honum var, og Dav\u00ed\u00f0 gekk til f\u00f3lksins og spur\u00f0i hv\u00f6rnig \u00fev\u00ed li\u00f0i.<a name=\"22\"><span class=\"versanumer\">22<\/span><\/a>\u00de\u00e1 byrju\u00f0u vondir og einkisn\u00fdtir menn sem me\u00f0 Dav\u00ed\u00f0 h\u00f6f\u00f0u fari\u00f0, \u00e1 \u00fev\u00ed a\u00f0 segja: fyrst \u00feeir ekki f\u00f3ru me\u00f0 oss, skulu \u00feeir ekkert hafa af herfanginu sem v\u00e9r h\u00f6fum n\u00e1\u00f0 af \u00f3vinunum, nema hv\u00f6r einn konu s\u00edna og sonu s\u00edna, \u00fea\u00f0 mega \u00feeir taka og fara svo.<a name=\"23\"><span class=\"versanumer\">23<\/span><\/a>\u00de\u00e1 sag\u00f0i Dav\u00ed\u00f0: eigi skulu\u00f0 \u00fe\u00e9r br\u00e6\u00f0ur m\u00ednir svo fara me\u00f0 \u00fea\u00f0 sem Drottinn hefir oss gefi\u00f0, og var\u00f0veitt oss til handa, hann sem gaf \u00feann skara sem oss haf\u00f0i yfirfalli\u00f0 \u00ed vora h\u00f6nd!<a name=\"24\"><span class=\"versanumer\">24<\/span><\/a>Og hv\u00f6r mun \u00ed \u00feessari grein ver\u00f0a \u00e1 y\u00f0ar m\u00e1li? Eins st\u00f3r og \u00feeirra hlutdeild ver\u00f0ur sem \u00ed str\u00ed\u00f0i\u00f0 f\u00f3ru, svo st\u00f3r s\u00e9 og \u00feeirra hlutdeild sem hj\u00e1 farangurnum voru. \u00d6llu skal skipta jafnt <span class='VideyAth'>a)<\/span>.<a name=\"25\"><span class=\"versanumer\">25<\/span><\/a>Og svo ske\u00f0i \u00fea\u00f0 upp fr\u00e1 \u00feeim degi \u00e1vallt, og hann gj\u00f6r\u00f0i \u00fea\u00f0 a\u00f0 l\u00f6gum og reglu fyrir \u00cdsrael, sem vi\u00f0helst enn.<br \/><a name=\"26\"><span class=\"versanumer\">26<\/span><\/a>Og sem Dav\u00ed\u00f0 kom til Siklag, sendi hann <span class='VideyAth'>(nokku\u00f0)<\/span> af herfanginu \u00feeim elstu \u00ed J\u00fadeu, s\u00ednum vinum og m\u00e6lti: sj\u00e1! \u00fear er g\u00e1fa y\u00f0ur til handa af herfangi Drottins \u00f3vina.<a name=\"27\"><span class=\"versanumer\">27<\/span><\/a>Hann sendi \u00feeim \u00ed Betel, \u00feeim \u00ed Ramat-Negeb og \u00feeim \u00ed Jat\u00edr.<a name=\"28\"><span class=\"versanumer\">28<\/span><\/a>Og \u00feeim \u00ed Aroer, og \u00feeim \u00ed Sismot og \u00feeim \u00ed Estem\u00f3a,<a name=\"29\"><span class=\"versanumer\">29<\/span><\/a>og \u00feeim \u00ed Rakal og \u00feeim \u00ed st\u00f6\u00f0um Jeramel\u00edta, og \u00feeim \u00ed st\u00f6\u00f0um Ken\u00edta <span class='VideyAth'>b)<\/span>.<a name=\"30\"><span class=\"versanumer\">30<\/span><\/a>Og \u00feeim \u00ed Horma, og \u00feeim \u00ed Kor-Asan og \u00feeim \u00ed Atak.<a name=\"31\"><span class=\"versanumer\">31<\/span><\/a>Og \u00feeim \u00ed Hebron, og \u00e1 \u00f6llum st\u00f6\u00f0um sem Dav\u00ed\u00f0 haf\u00f0i fari\u00f0 um, hann og hans menn.<\/p>\n<div class=\"footnoteVidey\">V. 5. b. Kap. 25,42. 27,3.  V. 6. c. Ex. 17,4. Lev. 14,10.  V. 14. d. \u00de. e. Kalebslendur. J\u00f3s. 15,13.  V. 24. a. N\u00fam. 31,27. J\u00f3s. 22,8.  V. 29. b. Kap. 27,10.<\/div>\n","protected":false},"excerpt":{"rendered":"<p>Dav\u00ed\u00f0 n\u00e6r aftur Siklag. 1Og \u00fea\u00f0 ske\u00f0i \u00fe\u00e1 Dav\u00ed\u00f0 og hans menn komu til Siklag \u00e1 \u00feri\u00f0ja degi, \u00fe\u00e1 h\u00f6f\u00f0u Amalek\u00edtar gj\u00f6rt \u00e1hlaup \u00fear sy\u00f0ra og \u00e1 Siklag, og unni\u00f0 Siklag og brennt me\u00f0 eldi,2h\u00f6f\u00f0u herteki\u00f0 \u00fe\u00e6r konur sem \u00fear voru og flutt \u00ed burt sm\u00e1ar og st\u00f3rar; \u00feeir h\u00f6f\u00f0u engan mann drepi\u00f0 heldur herteki\u00f0, og voru svo farnir s\u00edna lei\u00f0.3Og er Dav\u00ed\u00f0 og hans menn komu til sta\u00f0arins, sj\u00e1! \u00fe\u00e1 var hann brenndur me\u00f0 eldi, og \u00feeirra konur og synir og d\u00e6tur voru herteknar.4\u00de\u00e1 upph\u00f3f Dav\u00ed\u00f0 og hans f\u00f3lk, sem me\u00f0 honum var, s\u00edna raust og \u00feeir gr\u00e9tu, \u00feanga\u00f0 <a href=\"https:\/\/biblian.is\/videy\/fyrri-samuelsbok-30-kafli\/\"> [&#8230;]<\/a><\/p>\n","protected":false},"author":1,"featured_media":0,"parent":0,"menu_order":0,"comment_status":"open","ping_status":"open","template":"bibliukaflar.php","meta":{"footnotes":""},"class_list":["post-21115","page","type-page","status-publish","hentry"],"_links":{"self":[{"href":"https:\/\/biblian.is\/videy\/wp-json\/wp\/v2\/pages\/21115","targetHints":{"allow":["GET"]}}],"collection":[{"href":"https:\/\/biblian.is\/videy\/wp-json\/wp\/v2\/pages"}],"about":[{"href":"https:\/\/biblian.is\/videy\/wp-json\/wp\/v2\/types\/page"}],"author":[{"embeddable":true,"href":"https:\/\/biblian.is\/videy\/wp-json\/wp\/v2\/users\/1"}],"replies":[{"embeddable":true,"href":"https:\/\/biblian.is\/videy\/wp-json\/wp\/v2\/comments?post=21115"}],"version-history":[{"count":0,"href":"https:\/\/biblian.is\/videy\/wp-json\/wp\/v2\/pages\/21115\/revisions"}],"wp:attachment":[{"href":"https:\/\/biblian.is\/videy\/wp-json\/wp\/v2\/media?parent=21115"}],"curies":[{"name":"wp","href":"https:\/\/api.w.org\/{rel}","templated":true}]}}