{"id":21114,"date":"2018-01-02T01:00:25","date_gmt":"2018-01-02T01:00:25","guid":{"rendered":"http:\/\/biblian.is\/videy\/fyrri-samuelsbok-29-kafli\/"},"modified":"2018-01-02T01:00:25","modified_gmt":"2018-01-02T01:00:25","slug":"fyrri-samuelsbok-29-kafli","status":"publish","type":"page","link":"https:\/\/biblian.is\/videy\/fyrri-samuelsbok-29-kafli\/","title":{"rendered":"Fyrri Sam\u00faelsb\u00f3k 29. kafli"},"content":{"rendered":"<div class=\"fyrirsognVidey\">Filistear l\u00e1ta Dav\u00ed\u00f0 fr\u00e1 s\u00e9r.<\/div>\n<p><a name=\"1\"><span class=\"versanumer\">1<\/span><\/a>Og Filistear samans\u00f6fnu\u00f0u \u00f6llum s\u00ednum her til Afek, en \u00cdsrael haf\u00f0i herb\u00fa\u00f0ir s\u00ednar vi\u00f0 brunninn hj\u00e1 Jesreel.<a name=\"2\"><span class=\"versanumer\">2<\/span><\/a>Og h\u00f6f\u00f0ingjar Filisteanna f\u00f3ru framhj\u00e1, hundru\u00f0um og \u00fe\u00fasundum saman, og Dav\u00ed\u00f0 og hans menn f\u00f3ru seinastir me\u00f0 Akis.<a name=\"3\"><span class=\"versanumer\">3<\/span><\/a>\u00de\u00e1 s\u00f6g\u00f0u h\u00f6f\u00f0ingjar Filisteanna: hvar til skulu \u00feessir ebresku? Og Akis sag\u00f0i til Filisteanna h\u00f6f\u00f0ingja: er \u00fea\u00f0 ekki Dav\u00ed\u00f0, \u00feegn S\u00e1ls \u00cdsraelskonungs, sem me\u00f0 m\u00e9r hefir veri\u00f0 \u00e6\u00f0i lengi, e\u00f0a jafnvel \u00e1r, og eg hefi ekkert hj\u00e1 honum fundi\u00f0 \u00edskyggilegt fr\u00e1 \u00fev\u00ed hann kom og allt til \u00feessa dags.<a name=\"4\"><span class=\"versanumer\">4<\/span><\/a>En h\u00f6f\u00f0ingjar Filisteanna ur\u00f0u illir og s\u00f6g\u00f0u vi\u00f0 hann: l\u00e1ttu manninn fr\u00e1 \u00fe\u00e9r, svo hann fari \u00e1 sinn sta\u00f0, hvar \u00fe\u00fa hefir sett hann, hann fari ekki me\u00f0 oss \u00ed bardagann, svo hann sn\u00faist ei \u00e1 m\u00f3ti oss \u00ed orrustunni; \u00fev\u00ed hvar me\u00f0 getur hann komi\u00f0 s\u00e9r \u00ed s\u00e1tt vi\u00f0 sinn herra? mun ei me\u00f0 hausum \u00feessara manna?<a name=\"5\"><span class=\"versanumer\">5<\/span><\/a>Er \u00feetta ekki Dav\u00ed\u00f0 um hv\u00f6rn \u00fe\u00e6r sungu \u00ed v\u00edsunni og s\u00f6g\u00f0u: S\u00e1l felldi s\u00edna \u00fe\u00fasund, og Dav\u00ed\u00f0 s\u00edn t\u00edu \u00fe\u00fasund <span class='VideyAth'>d)<\/span>?<br \/><a name=\"6\"><span class=\"versanumer\">6<\/span><\/a>\u00de\u00e1 kalla\u00f0i Akis Dav\u00ed\u00f0 fyrir sig og sag\u00f0i til hans: svo sannarlega sem Drottinn lifir! \u00fe\u00fa ert r\u00e1\u00f0vandur, og \u00ed m\u00ednum augum var \u00feinn inngangur og \u00fatgangur g\u00f3\u00f0ur hj\u00e1 m\u00e9r \u00ed herb\u00fa\u00f0unum, eg hefi ekkert illt hj\u00e1 \u00fe\u00e9r fundi\u00f0, s\u00ed\u00f0an \u00fe\u00fa komst til m\u00edn allt til \u00feessa dags, en h\u00f6f\u00f0ingjunum l\u00edst ekki \u00e1 \u00feig.<a name=\"7\"><span class=\"versanumer\">7<\/span><\/a>Og hverf n\u00fa til baka og far \u00ed fri\u00f0i, svo \u00fe\u00fa gj\u00f6rir ekkert \u00fea\u00f0, sem illt er \u00ed augum Filisteanna h\u00f6f\u00f0ingja.<a name=\"8\"><span class=\"versanumer\">8<\/span><\/a>Og Dav\u00ed\u00f0 sag\u00f0i vi\u00f0 Akis: en hva\u00f0 hefi eg gj\u00f6rt, og hva\u00f0 hefir \u00fe\u00fa fundi\u00f0 hj\u00e1 \u00fej\u00f3ni \u00fe\u00ednum, s\u00ed\u00f0an eg kom til \u00fe\u00edn allt til \u00feessa dags, a\u00f0 eg m\u00e1 ekki koma og str\u00ed\u00f0a m\u00f3ti \u00f3vinum m\u00edns herra konungsins.<a name=\"9\"><span class=\"versanumer\">9<\/span><\/a>Og Akis svara\u00f0i og m\u00e6lti til Dav\u00ed\u00f0s: eg veit \u00fea\u00f0, \u00fe\u00fa ert \u00ed m\u00ednum augum g\u00f3\u00f0ur sem Gu\u00f0s engill <span class='VideyAth'>a)<\/span>; en Filisteanna h\u00f6f\u00f0ingjar s\u00f6g\u00f0u: hann skal ekki fara me\u00f0 oss \u00ed str\u00ed\u00f0i\u00f0.<a name=\"10\"><span class=\"versanumer\">10<\/span><\/a>R\u00eds \u00fe\u00fa n\u00fa snemma \u00e1 morgun, \u00e1samt \u00fe\u00e9nurum \u00fe\u00edns herra sem me\u00f0 \u00fe\u00e9r komu, og fari\u00f0 snemma \u00e1 f\u00e6tur \u00e1 morgun \u00feegar bjart er or\u00f0i\u00f0, og fari\u00f0 \u00e1 burt.<a name=\"11\"><span class=\"versanumer\">11<\/span><\/a>Svo reis Dav\u00ed\u00f0 snemma, hann og hans menn, til \u00feess a\u00f0 fara burt um morguninn og hverfa heim aftur \u00ed Filistealand. En Filistear f\u00f3ru \u00e1 m\u00f3ti \u00cdsrael.<\/p>\n<div class=\"footnoteVidey\">V. 5. d. Kap. 18,7.  V. 9. a. 2 Sam. 14,17. 19,27.<\/div>\n","protected":false},"excerpt":{"rendered":"<p>Filistear l\u00e1ta Dav\u00ed\u00f0 fr\u00e1 s\u00e9r. 1Og Filistear samans\u00f6fnu\u00f0u \u00f6llum s\u00ednum her til Afek, en \u00cdsrael haf\u00f0i herb\u00fa\u00f0ir s\u00ednar vi\u00f0 brunninn hj\u00e1 Jesreel.2Og h\u00f6f\u00f0ingjar Filisteanna f\u00f3ru framhj\u00e1, hundru\u00f0um og \u00fe\u00fasundum saman, og Dav\u00ed\u00f0 og hans menn f\u00f3ru seinastir me\u00f0 Akis.3\u00de\u00e1 s\u00f6g\u00f0u h\u00f6f\u00f0ingjar Filisteanna: hvar til skulu \u00feessir ebresku? Og Akis sag\u00f0i til Filisteanna h\u00f6f\u00f0ingja: er \u00fea\u00f0 ekki Dav\u00ed\u00f0, \u00feegn S\u00e1ls \u00cdsraelskonungs, sem me\u00f0 m\u00e9r hefir veri\u00f0 \u00e6\u00f0i lengi, e\u00f0a jafnvel \u00e1r, og eg hefi ekkert hj\u00e1 honum fundi\u00f0 \u00edskyggilegt fr\u00e1 \u00fev\u00ed hann kom og allt til \u00feessa dags.4En h\u00f6f\u00f0ingjar Filisteanna ur\u00f0u illir og s\u00f6g\u00f0u vi\u00f0 hann: l\u00e1ttu manninn fr\u00e1 \u00fe\u00e9r, svo <a href=\"https:\/\/biblian.is\/videy\/fyrri-samuelsbok-29-kafli\/\"> [&#8230;]<\/a><\/p>\n","protected":false},"author":1,"featured_media":0,"parent":0,"menu_order":0,"comment_status":"open","ping_status":"open","template":"bibliukaflar.php","meta":{"footnotes":""},"class_list":["post-21114","page","type-page","status-publish","hentry"],"_links":{"self":[{"href":"https:\/\/biblian.is\/videy\/wp-json\/wp\/v2\/pages\/21114","targetHints":{"allow":["GET"]}}],"collection":[{"href":"https:\/\/biblian.is\/videy\/wp-json\/wp\/v2\/pages"}],"about":[{"href":"https:\/\/biblian.is\/videy\/wp-json\/wp\/v2\/types\/page"}],"author":[{"embeddable":true,"href":"https:\/\/biblian.is\/videy\/wp-json\/wp\/v2\/users\/1"}],"replies":[{"embeddable":true,"href":"https:\/\/biblian.is\/videy\/wp-json\/wp\/v2\/comments?post=21114"}],"version-history":[{"count":0,"href":"https:\/\/biblian.is\/videy\/wp-json\/wp\/v2\/pages\/21114\/revisions"}],"wp:attachment":[{"href":"https:\/\/biblian.is\/videy\/wp-json\/wp\/v2\/media?parent=21114"}],"curies":[{"name":"wp","href":"https:\/\/api.w.org\/{rel}","templated":true}]}}