{"id":21113,"date":"2018-01-02T01:00:25","date_gmt":"2018-01-02T01:00:25","guid":{"rendered":"http:\/\/biblian.is\/videy\/fyrri-samuelsbok-28-kafli\/"},"modified":"2018-01-02T01:00:25","modified_gmt":"2018-01-02T01:00:25","slug":"fyrri-samuelsbok-28-kafli","status":"publish","type":"page","link":"https:\/\/biblian.is\/videy\/fyrri-samuelsbok-28-kafli\/","title":{"rendered":"Fyrri Sam\u00faelsb\u00f3k 28. kafli"},"content":{"rendered":"<div class=\"fyrirsognVidey\">Str\u00ed\u00f0 vi\u00f0 Filistea. S\u00e1l leitar fr\u00e9tta af dau\u00f0um.<\/div>\n<p><a name=\"1\"><span class=\"versanumer\">1<\/span><\/a>Og \u00fea\u00f0 ske\u00f0i \u00e1 \u00feeim d\u00f6gum, a\u00f0 Filistear dr\u00f3gu saman mikinn her, til a\u00f0 fara \u00ed str\u00ed\u00f0 vi\u00f0 \u00cdsrael. Og Akis sag\u00f0i vi\u00f0 Dav\u00ed\u00f0: vita skaltu, a\u00f0 \u00fe\u00fa ver\u00f0ur a\u00f0 fara me\u00f0 m\u00e9r \u00ed herb\u00fa\u00f0irnar, \u00fe\u00fa og \u00fe\u00ednir menn.<a name=\"2\"><span class=\"versanumer\">2<\/span><\/a>Og Dav\u00ed\u00f0 sag\u00f0i til Akis: svo skaltu \u00fe\u00e1 reyna hva\u00f0 \u00feinn \u00fe\u00e9nari mun gj\u00f6ra. Og Akis m\u00e6lti til Dav\u00ed\u00f0s: eg vil setja \u00feig \u00e1vallt minn h\u00f6fu\u00f0s v\u00f6r\u00f0.<br \/><a name=\"3\"><span class=\"versanumer\">3<\/span><\/a><span class='VideyAth'>(En Sam\u00fael var d\u00e1inn og allur \u00cdsrael haf\u00f0i gr\u00e1ti\u00f0 hann, og menn h\u00f6f\u00f0u jar\u00f0a\u00f0 hann \u00ed hans borg Rama. Og S\u00e1l haf\u00f0i reki\u00f0 \u00far landi alla galdra og fj\u00f6lkynngismenn)<\/span>.<a name=\"4\"><span class=\"versanumer\">4<\/span><\/a>Og svo samans\u00f6fnu\u00f0ust Filistear og komu og settu herb\u00fa\u00f0ir s\u00ednar \u00ed Sunem. \u00de\u00e1 safna\u00f0i S\u00e1l \u00f6llum \u00cdsrael, og setti herb\u00fa\u00f0ir s\u00ednar \u00ed Gilb\u00f3a.<a name=\"5\"><span class=\"versanumer\">5<\/span><\/a>En sem S\u00e1l s\u00e1 her Filisteanna, skelka\u00f0ist hann; og hans hjarta titra\u00f0i mj\u00f6g.<a name=\"6\"><span class=\"versanumer\">6<\/span><\/a>Og S\u00e1l spur\u00f0i Drottin, en Drottinn svara\u00f0i honum ekki, hv\u00f6rki \u00ed draumi n\u00e9 me\u00f0 lj\u00f3sinu <span class='VideyAth'>b)<\/span>, n\u00e9 fyrir sp\u00e1mannanna millig\u00f6ngu.<a name=\"7\"><span class=\"versanumer\">7<\/span><\/a>\u00de\u00e1 sag\u00f0i S\u00e1l til sinna \u00fe\u00e9nara: leiti\u00f0 m\u00e9r a\u00f0 konu sem hefir t\u00f6k \u00e1 a\u00f0 leita fr\u00e9tta af dau\u00f0um <span class='VideyAth'>c)<\/span>, a\u00f0 eg fari til hennar og spyrji hana. Og hans \u00fe\u00e9narar s\u00f6g\u00f0u til hans: sj\u00e1! kona nokkur er \u00ed Endor <span class='VideyAth'>d)<\/span> sem veit a\u00f0 leita fr\u00e9tta af dau\u00f0um.<br \/><a name=\"8\"><span class=\"versanumer\">8<\/span><\/a>Og S\u00e1l gj\u00f6r\u00f0i sig \u00f3\u00feekkjanlegan, og f\u00f3r \u00ed dularb\u00faning, og lag\u00f0i af sta\u00f0, hann og tveir menn me\u00f0 honum, og \u00feeir komu til konunnar um n\u00f3ttina, og hann sag\u00f0i: sp\u00e1\u00f0u m\u00e9r me\u00f0 s\u00e6ringu dau\u00f0ra, og vek \u00fe\u00fa m\u00e9r upp \u00feann sem eg mun nefna \u00fe\u00e9r.<a name=\"9\"><span class=\"versanumer\">9<\/span><\/a>Konan svara\u00f0i honum: sj\u00e1! \u00fe\u00fa veist hva\u00f0 S\u00e1l hefir gj\u00f6rt, a\u00f0 hann hefir reki\u00f0 \u00far landi galdramenn og fj\u00f6lkynngismenn <span class='VideyAth'>e)<\/span>; og \u00fev\u00ed leggur \u00fe\u00fa sn\u00f6ru fyrir mitt l\u00edf, til a\u00f0 dey\u00f0a mig?<a name=\"10\"><span class=\"versanumer\">10<\/span><\/a>\u00de\u00e1 s\u00f3r S\u00e1l henni vi\u00f0 Drottin og m\u00e6lti: svo sannarlega sem Drottinn lifir! \u00feig skal ekkert illt henda h\u00e9r fyrir.<a name=\"11\"><span class=\"versanumer\">11<\/span><\/a>Og konan sag\u00f0i: hv\u00f6rn \u00e1 eg a\u00f0 vekja upp fyrir \u00feig? og hann svara\u00f0i: vektu upp Sam\u00fael fyrir mig.<br \/><a name=\"12\"><span class=\"versanumer\">12<\/span><\/a>Og sem konan s\u00e1 Sam\u00fael, hlj\u00f3\u00f0a\u00f0i h\u00fan upp fyrir sig, og m\u00e6lti til S\u00e1ls, og sag\u00f0i: \u00fev\u00ed hefir \u00fe\u00fa sviki\u00f0 mig? \u00fe\u00fa ert S\u00e1l.<a name=\"13\"><span class=\"versanumer\">13<\/span><\/a>Og k\u00f3ngur m\u00e6lti til hennar: vert \u00fe\u00fa \u00f3hr\u00e6dd! en hva\u00f0 s\u00e9r \u00fe\u00fa? Og konan sag\u00f0i vi\u00f0 S\u00e1l: eg s\u00e9 gu\u00f0 nokkurn koma upp \u00far j\u00f6r\u00f0unni.<a name=\"14\"><span class=\"versanumer\">14<\/span><\/a>Og hann sag\u00f0i til hennar: hv\u00f6rnig er hann \u00fatlits? og h\u00fan sag\u00f0i: gamall ma\u00f0ur st\u00edgur upp og er \u00edkl\u00e6ddur skikkju; \u00fe\u00e1 s\u00e1 S\u00e1l a\u00f0 \u00fea\u00f0 var Sam\u00fael, og hneig\u00f0i andlit sitt til jar\u00f0ar og laut.<a name=\"15\"><span class=\"versanumer\">15<\/span><\/a>Og Sam\u00fael m\u00e6lti til S\u00e1ls: \u00fev\u00ed hefir \u00fe\u00fa \u00f3n\u00e1\u00f0a\u00f0 mig og l\u00e1ti\u00f0 mig koma fram? Og S\u00e1l m\u00e6lti: n\u00fa er eg \u00ed kr\u00f6ggum, \u00fev\u00ed Filistear str\u00ed\u00f0a m\u00f3ti m\u00e9r, og Gu\u00f0 er fr\u00e1 m\u00e9r vikinn, og svarar m\u00e9r ekki framar, hv\u00f6rki fyrir millig\u00f6ngu sp\u00e1mannanna n\u00e9 \u00ed draumum. \u00dev\u00ed l\u00e9t eg kalla \u00feig, til a\u00f0 segja m\u00e9r, hva\u00f0 eg \u00e1 a\u00f0 gj\u00f6ra.<a name=\"16\"><span class=\"versanumer\">16<\/span><\/a>Og Sam\u00fael m\u00e6lti: og \u00fev\u00ed spyr \u00fe\u00fa mig \u00feegar Drottinn er fr\u00e1 \u00fe\u00e9r vikinn, og or\u00f0inn \u00feinn \u00f3vin?<a name=\"17\"><span class=\"versanumer\">17<\/span><\/a>Og Drottinn hefir gj\u00f6rt eins og hann hefir sagt fyrir minn munn. Og Drottinn hefir rifi\u00f0 <span class='VideyAth'>a)<\/span> k\u00f3ngsr\u00edki\u00f0 \u00far \u00feinni hendi og gefi\u00f0 \u00fea\u00f0 \u00f6\u00f0rum, honum Dav\u00ed\u00f0.<a name=\"18\"><span class=\"versanumer\">18<\/span><\/a>Eins og \u00fe\u00fa hefir ekki hl\u00fdtt Drottins raust, og ekki gj\u00f6rt fullnustu hans str\u00f6ngu rei\u00f0i vi\u00f0 Amalek, \u00feess vegna gj\u00f6rir Drottinn sl\u00edkt n\u00fa \u00ed dag.<a name=\"19\"><span class=\"versanumer\">19<\/span><\/a>Og Drottinn mun gefa \u00cdsrael me\u00f0 \u00fe\u00e9r \u00ed Filistea h\u00f6nd, og \u00e1 morgun ver\u00f0ur \u00fe\u00fa hj\u00e1 m\u00e9r og \u00fe\u00ednir synir; og \u00cdsraels her mun Drottinn gefa \u00ed Filistea h\u00f6nd.<a name=\"20\"><span class=\"versanumer\">20<\/span><\/a>\u00de\u00e1 f\u00e9ll S\u00e1l, svo langur hann var, til jar\u00f0ar, og var\u00f0 mj\u00f6g hr\u00e6ddur vi\u00f0 Sam\u00faels tal; enginn m\u00e1ttur var heldur \u00ed honum, \u00fev\u00ed hann haf\u00f0i \u00e1 engu n\u00e6rst allan \u00feann dag og alla \u00fe\u00e1 n\u00f3tt.<a name=\"21\"><span class=\"versanumer\">21<\/span><\/a>Og sem konan kom til S\u00e1l og s\u00e1 a\u00f0 hann var mj\u00f6g fr\u00e1 s\u00e9r, m\u00e6lti h\u00fan til hans: sj\u00e1! \u00fe\u00edn \u00feerna hefur hl\u00fdtt \u00feinni raust, og eg hefi voga\u00f0 m\u00ednu l\u00edfi <span class='VideyAth'>b)<\/span>, og hl\u00fdtt \u00feeim or\u00f0um, sem \u00fe\u00fa tala\u00f0ir vi\u00f0 mig;<a name=\"22\"><span class=\"versanumer\">22<\/span><\/a>en hl\u00fdddu \u00fe\u00e1 l\u00edka or\u00f0um \u00feinnar \u00feernu, og leyf\u00f0u m\u00e9r a\u00f0 leggja fyrir \u00feig bita brau\u00f0s og et, svo kraftur s\u00e9 \u00ed \u00fe\u00e9r, og a\u00f0 \u00fe\u00fa getir gengi\u00f0 \u00fe\u00edna lei\u00f0.<a name=\"23\"><span class=\"versanumer\">23<\/span><\/a>En hann f\u00e6r\u00f0ist undan og m\u00e6lti: eg et ekki! \u00fe\u00e1 neyddu hans \u00fe\u00e9narar hann og l\u00edka konan; og hann gegndi \u00feeirra raust, og st\u00f3\u00f0 upp af j\u00f6r\u00f0inni, og setti sig \u00e1 r\u00fami\u00f0.<a name=\"24\"><span class=\"versanumer\">24<\/span><\/a>Og konan haf\u00f0i alik\u00e1lf \u00ed h\u00fasinu, honum sl\u00e1tra\u00f0i h\u00fan strax, t\u00f3k mj\u00f6l og baka\u00f0i \u00fear af \u00f3s\u00fdr\u00f0ar k\u00f6kur <span class='VideyAth'>c)<\/span>.<a name=\"25\"><span class=\"versanumer\">25<\/span><\/a>Og h\u00fan bar \u00feetta fyrir S\u00e1l og hans \u00fe\u00e9nara, og \u00feeir \u00e1tu, og t\u00f3ku sig upp, og l\u00f6g\u00f0u af sta\u00f0 \u00fe\u00e1 s\u00f6mu n\u00f3tt.<\/p>\n<div class=\"footnoteVidey\">V. 6. b. Lj\u00f3s sem var \u00e1 brj\u00f3stskyldi \u00feess \u00e6\u00f0sta kennimanns. (Sj\u00e1 Ex. 28,30. N\u00fam. 27,21). V. 7. c. Devt. 18,11. 2 K\u00f3ng. 21,6. 2 Kron. 33,6. Postgb. 16,16. d. J\u00f3s. 17,11.  V. 9. e. Ex. 22,18. Lev. 20,27.  V. 17. a. Kap. 15,28. 1 K\u00f3ng. 11,11.  V. 21. b. Kap. 19,5. D\u00f3m. 5,18. V. 24. c. Gen. 18,6.<\/div>\n","protected":false},"excerpt":{"rendered":"<p>Str\u00ed\u00f0 vi\u00f0 Filistea. S\u00e1l leitar fr\u00e9tta af dau\u00f0um. 1Og \u00fea\u00f0 ske\u00f0i \u00e1 \u00feeim d\u00f6gum, a\u00f0 Filistear dr\u00f3gu saman mikinn her, til a\u00f0 fara \u00ed str\u00ed\u00f0 vi\u00f0 \u00cdsrael. Og Akis sag\u00f0i vi\u00f0 Dav\u00ed\u00f0: vita skaltu, a\u00f0 \u00fe\u00fa ver\u00f0ur a\u00f0 fara me\u00f0 m\u00e9r \u00ed herb\u00fa\u00f0irnar, \u00fe\u00fa og \u00fe\u00ednir menn.2Og Dav\u00ed\u00f0 sag\u00f0i til Akis: svo skaltu \u00fe\u00e1 reyna hva\u00f0 \u00feinn \u00fe\u00e9nari mun gj\u00f6ra. Og Akis m\u00e6lti til Dav\u00ed\u00f0s: eg vil setja \u00feig \u00e1vallt minn h\u00f6fu\u00f0s v\u00f6r\u00f0.3(En Sam\u00fael var d\u00e1inn og allur \u00cdsrael haf\u00f0i gr\u00e1ti\u00f0 hann, og menn h\u00f6f\u00f0u jar\u00f0a\u00f0 hann \u00ed hans borg Rama. Og S\u00e1l haf\u00f0i reki\u00f0 \u00far landi alla galdra og <a href=\"https:\/\/biblian.is\/videy\/fyrri-samuelsbok-28-kafli\/\"> [&#8230;]<\/a><\/p>\n","protected":false},"author":1,"featured_media":0,"parent":0,"menu_order":0,"comment_status":"open","ping_status":"open","template":"bibliukaflar.php","meta":{"footnotes":""},"class_list":["post-21113","page","type-page","status-publish","hentry"],"_links":{"self":[{"href":"https:\/\/biblian.is\/videy\/wp-json\/wp\/v2\/pages\/21113","targetHints":{"allow":["GET"]}}],"collection":[{"href":"https:\/\/biblian.is\/videy\/wp-json\/wp\/v2\/pages"}],"about":[{"href":"https:\/\/biblian.is\/videy\/wp-json\/wp\/v2\/types\/page"}],"author":[{"embeddable":true,"href":"https:\/\/biblian.is\/videy\/wp-json\/wp\/v2\/users\/1"}],"replies":[{"embeddable":true,"href":"https:\/\/biblian.is\/videy\/wp-json\/wp\/v2\/comments?post=21113"}],"version-history":[{"count":0,"href":"https:\/\/biblian.is\/videy\/wp-json\/wp\/v2\/pages\/21113\/revisions"}],"wp:attachment":[{"href":"https:\/\/biblian.is\/videy\/wp-json\/wp\/v2\/media?parent=21113"}],"curies":[{"name":"wp","href":"https:\/\/api.w.org\/{rel}","templated":true}]}}