{"id":21112,"date":"2018-01-02T01:00:25","date_gmt":"2018-01-02T01:00:25","guid":{"rendered":"http:\/\/biblian.is\/videy\/fyrri-samuelsbok-27-kafli\/"},"modified":"2018-01-02T01:00:25","modified_gmt":"2018-01-02T01:00:25","slug":"fyrri-samuelsbok-27-kafli","status":"publish","type":"page","link":"https:\/\/biblian.is\/videy\/fyrri-samuelsbok-27-kafli\/","title":{"rendered":"Fyrri Sam\u00faelsb\u00f3k 27. kafli"},"content":{"rendered":"<div class=\"fyrirsognVidey\">Dav\u00ed\u00f0 sest a\u00f0 \u00ed Siklag.<\/div>\n<p><a name=\"1\"><span class=\"versanumer\">1<\/span><\/a>Og Dav\u00ed\u00f0 sag\u00f0i \u00ed s\u00ednu hjarta: einhv\u00f6rn t\u00edma tekst S\u00e1l a\u00f0 drepa mig, ekkert er betra enn a\u00f0 eg for\u00f0i m\u00e9r, j\u00e1! eg skal fl\u00fdja \u00ed Filistealand, \u00fe\u00e1 h\u00e6ttir S\u00e1l a\u00f0 elta mig um allt \u00cdsraelsland og eg slepp \u00far hans hendi.<a name=\"2\"><span class=\"versanumer\">2<\/span><\/a>Og svo t\u00f3k Dav\u00ed\u00f0 sig upp, hann og \u00feau 6 hundru\u00f0 manns sem hj\u00e1 honum v\u00f3ru, og f\u00f3r til Akis <span class='VideyAth'>b)<\/span> sonar Maoks, k\u00f3ngs \u00ed Gat.<a name=\"3\"><span class=\"versanumer\">3<\/span><\/a>Og Dav\u00ed\u00f0 var hj\u00e1 Akis \u00ed Gat, hann og hans menn, hv\u00f6r me\u00f0 s\u00ednu h\u00fasi, Dav\u00ed\u00f0 me\u00f0 b\u00e1\u00f0um s\u00ednum konum Ah\u00edn\u00f3am fr\u00e1 Jesreel, og Ab\u00edgael konu Nabals fr\u00e1 Karmel.<a name=\"4\"><span class=\"versanumer\">4<\/span><\/a>Og \u00feegar S\u00e1l fr\u00e9tti a\u00f0 Dav\u00ed\u00f0 v\u00e6ri fl\u00fainn til Gat, leita\u00f0i hann hans ekki framar. <br \/><a name=\"5\"><span class=\"versanumer\">5<\/span><\/a>Og Dav\u00ed\u00f0 sag\u00f0i til Akis: hafi eg fundi\u00f0 n\u00e1\u00f0 \u00ed \u00fe\u00ednum augum, svo gefi menn m\u00e9r pl\u00e1ss \u00ed einhv\u00f6rjum sta\u00f0 \u00ed landinu, a\u00f0 eg b\u00fai \u00fear, \u00fev\u00ed hvar fyrir skal \u00feinn \u00fe\u00e9nari b\u00faa hj\u00e1 \u00fe\u00e9r \u00ed konungssta\u00f0num?<a name=\"6\"><span class=\"versanumer\">6<\/span><\/a>\u00de\u00e1 gaf Akis honum \u00feann sama dag Siklag <span class='VideyAth'>c)<\/span>; \u00feannig er Siklag kominn undir J\u00fadak\u00f3nga allt til \u00feessa dags.<a name=\"7\"><span class=\"versanumer\">7<\/span><\/a>Og tala \u00feeirra daga sem Dav\u00ed\u00f0 bj\u00f3 \u00ed landi Filisteanna var eitt \u00e1r og 4ir m\u00e1nu\u00f0ir. <br \/><a name=\"8\"><span class=\"versanumer\">8<\/span><\/a>Og Dav\u00ed\u00f0 og hans menn f\u00f3ru herf\u00f6r og gj\u00f6r\u00f0u \u00e1r\u00e1s Ges\u00far\u00edtum og Girs\u00edtum og Amalek\u00edtum. \u00deessir bjuggu \u00ed landinu fr\u00e1 forn\u00f6ld, allt til S\u00far og allt til Egyptalands.<a name=\"9\"><span class=\"versanumer\">9<\/span><\/a>Og Dav\u00ed\u00f0 gj\u00f6r\u00f0i hervirki \u00ed landinu, og l\u00e9t hv\u00f6rki mann n\u00e9 konu lifa, og t\u00f3k sau\u00f0i og naut og asna og \u00falfalda og kl\u00e6\u00f0i; f\u00f3r svo heim aftur og kom til Akis.<a name=\"10\"><span class=\"versanumer\">10<\/span><\/a>Og Akis sag\u00f0i: \u00fe\u00e9r hafi\u00f0 \u00fe\u00f3 ekki gj\u00f6rt \u00e1r\u00e1sina \u00ed dag? Og Dav\u00ed\u00f0 m\u00e6lti: j\u00fa, \u00ed J\u00fada a\u00f0 sunnan til, og su\u00f0urfr\u00e1 hj\u00e1 Jeramel\u00edtum og su\u00f0ur fr\u00e1 hj\u00e1 Ken\u00edtum.<a name=\"11\"><span class=\"versanumer\">11<\/span><\/a>En Dav\u00ed\u00f0 l\u00e9t hv\u00f6rki mann n\u00e9 konu lifa, til a\u00f0 flytja \u00feau til Gat, \u00fev\u00ed hann hugsa\u00f0i, \u00feau kynnu a\u00f0 segja eftir oss og m\u00e6la: svo hefir Dav\u00ed\u00f0 a\u00f0fari\u00f0. Og s\u00e1 var si\u00f0ur hans allan \u00feann t\u00edma sem hann bj\u00f3 \u00ed Filistealandi.<a name=\"12\"><span class=\"versanumer\">12<\/span><\/a>Og Akis tr\u00fa\u00f0i Dav\u00ed\u00f0 og hugsa\u00f0i: hann hefir gj\u00f6rt sig \u00f3vins\u00e6lan <span class='VideyAth'>a)<\/span> hj\u00e1 sinni \u00fej\u00f3\u00f0, hj\u00e1 \u00cdsrael, og hann ver\u00f0ur a\u00f0 eil\u00edfu minn \u00feegn.<\/p>\n<div class=\"footnoteVidey\">V. 2. b. Kap. 21,10. 1 K\u00f3ng. 2,39.  V. 6. c. J\u00f3s. 15,31. 1 Kron. 12,1.  V. 12. a. Hebr. gj\u00f6rt sig illa lyktandi. Kap. 13,4. Ex\u00f3d. 5,21.<\/div>\n","protected":false},"excerpt":{"rendered":"<p>Dav\u00ed\u00f0 sest a\u00f0 \u00ed Siklag. 1Og Dav\u00ed\u00f0 sag\u00f0i \u00ed s\u00ednu hjarta: einhv\u00f6rn t\u00edma tekst S\u00e1l a\u00f0 drepa mig, ekkert er betra enn a\u00f0 eg for\u00f0i m\u00e9r, j\u00e1! eg skal fl\u00fdja \u00ed Filistealand, \u00fe\u00e1 h\u00e6ttir S\u00e1l a\u00f0 elta mig um allt \u00cdsraelsland og eg slepp \u00far hans hendi.2Og svo t\u00f3k Dav\u00ed\u00f0 sig upp, hann og \u00feau 6 hundru\u00f0 manns sem hj\u00e1 honum v\u00f3ru, og f\u00f3r til Akis b) sonar Maoks, k\u00f3ngs \u00ed Gat.3Og Dav\u00ed\u00f0 var hj\u00e1 Akis \u00ed Gat, hann og hans menn, hv\u00f6r me\u00f0 s\u00ednu h\u00fasi, Dav\u00ed\u00f0 me\u00f0 b\u00e1\u00f0um s\u00ednum konum Ah\u00edn\u00f3am fr\u00e1 Jesreel, og Ab\u00edgael konu Nabals fr\u00e1 Karmel.4Og <a href=\"https:\/\/biblian.is\/videy\/fyrri-samuelsbok-27-kafli\/\"> [&#8230;]<\/a><\/p>\n","protected":false},"author":1,"featured_media":0,"parent":0,"menu_order":0,"comment_status":"open","ping_status":"open","template":"bibliukaflar.php","meta":{"footnotes":""},"class_list":["post-21112","page","type-page","status-publish","hentry"],"_links":{"self":[{"href":"https:\/\/biblian.is\/videy\/wp-json\/wp\/v2\/pages\/21112","targetHints":{"allow":["GET"]}}],"collection":[{"href":"https:\/\/biblian.is\/videy\/wp-json\/wp\/v2\/pages"}],"about":[{"href":"https:\/\/biblian.is\/videy\/wp-json\/wp\/v2\/types\/page"}],"author":[{"embeddable":true,"href":"https:\/\/biblian.is\/videy\/wp-json\/wp\/v2\/users\/1"}],"replies":[{"embeddable":true,"href":"https:\/\/biblian.is\/videy\/wp-json\/wp\/v2\/comments?post=21112"}],"version-history":[{"count":0,"href":"https:\/\/biblian.is\/videy\/wp-json\/wp\/v2\/pages\/21112\/revisions"}],"wp:attachment":[{"href":"https:\/\/biblian.is\/videy\/wp-json\/wp\/v2\/media?parent=21112"}],"curies":[{"name":"wp","href":"https:\/\/api.w.org\/{rel}","templated":true}]}}