{"id":21111,"date":"2018-01-02T01:00:25","date_gmt":"2018-01-02T01:00:25","guid":{"rendered":"http:\/\/biblian.is\/videy\/fyrri-samuelsbok-26-kafli\/"},"modified":"2018-01-02T01:00:25","modified_gmt":"2018-01-02T01:00:25","slug":"fyrri-samuelsbok-26-kafli","status":"publish","type":"page","link":"https:\/\/biblian.is\/videy\/fyrri-samuelsbok-26-kafli\/","title":{"rendered":"Fyrri Sam\u00faelsb\u00f3k 26. kafli"},"content":{"rendered":"<div class=\"fyrirsognVidey\">Dav\u00ed\u00f0 sparar enn S\u00e1ls l\u00edf.<\/div>\n<p><a name=\"1\"><span class=\"versanumer\">1<\/span><\/a>Og Sif\u00edtar <span class='VideyAth'>c)<\/span> komu til S\u00e1ls \u00ed G\u00edbea og s\u00f6g\u00f0u: sj\u00e1! Dav\u00ed\u00f0 hefir fali\u00f0 sig \u00e1 fjallinu Hakila austur \u00ed ey\u00f0im\u00f6rkinni.<a name=\"2\"><span class=\"versanumer\">2<\/span><\/a>\u00de\u00e1 t\u00f3k S\u00e1l sig upp, og f\u00f3r austur \u00ed ey\u00f0im\u00f6rkina S\u00edf; og me\u00f0 honum 3 \u00fe\u00fasund manns \u00fatvaldir af \u00cdsrael, til a\u00f0 leita hans \u00ed ey\u00f0im\u00f6rkinni S\u00edf.<a name=\"3\"><span class=\"versanumer\">3<\/span><\/a>Og S\u00e1l setti s\u00ednar herb\u00fa\u00f0ir \u00e1 fjallinu Hakila sem er hj\u00e1 veginum, austan til \u00ed ey\u00f0im\u00f6rkinni; en Dav\u00ed\u00f0 var \u00ed ey\u00f0im\u00f6rkinni, og \u00feegar hann fr\u00e9tti a\u00f0 S\u00e1l var kominn \u00ed ey\u00f0im\u00f6rkina,<a name=\"4\"><span class=\"versanumer\">4<\/span><\/a>gj\u00f6r\u00f0i hann \u00fat nj\u00f3snarmenn og f\u00e9kk a\u00f0 vita me\u00f0 vissu a\u00f0 S\u00e1l var kominn.<a name=\"5\"><span class=\"versanumer\">5<\/span><\/a>\u00de\u00e1 t\u00f3k Dav\u00ed\u00f0 sig upp og kom \u00feanga\u00f0 sem S\u00e1l haf\u00f0i herb\u00fa\u00f0irnar. Og Dav\u00ed\u00f0 s\u00e1 \u00feann sta\u00f0, hvar S\u00e1l l\u00e1 og Abner sonur Ners, hans hersh\u00f6f\u00f0ingi <span class='VideyAth'>d)<\/span>; en S\u00e1l l\u00e1 \u00ed vagnborg, og f\u00f3lki\u00f0 haf\u00f0i lagst \u00ed kringum hann.<a name=\"6\"><span class=\"versanumer\">6<\/span><\/a>Og Dav\u00ed\u00f0 t\u00f3k svo til or\u00f0a, og m\u00e6lti vi\u00f0 Ab\u00edmelek Het\u00edta og Ab\u00edsa\u00ed Serujuson, br\u00f3\u00f0ur J\u00f3abs, og m\u00e6lti: hv\u00f6r vill fara me\u00f0 m\u00e9r \u00ed herb\u00fa\u00f0ir S\u00e1ls? Og Ab\u00edsa\u00ed m\u00e6lti: eg skal fara me\u00f0 \u00fe\u00e9r.<a name=\"7\"><span class=\"versanumer\">7<\/span><\/a>Og svo kom Dav\u00ed\u00f0 og Ab\u00edsa\u00ed til f\u00f3lksins um n\u00f3tt, og sj\u00e1! S\u00e1l l\u00e1 sofandi \u00ed vagnborginni, og hans spj\u00f3t var reki\u00f0 \u00ed j\u00f6r\u00f0ina til h\u00f6f\u00f0a honum og Abner og f\u00f3lki\u00f0 l\u00e1 \u00ed kringum hann.<a name=\"8\"><span class=\"versanumer\">8<\/span><\/a>Og Ab\u00edsa\u00ed sag\u00f0i vi\u00f0 Dav\u00ed\u00f0: \u00ed dag hefir Gu\u00f0 gefi\u00f0 \u00feinn \u00f3vin \u00ed \u00fe\u00edna h\u00f6nd, og l\u00e1ttu mig n\u00fa reka spj\u00f3ti\u00f0 \u00ed gegnum hann ni\u00f0ur \u00ed j\u00f6r\u00f0ina me\u00f0 einu lagi, og eg skal ekki \u00feurfa a\u00f0 gefa honum anna\u00f0 <span class='VideyAth'>(lag)<\/span>.<a name=\"9\"><span class=\"versanumer\">9<\/span><\/a>En Dav\u00ed\u00f0 sag\u00f0i til Ab\u00edsa\u00ed: drep \u00fe\u00fa hann ekki! \u00fev\u00ed hv\u00f6r leggur svo h\u00f6nd \u00e1 Drottins smur\u00f0a a\u00f0 hann sleppi hj\u00e1 straffi?<a name=\"10\"><span class=\"versanumer\">10<\/span><\/a>Og Dav\u00ed\u00f0 sag\u00f0i: svo sannarlega sem Drottinn lifir! nei! <span class='VideyAth'>(eg drep hann ekki)<\/span> heldur mun Drottinn sl\u00e1 hann; anna\u00f0hv\u00f6rt kemur hans dagur, svo hann deyr, e\u00f0a hann fer \u00ed str\u00ed\u00f0, og fellur,<a name=\"11\"><span class=\"versanumer\">11<\/span><\/a>langt l\u00e1ti Drottinn \u00fea\u00f0 vera fr\u00e1 m\u00e9r a\u00f0 leggja m\u00edna h\u00f6nd \u00e1 Drottins smur\u00f0a! Og takt\u00fa n\u00fa \u00fearna spj\u00f3ti\u00f0 vi\u00f0 h\u00f6f\u00f0alagi\u00f0 og vatnssk\u00e1lina, og l\u00e1tum oss fara.<a name=\"12\"><span class=\"versanumer\">12<\/span><\/a>Og svo t\u00f3k Dav\u00ed\u00f0 spj\u00f3ti\u00f0 og vatnssk\u00e1lina til h\u00f6f\u00f0a S\u00e1li, og \u00feeir gengu burt, og enginn s\u00e1 \u00fea\u00f0, og enginn t\u00f3k eftir \u00fev\u00ed, og enginn vakna\u00f0i; \u00fev\u00ed \u00feeir sv\u00e1fu allir, \u00fev\u00ed fastur svefn af Drottni <span class='VideyAth'>a)<\/span> var \u00e1 \u00fe\u00e1 fallinn.<a name=\"13\"><span class=\"versanumer\">13<\/span><\/a>Og Dav\u00ed\u00f0 gekk til hli\u00f0ar, og upp\u00e1 fjallsbr\u00fanina langt fr\u00e1; miki\u00f0 var bili\u00f0 milli \u00feeirra.<a name=\"14\"><span class=\"versanumer\">14<\/span><\/a>Og Dav\u00ed\u00f0 kalla\u00f0i til f\u00f3lksins og Abners, sonar Ners, og m\u00e6lti: svarar \u00fe\u00fa ekki Abner? Og Abner svara\u00f0i og m\u00e6lti: hv\u00f6r ert \u00fe\u00fa sem hr\u00f3par til k\u00f3ngsins?<a name=\"15\"><span class=\"versanumer\">15<\/span><\/a>Og Dav\u00ed\u00f0 m\u00e6lti til Abners: ertu ekki ma\u00f0ur? og hv\u00f6r er sem \u00fe\u00fa \u00ed \u00cdsrael? og \u00fev\u00ed hefir \u00fe\u00fa ekki vakta\u00f0 yfir \u00fe\u00ednum herra, k\u00f3nginum? \u00fev\u00ed einn af f\u00f3lkinu kom til a\u00f0 drepa k\u00f3nginn, \u00feinn herra.<a name=\"16\"><span class=\"versanumer\">16<\/span><\/a>Svo sannarlega sem Drottinn lifir! \u00fea\u00f0 er ekki gott sem \u00fe\u00fa hefir gj\u00f6rt, \u00fe\u00e9r eru\u00f0 dau\u00f0ans b\u00f6rn, a\u00f0 \u00fe\u00e9r hafi\u00f0 ekki vaka\u00f0 yfir y\u00f0ar herra, Drottins smur\u00f0a. Og sj\u00e1 n\u00fa til, hvar spj\u00f3ti\u00f0 er og vatnssk\u00e1lin, sem st\u00f3\u00f0 vi\u00f0 k\u00f3ngsins h\u00f6f\u00f0alag.<a name=\"17\"><span class=\"versanumer\">17<\/span><\/a>\u00de\u00e1 \u00feekkti S\u00e1l Dav\u00ed\u00f0s r\u00f3m og m\u00e6lti: er \u00feetta \u00fe\u00edn raust, sonur minn Dav\u00ed\u00f0? Og Dav\u00ed\u00f0 m\u00e6lti: j\u00fa! m\u00edn raust, minn herra konungur!<a name=\"18\"><span class=\"versanumer\">18<\/span><\/a>Og hann m\u00e6lti: hv\u00f6rs vegna ofs\u00e6kir \u00fe\u00e1 minn herra \u00fer\u00e6l sinn? \u00fev\u00ed hva\u00f0 hefi eg gj\u00f6rt, og hva\u00f0 illt er \u00ed minni hendi?<a name=\"19\"><span class=\"versanumer\">19<\/span><\/a>Og heyri \u00fe\u00f3 n\u00fa minn herra konungur m\u00e1l s\u00edns \u00fer\u00e6ls! hafi Drottinn egnt \u00feig upp \u00e1 m\u00f3ti m\u00e9r, svo l\u00e1ti menn upptendra <span class='VideyAth'>(rj\u00faka)<\/span> matoffur; en ef menn hafa gj\u00f6rt \u00fea\u00f0, svo veri \u00feeir b\u00f6lva\u00f0ir fyrir Drottni, <span class='VideyAth'>(sem valda \u00fev\u00ed)<\/span>: a\u00f0 eg m\u00e1 ekki vera \u00ed Drottins erf\u00f0, og sem segja: far \u00fe\u00fa! \u00fej\u00f3na \u00fe\u00fa \u00f6\u00f0rum gu\u00f0um!<a name=\"20\"><span class=\"versanumer\">20<\/span><\/a>En mitt bl\u00f3\u00f0 falli ekki \u00e1 j\u00f6r\u00f0 langt burtu fr\u00e1 Drottins augliti, \u00fev\u00ed \u00cdsraelsk\u00f3ngur er lag\u00f0ur \u00e1 sta\u00f0 til a\u00f0 elta fl\u00f3, eins og menn elta rj\u00fapu \u00e1 fj\u00f6llum.<a name=\"21\"><span class=\"versanumer\">21<\/span><\/a>\u00de\u00e1 m\u00e6lti S\u00e1l: eg hefi syndga\u00f0, hverf aftur til baka minn son Dav\u00ed\u00f0! \u00fev\u00ed eg skal n\u00fa ekki framar gj\u00f6ra \u00fe\u00e9r mein, af \u00fev\u00ed a\u00f0 l\u00edf mitt var \u00e1 \u00feessum degi d\u00fdrm\u00e6tt \u00ed \u00fe\u00ednum augum; sj\u00e1! eg hefi breytt heimskulega, m\u00e9r hefir mikillega yfirs\u00e9st.<a name=\"22\"><span class=\"versanumer\">22<\/span><\/a>Og Dav\u00ed\u00f0 svara\u00f0i og sag\u00f0i: sj\u00e1! h\u00e9r er k\u00f3ngsins spj\u00f3t, og komi n\u00fa einn af sveinunum hinga\u00f0 til a\u00f0 s\u00e6kja \u00fea\u00f0.<a name=\"23\"><span class=\"versanumer\">23<\/span><\/a>En Drottinn mun umbuna s\u00e9rhv\u00f6rjum hans r\u00e9ttv\u00edsi og hans r\u00e1\u00f0vendni, \u00fear e\u00f0 Drottinn gaf \u00feig \u00ed dag \u00ed m\u00edna h\u00f6nd, og eg vildi ekki leggja m\u00edna h\u00f6nd \u00e1 Drottins smur\u00f0a;<a name=\"24\"><span class=\"versanumer\">24<\/span><\/a>Og sj\u00e1! eins og \u00feitt l\u00edf var mikils meti\u00f0 \u00ed m\u00ednum augum \u00e1 \u00feessum degi, svo mun mitt l\u00edf mikils meti\u00f0 \u00ed augum Drottins, a\u00f0 hann frelsi mig \u00far allri \u00fer\u00f6ng.<a name=\"25\"><span class=\"versanumer\">25<\/span><\/a>Og S\u00e1l m\u00e6lti vi\u00f0 Dav\u00ed\u00f0: blessa\u00f0ur s\u00e9rt\u00fa minn son Dav\u00ed\u00f0! \u00e1forma muntu og framkv\u00e6ma! og svo f\u00f3r Dav\u00ed\u00f0 s\u00edna lei\u00f0, en S\u00e1l sneri aftur \u00e1 sinn sta\u00f0.<\/p>\n<div class=\"footnoteVidey\">V. 1. c. Kap. 23,19. S\u00e1lm. 54,2.  V. 5. d. Kap. 14,50. 17,55.  V. 12. a. Gen. 2,21.<\/div>\n","protected":false},"excerpt":{"rendered":"<p>Dav\u00ed\u00f0 sparar enn S\u00e1ls l\u00edf. 1Og Sif\u00edtar c) komu til S\u00e1ls \u00ed G\u00edbea og s\u00f6g\u00f0u: sj\u00e1! Dav\u00ed\u00f0 hefir fali\u00f0 sig \u00e1 fjallinu Hakila austur \u00ed ey\u00f0im\u00f6rkinni.2\u00de\u00e1 t\u00f3k S\u00e1l sig upp, og f\u00f3r austur \u00ed ey\u00f0im\u00f6rkina S\u00edf; og me\u00f0 honum 3 \u00fe\u00fasund manns \u00fatvaldir af \u00cdsrael, til a\u00f0 leita hans \u00ed ey\u00f0im\u00f6rkinni S\u00edf.3Og S\u00e1l setti s\u00ednar herb\u00fa\u00f0ir \u00e1 fjallinu Hakila sem er hj\u00e1 veginum, austan til \u00ed ey\u00f0im\u00f6rkinni; en Dav\u00ed\u00f0 var \u00ed ey\u00f0im\u00f6rkinni, og \u00feegar hann fr\u00e9tti a\u00f0 S\u00e1l var kominn \u00ed ey\u00f0im\u00f6rkina,4gj\u00f6r\u00f0i hann \u00fat nj\u00f3snarmenn og f\u00e9kk a\u00f0 vita me\u00f0 vissu a\u00f0 S\u00e1l var kominn.5\u00de\u00e1 t\u00f3k Dav\u00ed\u00f0 sig upp og <a href=\"https:\/\/biblian.is\/videy\/fyrri-samuelsbok-26-kafli\/\"> [&#8230;]<\/a><\/p>\n","protected":false},"author":1,"featured_media":0,"parent":0,"menu_order":0,"comment_status":"open","ping_status":"open","template":"bibliukaflar.php","meta":{"footnotes":""},"class_list":["post-21111","page","type-page","status-publish","hentry"],"_links":{"self":[{"href":"https:\/\/biblian.is\/videy\/wp-json\/wp\/v2\/pages\/21111","targetHints":{"allow":["GET"]}}],"collection":[{"href":"https:\/\/biblian.is\/videy\/wp-json\/wp\/v2\/pages"}],"about":[{"href":"https:\/\/biblian.is\/videy\/wp-json\/wp\/v2\/types\/page"}],"author":[{"embeddable":true,"href":"https:\/\/biblian.is\/videy\/wp-json\/wp\/v2\/users\/1"}],"replies":[{"embeddable":true,"href":"https:\/\/biblian.is\/videy\/wp-json\/wp\/v2\/comments?post=21111"}],"version-history":[{"count":0,"href":"https:\/\/biblian.is\/videy\/wp-json\/wp\/v2\/pages\/21111\/revisions"}],"wp:attachment":[{"href":"https:\/\/biblian.is\/videy\/wp-json\/wp\/v2\/media?parent=21111"}],"curies":[{"name":"wp","href":"https:\/\/api.w.org\/{rel}","templated":true}]}}