{"id":21109,"date":"2018-01-02T01:00:19","date_gmt":"2018-01-02T01:00:19","guid":{"rendered":"http:\/\/biblian.is\/videy\/fyrri-samuelsbok-24-kafli\/"},"modified":"2018-01-02T01:00:19","modified_gmt":"2018-01-02T01:00:19","slug":"fyrri-samuelsbok-24-kafli","status":"publish","type":"page","link":"https:\/\/biblian.is\/videy\/fyrri-samuelsbok-24-kafli\/","title":{"rendered":"Fyrri Sam\u00faelsb\u00f3k 24. kafli"},"content":{"rendered":"<div class=\"fyrirsognVidey\">Dav\u00ed\u00f0 svarar S\u00e1l \u00ed hellrinum.<\/div>\n<p><a name=\"1\"><span class=\"versanumer\">1<\/span><\/a>Og Dav\u00ed\u00f0 f\u00f3r \u00fea\u00f0an upp \u00e1 vi\u00f0 og sta\u00f0n\u00e6mdist \u00e1 Engedisfj\u00f6llum.<a name=\"2\"><span class=\"versanumer\">2<\/span><\/a>Og \u00fea\u00f0 ske\u00f0i \u00fe\u00e1 S\u00e1l var kominn til baka fr\u00e1 herf\u00f6rinni m\u00f3ti Filisteum, b\u00e1ru menn honum t\u00ed\u00f0indi og s\u00f6g\u00f0u: sj\u00e1! Dav\u00ed\u00f0 er \u00ed Engedisey\u00f0im\u00f6rku.<a name=\"3\"><span class=\"versanumer\">3<\/span><\/a>\u00de\u00e1 t\u00f3k S\u00e1l 3 \u00fe\u00fasund manns einvalali\u00f0, af \u00f6llum \u00cdsrael, og lag\u00f0i af sta\u00f0 til a\u00f0 leita Dav\u00ed\u00f0s og hans manna \u00ed steingeitah\u00f6mrunum.<a name=\"4\"><span class=\"versanumer\">4<\/span><\/a>Og hann hitti fj\u00e1rhir\u00f0ara hj\u00e1 veginum, \u00fear var hellir, og S\u00e1l gekk inn \u00ed hann til a\u00f0 hylja f\u00e6tur s\u00edna <span class='VideyAth'>a)<\/span>; en Dav\u00ed\u00f0 og hans menn s\u00e1tu innst \u00ed hellrinum.<a name=\"5\"><span class=\"versanumer\">5<\/span><\/a>\u00de\u00e1 s\u00f6g\u00f0u menn Dav\u00ed\u00f0s vi\u00f0 hann: sj\u00e1! \u00feessi er dagurinn um hv\u00f6rn Drottinn hefir tala\u00f0 vi\u00f0 \u00feig: sj\u00e1! eg gef \u00feinn \u00f3vin \u00ed \u00fe\u00edna h\u00f6nd; gj\u00f6r\u00f0u \u00fev\u00ed vi\u00f0 hann \u00fea\u00f0 sem \u00fe\u00e9r gott \u00feykir. Og Dav\u00ed\u00f0 st\u00f3\u00f0 upp, og snei\u00f0 \u00ed kyrr\u00feey lafi\u00f0 af S\u00e1ls skikkju.<a name=\"6\"><span class=\"versanumer\">6<\/span><\/a>En \u00fea\u00f0 ske\u00f0i \u00fear eftir, \u00fe\u00e1 straffa\u00f0i Dav\u00ed\u00f0s hjarta hann, a\u00f0 hann hef\u00f0i afskori\u00f0 S\u00e1ls skikkjulaf,<a name=\"7\"><span class=\"versanumer\">7<\/span><\/a>og sag\u00f0i vi\u00f0 s\u00edna menn: Drottinn l\u00e1ti \u00fea\u00f0 vera fj\u00e6rri m\u00e9r, a\u00f0 eg gj\u00f6ri sl\u00edkt vi\u00f0 minn herra, Drottins smur\u00f0a, a\u00f0 eg leggi m\u00edna h\u00f6nd \u00e1 hann! \u00fev\u00ed Drottins smur\u00f0i er hann.<a name=\"8\"><span class=\"versanumer\">8<\/span><\/a>Og Dav\u00ed\u00f0 aftra\u00f0i s\u00ednum m\u00f6nnum me\u00f0 or\u00f0um, og leyf\u00f0i \u00feeim ekki a\u00f0 r\u00e1\u00f0ast a\u00f0 S\u00e1l. En S\u00e1l st\u00f3\u00f0 upp \u00far hellirnum og gekk \u00fat \u00e1 veginn,<a name=\"9\"><span class=\"versanumer\">9<\/span><\/a>og eftir \u00fea\u00f0 st\u00f3\u00f0 Dav\u00ed\u00f0 upp, og gekk \u00fat \u00far hellirnum, og kalla\u00f0i eftir S\u00e1l og m\u00e6lti: minn Herra, konungur! \u00fe\u00e1 leit S\u00e1l vi\u00f0, og Dav\u00ed\u00f0 beyg\u00f0i sitt andlit til jar\u00f0ar og laut honum.<a name=\"10\"><span class=\"versanumer\">10<\/span><\/a>Og Dav\u00ed\u00f0 sag\u00f0i til S\u00e1l: \u00fev\u00ed hl\u00fd\u00f0ir \u00fe\u00fa \u00e1 tal \u00feeirra manna sem segja: sj\u00e1! Dav\u00ed\u00f0 vill \u00fe\u00edna \u00f3lukku?<a name=\"11\"><span class=\"versanumer\">11<\/span><\/a>Sj\u00e1! \u00e1 \u00feessum degi hafa \u00fe\u00edn augu s\u00e9\u00f0, a\u00f0 Drottinn gaf \u00feig \u00ed m\u00edna h\u00f6nd \u00ed hellirnum; og menn eggju\u00f0u mig, a\u00f0 eg skyldi drepa \u00feig, en eg spara\u00f0i \u00feig og hugsa\u00f0i: eg skal ekki leggja m\u00edna h\u00f6nd \u00e1 minn herra, \u00fev\u00ed hann er Drottins smur\u00f0i.<a name=\"12\"><span class=\"versanumer\">12<\/span><\/a>Og minn fa\u00f0ir! sj\u00e1! j\u00e1, sj\u00e1! lafi\u00f0 af \u00feinni yfirh\u00f6fn \u00ed minni hendi! \u00fev\u00ed a\u00f0 eg snei\u00f0 lafi\u00f0 af \u00feinni yfirh\u00f6fn, og deyddi \u00feig ekki, \u00fear af skaltu \u00feekkja og sj\u00e1, a\u00f0 ekkert illt er \u00ed minni hendi, n\u00e9 yfirtro\u00f0sla, og a\u00f0 eg hefi ekki syndgast \u00e1 \u00fe\u00e9r; en \u00fe\u00fa s\u00e6kist eftir m\u00ednu l\u00edfi til a\u00f0 n\u00e1 \u00fev\u00ed.<a name=\"13\"><span class=\"versanumer\">13<\/span><\/a>Drottinn d\u00e6mi milli m\u00edn og \u00fe\u00edn, og hefni m\u00edn \u00e1 \u00fe\u00e9r; en m\u00edna h\u00f6nd legg eg ekki \u00e1 \u00feig.<a name=\"14\"><span class=\"versanumer\">14<\/span><\/a>Eins og or\u00f0tak hinna g\u00f6mlu segir: af vondum kemur vont; en m\u00edna h\u00f6nd legg eg ekki \u00e1 \u00feig.<a name=\"15\"><span class=\"versanumer\">15<\/span><\/a>Hv\u00f6rn eltir k\u00f3ngurinn af \u00cdsrael, hv\u00f6rn ofs\u00e6kir \u00fe\u00fa? dau\u00f0an hund, eina fl\u00f3 <span class='VideyAth'>a)<\/span>.<a name=\"16\"><span class=\"versanumer\">16<\/span><\/a>S\u00e9 \u00fev\u00ed Drottinn d\u00f3mari og d\u00e6mi milli m\u00edn og \u00fe\u00edn, og sj\u00e1i til, og taki minn m\u00e1lsta\u00f0, og \u00fatvegi m\u00e9r r\u00e9tt af \u00feinni hendi.<a name=\"17\"><span class=\"versanumer\">17<\/span><\/a>Og \u00fea\u00f0 ske\u00f0i, \u00fe\u00e1 Dav\u00ed\u00f0 haf\u00f0i enda\u00f0 \u00feetta tal vi\u00f0 S\u00e1l, a\u00f0 S\u00e1l m\u00e6lti: er \u00fea\u00f0 \u00fe\u00edn raust, minn sonur Dav\u00ed\u00f0! og S\u00e1l upph\u00f3f s\u00edna raust og gr\u00e9t.<a name=\"18\"><span class=\"versanumer\">18<\/span><\/a>Og hann m\u00e6lti til Dav\u00ed\u00f0s: \u00fe\u00fa ert r\u00e9ttv\u00edsari en eg, \u00fev\u00ed \u00fe\u00fa hefir s\u00fdnt m\u00e9r gott, en eg hefi s\u00fdnt \u00fe\u00e9r illt,<a name=\"19\"><span class=\"versanumer\">19<\/span><\/a>og \u00fe\u00fa hefir l\u00e1ti\u00f0 sj\u00e1 \u00ed dag, a\u00f0 \u00fe\u00fa hefir gj\u00f6rt m\u00e9r gott, a\u00f0 \u00fe\u00fa deyddir mig ekki, \u00fe\u00f3 Drottinn g\u00e6fi mig \u00ed \u00fe\u00edna h\u00f6nd.<a name=\"20\"><span class=\"versanumer\">20<\/span><\/a>\u00dev\u00ed hitti einhv\u00f6r sinn \u00f3vin, mun hann \u00fe\u00e1 l\u00e1ta hann fara \u00ed fri\u00f0i <span class='VideyAth'>b)<\/span>? Svo umbuni Drottinn \u00fe\u00e9r g\u00f3\u00f0u fyrir \u00feennan dag, \u00fea\u00f0 sem \u00fe\u00fa gj\u00f6r\u00f0ir m\u00e9r.<a name=\"21\"><span class=\"versanumer\">21<\/span><\/a>Og sj\u00e1 n\u00fa! eg veit a\u00f0 \u00fe\u00fa munt ver\u00f0a k\u00f3ngur, og \u00cdsraels konungd\u00f3mur sta\u00f0festist \u00ed \u00feinni hendi;<a name=\"22\"><span class=\"versanumer\">22<\/span><\/a>svo sver m\u00e9r n\u00fa vi\u00f0 Drottin <span class='VideyAth'>c)<\/span>, a\u00f0 \u00fe\u00fa skulir ekki \u00fatry\u00f0ja m\u00ednum ni\u00f0jum eftir mig, og ekki afm\u00e1 mitt nafn \u00far m\u00edns f\u00f6\u00f0urs h\u00fasi.<a name=\"23\"><span class=\"versanumer\">23<\/span><\/a>Og Dav\u00ed\u00f0 s\u00f3r S\u00e1l, og S\u00e1l f\u00f3r heim til s\u00edn, og Dav\u00ed\u00f0 og hans menn f\u00f3ru upp \u00e1 fjalli\u00f0.<\/p>\n<div class=\"footnoteVidey\">V. 4. a. A\u00f0r. a\u00f0 sofa \u00fear. D\u00f3m. 3,24.  V. 15. a. Kap. 26,20. 2 Sam. 9,8.  V. 20. b. Hebr. \u00e1 g\u00f3\u00f0an veg.  V. 22. c. J\u00f3s. 2,12.<\/div>\n","protected":false},"excerpt":{"rendered":"<p>Dav\u00ed\u00f0 svarar S\u00e1l \u00ed hellrinum. 1Og Dav\u00ed\u00f0 f\u00f3r \u00fea\u00f0an upp \u00e1 vi\u00f0 og sta\u00f0n\u00e6mdist \u00e1 Engedisfj\u00f6llum.2Og \u00fea\u00f0 ske\u00f0i \u00fe\u00e1 S\u00e1l var kominn til baka fr\u00e1 herf\u00f6rinni m\u00f3ti Filisteum, b\u00e1ru menn honum t\u00ed\u00f0indi og s\u00f6g\u00f0u: sj\u00e1! Dav\u00ed\u00f0 er \u00ed Engedisey\u00f0im\u00f6rku.3\u00de\u00e1 t\u00f3k S\u00e1l 3 \u00fe\u00fasund manns einvalali\u00f0, af \u00f6llum \u00cdsrael, og lag\u00f0i af sta\u00f0 til a\u00f0 leita Dav\u00ed\u00f0s og hans manna \u00ed steingeitah\u00f6mrunum.4Og hann hitti fj\u00e1rhir\u00f0ara hj\u00e1 veginum, \u00fear var hellir, og S\u00e1l gekk inn \u00ed hann til a\u00f0 hylja f\u00e6tur s\u00edna a); en Dav\u00ed\u00f0 og hans menn s\u00e1tu innst \u00ed hellrinum.5\u00de\u00e1 s\u00f6g\u00f0u menn Dav\u00ed\u00f0s vi\u00f0 hann: sj\u00e1! \u00feessi er dagurinn um <a href=\"https:\/\/biblian.is\/videy\/fyrri-samuelsbok-24-kafli\/\"> [&#8230;]<\/a><\/p>\n","protected":false},"author":1,"featured_media":0,"parent":0,"menu_order":0,"comment_status":"open","ping_status":"open","template":"bibliukaflar.php","meta":{"footnotes":""},"class_list":["post-21109","page","type-page","status-publish","hentry"],"_links":{"self":[{"href":"https:\/\/biblian.is\/videy\/wp-json\/wp\/v2\/pages\/21109","targetHints":{"allow":["GET"]}}],"collection":[{"href":"https:\/\/biblian.is\/videy\/wp-json\/wp\/v2\/pages"}],"about":[{"href":"https:\/\/biblian.is\/videy\/wp-json\/wp\/v2\/types\/page"}],"author":[{"embeddable":true,"href":"https:\/\/biblian.is\/videy\/wp-json\/wp\/v2\/users\/1"}],"replies":[{"embeddable":true,"href":"https:\/\/biblian.is\/videy\/wp-json\/wp\/v2\/comments?post=21109"}],"version-history":[{"count":0,"href":"https:\/\/biblian.is\/videy\/wp-json\/wp\/v2\/pages\/21109\/revisions"}],"wp:attachment":[{"href":"https:\/\/biblian.is\/videy\/wp-json\/wp\/v2\/media?parent=21109"}],"curies":[{"name":"wp","href":"https:\/\/api.w.org\/{rel}","templated":true}]}}