{"id":21108,"date":"2018-01-02T01:00:19","date_gmt":"2018-01-02T01:00:19","guid":{"rendered":"http:\/\/biblian.is\/videy\/fyrri-samuelsbok-23-kafli\/"},"modified":"2018-01-02T01:00:19","modified_gmt":"2018-01-02T01:00:19","slug":"fyrri-samuelsbok-23-kafli","status":"publish","type":"page","link":"https:\/\/biblian.is\/videy\/fyrri-samuelsbok-23-kafli\/","title":{"rendered":"Fyrri Sam\u00faelsb\u00f3k 23. kafli"},"content":{"rendered":"<div class=\"fyrirsognVidey\">Dav\u00ed\u00f0 er ofs\u00f3ttur og svikinn.<\/div>\n<p><a name=\"1\"><span class=\"versanumer\">1<\/span><\/a>Og menn f\u00e6r\u00f0u Dav\u00ed\u00f0 fregn og s\u00f6g\u00f0u: sj\u00e1! Filistear herja \u00e1 Kegila <span class='VideyAth'>a)<\/span> og \u00feeir r\u00e6na kornhl\u00f6\u00f0urnar <span class='VideyAth'>(l\u00e1fagar\u00f0ana b)<\/span>.<a name=\"2\"><span class=\"versanumer\">2<\/span><\/a>\u00de\u00e1 spur\u00f0i Dav\u00ed\u00f0 Drottin og sag\u00f0i: skal eg fara og sl\u00e1 \u00feessa Filistea? Og Drottinn sag\u00f0i til Dav\u00ed\u00f0s: far \u00fe\u00fa og sl\u00e1 Filisteana og frelsa\u00f0u Kegila.<a name=\"3\"><span class=\"versanumer\">3<\/span><\/a>En Dav\u00ed\u00f0s menn s\u00f6g\u00f0u til hans: sj\u00e1! v\u00e9r erum hr\u00e6ddir um oss h\u00e9r \u00ed J\u00fada, hv\u00f6rsu miklu framar ef v\u00e9r f\u00f6rum til Kegila m\u00f3t herfylkingum Filisteanna.<a name=\"4\"><span class=\"versanumer\">4<\/span><\/a>\u00de\u00e1 spur\u00f0i Dav\u00ed\u00f0 Drottin aftur, og Drottinn svara\u00f0i honum og m\u00e6lti: taktu \u00feig upp og far til Kegila! \u00fev\u00ed eg gef Filisteana \u00ed \u00fe\u00edna h\u00f6nd.<a name=\"5\"><span class=\"versanumer\">5<\/span><\/a>Og svo f\u00f3r Dav\u00ed\u00f0 og hans menn til Kegila, og bar\u00f0ist vi\u00f0 Filistea, og rak \u00feeirra flokka \u00e1 fl\u00f3tta, og lag\u00f0i a\u00f0 velli fj\u00f6lda me\u00f0al \u00feeirra, og svo frelsa\u00f0i Dav\u00ed\u00f0 \u00fe\u00e1 \u00ed Kegilu.<a name=\"6\"><span class=\"versanumer\">6<\/span><\/a>En \u00fea\u00f0 ske\u00f0i, \u00feegar Ab\u00edatar, sonur Ab\u00edmeleks, fl\u00fa\u00f0i til Dav\u00ed\u00f0s \u00ed Kegila, \u00fe\u00e1 haf\u00f0i hann me\u00f0fer\u00f0is h\u00f6kulinn.<a name=\"7\"><span class=\"versanumer\">7<\/span><\/a>Og S\u00e1l var sagt a\u00f0 Dav\u00ed\u00f0 v\u00e6ri kominn til Kegila; \u00fe\u00e1 m\u00e6lti S\u00e1l: Gu\u00f0 hefir gefi\u00f0 hann \u00ed m\u00edna h\u00f6nd, fyrst hann hefir sig innl\u00e6st og er kominn \u00ed borg sem hefir port og slagbranda <span class='VideyAth'>c)<\/span>.<a name=\"8\"><span class=\"versanumer\">8<\/span><\/a>Og S\u00e1l l\u00e9t samankalla allt f\u00f3lki\u00f0 til str\u00ed\u00f0s, svo \u00fea\u00f0 f\u00e6ri til Kegila, og settist um Dav\u00ed\u00f0 og hans menn.<a name=\"9\"><span class=\"versanumer\">9<\/span><\/a>Og \u00feegar Dav\u00ed\u00f0 fr\u00e9tti a\u00f0 S\u00e1l brugga\u00f0i s\u00e9r \u00f3lukku \u00ed kyrr\u00feey, sag\u00f0i hann vi\u00f0 prestinn Ab\u00edatar: kom \u00fe\u00fa hinga\u00f0 me\u00f0 h\u00f6kulinn <span class='VideyAth'>d)<\/span>!<a name=\"10\"><span class=\"versanumer\">10<\/span><\/a>Og Dav\u00ed\u00f0 m\u00e6lti: Drottinn \u00cdsraels Gu\u00f0! \u00feinn \u00fej\u00f3n hefir heyrt a\u00f0 S\u00e1l \u00e6tli s\u00e9r a\u00f0 koma til Kegilu, til a\u00f0 ey\u00f0ileggja sta\u00f0inn m\u00edn vegna;<a name=\"11\"><span class=\"versanumer\">11<\/span><\/a>\u00e6tla borgarmennirnir \u00ed Kegilu afhendi mig \u00ed hans h\u00f6nd? \u00e6tla a\u00f0 S\u00e1l komi eins og \u00feinn \u00fej\u00f3n hefir heyrt? Drottinn, \u00cdsraels Gu\u00f0, kunngj\u00f6r \u00fe\u00fa \u00fea\u00f0 \u00fe\u00ednum \u00fe\u00e9nara. Og Drottinn svara\u00f0i: hann mun koma.<a name=\"12\"><span class=\"versanumer\">12<\/span><\/a>Og Dav\u00ed\u00f0 m\u00e6lti: munu borgarmenn \u00ed Kegilu framselja mig og m\u00edna menn \u00ed S\u00e1ls h\u00f6nd? og Drottinn sag\u00f0i: \u00feeir munu framselja \u00feig.<a name=\"13\"><span class=\"versanumer\">13<\/span><\/a>\u00de\u00e1 t\u00f3k Dav\u00ed\u00f0 sig upp og hans menn h\u00e9r um bil 6 hundru\u00f0, og \u00feeir l\u00f6g\u00f0u af sta\u00f0 fr\u00e1 Kegilu, og f\u00f3ru hv\u00f6rt sem \u00feeir g\u00e1tu fari\u00f0. \u00deegar S\u00e1l fr\u00e9tti \u00fea\u00f0, a\u00f0 Dav\u00ed\u00f0 v\u00e6ri fl\u00fainn fr\u00e1 Kegilu, \u00fe\u00e1 sleppti hann herf\u00f6rinni.<a name=\"14\"><span class=\"versanumer\">14<\/span><\/a>Og Dav\u00ed\u00f0 var \u00e1 ey\u00f0im\u00f6rkinni \u00e1 fj\u00f6llum, \u00e1 fj\u00f6llunum \u00ed ey\u00f0im\u00f6rkinni Sif. Og S\u00e1l ofs\u00f3tti hann me\u00f0an hann lif\u00f0i, en Gu\u00f0 gaf hann ekki \u00ed hans h\u00f6nd.<a name=\"15\"><span class=\"versanumer\">15<\/span><\/a>Og Dav\u00ed\u00f0 s\u00e1, a\u00f0 S\u00e1l var lag\u00f0ur af sta\u00f0 til a\u00f0 s\u00e6kjast eftir hans l\u00edfi, en Dav\u00ed\u00f0 var \u00ed ey\u00f0im\u00f6rkinni Sif, \u00ed sk\u00f3ginum.<a name=\"16\"><span class=\"versanumer\">16<\/span><\/a>Og J\u00f3natan, sonur S\u00e1ls, t\u00f3k sig til, og kom til Dav\u00ed\u00f0s \u00ed sk\u00f3ginn, og styrkti hans h\u00f6nd me\u00f0 Gu\u00f0i.<a name=\"17\"><span class=\"versanumer\">17<\/span><\/a>Og hann sag\u00f0i vi\u00f0 hann: vertu \u00f3hr\u00e6ddur! \u00fev\u00ed h\u00f6nd f\u00f6\u00f0ur m\u00edns S\u00e1ls, mun ei hitta \u00feig, og \u00fe\u00fa munt ver\u00f0a k\u00f3ngur yfir \u00cdsrael, og eg vil ganga \u00fe\u00e9r n\u00e6st; og fa\u00f0ir minn S\u00e1l veit \u00fea\u00f0.<a name=\"18\"><span class=\"versanumer\">18<\/span><\/a>Og \u00feeir gj\u00f6r\u00f0u b\u00e1\u00f0ir s\u00e1ttm\u00e1la fyrir Drottni <span class='VideyAth'>e)<\/span>, og Dav\u00ed\u00f0 var \u00ed sk\u00f3ginum kyrr, en J\u00f3natan f\u00f3r heim til s\u00edn.<br \/><a name=\"19\"><span class=\"versanumer\">19<\/span><\/a>\u00de\u00e1 komu Sif\u00edtar <span class='VideyAth'>f)<\/span> til S\u00e1ls \u00ed G\u00edbea og s\u00f6g\u00f0u: Dav\u00ed\u00f0 hefir fali\u00f0 sig hj\u00e1 oss \u00e1 fj\u00f6llunum \u00ed sk\u00f3ginum, \u00e1 fjallinu Hakila, sem er sunnarlega \u00ed ey\u00f0im\u00f6rkinni.<a name=\"20\"><span class=\"versanumer\">20<\/span><\/a>Og n\u00fa, ef k\u00f3nginum l\u00edst, a\u00f0 fara, svo legg \u00fe\u00fa n\u00fa af sta\u00f0, oss er \u00fea\u00f0 au\u00f0velt a\u00f0 afhenda hann \u00ed k\u00f3ngsins h\u00f6nd.<a name=\"21\"><span class=\"versanumer\">21<\/span><\/a>Og S\u00e1l m\u00e6lti: blessa\u00f0ir s\u00e9u\u00f0 \u00fe\u00e9r af Drottni, a\u00f0 \u00fe\u00e9r hafi\u00f0 aumkast yfir mig <span class='VideyAth'>g)<\/span>.<a name=\"22\"><span class=\"versanumer\">22<\/span><\/a>Fari\u00f0 n\u00fa og taki\u00f0 vel eftir, og nj\u00f3sni\u00f0 og sj\u00e1i\u00f0 hans sta\u00f0, hv\u00f6rt hans f\u00f3tur kemur, hv\u00f6r hann hefir s\u00e9\u00f0 \u00fear; \u00fev\u00ed menn hafa sagt m\u00e9r a\u00f0 hann s\u00e9 miki\u00f0 vi\u00f0sj\u00e1ll.<a name=\"23\"><span class=\"versanumer\">23<\/span><\/a>Og sj\u00e1i\u00f0 n\u00fa til og nj\u00f3sni\u00f0 um \u00f6ll hans fylgsni, sem hann felur sig \u00ed, og komi\u00f0 aftur til m\u00edn me\u00f0 vissu, a\u00f0 eg fari me\u00f0 y\u00f0ur. Og ef a\u00f0 hann er \u00ed landinu, svo skal eg finna hann me\u00f0al allra J\u00fada \u00fe\u00fasunda.<a name=\"24\"><span class=\"versanumer\">24<\/span><\/a>\u00de\u00e1 t\u00f3ku \u00feeir sig upp, og f\u00f3ru \u00e1 undan S\u00e1l til Sif. En Dav\u00ed\u00f0 og hans menn voru \u00ed ey\u00f0im\u00f6rkinni Maon \u00e1 sl\u00e9ttunni su\u00f0ur \u00ed ey\u00f0im\u00f6rkinni.<a name=\"25\"><span class=\"versanumer\">25<\/span><\/a>Og S\u00e1l og hans menn l\u00f6g\u00f0u af sta\u00f0 a\u00f0 leita hans. En menn s\u00f6g\u00f0u \u00fea\u00f0 Dav\u00ed\u00f0, og hann f\u00f3r ni\u00f0ur af h\u00f6mrunum og sta\u00f0n\u00e6mdist \u00ed Maonsey\u00f0im\u00f6rk. Og sem S\u00e1l heyr\u00f0i \u00fea\u00f0, f\u00f3r hann eftir Dav\u00ed\u00f0 inn \u00ed ey\u00f0im\u00f6rkina Maon.<a name=\"26\"><span class=\"versanumer\">26<\/span><\/a>Og S\u00e1l f\u00f3r \u00f6\u00f0rumegin vi\u00f0 fjalli\u00f0 en Dav\u00ed\u00f0 og hans menn hinumegin vi\u00f0 fjalli\u00f0; og Dav\u00ed\u00f0 fl\u00fdtti s\u00e9r a\u00f0 komast undan S\u00e1l; en S\u00e1l og hans menn umkringdu Dav\u00ed\u00f0 og hans menn til a\u00f0 n\u00e1 \u00feeim.<a name=\"27\"><span class=\"versanumer\">27<\/span><\/a>En sendima\u00f0ur kom til S\u00e1ls og m\u00e6lti: kom \u00fe\u00fa n\u00fa flj\u00f3tt! \u00fev\u00ed Filistearnir eru komnir inn \u00ed landi\u00f0.<a name=\"28\"><span class=\"versanumer\">28<\/span><\/a>\u00de\u00e1 sneri S\u00e1l til baka, og h\u00e6tti a\u00f0 elta Dav\u00ed\u00f0 og f\u00f3r \u00e1 m\u00f3ti Filisteunum, \u00fev\u00ed var s\u00e1 sta\u00f0ur kalla\u00f0ur Selama Helkot <span class='VideyAth'>(skilna\u00f0arklettur)<\/span>.<\/p>\n<div class=\"footnoteVidey\">V. 1. a. J\u00f3s. 15,44. b. N\u00fam. 18,30. Rut. 3,2. fl.  V. 7. c. Devt. 3,5.  V. 9. d. Kap. 30,7.  V. 18. e. Kap. 18,3. 20,16.  V. 19. f. Kap. 26,1. S\u00e1lm. 54,2.  V. 21. g. Ex. 2,6. Jer. 15,5.<\/div>\n","protected":false},"excerpt":{"rendered":"<p>Dav\u00ed\u00f0 er ofs\u00f3ttur og svikinn. 1Og menn f\u00e6r\u00f0u Dav\u00ed\u00f0 fregn og s\u00f6g\u00f0u: sj\u00e1! Filistear herja \u00e1 Kegila a) og \u00feeir r\u00e6na kornhl\u00f6\u00f0urnar (l\u00e1fagar\u00f0ana b).2\u00de\u00e1 spur\u00f0i Dav\u00ed\u00f0 Drottin og sag\u00f0i: skal eg fara og sl\u00e1 \u00feessa Filistea? Og Drottinn sag\u00f0i til Dav\u00ed\u00f0s: far \u00fe\u00fa og sl\u00e1 Filisteana og frelsa\u00f0u Kegila.3En Dav\u00ed\u00f0s menn s\u00f6g\u00f0u til hans: sj\u00e1! v\u00e9r erum hr\u00e6ddir um oss h\u00e9r \u00ed J\u00fada, hv\u00f6rsu miklu framar ef v\u00e9r f\u00f6rum til Kegila m\u00f3t herfylkingum Filisteanna.4\u00de\u00e1 spur\u00f0i Dav\u00ed\u00f0 Drottin aftur, og Drottinn svara\u00f0i honum og m\u00e6lti: taktu \u00feig upp og far til Kegila! \u00fev\u00ed eg gef Filisteana \u00ed \u00fe\u00edna h\u00f6nd.5Og svo f\u00f3r <a href=\"https:\/\/biblian.is\/videy\/fyrri-samuelsbok-23-kafli\/\"> [&#8230;]<\/a><\/p>\n","protected":false},"author":1,"featured_media":0,"parent":0,"menu_order":0,"comment_status":"open","ping_status":"open","template":"bibliukaflar.php","meta":{"footnotes":""},"class_list":["post-21108","page","type-page","status-publish","hentry"],"_links":{"self":[{"href":"https:\/\/biblian.is\/videy\/wp-json\/wp\/v2\/pages\/21108","targetHints":{"allow":["GET"]}}],"collection":[{"href":"https:\/\/biblian.is\/videy\/wp-json\/wp\/v2\/pages"}],"about":[{"href":"https:\/\/biblian.is\/videy\/wp-json\/wp\/v2\/types\/page"}],"author":[{"embeddable":true,"href":"https:\/\/biblian.is\/videy\/wp-json\/wp\/v2\/users\/1"}],"replies":[{"embeddable":true,"href":"https:\/\/biblian.is\/videy\/wp-json\/wp\/v2\/comments?post=21108"}],"version-history":[{"count":0,"href":"https:\/\/biblian.is\/videy\/wp-json\/wp\/v2\/pages\/21108\/revisions"}],"wp:attachment":[{"href":"https:\/\/biblian.is\/videy\/wp-json\/wp\/v2\/media?parent=21108"}],"curies":[{"name":"wp","href":"https:\/\/api.w.org\/{rel}","templated":true}]}}