{"id":21107,"date":"2018-01-02T01:00:19","date_gmt":"2018-01-02T01:00:19","guid":{"rendered":"http:\/\/biblian.is\/videy\/fyrri-samuelsbok-22-kafli\/"},"modified":"2018-01-02T01:00:19","modified_gmt":"2018-01-02T01:00:19","slug":"fyrri-samuelsbok-22-kafli","status":"publish","type":"page","link":"https:\/\/biblian.is\/videy\/fyrri-samuelsbok-22-kafli\/","title":{"rendered":"Fyrri Sam\u00faelsb\u00f3k 22. kafli"},"content":{"rendered":"<div class=\"fyrirsognVidey\">Dav\u00ed\u00f0 ver\u00f0ur flokksforingi, \u00e6ttmenn hans fara \u00far landi; prestarnir drepnir.<\/div>\n<p><a name=\"1\"><span class=\"versanumer\">1<\/span><\/a>Og Dav\u00ed\u00f0 f\u00f3r \u00fea\u00f0an og komst undan \u00ed hellirinn Adullam. Og hans br\u00e6\u00f0ur og allt hans f\u00f6\u00f0urs h\u00fas heyr\u00f0i \u00fea\u00f0, og komu \u00feanga\u00f0 til hans.<a name=\"2\"><span class=\"versanumer\">2<\/span><\/a>Og a\u00f0 honum dr\u00f3gust allir \u00feeir sem voru \u00ed kr\u00f6ggum og skuldum og sem illt var \u00ed <span class='VideyAth'>(vi\u00f0 stj\u00f3rnina)<\/span> og hann gj\u00f6r\u00f0ist \u00feeirra h\u00f6f\u00f0ingi, og me\u00f0 honum voru n\u00e1l\u00e6gt 4 hundru\u00f0 manns.<a name=\"3\"><span class=\"versanumer\">3<\/span><\/a>Og Dav\u00ed\u00f0 f\u00f3r \u00fea\u00f0an til Mispe \u00ed M\u00f3abs landi, og sag\u00f0i vi\u00f0 M\u00f3absk\u00f3ng: leyf f\u00f6\u00f0ur m\u00ednum og m\u00f3\u00f0ur minni a\u00f0 vera h\u00e9r, \u00feanga\u00f0 til eg s\u00e9 hva\u00f0 Gu\u00f0 gj\u00f6rir vi\u00f0 mig.<a name=\"4\"><span class=\"versanumer\">4<\/span><\/a>Og hann leiddi \u00feau fyrir M\u00f3absk\u00f3ng, og \u00feau voru hj\u00e1 honum, svo lengi sem Dav\u00ed\u00f0 var <span class='VideyAth'>(\u00e1 fj\u00f6llunum)<\/span> \u00ed \u00f3bygg\u00f0inni.<a name=\"5\"><span class=\"versanumer\">5<\/span><\/a>Og sp\u00e1ma\u00f0urinn Ga\u00f0 sag\u00f0i vi\u00f0 Dav\u00ed\u00f0: vertu ekki \u00e1 fj\u00f6llunum, far \u00fe\u00fa h\u00e9\u00f0an og til landsins J\u00fada. \u00de\u00e1 f\u00f3r Dav\u00ed\u00f0 og kom \u00ed sk\u00f3ginn Haret. <br \/><a name=\"6\"><span class=\"versanumer\">6<\/span><\/a>Og S\u00e1l fr\u00e9tti a\u00f0 menn vissu af Dav\u00ed\u00f0, og \u00feeim m\u00f6nnum sem me\u00f0 honum voru. En S\u00e1l sat \u00ed G\u00edbea undir runnanum \u00e1 h\u00e6\u00f0inni, og haf\u00f0i spj\u00f3t \u00ed sinni hendi, og allir hans \u00fej\u00f3nar st\u00f3\u00f0u hj\u00e1 honum.<a name=\"7\"><span class=\"versanumer\">7<\/span><\/a>Og S\u00e1l m\u00e6lti til sinna \u00fe\u00e9nara sem hj\u00e1 honum st\u00f3\u00f0u: heyri\u00f0 \u00fe\u00e9r Benjamin\u00edtar! \u00e6tli \u00cdsa\u00edson gefi y\u00f0ur \u00f6llum akra og v\u00edngar\u00f0a, og gj\u00f6ri y\u00f0ur alla a\u00f0 h\u00f6fu\u00f0sm\u00f6nnum yfir \u00fe\u00fasund <span class='VideyAth'>(manns)<\/span> og h\u00f6fu\u00f0sm\u00f6nnum yfir hundra\u00f0 <span class='VideyAth'>(manns)<\/span>,<a name=\"8\"><span class=\"versanumer\">8<\/span><\/a>a\u00f0 \u00fe\u00e9r allir hafi\u00f0 samsvarist m\u00f3ti m\u00e9r og enginn hefir sagt m\u00e9r fr\u00e1 \u00fev\u00ed, \u00fe\u00e1 sonur minn gj\u00f6r\u00f0i s\u00e1ttm\u00e1la vi\u00f0 \u00cdsa\u00edson, og enginn y\u00f0ar hefir teki\u00f0 upp \u00feykkjuna fyrir mig, og opinbera\u00f0 m\u00e9r \u00fea\u00f0, a\u00f0 sonur minn hefir uppegnt m\u00f3ti m\u00e9r minn \u00fer\u00e6l, sem ums\u00e1turs mann, eins og n\u00fa er framkomi\u00f0?<a name=\"9\"><span class=\"versanumer\">9<\/span><\/a>\u00de\u00e1 svara\u00f0i Edom\u00edtinn Doeg <span class='VideyAth'>a)<\/span>, sem st\u00f3\u00f0 hj\u00e1 \u00fej\u00f3num S\u00e1ls og m\u00e6lti: eg s\u00e1 \u00cdsa\u00edson koma til Nobe, til Ab\u00edmeleks, sonar Ahitubs.<a name=\"10\"><span class=\"versanumer\">10<\/span><\/a>Og hann a\u00f0spur\u00f0i Drottin fyrir hann, og matv\u00e6li gaf hann honum, og sver\u00f0 Gol\u00edats Filisteans f\u00e9kk hann honum. <br \/><a name=\"11\"><span class=\"versanumer\">11<\/span><\/a>\u00de\u00e1 sendi k\u00f3ngurinn eftir prestinum Ab\u00edmelek, syni Ahitubs, og eftir \u00f6llu hans f\u00f6\u00f0urs h\u00fasi, prestunum sem voru \u00ed Nobe, og \u00feeir komu allir til konungsins,<a name=\"12\"><span class=\"versanumer\">12<\/span><\/a>og S\u00e1l m\u00e6lti: heyr \u00fe\u00fa \u00fe\u00e1, Ahitubsson! og hann sag\u00f0i: h\u00e9r er eg, herra minn!<a name=\"13\"><span class=\"versanumer\">13<\/span><\/a>Og S\u00e1l m\u00e6lti til hans: hvar fyrir hafi\u00f0 \u00fe\u00e9r samsvarist \u00e1 m\u00f3ti m\u00e9r, \u00fe\u00fa og \u00cdsa\u00edson, \u00fear e\u00f0 \u00fe\u00fa f\u00e9kkst honum brau\u00f0 og sver\u00f0, og spur\u00f0ir Gu\u00f0 fyrir hann, a\u00f0 hann gj\u00f6r\u00f0i uppreisn m\u00f3ti m\u00e9r sem ums\u00e1tursma\u00f0ur, eins og n\u00fa er framkomi\u00f0?<a name=\"14\"><span class=\"versanumer\">14<\/span><\/a>Og Ab\u00edmelek svara\u00f0i k\u00f3nginum og m\u00e6lti: og hv\u00f6r er me\u00f0al allra \u00feinna \u00fej\u00f3na svo tr\u00far sem Dav\u00ed\u00f0, k\u00f3ngsins tengdason, sem hefir a\u00f0gang til \u00feinna leyndar r\u00e1\u00f0a og er hei\u00f0ra\u00f0ur \u00ed \u00fe\u00ednu h\u00fasi?<a name=\"15\"><span class=\"versanumer\">15<\/span><\/a>Hefi eg \u00fe\u00e1 byrja\u00f0 \u00ed dag a\u00f0 spyrja Gu\u00f0 fyrir hann? fj\u00e6rri s\u00e9 m\u00e9r \u00fea\u00f0! leggi k\u00f3ngurinn ekkert s\u00ednum \u00fej\u00f3n til lasts, n\u00e9 \u00f6llu m\u00ednu f\u00f6\u00f0urs h\u00fasi; \u00fev\u00ed \u00feinn \u00fej\u00f3n hefir ekki vita\u00f0 neitt af \u00f6llu \u00feessu, miki\u00f0 n\u00e9 l\u00edti\u00f0.<a name=\"16\"><span class=\"versanumer\">16<\/span><\/a>En konungurinn m\u00e6lti: deyja hl\u00fdtur \u00fe\u00fa Ab\u00edmelek! \u00fe\u00fa og allt h\u00fas f\u00f6\u00f0ur \u00fe\u00edns.<a name=\"17\"><span class=\"versanumer\">17<\/span><\/a>Og konungurinn sag\u00f0i til hir\u00f0mannanna sem hj\u00e1 honum st\u00f3\u00f0u: gangi\u00f0 a\u00f0 og drepi\u00f0 presta Drottins, \u00fear e\u00f0 og \u00feeirra h\u00f6nd er me\u00f0 Dav\u00ed\u00f0, og af \u00fev\u00ed \u00feeir vissu a\u00f0 hann fl\u00fa\u00f0i, og hafa ekki opinbera\u00f0 m\u00e9r \u00fea\u00f0, en \u00fej\u00f3nar k\u00f3ngsins vildu ekki \u00fatr\u00e9tta s\u00edna h\u00f6nd til a\u00f0 dey\u00f0a presta Drottins.<a name=\"18\"><span class=\"versanumer\">18<\/span><\/a>\u00de\u00e1 m\u00e6lti konungurinn til Doegs: gakk h\u00e9r a\u00f0 og drep \u00fe\u00fa prestana! svo gekk Edom\u00edtinn Doeg a\u00f0 og vann \u00e1 prestunum, og deyddi \u00e1 \u00feeim sama degi \u00e1ttatygi og fimm menn sem b\u00e1ru l\u00ednh\u00f6kul.<a name=\"19\"><span class=\"versanumer\">19<\/span><\/a>Og Nobe, sta\u00f0 prestanna, sl\u00f3 hann me\u00f0 sver\u00f0seggjum, menn og konur, b\u00f6rn og brj\u00f3stmylkinga, uxa, asna og sau\u00f0i me\u00f0 sver\u00f0seggjum.<a name=\"20\"><span class=\"versanumer\">20<\/span><\/a>Og einn af sonum Ab\u00edmeleks, sonar Ahitubs, komst undan, hann h\u00e9t Abiatar, og fl\u00fa\u00f0i til Dav\u00ed\u00f0s.<a name=\"21\"><span class=\"versanumer\">21<\/span><\/a>Og Ab\u00edatar sag\u00f0i Dav\u00ed\u00f0 fr\u00e1, a\u00f0 S\u00e1l hef\u00f0i myrt presta Drottins.<a name=\"22\"><span class=\"versanumer\">22<\/span><\/a>Og Dav\u00ed\u00f0 sag\u00f0i til Abiatars: eg vissi \u00fea\u00f0 hinn sama dag, a\u00f0 Edom\u00edtinn Doeg var \u00fear, og a\u00f0 hann mundi segja S\u00e1l fr\u00e1, eg er sekur \u00ed l\u00edfl\u00e1ti allra \u00feinna \u00e6ttmanna.<a name=\"23\"><span class=\"versanumer\">23<\/span><\/a>Vert\u00fa me\u00f0 m\u00e9r og \u00f3ttast ekki, \u00fev\u00ed s\u00e1 sem s\u00e6kist eftir m\u00ednu l\u00edfi s\u00e6kist og eftir \u00fe\u00ednu l\u00edfi, \u00fev\u00ed ertu vel var\u00f0veittur hj\u00e1 m\u00e9r.<\/p>\n<div class=\"footnoteVidey\">V. 9. a. Kap. 21,7. S\u00e1lm. 52,2.<\/div>\n","protected":false},"excerpt":{"rendered":"<p>Dav\u00ed\u00f0 ver\u00f0ur flokksforingi, \u00e6ttmenn hans fara \u00far landi; prestarnir drepnir. 1Og Dav\u00ed\u00f0 f\u00f3r \u00fea\u00f0an og komst undan \u00ed hellirinn Adullam. Og hans br\u00e6\u00f0ur og allt hans f\u00f6\u00f0urs h\u00fas heyr\u00f0i \u00fea\u00f0, og komu \u00feanga\u00f0 til hans.2Og a\u00f0 honum dr\u00f3gust allir \u00feeir sem voru \u00ed kr\u00f6ggum og skuldum og sem illt var \u00ed (vi\u00f0 stj\u00f3rnina) og hann gj\u00f6r\u00f0ist \u00feeirra h\u00f6f\u00f0ingi, og me\u00f0 honum voru n\u00e1l\u00e6gt 4 hundru\u00f0 manns.3Og Dav\u00ed\u00f0 f\u00f3r \u00fea\u00f0an til Mispe \u00ed M\u00f3abs landi, og sag\u00f0i vi\u00f0 M\u00f3absk\u00f3ng: leyf f\u00f6\u00f0ur m\u00ednum og m\u00f3\u00f0ur minni a\u00f0 vera h\u00e9r, \u00feanga\u00f0 til eg s\u00e9 hva\u00f0 Gu\u00f0 gj\u00f6rir vi\u00f0 mig.4Og hann leiddi \u00feau fyrir <a href=\"https:\/\/biblian.is\/videy\/fyrri-samuelsbok-22-kafli\/\"> [&#8230;]<\/a><\/p>\n","protected":false},"author":1,"featured_media":0,"parent":0,"menu_order":0,"comment_status":"open","ping_status":"open","template":"bibliukaflar.php","meta":{"footnotes":""},"class_list":["post-21107","page","type-page","status-publish","hentry"],"_links":{"self":[{"href":"https:\/\/biblian.is\/videy\/wp-json\/wp\/v2\/pages\/21107","targetHints":{"allow":["GET"]}}],"collection":[{"href":"https:\/\/biblian.is\/videy\/wp-json\/wp\/v2\/pages"}],"about":[{"href":"https:\/\/biblian.is\/videy\/wp-json\/wp\/v2\/types\/page"}],"author":[{"embeddable":true,"href":"https:\/\/biblian.is\/videy\/wp-json\/wp\/v2\/users\/1"}],"replies":[{"embeddable":true,"href":"https:\/\/biblian.is\/videy\/wp-json\/wp\/v2\/comments?post=21107"}],"version-history":[{"count":0,"href":"https:\/\/biblian.is\/videy\/wp-json\/wp\/v2\/pages\/21107\/revisions"}],"wp:attachment":[{"href":"https:\/\/biblian.is\/videy\/wp-json\/wp\/v2\/media?parent=21107"}],"curies":[{"name":"wp","href":"https:\/\/api.w.org\/{rel}","templated":true}]}}