{"id":21104,"date":"2018-01-02T01:00:19","date_gmt":"2018-01-02T01:00:19","guid":{"rendered":"http:\/\/biblian.is\/videy\/fyrri-samuelsbok-19-kafli\/"},"modified":"2018-01-02T01:00:19","modified_gmt":"2018-01-02T01:00:19","slug":"fyrri-samuelsbok-19-kafli","status":"publish","type":"page","link":"https:\/\/biblian.is\/videy\/fyrri-samuelsbok-19-kafli\/","title":{"rendered":"Fyrri Sam\u00faelsb\u00f3k 19. kafli"},"content":{"rendered":"<div class=\"fyrirsognVidey\">S\u00e1ls hatur, J\u00f3natans vinskapur.<\/div>\n<p><a name=\"1\"><span class=\"versanumer\">1<\/span><\/a>Og S\u00e1l tala\u00f0i vi\u00f0 J\u00f3natan og vi\u00f0 alla s\u00edna \u00fe\u00e9nara um \u00fea\u00f0 a\u00f0 drepa Dav\u00ed\u00f0. En J\u00f3natans sonur S\u00e1ls var miki\u00f0 \u00e1stf\u00f3lginn Dav\u00ed\u00f0 <span class='VideyAth'>a)<\/span>.<a name=\"2\"><span class=\"versanumer\">2<\/span><\/a>Og J\u00f3natan sag\u00f0i Dav\u00ed\u00f0 fr\u00e1 \u00feessu og m\u00e6lti: fa\u00f0ir minn S\u00e1l s\u00e6kist eftir a\u00f0 dey\u00f0a \u00feig, g\u00e6ttu \u00fe\u00edn n\u00fa \u00e1 morgun, og fel \u00fe\u00fa \u00feig, \u00fear sem \u00fe\u00fa finnst ekki.<a name=\"3\"><span class=\"versanumer\">3<\/span><\/a>En eg vil ganga \u00fat og koma me\u00f0 f\u00f6\u00f0ur m\u00ednum \u00ed \u00fea\u00f0 pl\u00e1ss hvar \u00fe\u00fa ert, og vil tala um \u00feig vi\u00f0 f\u00f6\u00f0ur minn, og vita hva\u00f0 \u00fea\u00f0 er, og segja \u00fe\u00e9r svo aftur.<a name=\"4\"><span class=\"versanumer\">4<\/span><\/a>Og J\u00f3natan tala\u00f0i vel um Dav\u00ed\u00f0 vi\u00f0 f\u00f6\u00f0ur sinn S\u00e1l og m\u00e6lti svo vi\u00f0 hann: konungurinn syndgi sig ekki \u00e1 s\u00ednum \u00fej\u00f3n Dav\u00ed\u00f0, \u00fev\u00ed hann hefir ekki syndga\u00f0 \u00e1 m\u00f3ti \u00fe\u00e9r, og hans verk eru \u00fe\u00e9r mj\u00f6g gagnleg.<a name=\"5\"><span class=\"versanumer\">5<\/span><\/a>Og hann hefir voga\u00f0 s\u00ednu l\u00edfi <span class='VideyAth'>b)<\/span>, og lagt a\u00f0 velli Filisteann <span class='VideyAth'>(Gol\u00edat)<\/span>, og Drottinn veitti \u00cdsrael mikinn sigur. \u00de\u00fa hefir s\u00e9\u00f0 \u00fea\u00f0 og gla\u00f0st; hvar fyrir viltu syndga \u00feig \u00e1 saklausu bl\u00f3\u00f0i, dey\u00f0a Dav\u00ed\u00f0 \u00e1n saka?<a name=\"6\"><span class=\"versanumer\">6<\/span><\/a>Og S\u00e1l skipa\u00f0ist vi\u00f0 or\u00f0 J\u00f3natans sonar s\u00edns og s\u00f3r: svo sannarlega sem Drottinn lifir, hann skal ei dey\u00f0ast!<a name=\"7\"><span class=\"versanumer\">7<\/span><\/a>\u00de\u00e1 kalla\u00f0i J\u00f3natan \u00e1 Dav\u00ed\u00f0, og sag\u00f0i honum \u00f6ll \u00feessi or\u00f0, og leiddi Dav\u00ed\u00f0 til S\u00e1ls, og hann st\u00f3\u00f0 frammi fyrir honum sem \u00e1\u00f0ur. <br \/><a name=\"8\"><span class=\"versanumer\">8<\/span><\/a>Og \u00fear h\u00f3fst aftur str\u00ed\u00f0, og Dav\u00ed\u00f0 f\u00f3r \u00fat og bar\u00f0ist vi\u00f0 Filistea og felldi mikinn fj\u00f6lda me\u00f0al \u00feeirra, en \u00feeir fl\u00fd\u00f0u fyrir honum.<br \/><a name=\"9\"><span class=\"versanumer\">9<\/span><\/a>\u00de\u00e1 kom illur andi fr\u00e1 Drottni yfir S\u00e1l; en hann sat \u00ed s\u00ednu h\u00fasi og haf\u00f0i spj\u00f3t s\u00e9r \u00ed hendi, og Dav\u00ed\u00f0 l\u00e9k \u00e1 <span class='VideyAth'>(hlj\u00f3\u00f0f\u00e6ri)<\/span> me\u00f0 sinni hendi,<a name=\"10\"><span class=\"versanumer\">10<\/span><\/a>og S\u00e1l leita\u00f0ist vi\u00f0 me\u00f0 spj\u00f3tinu a\u00f0 leggja Dav\u00ed\u00f0 \u00ed gegn vi\u00f0 vegginn <span class='VideyAth'>c)<\/span>; en hann skaust undan S\u00e1l, og hann rak spj\u00f3ti\u00f0 \u00ed vegginn, og Dav\u00ed\u00f0 fl\u00fa\u00f0i, og f\u00f3r burt \u00fe\u00e1 s\u00f6mu n\u00f3tt.<a name=\"11\"><span class=\"versanumer\">11<\/span><\/a>\u00de\u00e1 sendi S\u00e1l sendimann \u00ed Dav\u00ed\u00f0s h\u00fas til a\u00f0 vakta hann og drepa hann um morguninn, en Mikal kona hans, sag\u00f0i Dav\u00ed\u00f0 fr\u00e1, og m\u00e6lti: ef \u00fe\u00fa bjargar ekki l\u00edfi \u00fe\u00ednu \u00ed n\u00f3tt, svo ver\u00f0ur \u00fe\u00fa deyddur \u00e1 morgun.<a name=\"12\"><span class=\"versanumer\">12<\/span><\/a>\u00de\u00e1 l\u00e9t Mikal Dav\u00ed\u00f0 \u00fat um glugga, og hann f\u00f3r og fl\u00fa\u00f0i og komst undan.<a name=\"13\"><span class=\"versanumer\">13<\/span><\/a>Og Mikal t\u00f3k l\u00edkneski <span class='VideyAth'>d)<\/span> og lag\u00f0i \u00ed r\u00fami\u00f0, og undir h\u00f6fu\u00f0i\u00f0 geitst\u00f6ku <span class='VideyAth'>e)<\/span>, og breiddi \u00e1brei\u00f0u yfir.<a name=\"14\"><span class=\"versanumer\">14<\/span><\/a>Og \u00feegar S\u00e1l sendi mann til a\u00f0 s\u00e6kja hann sag\u00f0i h\u00fan: hann er sj\u00fakur.<a name=\"15\"><span class=\"versanumer\">15<\/span><\/a>Og S\u00e1l sendi mann til a\u00f0 sj\u00e1 Dav\u00ed\u00f0 og m\u00e6lti: f\u00e6ri\u00f0 m\u00e9r hann \u00ed r\u00faminu, a\u00f0 eg geti drepi\u00f0 hann.<a name=\"16\"><span class=\"versanumer\">16<\/span><\/a>En \u00feegar sendimennirnir komu, sj\u00e1! svo l\u00e1 l\u00edkneski\u00f0 \u00ed r\u00faminu og geitstakan undir h\u00f6f\u00f0inu <span class='VideyAth'>f)<\/span>.<a name=\"17\"><span class=\"versanumer\">17<\/span><\/a>\u00de\u00e1 sag\u00f0i S\u00e1l vi\u00f0 Mikal: \u00fev\u00ed hefir \u00fe\u00fa sviki\u00f0 mig svona, og l\u00e1ti\u00f0 minn \u00f3vin undan komast? og Mikal sag\u00f0i til S\u00e1l: hann sag\u00f0i vi\u00f0 mig: slepptu m\u00e9r! hvar fyrir skyldi eg dey\u00f0a \u00feig. <br \/><a name=\"18\"><span class=\"versanumer\">18<\/span><\/a>En Dav\u00ed\u00f0 fl\u00fa\u00f0i og komst undan og kom til Sam\u00faels \u00ed Rama og sag\u00f0i honum fr\u00e1 \u00f6llu sem S\u00e1l haf\u00f0i gj\u00f6rt honum, og hann f\u00f3r me\u00f0 Sam\u00fael og \u00feeir bjuggu \u00ed Najot <span class='VideyAth'>a)<\/span>.<a name=\"19\"><span class=\"versanumer\">19<\/span><\/a>\u00deetta fr\u00e9tti S\u00e1l, \u00fev\u00ed menn s\u00f6g\u00f0u: sj\u00e1! Dav\u00ed\u00f0 er \u00ed Najot hj\u00e1 Rama.<a name=\"20\"><span class=\"versanumer\">20<\/span><\/a>\u00de\u00e1 sendi S\u00e1l menn til a\u00f0 s\u00e6kja Dav\u00ed\u00f0, og sem \u00feeir s\u00e1u s\u00f6fnu\u00f0 sp\u00e1mannanna er sp\u00e1\u00f0u, og Sam\u00fael sem var \u00feeirra forst\u00f6\u00f0uma\u00f0ur, svo kom Gu\u00f0s Andi yfir sendimenn S\u00e1ls og \u00feeir sp\u00e1\u00f0u l\u00edka.<a name=\"21\"><span class=\"versanumer\">21<\/span><\/a>Og menn s\u00f6g\u00f0u \u00feetta S\u00e1l og hann sendi a\u00f0ra menn, og \u00feeir sp\u00e1\u00f0u einnegin; og S\u00e1l sendi aftur \u00fe\u00e1 \u00feri\u00f0ju sendimenn, \u00feeir sp\u00e1\u00f0u og.<a name=\"22\"><span class=\"versanumer\">22<\/span><\/a>\u00de\u00e1 f\u00f3r hann sj\u00e1lfur til Rama, og kom a\u00f0 \u00feeirri miklu vatnsgryfju \u00ed Seku og spur\u00f0i og m\u00e6lti: hvar eru \u00feeir Sam\u00fael og Dav\u00ed\u00f0? og menn s\u00f6g\u00f0u: sj\u00e1! \u00ed Najot hj\u00e1 Rama.<a name=\"23\"><span class=\"versanumer\">23<\/span><\/a>Og hann f\u00f3r til Najot hj\u00e1 Rama, og yfir hann kom l\u00edka Gu\u00f0s Andi, og hann gekk alla lei\u00f0ina sp\u00e1andi, \u00feanga\u00f0 til hann kom til Najot hj\u00e1 Rama.<a name=\"24\"><span class=\"versanumer\">24<\/span><\/a>Og l\u00edka kasta\u00f0i hann af s\u00e9r kl\u00e6\u00f0um, og sp\u00e1\u00f0i frammi fyrir Sam\u00fael, og l\u00e1 \u00fear nakinn allan daginn og alla n\u00f3ttina. \u00dev\u00ed er m\u00e1lt\u00e6ki\u00f0: er S\u00e1l og svo me\u00f0al sp\u00e1mannanna.<\/p>\n<div class=\"footnoteVidey\">V. 1. a. Kap. 18,3. 20,17.  V. 5. b. D\u00f3m. 5,18. 9,17.  V. 10. c. Kap. 18,11. 20,33.  V. 13. d. A\u00f0r. h\u00fasgo\u00f0. e. A\u00f0r. og l\u00e9t \u00e1 h\u00f6fu\u00f0 \u00feess geitah\u00e1r.  V. 16. Sbr. v. 13. e.  V. 18. a. St\u00f3lah\u00fasinu, eins og \u00ed fylg: versum.<\/div>\n","protected":false},"excerpt":{"rendered":"<p>S\u00e1ls hatur, J\u00f3natans vinskapur. 1Og S\u00e1l tala\u00f0i vi\u00f0 J\u00f3natan og vi\u00f0 alla s\u00edna \u00fe\u00e9nara um \u00fea\u00f0 a\u00f0 drepa Dav\u00ed\u00f0. En J\u00f3natans sonur S\u00e1ls var miki\u00f0 \u00e1stf\u00f3lginn Dav\u00ed\u00f0 a).2Og J\u00f3natan sag\u00f0i Dav\u00ed\u00f0 fr\u00e1 \u00feessu og m\u00e6lti: fa\u00f0ir minn S\u00e1l s\u00e6kist eftir a\u00f0 dey\u00f0a \u00feig, g\u00e6ttu \u00fe\u00edn n\u00fa \u00e1 morgun, og fel \u00fe\u00fa \u00feig, \u00fear sem \u00fe\u00fa finnst ekki.3En eg vil ganga \u00fat og koma me\u00f0 f\u00f6\u00f0ur m\u00ednum \u00ed \u00fea\u00f0 pl\u00e1ss hvar \u00fe\u00fa ert, og vil tala um \u00feig vi\u00f0 f\u00f6\u00f0ur minn, og vita hva\u00f0 \u00fea\u00f0 er, og segja \u00fe\u00e9r svo aftur.4Og J\u00f3natan tala\u00f0i vel um Dav\u00ed\u00f0 vi\u00f0 f\u00f6\u00f0ur sinn S\u00e1l og <a href=\"https:\/\/biblian.is\/videy\/fyrri-samuelsbok-19-kafli\/\"> [&#8230;]<\/a><\/p>\n","protected":false},"author":1,"featured_media":0,"parent":0,"menu_order":0,"comment_status":"open","ping_status":"open","template":"bibliukaflar.php","meta":{"footnotes":""},"class_list":["post-21104","page","type-page","status-publish","hentry"],"_links":{"self":[{"href":"https:\/\/biblian.is\/videy\/wp-json\/wp\/v2\/pages\/21104","targetHints":{"allow":["GET"]}}],"collection":[{"href":"https:\/\/biblian.is\/videy\/wp-json\/wp\/v2\/pages"}],"about":[{"href":"https:\/\/biblian.is\/videy\/wp-json\/wp\/v2\/types\/page"}],"author":[{"embeddable":true,"href":"https:\/\/biblian.is\/videy\/wp-json\/wp\/v2\/users\/1"}],"replies":[{"embeddable":true,"href":"https:\/\/biblian.is\/videy\/wp-json\/wp\/v2\/comments?post=21104"}],"version-history":[{"count":0,"href":"https:\/\/biblian.is\/videy\/wp-json\/wp\/v2\/pages\/21104\/revisions"}],"wp:attachment":[{"href":"https:\/\/biblian.is\/videy\/wp-json\/wp\/v2\/media?parent=21104"}],"curies":[{"name":"wp","href":"https:\/\/api.w.org\/{rel}","templated":true}]}}