{"id":21103,"date":"2018-01-02T01:00:19","date_gmt":"2018-01-02T01:00:19","guid":{"rendered":"http:\/\/biblian.is\/videy\/fyrri-samuelsbok-18-kafli\/"},"modified":"2018-01-02T01:00:19","modified_gmt":"2018-01-02T01:00:19","slug":"fyrri-samuelsbok-18-kafli","status":"publish","type":"page","link":"https:\/\/biblian.is\/videy\/fyrri-samuelsbok-18-kafli\/","title":{"rendered":"Fyrri Sam\u00faelsb\u00f3k 18. kafli"},"content":{"rendered":"<div class=\"fyrirsognVidey\">Dav\u00ed\u00f0 og J\u00f3natan ver\u00f0a vinir. Konurnar hr\u00f3sa Dav\u00ed\u00f0. S\u00e1l misl\u00edkar, giftir honum \u00fe\u00f3 d\u00f3ttur s\u00edna Mikal.<\/div>\n<p><a name=\"1\"><span class=\"versanumer\">1<\/span><\/a>Og \u00fea\u00f0 ske\u00f0i, er hann haf\u00f0i enda\u00f0 tal sitt vi\u00f0 S\u00e1l, \u00fe\u00e1 batt J\u00f3natans s\u00e1l sig vi\u00f0 Dav\u00ed\u00f0s s\u00e1l, og J\u00f3natan elska\u00f0i hann sem s\u00edna s\u00e1l <span class='VideyAth'>a)<\/span>.<a name=\"2\"><span class=\"versanumer\">2<\/span><\/a>Og S\u00e1l t\u00f3k hann, \u00feann sama dag, og leyf\u00f0i honum ekki a\u00f0 fara heim aftur til f\u00f6\u00f0ur s\u00edns.<a name=\"3\"><span class=\"versanumer\">3<\/span><\/a>Og J\u00f3natan og Dav\u00ed\u00f0 gj\u00f6r\u00f0u f\u00f3stbr\u00e6\u00f0ralag <span class='VideyAth'>b)<\/span> af \u00fev\u00ed hann elska\u00f0i hann sem s\u00edna s\u00e1l.<a name=\"4\"><span class=\"versanumer\">4<\/span><\/a>Og J\u00f3natan f\u00f3r \u00far sinni skikkju sem hann var \u00ed, og gaf hana Dav\u00ed\u00f0, og sinn kyrtil, j\u00e1, sitt sver\u00f0, sinn boga og sitt belti.<a name=\"5\"><span class=\"versanumer\">5<\/span><\/a>Og Dav\u00ed\u00f0 var \u00ed sendif\u00f6rum; hv\u00f6rt sem S\u00e1l sendi hann, haf\u00f0i hann lukku, og S\u00e1l setti hann yfir str\u00ed\u00f0sf\u00f3lki\u00f0, og hann var elska\u00f0ur af \u00f6llu f\u00f3lkinu og l\u00edka \u00fej\u00f3num S\u00e1ls. <br \/><a name=\"6\"><span class=\"versanumer\">6<\/span><\/a>Og \u00fea\u00f0 ske\u00f0i, er \u00feeir f\u00f3ru inn <span class='VideyAth'>(\u00ed sta\u00f0inn)<\/span> \u00fe\u00e1 Dav\u00ed\u00f0 kom til baka og haf\u00f0i lagt a\u00f0 velli Filisteann, a\u00f0 konurnar \u00far \u00f6llum \u00cdsraels st\u00f6\u00f0um gengu \u00fat \u00e1 m\u00f3ti S\u00e1l konungi syngjandi, honum til s\u00f3ma, me\u00f0 b\u00e1s\u00fanum, fagna\u00f0ar\u00f3pi og hlj\u00f3\u00f0f\u00e6rum.<a name=\"7\"><span class=\"versanumer\">7<\/span><\/a>Og konurnar sungu, \u00fe\u00e6r sem l\u00e9ku \u00e1 hlj\u00f3\u00f0f\u00e6rin, og s\u00f6g\u00f0u: S\u00e1l lag\u00f0i a\u00f0 velli s\u00edna \u00fe\u00fasund; en Dav\u00ed\u00f0 s\u00edn t\u00edu \u00fe\u00fasund <span class='VideyAth'>c)<\/span>.<a name=\"8\"><span class=\"versanumer\">8<\/span><\/a>\u00de\u00e1 var\u00f0 S\u00e1l \u00e6farei\u00f0ur, og honum misl\u00edku\u00f0u \u00feessi or\u00f0, og hann sag\u00f0i: Dav\u00ed\u00f0 hafa \u00fe\u00e6r gefi\u00f0 10 \u00fe\u00fasund, og m\u00e9r hafa \u00fe\u00e6r gefi\u00f0 eitt \u00fe\u00fasund; og h\u00e9r eftir f\u00e6r hann k\u00f3ngsr\u00edki\u00f0 \u00ed vi\u00f0b\u00f3t.<a name=\"9\"><span class=\"versanumer\">9<\/span><\/a>Og S\u00e1l leit \u00f6fundaraugum til Dav\u00ed\u00f0s \u00e1vallt upp fr\u00e1 \u00feeim degi. <br \/><a name=\"10\"><span class=\"versanumer\">10<\/span><\/a>Og \u00fea\u00f0 ske\u00f0i annars dags a\u00f0 illur andi fr\u00e1 Gu\u00f0i kom yfir S\u00e1l; og hann \u00e6ddi \u00ed h\u00fasinu, en Dav\u00ed\u00f0 l\u00e9k me\u00f0 sinni hendi \u00feenna dag, eins og alla daga <span class='VideyAth'>(\u00e1 hlj\u00f3\u00f0f\u00e6ri)<\/span>, og S\u00e1ls spj\u00f3t var \u00ed hans hendi.<a name=\"11\"><span class=\"versanumer\">11<\/span><\/a>\u00de\u00e1 skaut S\u00e1l spj\u00f3tinu, og hugsa\u00f0i: eg vil n\u00edsta Dav\u00ed\u00f0 \u00ed gegn upp vi\u00f0 vegginn; en Dav\u00ed\u00f0 skaut s\u00e9r tv\u00edvegis undan.<a name=\"12\"><span class=\"versanumer\">12<\/span><\/a>Og S\u00e1l \u00f3tta\u00f0ist Dav\u00ed\u00f0, \u00fev\u00ed Drottinn var me\u00f0 honum, og fr\u00e1 S\u00e1l var hann vikinn.<a name=\"13\"><span class=\"versanumer\">13<\/span><\/a>Og S\u00e1l l\u00e9t hann fr\u00e1 s\u00e9r, og gj\u00f6r\u00f0i hann a\u00f0 h\u00f6fu\u00f0smanni yfir \u00fe\u00fasund, og hann gekk \u00fat og inn fyrir f\u00f3lkinu.<a name=\"14\"><span class=\"versanumer\">14<\/span><\/a>Og Dav\u00ed\u00f0 var heppinn \u00e1 \u00f6llum s\u00ednum vegum og Drottin var me\u00f0 honum.<a name=\"15\"><span class=\"versanumer\">15<\/span><\/a>Og sem S\u00e1l s\u00e1 \u00fea\u00f0, a\u00f0 hann haf\u00f0i mikla lukku, var\u00f0 hann hr\u00e6ddur vi\u00f0 hann.<a name=\"16\"><span class=\"versanumer\">16<\/span><\/a>En allur \u00cdsrael og J\u00fada elska\u00f0i Dav\u00ed\u00f0, og hann gekk \u00fat og inn fyrir \u00feeim. <br \/><a name=\"17\"><span class=\"versanumer\">17<\/span><\/a>Og S\u00e1l sag\u00f0i vi\u00f0 Dav\u00ed\u00f0: sj\u00e1! m\u00edna elstu d\u00f3ttur Merab vil eg gifta \u00fe\u00e9r, reynstu m\u00e9r a\u00f0eins \u00f6ruggur ma\u00f0ur, og str\u00ed\u00f0 \u00fe\u00fa Drottins str\u00ed\u00f0 <span class='VideyAth'>d)<\/span> en S\u00e1l hugsa\u00f0i: m\u00edna h\u00f6nd skal eg ekki \u00e1 hann leggja; en leggi Filistearnir h\u00f6nd \u00e1 hann.<a name=\"18\"><span class=\"versanumer\">18<\/span><\/a>Og Dav\u00ed\u00f0 m\u00e6lti vi\u00f0 S\u00e1l: hv\u00f6r er eg, og hva\u00f0 mitt l\u00edf, \u00e6tt m\u00edns f\u00f6\u00f0urs \u00ed \u00cdsrael, a\u00f0 eg skyldi ver\u00f0a k\u00f3ngsins tengdasonur?<a name=\"19\"><span class=\"versanumer\">19<\/span><\/a>En \u00fea\u00f0 ske\u00f0i um \u00fea\u00f0 bil sem Merab d\u00f3ttir S\u00e1ls skyldi gefast Dav\u00ed\u00f0, \u00fe\u00e1 var h\u00fan gefin Adriel Meholat\u00edta fyrir konu. <br \/><a name=\"20\"><span class=\"versanumer\">20<\/span><\/a>Og Mikal d\u00f3ttir S\u00e1ls elska\u00f0i Dav\u00ed\u00f0 og S\u00e1l var sagt \u00fea\u00f0, og honum l\u00edka\u00f0i \u00fea\u00f0 vel.<a name=\"21\"><span class=\"versanumer\">21<\/span><\/a>Og S\u00e1l m\u00e6lti: eg vil gefa honum hana svo h\u00fan ver\u00f0i honum a\u00f0 sn\u00f6ru, og h\u00f6nd Filisteanna komi yfir hann. Og S\u00e1l tala\u00f0i \u00ed anna\u00f0 sinn vi\u00f0 Dav\u00ed\u00f0: \u00fe\u00fa skalt m\u00e6gjast vi\u00f0 mig \u00ed dag.<a name=\"22\"><span class=\"versanumer\">22<\/span><\/a>Og S\u00e1l bau\u00f0 s\u00ednum \u00fe\u00e9nurum: tali\u00f0 vi\u00f0 Dav\u00ed\u00f0 heimuglega og segi\u00f0: sj\u00e1! k\u00f3ngurinn er \u00fe\u00e9r velvilja\u00f0ur og allir hans \u00fej\u00f3nar elska \u00feig, svo skaltu n\u00fa m\u00e6gjast vi\u00f0 konunginn.<a name=\"23\"><span class=\"versanumer\">23<\/span><\/a>Og \u00fej\u00f3nar S\u00e1ls t\u00f6lu\u00f0u \u00feessi or\u00f0 fyrir Dav\u00ed\u00f0s eyrum. Og Dav\u00ed\u00f0 m\u00e6lti: \u00feykir y\u00f0ur \u00fea\u00f0 l\u00edti\u00f0 a\u00f0 m\u00e6gjast vi\u00f0 konunginn? eg er f\u00e1t\u00e6kur og l\u00edtilsh\u00e1ttar ma\u00f0ur!<a name=\"24\"><span class=\"versanumer\">24<\/span><\/a>Og \u00fe\u00e9narar S\u00e1ls b\u00e1ru honum \u00feetta og m\u00e6ltu: einmitt \u00feessi or\u00f0 hefir Dav\u00ed\u00f0 tala\u00f0.<a name=\"25\"><span class=\"versanumer\">25<\/span><\/a>Og S\u00e1l m\u00e6lti: segi\u00f0 svo Dav\u00ed\u00f0: k\u00f3ngurinn girnist enga br\u00fa\u00f0arg\u00e1fu <span class='VideyAth'>e)<\/span>, heldur a\u00f0eins hundra\u00f0 forh\u00fa\u00f0ir Filisteanna, svo a\u00f0 hefnd ver\u00f0i goldin fjandm\u00f6nnum konungsins. En S\u00e1l hugsa\u00f0i a\u00f0 l\u00e1ta Dav\u00ed\u00f0 falla fyrir hendi Filisteanna.<a name=\"26\"><span class=\"versanumer\">26<\/span><\/a>Og \u00fej\u00f3nar hans b\u00e1ru Dav\u00ed\u00f0 \u00feessi or\u00f0, og Dav\u00ed\u00f0 l\u00edka\u00f0i \u00feetta a\u00f0 m\u00e6gjast vi\u00f0 k\u00f3nginn. Og enn var ekki t\u00edminn kominn.<a name=\"27\"><span class=\"versanumer\">27<\/span><\/a>\u00de\u00e1 t\u00f3k Dav\u00ed\u00f0 sig til og lag\u00f0i af sta\u00f0, hann og hans menn og felldi me\u00f0al Filisteanna 2 hundru\u00f0 menn og kom me\u00f0 \u00feeirra forh\u00fa\u00f0ir, og menn l\u00f6g\u00f0u \u00fe\u00e6r allar me\u00f0 t\u00f6lu fyrir k\u00f3nginn, svo a\u00f0 hann skyldi n\u00e1 m\u00e6g\u00f0um vi\u00f0 k\u00f3nginn; og S\u00e1l gaf honum Mikal s\u00edna d\u00f3ttur fyrir konu.<a name=\"28\"><span class=\"versanumer\">28<\/span><\/a>Og S\u00e1l s\u00e1 og t\u00f3k eftir \u00fev\u00ed a\u00f0 Drottinn var me\u00f0 Dav\u00ed\u00f0; og Mikal, d\u00f3ttir S\u00e1ls, elska\u00f0i hann <span class='VideyAth'>(Dav\u00ed\u00f0)<\/span>.<a name=\"29\"><span class=\"versanumer\">29<\/span><\/a>Og S\u00e1l hr\u00e6ddist Dav\u00ed\u00f0 enn meir, og s\u00fdndi honum fjandskap alla \u00e6vi. <br \/><a name=\"30\"><span class=\"versanumer\">30<\/span><\/a>Og \u00feegar h\u00f6f\u00f0ingjar Filistea f\u00f3ru \u00ed herna\u00f0, svo ske\u00f0i \u00fea\u00f0, svo oft sem \u00feeir dr\u00f3gu \u00fat, a\u00f0 Dav\u00ed\u00f0 var heppnari en allir \u00fej\u00f3nar S\u00e1ls, og miki\u00f0 or\u00f0 f\u00f3r af honum.<\/p>\n<div class=\"footnoteVidey\">V. 1. a. Kap. 16,21. 19,1.  V. 3. b. Kap. 20,8. 2 Sam. 21,7.  V. 7. c. Kap. 21,11. 29,5.  V. 17. d. A\u00f0r. og berstu bard\u00f6gum Drottins. Kap. 25,28.  V. 25. e. Konur voru keyptar af fe\u00f0rum \u00feeirra.<\/div>\n","protected":false},"excerpt":{"rendered":"<p>Dav\u00ed\u00f0 og J\u00f3natan ver\u00f0a vinir. Konurnar hr\u00f3sa Dav\u00ed\u00f0. S\u00e1l misl\u00edkar, giftir honum \u00fe\u00f3 d\u00f3ttur s\u00edna Mikal. 1Og \u00fea\u00f0 ske\u00f0i, er hann haf\u00f0i enda\u00f0 tal sitt vi\u00f0 S\u00e1l, \u00fe\u00e1 batt J\u00f3natans s\u00e1l sig vi\u00f0 Dav\u00ed\u00f0s s\u00e1l, og J\u00f3natan elska\u00f0i hann sem s\u00edna s\u00e1l a).2Og S\u00e1l t\u00f3k hann, \u00feann sama dag, og leyf\u00f0i honum ekki a\u00f0 fara heim aftur til f\u00f6\u00f0ur s\u00edns.3Og J\u00f3natan og Dav\u00ed\u00f0 gj\u00f6r\u00f0u f\u00f3stbr\u00e6\u00f0ralag b) af \u00fev\u00ed hann elska\u00f0i hann sem s\u00edna s\u00e1l.4Og J\u00f3natan f\u00f3r \u00far sinni skikkju sem hann var \u00ed, og gaf hana Dav\u00ed\u00f0, og sinn kyrtil, j\u00e1, sitt sver\u00f0, sinn boga og sitt belti.5Og Dav\u00ed\u00f0 var <a href=\"https:\/\/biblian.is\/videy\/fyrri-samuelsbok-18-kafli\/\"> [&#8230;]<\/a><\/p>\n","protected":false},"author":1,"featured_media":0,"parent":0,"menu_order":0,"comment_status":"open","ping_status":"open","template":"bibliukaflar.php","meta":{"footnotes":""},"class_list":["post-21103","page","type-page","status-publish","hentry"],"_links":{"self":[{"href":"https:\/\/biblian.is\/videy\/wp-json\/wp\/v2\/pages\/21103","targetHints":{"allow":["GET"]}}],"collection":[{"href":"https:\/\/biblian.is\/videy\/wp-json\/wp\/v2\/pages"}],"about":[{"href":"https:\/\/biblian.is\/videy\/wp-json\/wp\/v2\/types\/page"}],"author":[{"embeddable":true,"href":"https:\/\/biblian.is\/videy\/wp-json\/wp\/v2\/users\/1"}],"replies":[{"embeddable":true,"href":"https:\/\/biblian.is\/videy\/wp-json\/wp\/v2\/comments?post=21103"}],"version-history":[{"count":0,"href":"https:\/\/biblian.is\/videy\/wp-json\/wp\/v2\/pages\/21103\/revisions"}],"wp:attachment":[{"href":"https:\/\/biblian.is\/videy\/wp-json\/wp\/v2\/media?parent=21103"}],"curies":[{"name":"wp","href":"https:\/\/api.w.org\/{rel}","templated":true}]}}