{"id":21101,"date":"2018-01-02T01:00:19","date_gmt":"2018-01-02T01:00:19","guid":{"rendered":"http:\/\/biblian.is\/videy\/fyrri-samuelsbok-16-kafli\/"},"modified":"2018-01-02T01:00:19","modified_gmt":"2018-01-02T01:00:19","slug":"fyrri-samuelsbok-16-kafli","status":"publish","type":"page","link":"https:\/\/biblian.is\/videy\/fyrri-samuelsbok-16-kafli\/","title":{"rendered":"Fyrri Sam\u00faelsb\u00f3k 16. kafli"},"content":{"rendered":"<div class=\"fyrirsognVidey\">Dav\u00ed\u00f0 er smur\u00f0ur til k\u00f3ngs og kemst \u00ed hir\u00f0 S\u00e1ls.<\/div>\n<p><a name=\"1\"><span class=\"versanumer\">1<\/span><\/a>Og Drottinn sag\u00f0i til Sam\u00faels: hva\u00f0 lengi \u00e6tlar \u00fe\u00fa a\u00f0 vera sorgm\u00e6ddur vegna S\u00e1ls, \u00fear e\u00f0 eg \u00fe\u00f3 hefi \u00fatsk\u00fafa\u00f0 honum <span class='VideyAth'>d)<\/span>, a\u00f0 hann s\u00e9 ekki framar k\u00f3ngur yfir \u00cdsrael? fyll \u00fe\u00fa horn \u00feitt me\u00f0 vi\u00f0smj\u00f6r og legg \u00fe\u00fa af sta\u00f0, eg sendi \u00feig til \u00cdsa\u00ed Betlehem\u00edtans; \u00fev\u00ed eg hefi me\u00f0al hans sona \u00fats\u00e9\u00f0 m\u00e9r konung.<a name=\"2\"><span class=\"versanumer\">2<\/span><\/a>Og Sam\u00fael m\u00e6lti: hv\u00f6rnig get eg fari\u00f0 \u00feessa fer\u00f0? \u00fev\u00ed fr\u00e9tti S\u00e1l \u00fea\u00f0, svo drepur hann mig. Og Drottinn sag\u00f0i: tak \u00fe\u00fa me\u00f0 \u00fe\u00e9r k\u00e1lf, og seg\u00f0u: eg kem til a\u00f0 f\u00e6ra Drottni f\u00f3rn.<a name=\"3\"><span class=\"versanumer\">3<\/span><\/a>Og bj\u00f3\u00f0 \u00fe\u00fa \u00cdsa\u00ed til f\u00f3rnarm\u00e1lt\u00ed\u00f0arinnar, og eg skal l\u00e1ta \u00feig vita hva\u00f0 \u00fe\u00fa \u00e1tt a\u00f0 gj\u00f6ra, og \u00fe\u00fa skalt smyrja m\u00e9r \u00feann sem eg mun segja \u00fe\u00e9r.<a name=\"4\"><span class=\"versanumer\">4<\/span><\/a>Og Sam\u00fael gj\u00f6r\u00f0i \u00fea\u00f0 sem Drottinn sag\u00f0i og kom til Betlehem. \u00de\u00e1 komu \u00feeir elstu \u00ed sta\u00f0num me\u00f0 fl\u00fdtir honum \u00e1 m\u00f3ti og s\u00f6g\u00f0u: bo\u00f0ar \u00fe\u00edn koma gott <span class='VideyAth'>(fri\u00f0)<\/span>.<a name=\"5\"><span class=\"versanumer\">5<\/span><\/a><span class='VideyAth'>e)<\/span> Og hann m\u00e6lti: <span class='VideyAth'>(j\u00e1)<\/span> gott <span class='VideyAth'>(fri\u00f0)<\/span>, eg kem til a\u00f0 f\u00e6ra Drottni f\u00f3rn. Og hann helga\u00f0i \u00cdsa\u00ed og hans syni og bau\u00f0 \u00feeim til f\u00f3rnarm\u00e1lt\u00ed\u00f0arinnar. <br \/><a name=\"6\"><span class=\"versanumer\">6<\/span><\/a>Og \u00fea\u00f0 ske\u00f0i, \u00fe\u00e1 \u00feeir komu, a\u00f0 hann s\u00e1 El\u00edab, og hugsa\u00f0i: vissulega er \u00feessi fyrir Drottni, hans smur\u00f0i!<a name=\"7\"><span class=\"versanumer\">7<\/span><\/a>en Drottinn sag\u00f0i til Sam\u00faels: l\u00edttu ekki \u00e1 hans skapna\u00f0 e\u00f0a hans v\u00f6xt, \u00fev\u00ed eg hefi honum \u00fatsk\u00fafa\u00f0; eg l\u00edt ekki \u00e1 \u00fea\u00f0 sem menn l\u00edta \u00e1, \u00fev\u00ed menn l\u00edta \u00e1 augun <span class='VideyAth'>f)<\/span> en Drottinn l\u00edtur \u00e1 hjarta\u00f0 <span class='VideyAth'>g)<\/span>.<a name=\"8\"><span class=\"versanumer\">8<\/span><\/a>\u00de\u00e1 kalla\u00f0i \u00cdsa\u00ed \u00e1 Ab\u00ednadab, og l\u00e9t hann ganga framhj\u00e1 Sam\u00faeli; og hann m\u00e6lti: ekki hefir Drottinn \u00fatvali\u00f0 \u00feenna.<a name=\"9\"><span class=\"versanumer\">9<\/span><\/a>\u00de\u00e1 l\u00e9t Isa\u00ed Sammi framhj\u00e1 ganga, og hann m\u00e6lti: ekki hefir Drottinn \u00fatvali\u00f0 \u00feenna.<a name=\"10\"><span class=\"versanumer\">10<\/span><\/a>Og svo l\u00e9t \u00cdsa\u00ed sj\u00f6 syni s\u00edna ganga framhj\u00e1 frammi fyrir Sam\u00faeli. \u00de\u00e1 m\u00e6lti Sam\u00fael vi\u00f0 \u00cdsa\u00ed: Drottinn hefir ekki \u00fatvali\u00f0 \u00feessa.<a name=\"11\"><span class=\"versanumer\">11<\/span><\/a>Og Sam\u00fael sag\u00f0i til \u00cdsa\u00ed: eru \u00feetta allir sveinarnir? og hann m\u00e6lti: enn er s\u00e1 yngsti eftir, og sj\u00e1! hann g\u00e6tir sau\u00f0a. Og Sam\u00fael m\u00e6lti: send \u00fe\u00fa eftir honum og l\u00e1ttu hann koma, \u00fev\u00ed v\u00e9r setjumst ekki til bor\u00f0s fyrr enn hann kemur hinga\u00f0.<a name=\"12\"><span class=\"versanumer\">12<\/span><\/a>Og svo sendi hann, og l\u00e9t hann koma, en hann var rau\u00f0ur \u00e1 h\u00e1r <span class='VideyAth'>h)<\/span> og eyg\u00f0ur vel og svipg\u00f3\u00f0ur. Og Drottinn sag\u00f0i: statt\u00fa upp og smyr \u00feenna, \u00fev\u00ed \u00feessi er \u00fea\u00f0.<a name=\"13\"><span class=\"versanumer\">13<\/span><\/a>\u00de\u00e1 t\u00f3k Sam\u00fael vi\u00f0smj\u00f6rshorni\u00f0 og smur\u00f0i hann <span class='VideyAth'>i)<\/span> mitt \u00e1 me\u00f0al hans br\u00e6\u00f0ra. Og Drottins Andi kom yfir Dav\u00ed\u00f0 upp fr\u00e1 \u00feeim degi. Og Sam\u00fael t\u00f3k sig upp og f\u00f3r til Rama <span class='VideyAth'>a)<\/span>. <br \/><a name=\"14\"><span class=\"versanumer\">14<\/span><\/a>En Drottins Andi veik fr\u00e1 S\u00e1l, og vondur andi fr\u00e1 Drottni angra\u00f0i hann.<a name=\"15\"><span class=\"versanumer\">15<\/span><\/a>\u00de\u00e1 s\u00f6g\u00f0u \u00fej\u00f3nar S\u00e1ls vi\u00f0 hann: illur andi fr\u00e1 Gu\u00f0i angrar \u00feig.<a name=\"16\"><span class=\"versanumer\">16<\/span><\/a>Tali \u00fev\u00ed, vor herra! \u00fe\u00ednir \u00fej\u00f3nar standa frammi fyrir \u00fe\u00e9r, \u00feeir munu leita upp mann sem kann hlj\u00f3\u00f0f\u00e6rasl\u00e1tt <span class='VideyAth'>b)<\/span>, og \u00feegar s\u00e1 illi andi kemur yfir \u00feig fr\u00e1 Gu\u00f0i, \u00fe\u00e1 getur hann spila\u00f0 me\u00f0 sinni hendi, svo \u00fe\u00e9r batni.<a name=\"17\"><span class=\"versanumer\">17<\/span><\/a>Og S\u00e1l sag\u00f0i til sinna \u00fe\u00e9nara: finni\u00f0 m\u00e9r mann sem vel kann \u00e1 hlj\u00f3\u00f0f\u00e6ri, og f\u00e6ri\u00f0 m\u00e9r hann.<a name=\"18\"><span class=\"versanumer\">18<\/span><\/a>Og einn af \u00fe\u00e9nurunum svara\u00f0i og m\u00e6lti: sj\u00e1! eg hefi s\u00e9\u00f0 einn af sonum \u00cdsa\u00ed Betlehem\u00edta, sem kann \u00e1 hlj\u00f3\u00f0f\u00e6ri og er hraustur kappi og str\u00ed\u00f0sma\u00f0ur, vel m\u00e1li farinn og vel vaxinn <span class='VideyAth'>c)<\/span>, og Drottinn er me\u00f0 honum.<a name=\"19\"><span class=\"versanumer\">19<\/span><\/a>\u00de\u00e1 gj\u00f6r\u00f0i S\u00e1l sendimann til \u00cdsa\u00ed og sag\u00f0i: sent\u00fa Dav\u00ed\u00f0 son \u00feinn sem er hj\u00e1 sau\u00f0unum til m\u00edn.<a name=\"20\"><span class=\"versanumer\">20<\/span><\/a>\u00de\u00e1 t\u00f3k \u00cdsa\u00ed asna me\u00f0 brau\u00f0 og v\u00ednbelg og geithafur, og sendi til S\u00e1l me\u00f0 Dav\u00ed\u00f0 syni s\u00ednum.<a name=\"21\"><span class=\"versanumer\">21<\/span><\/a>Og svo kom Dav\u00ed\u00f0 til S\u00e1l og st\u00f3\u00f0 frammi fyrir honum og gj\u00f6r\u00f0ist honum mj\u00f6g k\u00e6r og var\u00f0 hans skjaldsveinn.<a name=\"22\"><span class=\"versanumer\">22<\/span><\/a>Og S\u00e1l sendi til \u00cdsa\u00ed og m\u00e6lti: l\u00e1ttu Dav\u00ed\u00f0 standa frammi fyrir m\u00e9r, \u00fev\u00ed hann hefir fundi\u00f0 n\u00e1\u00f0 \u00ed m\u00ednum augum.<a name=\"23\"><span class=\"versanumer\">23<\/span><\/a>Og \u00fea\u00f0 ske\u00f0i \u00feegar Andi Drottins kom yfir S\u00e1l, \u00fe\u00e1 t\u00f3k Dav\u00ed\u00f0 sitt hlj\u00f3\u00f0f\u00e6ri og l\u00e9k me\u00f0 sinni hendi, \u00fe\u00e1 var\u00f0 S\u00e1l l\u00e9ttara og betra, og s\u00e1 illi andi veik fr\u00e1 honum.<\/p>\n<div class=\"footnoteVidey\">V. 1. d. Kap. 15,23.  V. 4. e. 2 K\u00f3ng. 9,18.  V. 7. f. A\u00f0r. \u00fea\u00f0 sem er fyrir augunum. g. S\u00e1lm. 7,10. 17,3. Jer. 11,20. 17,10. 20,12.  V. 12. h. Kap. 17,42. Gen. 25,25.  V. 13. i. S\u00e1lm. 89,21. a. Kap. 15,34.  V. 16. b. 2 K\u00f3ng. 3,15.  V. 18. c. Gen. 29,17.<\/div>\n","protected":false},"excerpt":{"rendered":"<p>Dav\u00ed\u00f0 er smur\u00f0ur til k\u00f3ngs og kemst \u00ed hir\u00f0 S\u00e1ls. 1Og Drottinn sag\u00f0i til Sam\u00faels: hva\u00f0 lengi \u00e6tlar \u00fe\u00fa a\u00f0 vera sorgm\u00e6ddur vegna S\u00e1ls, \u00fear e\u00f0 eg \u00fe\u00f3 hefi \u00fatsk\u00fafa\u00f0 honum d), a\u00f0 hann s\u00e9 ekki framar k\u00f3ngur yfir \u00cdsrael? fyll \u00fe\u00fa horn \u00feitt me\u00f0 vi\u00f0smj\u00f6r og legg \u00fe\u00fa af sta\u00f0, eg sendi \u00feig til \u00cdsa\u00ed Betlehem\u00edtans; \u00fev\u00ed eg hefi me\u00f0al hans sona \u00fats\u00e9\u00f0 m\u00e9r konung.2Og Sam\u00fael m\u00e6lti: hv\u00f6rnig get eg fari\u00f0 \u00feessa fer\u00f0? \u00fev\u00ed fr\u00e9tti S\u00e1l \u00fea\u00f0, svo drepur hann mig. Og Drottinn sag\u00f0i: tak \u00fe\u00fa me\u00f0 \u00fe\u00e9r k\u00e1lf, og seg\u00f0u: eg kem til a\u00f0 f\u00e6ra Drottni f\u00f3rn.3Og bj\u00f3\u00f0 <a href=\"https:\/\/biblian.is\/videy\/fyrri-samuelsbok-16-kafli\/\"> [&#8230;]<\/a><\/p>\n","protected":false},"author":1,"featured_media":0,"parent":0,"menu_order":0,"comment_status":"open","ping_status":"open","template":"bibliukaflar.php","meta":{"footnotes":""},"class_list":["post-21101","page","type-page","status-publish","hentry"],"_links":{"self":[{"href":"https:\/\/biblian.is\/videy\/wp-json\/wp\/v2\/pages\/21101","targetHints":{"allow":["GET"]}}],"collection":[{"href":"https:\/\/biblian.is\/videy\/wp-json\/wp\/v2\/pages"}],"about":[{"href":"https:\/\/biblian.is\/videy\/wp-json\/wp\/v2\/types\/page"}],"author":[{"embeddable":true,"href":"https:\/\/biblian.is\/videy\/wp-json\/wp\/v2\/users\/1"}],"replies":[{"embeddable":true,"href":"https:\/\/biblian.is\/videy\/wp-json\/wp\/v2\/comments?post=21101"}],"version-history":[{"count":0,"href":"https:\/\/biblian.is\/videy\/wp-json\/wp\/v2\/pages\/21101\/revisions"}],"wp:attachment":[{"href":"https:\/\/biblian.is\/videy\/wp-json\/wp\/v2\/media?parent=21101"}],"curies":[{"name":"wp","href":"https:\/\/api.w.org\/{rel}","templated":true}]}}