{"id":21100,"date":"2018-01-02T01:00:19","date_gmt":"2018-01-02T01:00:19","guid":{"rendered":"http:\/\/biblian.is\/videy\/fyrri-samuelsbok-15-kafli\/"},"modified":"2018-01-02T01:00:19","modified_gmt":"2018-01-02T01:00:19","slug":"fyrri-samuelsbok-15-kafli","status":"publish","type":"page","link":"https:\/\/biblian.is\/videy\/fyrri-samuelsbok-15-kafli\/","title":{"rendered":"Fyrri Sam\u00faelsb\u00f3k 15. kafli"},"content":{"rendered":"<div class=\"fyrirsognVidey\">S\u00e1ls \u00f3hl\u00fd\u00f0ni.<\/div>\n<p><a name=\"1\"><span class=\"versanumer\">1<\/span><\/a>Og Sam\u00fael sag\u00f0i vi\u00f0 S\u00e1l: Drottinn sendi mig til a\u00f0 smyrja \u00feig til k\u00f3ngs yfir sitt f\u00f3lk yfir \u00cdsrael; og hl\u00fd\u00f0 n\u00fa or\u00f0um Drottins.<a name=\"2\"><span class=\"versanumer\">2<\/span><\/a>Svo segir Drottinn allsherjar: eg hefi s\u00e9\u00f0 \u00fea\u00f0 sem Amalek\u00edtar <span class='VideyAth'>f)<\/span> hafa gj\u00f6rt \u00cdsrael, hv\u00f6rsu \u00feeir settu sig \u00ed veg fyrir \u00cdsrael \u00fe\u00e1 hann f\u00f3r \u00fat af Egyptalandi.<a name=\"3\"><span class=\"versanumer\">3<\/span><\/a>Legg \u00fe\u00fa n\u00fa af sta\u00f0, og sl\u00e1 Amalek, og ey\u00f0ilegg allt sem honum tilheyrir, og \u00fe\u00fa skalt ekki hl\u00edfa honum, og drep \u00fe\u00fa svo mann sem konu, svo barn sem brj\u00f3stmylking, svo uxa sem sau\u00f0, svo \u00falfalda sem asna.<a name=\"4\"><span class=\"versanumer\">4<\/span><\/a>\u00de\u00e1 kalla\u00f0i S\u00e1l f\u00f3lki\u00f0, og kanna\u00f0i herinn \u00ed Telaim, 2 hundru\u00f0 \u00fe\u00fasund manns af f\u00f3tg\u00f6nguli\u00f0i, og 10 \u00fe\u00fasund manns af J\u00fada. <br \/><a name=\"5\"><span class=\"versanumer\">5<\/span><\/a>Og S\u00e1l kom allt a\u00f0 sta\u00f0 Amaleks og setti launs\u00e1tur <span class='VideyAth'>a)<\/span> \u00ed dalinn.<a name=\"6\"><span class=\"versanumer\">6<\/span><\/a>Og S\u00e1l sag\u00f0i til Kenitanna: fari\u00f0, v\u00edki\u00f0, leggi\u00f0 burt \u00far flokki Amalek\u00edta, a\u00f0 eg ekki ey\u00f0ileggi y\u00f0ur me\u00f0 \u00feeim, \u00fev\u00ed \u00fe\u00e9r hafi\u00f0 s\u00fdnt \u00cdsraelssonum g\u00f3\u00f0semi \u00feegar \u00feeir f\u00f3ru \u00far Egyptalandi. Og svo viku Ken\u00edtar \u00far li\u00f0i Amaleks.<a name=\"7\"><span class=\"versanumer\">7<\/span><\/a>Og S\u00e1l hrakti Amalek fr\u00e1 Hev\u00edla allt til S\u00far, sem liggur gegnt Egyptalandi.<a name=\"8\"><span class=\"versanumer\">8<\/span><\/a>Og hann t\u00f3k Agag k\u00f3ng Amalek\u00edta lifandi, en ey\u00f0ilag\u00f0i allt f\u00f3lki\u00f0 me\u00f0 sver\u00f0seggjum.<a name=\"9\"><span class=\"versanumer\">9<\/span><\/a>Og S\u00e1l og f\u00f3lki\u00f0 v\u00e6g\u00f0i Agag og \u00feeim bestu sau\u00f0um og nautum og \u00fev\u00ed sem gekk \u00feeim n\u00e6st, og l\u00f6mbum og \u00f6llu sem gott var, og \u00feeir vildu ekki ey\u00f0ileggja \u00fea\u00f0; en allt sem var l\u00e9legt og \u00f3n\u00fdtt \u00fea\u00f0 ey\u00f0il\u00f6g\u00f0u \u00feeir. <br \/><a name=\"10\"><span class=\"versanumer\">10<\/span><\/a>\u00de\u00e1 kom or\u00f0 Drottins til Sam\u00faels og sag\u00f0i:<a name=\"11\"><span class=\"versanumer\">11<\/span><\/a>mig i\u00f0rar \u00feess a\u00f0 eg gj\u00f6r\u00f0i S\u00e1l a\u00f0 konungi, \u00fev\u00ed hann hefir sn\u00fai\u00f0 s\u00e9r fr\u00e1 m\u00e9r og ekki hl\u00fdtt m\u00ednum or\u00f0um og Sam\u00fael reiddist og kalla\u00f0i til Drottins alla n\u00f3ttina.<a name=\"12\"><span class=\"versanumer\">12<\/span><\/a>Og Sam\u00fael reis snemma a\u00f0 hitta S\u00e1l um morguninn. Og Sam\u00faeli var sagt: S\u00e1l er komin til Karmel, og sj\u00e1! hann reisir s\u00e9r minnismerki <span class='VideyAth'>b)<\/span>, og hefir svo sn\u00fai\u00f0 fer\u00f0inni \u00fea\u00f0an og er genginn lengra, \u00fe. e. til Gilgal.<a name=\"13\"><span class=\"versanumer\">13<\/span><\/a>Og er Sam\u00fael kom til S\u00e1l, m\u00e6lti S\u00e1l til hans: blessa\u00f0ur s\u00e9rt \u00fe\u00fa af Drottni <span class='VideyAth'>c)<\/span>! eg hefi gj\u00f6rt fullnustu Drottins or\u00f0i.<a name=\"14\"><span class=\"versanumer\">14<\/span><\/a>Og Sam\u00fael m\u00e6lti: hva\u00f0a sau\u00f0ajarmur er \u00fe\u00e1 fyrir m\u00ednum eyrum, og hva\u00f0a nautabaul, sem eg heyri?<a name=\"15\"><span class=\"versanumer\">15<\/span><\/a>Og S\u00e1l m\u00e6lti: fr\u00e1 Amalek\u00edtum kom eg me\u00f0 \u00feau, af \u00fev\u00ed a\u00f0 f\u00f3lki\u00f0 hl\u00edf\u00f0i \u00feeim bestu sau\u00f0um og nautum til a\u00f0 offra \u00feau Drottni \u00fe\u00ednum Gu\u00f0i; en hi\u00f0 anna\u00f0 h\u00f6fum v\u00e9r ey\u00f0ilagt.<a name=\"16\"><span class=\"versanumer\">16<\/span><\/a>Og Sam\u00fael m\u00e6lti til S\u00e1l: b\u00edddu me\u00f0an eg kunngj\u00f6ri \u00fe\u00e9r \u00fea\u00f0, sem Gu\u00f0 hefir tala\u00f0 vi\u00f0 mig \u00ed n\u00f3tt. Og hann sag\u00f0i vi\u00f0 hann: tala \u00fe\u00fa!<br \/><a name=\"17\"><span class=\"versanumer\">17<\/span><\/a>Og Sam\u00fael m\u00e6lti: er ekki svo, me\u00f0an \u00fe\u00fa varst l\u00edtill \u00ed \u00fe\u00ednum augum, svo varstu gj\u00f6r\u00f0ur h\u00f6f\u00f0ingi \u00cdsraels \u00e6ttkv\u00edsla og Drottinn smur\u00f0i \u00feig til k\u00f3ngs yfir \u00cdsrael;<a name=\"18\"><span class=\"versanumer\">18<\/span><\/a>og Drottinn sendi \u00feig og sag\u00f0i: far \u00fe\u00fa og ey\u00f0ilegg syndarana, Amalek\u00edta, og berstu vi\u00f0 \u00fe\u00e1 \u00feanga\u00f0 til \u00fe\u00fa uppr\u00e6tir \u00fe\u00e1;<a name=\"19\"><span class=\"versanumer\">19<\/span><\/a>en hvarfyrir hefir \u00fe\u00fa ekki hl\u00fdtt Drottins r\u00f6dd, og hefir kasta\u00f0 \u00fe\u00e9r yfir herfangi\u00f0 og gj\u00f6rt illt \u00ed augum Drottins?<a name=\"20\"><span class=\"versanumer\">20<\/span><\/a>Og S\u00e1l m\u00e6lti til Sam\u00faels: eg hefi hl\u00fdtt r\u00f6dd Drottins, og hefi fari\u00f0 \u00feann veg sem Drottinn sendi mig, og hefi komi\u00f0 hinga\u00f0 me\u00f0 Agag Amalek\u00edta k\u00f3ng, og ey\u00f0ilagt Amalek\u00edtana.<a name=\"21\"><span class=\"versanumer\">21<\/span><\/a>En f\u00f3lki\u00f0 hefir teki\u00f0 af herfanginu sau\u00f0i og naut, \u00fea\u00f0 besta af \u00fev\u00ed bannf\u00e6r\u00f0a, til a\u00f0 f\u00f3rnf\u00e6ra \u00fea\u00f0 Drottni \u00fe\u00ednum Gu\u00f0i \u00ed Gilgal.<a name=\"22\"><span class=\"versanumer\">22<\/span><\/a>Og Sam\u00fael m\u00e6lti vi\u00f0 S\u00e1l: hefir Drottinn lyst \u00e1 brennif\u00f3rn og sl\u00e1turf\u00f3rn eins og \u00e1 hl\u00fd\u00f0ni vi\u00f0 sig <span class='VideyAth'>(Drottin)<\/span>? sj\u00e1! hl\u00fd\u00f0ni er betri en offur; gaumg\u00e6fni betri en feiti hr\u00fatanna,<a name=\"23\"><span class=\"versanumer\">23<\/span><\/a>\u00fev\u00ed \u00ferj\u00f3ska er galdragl\u00e6pur og ein\u00feykkni afgu\u00f0ad\u00fdrkun, \u00feess vegna fyrst \u00fe\u00fa hefir burtsnara\u00f0 Drottins or\u00f0i, svo hefir hann burtsnara\u00f0 \u00fe\u00e9r, a\u00f0 \u00fe\u00fa s\u00e9rt ekki framar konungur <span class='VideyAth'>d)<\/span>.<a name=\"24\"><span class=\"versanumer\">24<\/span><\/a>Og S\u00e1l sag\u00f0i til Sam\u00faels: eg hefi syndga\u00f0, a\u00f0 eg yfirtr\u00f3\u00f0 Drottins bo\u00f0 og \u00fe\u00edn or\u00f0; \u00fev\u00ed eg \u00f3tta\u00f0ist f\u00f3lki\u00f0 og heyr\u00f0i \u00feess r\u00f6dd.<a name=\"25\"><span class=\"versanumer\">25<\/span><\/a>Og fyrirgef m\u00e9r n\u00fa m\u00edna synd, og sn\u00fa \u00fe\u00fa vi\u00f0 me\u00f0 m\u00e9r, a\u00f0 eg tilbi\u00f0ji Drottin.<a name=\"26\"><span class=\"versanumer\">26<\/span><\/a>Og Sam\u00fael sag\u00f0i vi\u00f0 S\u00e1l: eg sn\u00fd ekki vi\u00f0 me\u00f0 \u00fe\u00e9r; \u00fear e\u00f0 \u00fe\u00fa hefir burtsnara\u00f0 Drottins or\u00f0i, svo mun Drottinn burtsnara \u00fe\u00e9r a\u00f0 \u00fe\u00fa s\u00e9rt ekki framar k\u00f3ngur yfir \u00cdsrael.<a name=\"27\"><span class=\"versanumer\">27<\/span><\/a>Og svo sneri Sam\u00fael s\u00e9r til a\u00f0 fara af sta\u00f0, \u00fe\u00e1 greip hann <span class='VideyAth'>(S\u00e1l)<\/span> \u00ed lafi\u00f0 \u00e1 hans skikkju og reif sundur.<a name=\"28\"><span class=\"versanumer\">28<\/span><\/a>\u00de\u00e1 m\u00e6lti Sam\u00fael til hans: \u00ed dag hefir Drottinn rifi\u00f0 konungd\u00f3minn fr\u00e1 \u00fe\u00e9r <span class='VideyAth'>a)<\/span> og gefi\u00f0 hann \u00f6\u00f0rum sem er betri en \u00fe\u00fa.<a name=\"29\"><span class=\"versanumer\">29<\/span><\/a>Ekki l\u00fdgur heldur \u00cdsraels athvarf, og i\u00f0rast ekki, \u00fev\u00ed hann er ekki ma\u00f0ur a\u00f0 hann i\u00f0rist <span class='VideyAth'>b)<\/span>.<a name=\"30\"><span class=\"versanumer\">30<\/span><\/a>Og hann <span class='VideyAth'>(S\u00e1l)<\/span> m\u00e6lti: eg hefi syndga\u00f0! hei\u00f0ra mig samt \u00ed augs\u00fdn hinna elstu af m\u00ednu f\u00f3lki, og frammi fyrir \u00cdsrael; og sn\u00fa n\u00fa vi\u00f0 me\u00f0 m\u00e9r, a\u00f0 eg tilbi\u00f0ji fyrir Drottni \u00fe\u00ednum Gu\u00f0i.<a name=\"31\"><span class=\"versanumer\">31<\/span><\/a>\u00de\u00e1 sneri Sam\u00fael vi\u00f0 <span class='VideyAth'>(og kom \u00e1)<\/span> eftir S\u00e1l, og S\u00e1l tilba\u00f0 frammi fyrir Drottni.<br \/><a name=\"32\"><span class=\"versanumer\">32<\/span><\/a>Og Sam\u00fael m\u00e6lti: f\u00e6ri\u00f0 m\u00e9r Agag, Amalekskonung, og Agag kom til hans k\u00e1tur og m\u00e6lti: dau\u00f0ans beiskja er vissulega farin!<a name=\"33\"><span class=\"versanumer\">33<\/span><\/a>Og Sam\u00fael m\u00e6lti: eins og \u00feitt sver\u00f0 hefir gj\u00f6rt konur barnlausar, svo s\u00e9 \u00fe\u00edn m\u00f3\u00f0ir, konum framar <span class='VideyAth'>c)<\/span>, barnlaus! Og Sam\u00fael hj\u00f3 Agag \u00ed stykki fyrir Drottni \u00ed Gilgal.<a name=\"34\"><span class=\"versanumer\">34<\/span><\/a>Svo f\u00f3r Sam\u00fael til Rama og S\u00e1l f\u00f3r heim \u00ed sitt h\u00fas \u00ed G\u00edbea S\u00e1ls.<a name=\"35\"><span class=\"versanumer\">35<\/span><\/a>Og Sam\u00fael s\u00e1 ekki S\u00e1l upp fr\u00e1 \u00fev\u00ed til s\u00edns dau\u00f0adags, \u00fev\u00ed Sam\u00fael var sorgm\u00e6ddur \u00fat af S\u00e1l, og Drottinn i\u00f0ra\u00f0i \u00feess a\u00f0 hann haf\u00f0i gj\u00f6rt S\u00e1l konung yfir \u00cdsrael.<\/p>\n<div class=\"footnoteVidey\">V. 2. f. Ex. 17,8. N\u00fam. 24,20. Devt. 25,17.  V. 5. a. J\u00f3s. 8,2. D\u00f3m. 20,29.  V. 7. 1 M\u00f3sb. 25,18.  V. 12. b. 2 Sam. 18,18. Es. 56,5.  V. 13. c. D\u00f3m. 17,2. Rut. 3,10.  V. 23. d. Kap. 16,1.  V. 28. a. Kap. 28,17. 1 K\u00f3ng. 11,11.  V. 29. b. N\u00fam. 23,19.  V. 33. c. A\u00f0r. (me\u00f0al kvenna).<\/div>\n","protected":false},"excerpt":{"rendered":"<p>S\u00e1ls \u00f3hl\u00fd\u00f0ni. 1Og Sam\u00fael sag\u00f0i vi\u00f0 S\u00e1l: Drottinn sendi mig til a\u00f0 smyrja \u00feig til k\u00f3ngs yfir sitt f\u00f3lk yfir \u00cdsrael; og hl\u00fd\u00f0 n\u00fa or\u00f0um Drottins.2Svo segir Drottinn allsherjar: eg hefi s\u00e9\u00f0 \u00fea\u00f0 sem Amalek\u00edtar f) hafa gj\u00f6rt \u00cdsrael, hv\u00f6rsu \u00feeir settu sig \u00ed veg fyrir \u00cdsrael \u00fe\u00e1 hann f\u00f3r \u00fat af Egyptalandi.3Legg \u00fe\u00fa n\u00fa af sta\u00f0, og sl\u00e1 Amalek, og ey\u00f0ilegg allt sem honum tilheyrir, og \u00fe\u00fa skalt ekki hl\u00edfa honum, og drep \u00fe\u00fa svo mann sem konu, svo barn sem brj\u00f3stmylking, svo uxa sem sau\u00f0, svo \u00falfalda sem asna.4\u00de\u00e1 kalla\u00f0i S\u00e1l f\u00f3lki\u00f0, og kanna\u00f0i herinn \u00ed Telaim, 2 <a href=\"https:\/\/biblian.is\/videy\/fyrri-samuelsbok-15-kafli\/\"> [&#8230;]<\/a><\/p>\n","protected":false},"author":1,"featured_media":0,"parent":0,"menu_order":0,"comment_status":"open","ping_status":"open","template":"bibliukaflar.php","meta":{"footnotes":""},"class_list":["post-21100","page","type-page","status-publish","hentry"],"_links":{"self":[{"href":"https:\/\/biblian.is\/videy\/wp-json\/wp\/v2\/pages\/21100","targetHints":{"allow":["GET"]}}],"collection":[{"href":"https:\/\/biblian.is\/videy\/wp-json\/wp\/v2\/pages"}],"about":[{"href":"https:\/\/biblian.is\/videy\/wp-json\/wp\/v2\/types\/page"}],"author":[{"embeddable":true,"href":"https:\/\/biblian.is\/videy\/wp-json\/wp\/v2\/users\/1"}],"replies":[{"embeddable":true,"href":"https:\/\/biblian.is\/videy\/wp-json\/wp\/v2\/comments?post=21100"}],"version-history":[{"count":0,"href":"https:\/\/biblian.is\/videy\/wp-json\/wp\/v2\/pages\/21100\/revisions"}],"wp:attachment":[{"href":"https:\/\/biblian.is\/videy\/wp-json\/wp\/v2\/media?parent=21100"}],"curies":[{"name":"wp","href":"https:\/\/api.w.org\/{rel}","templated":true}]}}