{"id":21096,"date":"2018-01-02T01:00:19","date_gmt":"2018-01-02T01:00:19","guid":{"rendered":"http:\/\/biblian.is\/videy\/fyrri-samuelsbok-11-kafli\/"},"modified":"2018-01-02T01:00:19","modified_gmt":"2018-01-02T01:00:19","slug":"fyrri-samuelsbok-11-kafli","status":"publish","type":"page","link":"https:\/\/biblian.is\/videy\/fyrri-samuelsbok-11-kafli\/","title":{"rendered":"Fyrri Sam\u00faelsb\u00f3k 11. kafli"},"content":{"rendered":"<div class=\"fyrirsognVidey\">S\u00e1l vinnur sigur \u00e1 Amor\u00edtum.<\/div>\n<p><a name=\"1\"><span class=\"versanumer\">1<\/span><\/a>Og Ammon\u00edtinn Nahas dr\u00f3 \u00fat og setti herb\u00fa\u00f0ir s\u00ednar gagnvart Jabes \u00ed G\u00edlea\u00f0. Og allir menn \u00ed Jabes s\u00f6g\u00f0u vi\u00f0 Nahas: gj\u00f6r\u00f0u s\u00e1ttm\u00e1la vi\u00f0 oss, svo viljum v\u00e9r \u00fej\u00f3na \u00fe\u00e9r.<a name=\"2\"><span class=\"versanumer\">2<\/span><\/a>Og Nahas Ammon\u00edti sag\u00f0i vi\u00f0 \u00fe\u00e1: me\u00f0 \u00feeim kostum vil eg gj\u00f6ra s\u00e1ttm\u00e1la vi\u00f0 y\u00f0ur, a\u00f0 eg stingi \u00fat \u00e1 y\u00f0ur \u00f6llum hi\u00f0 h\u00e6gra auga, og me\u00f0 \u00fev\u00ed m\u00f3ti gj\u00f6ri \u00f6llum \u00cdsrael h\u00e1\u00f0ung.<a name=\"3\"><span class=\"versanumer\">3<\/span><\/a>Og \u00feeir elstu \u00ed Jabes s\u00f6g\u00f0u vi\u00f0 hann: gef oss sj\u00f6 daga frest til \u00feess v\u00e9r sendum bo\u00f0 um allt \u00cdsraelsland; og s\u00e9 enginn sem bjargar oss, svo skulum v\u00e9r ganga \u00fat til \u00fe\u00edn.<a name=\"4\"><span class=\"versanumer\">4<\/span><\/a>Og svo komu sendibo\u00f0arnir til G\u00edbea S\u00e1ls og t\u00f6lu\u00f0u \u00feessi or\u00f0 \u00ed \u00e1heyrn f\u00f3lksins. \u00de\u00e1 h\u00f3f allt f\u00f3lki\u00f0 upp s\u00edna raust og gr\u00e9t.<br \/><a name=\"5\"><span class=\"versanumer\">5<\/span><\/a>Og sj\u00e1! S\u00e1l kom \u00e1 eftir akneytum af akri. Og S\u00e1l m\u00e6lti: hva\u00f0 gengur a\u00f0 f\u00f3lkinu a\u00f0 \u00fea\u00f0 gr\u00e6tur? og \u00feeir s\u00f6g\u00f0u honum or\u00f0 mannanna fr\u00e1 Jabes.<a name=\"6\"><span class=\"versanumer\">6<\/span><\/a>\u00de\u00e1 kom Gu\u00f0s Andi yfir S\u00e1l <span class='VideyAth'>h)<\/span>, er hann heyr\u00f0i \u00feessi or\u00f0, og hans rei\u00f0i upptendra\u00f0ist mikillega.<a name=\"7\"><span class=\"versanumer\">7<\/span><\/a>Og hann t\u00f3k tvo uxa og brytja\u00f0i \u00fe\u00e1 og sendi stykkin um \u00cdsraelsland me\u00f0 sendibo\u00f0um og sag\u00f0i: hv\u00f6r sem ei leggur af sta\u00f0 me\u00f0 S\u00e1l og me\u00f0 Sam\u00fael, \u00feess manns naut skal \u00feannig me\u00f0 fara. \u00de\u00e1 kom \u00f3tti Drottins yfir f\u00f3lki\u00f0 og \u00feeir f\u00f3ru \u00fat sem einn ma\u00f0ur.<a name=\"8\"><span class=\"versanumer\">8<\/span><\/a>Og hann kanna\u00f0i li\u00f0i\u00f0 \u00ed Besek, og \u00fea\u00f0 var, synir \u00cdsraels, \u00ferj\u00fa hundru\u00f0 \u00fe\u00fasund, og menn af J\u00fada \u00ferj\u00e1tygi \u00fe\u00fasund.<a name=\"9\"><span class=\"versanumer\">9<\/span><\/a>Og \u00feeir s\u00f6g\u00f0u vi\u00f0 sendimennina sem komi\u00f0 h\u00f6f\u00f0u: segi\u00f0 svo m\u00f6nnunum \u00ed Jabes \u00ed G\u00edlea\u00f0: \u00e1 morgun \u00feegar s\u00f3lin sk\u00edn heitt, skulu\u00f0 \u00fe\u00e9r fr\u00e1 frelsun. Og sendimennirnir komu og s\u00f6g\u00f0u \u00feetta m\u00f6nnunum \u00ed Jabes, og \u00feeir ur\u00f0u gla\u00f0ir.<a name=\"10\"><span class=\"versanumer\">10<\/span><\/a>Og mennirnir \u00ed Jabes s\u00f6g\u00f0u <span class='VideyAth'>(til sinna \u00f3vina)<\/span>: \u00e1 morgun viljum v\u00e9r \u00fatganga til y\u00f0ar, og \u00fe\u00e9r skulu\u00f0 gj\u00f6ra vi\u00f0 oss hva\u00f0 y\u00f0ur gott s\u00fdnist.<a name=\"11\"><span class=\"versanumer\">11<\/span><\/a>Og \u00fea\u00f0 ske\u00f0i morguninn eftir, a\u00f0 S\u00e1l skipti li\u00f0inu \u00ed \u00ferj\u00e1 flokka, og \u00feeir brutust inn \u00ed herb\u00fa\u00f0irnar um morgunvaktart\u00edmann, og r\u00e1ku \u00e1 fl\u00f3tta <span class='VideyAth'>(felldu)<\/span> Ammon\u00edtana, allt til \u00feess heita t\u00edma dagsins, <span class='VideyAth'>(mi\u00f0degis)<\/span> og \u00feeim eftiror\u00f0nu var tv\u00edstra\u00f0, og \u00fear voru ekki tveir \u00e1 me\u00f0al \u00feeirra saman.<a name=\"12\"><span class=\"versanumer\">12<\/span><\/a>\u00de\u00e1 sag\u00f0i f\u00f3lki\u00f0 vi\u00f0 Sam\u00fael: hv\u00f6rjir eru \u00feeir sem s\u00f6g\u00f0u: skyldi S\u00e1l drottna yfir oss? framselji\u00f0 \u00fe\u00e1 menn, v\u00e9r skulum drepa \u00fe\u00e1!<a name=\"13\"><span class=\"versanumer\">13<\/span><\/a>En S\u00e1l m\u00e6lti: engan mann skal dey\u00f0a \u00e1 \u00feessum degi, \u00fev\u00ed \u00ed dag hefir Drottinn gj\u00f6rt mikla frelsun \u00ed \u00cdsrael <span class='VideyAth'>a)<\/span>.<a name=\"14\"><span class=\"versanumer\">14<\/span><\/a>Og Sam\u00fael sag\u00f0i vi\u00f0 f\u00f3lki\u00f0: komi\u00f0, v\u00e9r skulum fara til Gilgal og \u00fear \u00e1 n\u00fd sta\u00f0festa <span class='VideyAth'>(endurn\u00fdja)<\/span> konungd\u00f3minn.<a name=\"15\"><span class=\"versanumer\">15<\/span><\/a>\u00de\u00e1 f\u00f3r allt f\u00f3lki\u00f0 til Gilgal og gj\u00f6r\u00f0i S\u00e1l \u00fear a\u00f0 konungi <span class='VideyAth'>b)<\/span> fyrir Drottni \u00ed Gilgal, og \u00feeir f\u00e6r\u00f0u \u00fear Drottni \u00feakkarf\u00f3rn; og S\u00e1l og allir menn af \u00cdsrael gl\u00f6ddu sig \u00fear r\u00e6kilega.<\/p>\n<div class=\"footnoteVidey\">V. 6. h. Kap. 10,10. D\u00f3m. 14,6.  V. 13. a. Kap. 14,45.  V. 15. b. Kap. 12,1.<\/div>\n","protected":false},"excerpt":{"rendered":"<p>S\u00e1l vinnur sigur \u00e1 Amor\u00edtum. 1Og Ammon\u00edtinn Nahas dr\u00f3 \u00fat og setti herb\u00fa\u00f0ir s\u00ednar gagnvart Jabes \u00ed G\u00edlea\u00f0. Og allir menn \u00ed Jabes s\u00f6g\u00f0u vi\u00f0 Nahas: gj\u00f6r\u00f0u s\u00e1ttm\u00e1la vi\u00f0 oss, svo viljum v\u00e9r \u00fej\u00f3na \u00fe\u00e9r.2Og Nahas Ammon\u00edti sag\u00f0i vi\u00f0 \u00fe\u00e1: me\u00f0 \u00feeim kostum vil eg gj\u00f6ra s\u00e1ttm\u00e1la vi\u00f0 y\u00f0ur, a\u00f0 eg stingi \u00fat \u00e1 y\u00f0ur \u00f6llum hi\u00f0 h\u00e6gra auga, og me\u00f0 \u00fev\u00ed m\u00f3ti gj\u00f6ri \u00f6llum \u00cdsrael h\u00e1\u00f0ung.3Og \u00feeir elstu \u00ed Jabes s\u00f6g\u00f0u vi\u00f0 hann: gef oss sj\u00f6 daga frest til \u00feess v\u00e9r sendum bo\u00f0 um allt \u00cdsraelsland; og s\u00e9 enginn sem bjargar oss, svo skulum v\u00e9r ganga \u00fat til \u00fe\u00edn.4Og <a href=\"https:\/\/biblian.is\/videy\/fyrri-samuelsbok-11-kafli\/\"> [&#8230;]<\/a><\/p>\n","protected":false},"author":1,"featured_media":0,"parent":0,"menu_order":0,"comment_status":"open","ping_status":"open","template":"bibliukaflar.php","meta":{"footnotes":""},"class_list":["post-21096","page","type-page","status-publish","hentry"],"_links":{"self":[{"href":"https:\/\/biblian.is\/videy\/wp-json\/wp\/v2\/pages\/21096","targetHints":{"allow":["GET"]}}],"collection":[{"href":"https:\/\/biblian.is\/videy\/wp-json\/wp\/v2\/pages"}],"about":[{"href":"https:\/\/biblian.is\/videy\/wp-json\/wp\/v2\/types\/page"}],"author":[{"embeddable":true,"href":"https:\/\/biblian.is\/videy\/wp-json\/wp\/v2\/users\/1"}],"replies":[{"embeddable":true,"href":"https:\/\/biblian.is\/videy\/wp-json\/wp\/v2\/comments?post=21096"}],"version-history":[{"count":0,"href":"https:\/\/biblian.is\/videy\/wp-json\/wp\/v2\/pages\/21096\/revisions"}],"wp:attachment":[{"href":"https:\/\/biblian.is\/videy\/wp-json\/wp\/v2\/media?parent=21096"}],"curies":[{"name":"wp","href":"https:\/\/api.w.org\/{rel}","templated":true}]}}