{"id":21095,"date":"2018-01-02T01:00:19","date_gmt":"2018-01-02T01:00:19","guid":{"rendered":"http:\/\/biblian.is\/videy\/fyrri-samuelsbok-10-kafli\/"},"modified":"2018-01-02T01:00:19","modified_gmt":"2018-01-02T01:00:19","slug":"fyrri-samuelsbok-10-kafli","status":"publish","type":"page","link":"https:\/\/biblian.is\/videy\/fyrri-samuelsbok-10-kafli\/","title":{"rendered":"Fyrri Sam\u00faelsb\u00f3k 10. kafli"},"content":{"rendered":"<div class=\"fyrirsognVidey\">S\u00e1l er smur\u00f0ur og tekinn til k\u00f3ngs.<\/div>\n<p><a name=\"1\"><span class=\"versanumer\">1<\/span><\/a>\u00de\u00e1 t\u00f3k Sam\u00fael ol\u00edufl\u00f6sku og hellti yfir hans h\u00f6fu\u00f0 og kyssti hann og m\u00e6lti: sj\u00e1! Drottinn smyr \u00feig fursta yfir s\u00edna eign <span class='VideyAth'>a)<\/span>.<a name=\"2\"><span class=\"versanumer\">2<\/span><\/a>\u00deegar \u00fe\u00fa gengur n\u00fa fr\u00e1 m\u00e9r muntu hitta tvo menn hj\u00e1 Rakelsgr\u00f6f <span class='VideyAth'>b)<\/span> vi\u00f0 landamerkin milli Benjam\u00edn og Selfa, \u00feeir munu segja \u00fe\u00e9r: \u00f6snurnar eru fundnar sem \u00fe\u00fa gekkst a\u00f0 leita a\u00f0, og sj\u00e1! fa\u00f0ir \u00feinn hefir engan gaum gefi\u00f0 \u00f6snunum, og er hr\u00e6ddur um ykkur og segir: hva\u00f0 skal eg gj\u00f6ra vi\u00f0v\u00edkjandi syni m\u00ednum?<a name=\"3\"><span class=\"versanumer\">3<\/span><\/a>og \u00fe\u00e1 \u00fe\u00fa ert genginn lengra \u00fea\u00f0an og kemur til eikarinnar Tabor, hitta \u00feig \u00fear \u00fer\u00edr menn, sem ganga upp til Gu\u00f0s \u00ed Betel; einn \u00feeirra ber \u00ferj\u00fa ki\u00f0, annar ber \u00ferj\u00e1 brau\u00f0hleifa og s\u00e1 \u00feri\u00f0ji ber v\u00ednbr\u00fasa.<a name=\"4\"><span class=\"versanumer\">4<\/span><\/a>\u00deeir spyrja hv\u00f6rnig \u00fe\u00e9r vegni <span class='VideyAth'>c)<\/span> og gefa \u00fe\u00e9r tv\u00f6 brau\u00f0, \u00feigg \u00fe\u00fa \u00feau af \u00feeim.<a name=\"5\"><span class=\"versanumer\">5<\/span><\/a>Eftir \u00fea\u00f0 muntu koma til G\u00edbea-Elohim <span class='VideyAth'>(Gu\u00f0sh\u00e6\u00f0ar)<\/span> hvar ver\u00f0ir <span class='VideyAth'>d)<\/span> Filisteanna standa, og \u00feegar \u00fe\u00fa kemur \u00fear til sta\u00f0arins, svo m\u00e6tir \u00fe\u00fa h\u00f3p sp\u00e1manna er koma ni\u00f0ur af h\u00e6\u00f0inni, \u00e1 undan \u00feeim <span class='VideyAth'>(fara)<\/span> h\u00f6rpur, trumbur, flautur og hlj\u00f3\u00f0p\u00edpur, og \u00feeir sp\u00e1 <span class='VideyAth'>(spila \u00e1 \u00feessi hlj\u00f3\u00f0f\u00e6ri)<\/span>.<a name=\"6\"><span class=\"versanumer\">6<\/span><\/a>Gu\u00f0s Andi mun koma yfir \u00feig og \u00fe\u00fa munt sp\u00e1 me\u00f0 \u00feeim, og munt ver\u00f0a annar ma\u00f0ur.<a name=\"7\"><span class=\"versanumer\">7<\/span><\/a>Og ef a\u00f0 \u00feessi teikn m\u00e6ta \u00fe\u00e9r, \u00fe\u00e1 gj\u00f6r, hva\u00f0 sem kemur \u00fe\u00e9r fyrir h\u00f6nd <span class='VideyAth'>e)<\/span>; \u00fev\u00ed Gu\u00f0 er me\u00f0 \u00fe\u00e9r;<a name=\"8\"><span class=\"versanumer\">8<\/span><\/a>og far \u00fe\u00fa n\u00fa \u00e1 undan m\u00e9r til Gilgal, og sj\u00e1! eg vil koma \u00feanga\u00f0 til \u00fe\u00edn, til a\u00f0 frambera brennif\u00f3rn og \u00feakkarf\u00f3rn; sj\u00f6 daga skaltu b\u00ed\u00f0a, \u00feanga\u00f0 til eg kem, \u00fe\u00e1 skal eg kunngj\u00f6ra \u00fe\u00e9r hva\u00f0 \u00fe\u00fa skalt gj\u00f6ra. <br \/><a name=\"9\"><span class=\"versanumer\">9<\/span><\/a>Og \u00fea\u00f0 ske\u00f0i, \u00fe\u00e1 hann sneri s\u00ednu baki til a\u00f0 ganga burt fr\u00e1 Sam\u00fael, \u00fe\u00e1 umbreytti Gu\u00f0 hans hjarta, og \u00f6ll \u00feessi teikn komu fram \u00feann sama dag.<a name=\"10\"><span class=\"versanumer\">10<\/span><\/a>Og sem \u00feeir komu \u00fea\u00f0an til G\u00edbea, sj\u00e1! \u00fe\u00e1 m\u00e6tti \u00feeim sp\u00e1mannah\u00f3pur, og Gu\u00f0s Andi kom yfir hann <span class='VideyAth'>f)<\/span>, og hann sp\u00e1\u00f0i me\u00f0al \u00feeirra.<a name=\"11\"><span class=\"versanumer\">11<\/span><\/a>Og \u00fea\u00f0 ske\u00f0i, \u00feegar allir, sem h\u00f6f\u00f0u \u00feekkt hann \u00e1\u00f0ur, s\u00e1u, a\u00f0 hann sp\u00e1\u00f0i me\u00f0 sp\u00e1m\u00f6nnunum, svo sag\u00f0i f\u00f3lki\u00f0, einn til annars: hva\u00f0 er \u00fe\u00e1 ske\u00f0 syni K\u00eds? er og S\u00e1l me\u00f0al sp\u00e1mannanna <span class='VideyAth'>g)<\/span>?<a name=\"12\"><span class=\"versanumer\">12<\/span><\/a>Og einn t\u00f3k til or\u00f0a og m\u00e6lti: og hv\u00f6r er \u00feeirra fa\u00f0ir? \u00fev\u00ed er \u00fea\u00f0 or\u00f0i\u00f0 m\u00e1ltak: er S\u00e1l og me\u00f0al sp\u00e1mannanna?<a name=\"13\"><span class=\"versanumer\">13<\/span><\/a>Og hann h\u00e6tti a\u00f0 sp\u00e1 og kom upp \u00e1 h\u00e6\u00f0ina,<a name=\"14\"><span class=\"versanumer\">14<\/span><\/a>\u00fe\u00e1 m\u00e6lti S\u00e1ls f\u00f6\u00f0urbr\u00f3\u00f0ir til hans og hans sveins: hv\u00f6rt gengu\u00f0 \u00fei\u00f0? og hann sag\u00f0i: a\u00f0 leita a\u00f0 \u00f6snunum; og \u00feegar vi\u00f0 s\u00e1um a\u00f0 \u00fe\u00e6r v\u00f3ru hv\u00f6rgi, svo gengum vi\u00f0 til Sam\u00faels.<a name=\"15\"><span class=\"versanumer\">15<\/span><\/a>Og f\u00f6\u00f0urbr\u00f3\u00f0ir S\u00e1ls m\u00e6lti: l\u00e1ttu mig vita hva\u00f0 Sam\u00fael sag\u00f0i?<a name=\"16\"><span class=\"versanumer\">16<\/span><\/a>Og S\u00e1l sag\u00f0i vi\u00f0 f\u00f6\u00f0urbr\u00f3\u00f0ur sinn: hann l\u00e9t okkur vita a\u00f0 \u00f6snurnar v\u00e6ru fundnar. En \u00fea\u00f0 or\u00f0 sem Sam\u00fael haf\u00f0i tala\u00f0 um konungd\u00f3minn, sag\u00f0i hann honum ekki. <br \/><a name=\"17\"><span class=\"versanumer\">17<\/span><\/a>Og Sam\u00fael kalla\u00f0i f\u00f3lki\u00f0 til Drottins \u00ed Mispa.<a name=\"18\"><span class=\"versanumer\">18<\/span><\/a>Og hann tala\u00f0i til \u00cdsraels \u00feannig: svo segir Drottinn, \u00cdsraels Gu\u00f0: eg hefi leitt \u00cdsrael \u00fat af Egyptalandi, og eg frelsa\u00f0i y\u00f0ur af hendi egypskra, og af hendi allra \u00feeirra k\u00f3ngsr\u00edkja sem undir\u00ferykktu y\u00f0ur;<a name=\"19\"><span class=\"versanumer\">19<\/span><\/a>en \u00fe\u00e9r \u00fatsk\u00fafi\u00f0 \u00ed dag y\u00f0ar Gu\u00f0i, sem hefir hj\u00e1lpa\u00f0 y\u00f0ur \u00far allri y\u00f0ar ney\u00f0 og \u00fer\u00f6ng, og segi\u00f0 til hans: konung skalt\u00fa yfir oss setja. En komi\u00f0 n\u00fa fram fyrir Drottin eftir y\u00f0ar \u00e6ttkv\u00edslum og kyn\u00fe\u00e1ttum <span class='VideyAth'>(flokkum)<\/span>.<a name=\"20\"><span class=\"versanumer\">20<\/span><\/a>Og svo l\u00e9t Sam\u00fael allar \u00cdsraels \u00e6ttkv\u00edslir framganga; \u00fe\u00e1 hittist Benjam\u00edns \u00e6ttkv\u00edsl.<a name=\"21\"><span class=\"versanumer\">21<\/span><\/a>Og hann l\u00e9t Benjam\u00edns \u00e6ttkv\u00edsl ganga fram eftir hennar kyn\u00fe\u00e1ttum; \u00fe\u00e1 hittist \u00e1 <span class='VideyAth'>a)<\/span> Matri kyn\u00fe\u00e1tt og S\u00e1l sonur Kis var s\u00e1 er hittist \u00e1 og \u00feeir leitu\u00f0u hans; en hann fannst ekki.<a name=\"22\"><span class=\"versanumer\">22<\/span><\/a>\u00de\u00e1 spur\u00f0u \u00feeir Drottin aftur: hv\u00f6rt nokkur ma\u00f0ur \u00e6tti enn n\u00fa a\u00f0 koma \u00feanga\u00f0? og Drottinn sag\u00f0i: sj\u00e1! hann er falinn hj\u00e1 \u00e1h\u00f6ldunum <span class='VideyAth'>b)<\/span>.<a name=\"23\"><span class=\"versanumer\">23<\/span><\/a>\u00de\u00e1 hlupu \u00feeir \u00feanga\u00f0 og s\u00f3ttu hann, og hann gekk fram me\u00f0al f\u00f3lksins og var h\u00f6f\u00f0i h\u00e6rri en allir a\u00f0rir <span class='VideyAth'>c)<\/span>.<a name=\"24\"><span class=\"versanumer\">24<\/span><\/a>Og Sam\u00fael sag\u00f0i til alls f\u00f3lksins: sj\u00e1i\u00f0 \u00fe\u00e9r \u00feann sem Drottinn hefir \u00fatvali\u00f0; \u00fev\u00ed enginn er sem hann me\u00f0al alls f\u00f3lksins. \u00de\u00e1 \u00e6pti allt f\u00f3lki\u00f0 upp og m\u00e6lti: k\u00f3ngurinn lifi <span class='VideyAth'>d)<\/span>!<a name=\"25\"><span class=\"versanumer\">25<\/span><\/a>og Sam\u00fael sag\u00f0i f\u00f3lkinu h\u00e1ttu konungd\u00f3msins <span class='VideyAth'>e)<\/span> og skrifa\u00f0i \u00fea\u00f0 \u00ed b\u00f3k og lag\u00f0i ni\u00f0ur hj\u00e1 Drottni <span class='VideyAth'>f)<\/span>. Og Sam\u00fael l\u00e9t allt f\u00f3lki\u00f0 fr\u00e1 s\u00e9r, hv\u00f6rn einn heim til s\u00edn.<a name=\"26\"><span class=\"versanumer\">26<\/span><\/a>Og S\u00e1l gekk og heim til s\u00edn til G\u00edbea og skari f\u00f3r me\u00f0 honum af \u00feeim, hv\u00f6rra hjarta Gu\u00f0 haf\u00f0i hr\u00e6rt.<a name=\"27\"><span class=\"versanumer\">27<\/span><\/a>En einkisver\u00f0ir umrenningar <span class='VideyAth'>g)<\/span> s\u00f6g\u00f0u: hva\u00f0 mun \u00feessi hj\u00e1lpa oss? og \u00feeir forsm\u00e1\u00f0u hann og f\u00e6r\u00f0u honum engar g\u00e1fur; og hann l\u00e9t sem hann vissi <span class='VideyAth'>(heyr\u00f0i)<\/span> \u00fea\u00f0 ekki.<\/p>\n<div class=\"footnoteVidey\">V. 1. a. Kap. 15,1.  V. 2. b. Gen. 35,19.  V. 4. c. Gen. 43,26.  V. 5. d. E\u00f0a Setuli\u00f0, Kap. 13,3.4. og v\u00ed\u00f0ar.  V. 7. e. D\u00f3m. 9,33.  V. 10. f. Kap. 16,13.  V. 11. g. Kap. 19,24.  V. 21. a. J\u00f3s. 7,14.17. meiningin: var \u00fatvalin af Drottni eftir hlutfalli.  V. 22. b. a\u00f0r: farangurnum e\u00f0a fansinum.  V. 23. c. Kap. 9,2. hebr: h\u00e6rri en allir menn fr\u00e1 \u00f6xlum, og \u00fea\u00f0 uppeftir.  V. 24. d. 1 K\u00f3ng. 1,25.39. 2 K\u00f3ng. 11,12.  V. 25. e. Kap. 8,11. Devt. 17,16. fl. f. \u00fe. e. s\u00e1ttm\u00e1ls\u00f6rkinni.  V. 27. g. hebr: Bel\u00edalssynir.<\/div>\n","protected":false},"excerpt":{"rendered":"<p>S\u00e1l er smur\u00f0ur og tekinn til k\u00f3ngs. 1\u00de\u00e1 t\u00f3k Sam\u00fael ol\u00edufl\u00f6sku og hellti yfir hans h\u00f6fu\u00f0 og kyssti hann og m\u00e6lti: sj\u00e1! Drottinn smyr \u00feig fursta yfir s\u00edna eign a).2\u00deegar \u00fe\u00fa gengur n\u00fa fr\u00e1 m\u00e9r muntu hitta tvo menn hj\u00e1 Rakelsgr\u00f6f b) vi\u00f0 landamerkin milli Benjam\u00edn og Selfa, \u00feeir munu segja \u00fe\u00e9r: \u00f6snurnar eru fundnar sem \u00fe\u00fa gekkst a\u00f0 leita a\u00f0, og sj\u00e1! fa\u00f0ir \u00feinn hefir engan gaum gefi\u00f0 \u00f6snunum, og er hr\u00e6ddur um ykkur og segir: hva\u00f0 skal eg gj\u00f6ra vi\u00f0v\u00edkjandi syni m\u00ednum?3og \u00fe\u00e1 \u00fe\u00fa ert genginn lengra \u00fea\u00f0an og kemur til eikarinnar Tabor, hitta \u00feig \u00fear \u00fer\u00edr menn, <a href=\"https:\/\/biblian.is\/videy\/fyrri-samuelsbok-10-kafli\/\"> [&#8230;]<\/a><\/p>\n","protected":false},"author":1,"featured_media":0,"parent":0,"menu_order":0,"comment_status":"open","ping_status":"open","template":"bibliukaflar.php","meta":{"footnotes":""},"class_list":["post-21095","page","type-page","status-publish","hentry"],"_links":{"self":[{"href":"https:\/\/biblian.is\/videy\/wp-json\/wp\/v2\/pages\/21095","targetHints":{"allow":["GET"]}}],"collection":[{"href":"https:\/\/biblian.is\/videy\/wp-json\/wp\/v2\/pages"}],"about":[{"href":"https:\/\/biblian.is\/videy\/wp-json\/wp\/v2\/types\/page"}],"author":[{"embeddable":true,"href":"https:\/\/biblian.is\/videy\/wp-json\/wp\/v2\/users\/1"}],"replies":[{"embeddable":true,"href":"https:\/\/biblian.is\/videy\/wp-json\/wp\/v2\/comments?post=21095"}],"version-history":[{"count":0,"href":"https:\/\/biblian.is\/videy\/wp-json\/wp\/v2\/pages\/21095\/revisions"}],"wp:attachment":[{"href":"https:\/\/biblian.is\/videy\/wp-json\/wp\/v2\/media?parent=21095"}],"curies":[{"name":"wp","href":"https:\/\/api.w.org\/{rel}","templated":true}]}}