{"id":21094,"date":"2018-01-02T01:00:19","date_gmt":"2018-01-02T01:00:19","guid":{"rendered":"http:\/\/biblian.is\/videy\/fyrri-samuelsbok-9-kafli\/"},"modified":"2018-01-02T01:00:19","modified_gmt":"2018-01-02T01:00:19","slug":"fyrri-samuelsbok-9-kafli","status":"publish","type":"page","link":"https:\/\/biblian.is\/videy\/fyrri-samuelsbok-9-kafli\/","title":{"rendered":"Fyrri Sam\u00faelsb\u00f3k 9. kafli"},"content":{"rendered":"<div class=\"fyrirsognVidey\">Sam\u00fael k\u00fds og smyr Saul til k\u00f3ngs.<\/div>\n<p><a name=\"1\"><span class=\"versanumer\">1<\/span><\/a>Og \u00fear var ma\u00f0ur af Benjam\u00edn, hans nafn var Kis, sonur Ab\u00edels, sonar Serors, sonar Bekorats, sonar Afias, sonar Benjamin\u00edta nokkurs, miki\u00f0 au\u00f0ugur ma\u00f0ur <span class='VideyAth'>c)<\/span>.<a name=\"2\"><span class=\"versanumer\">2<\/span><\/a>Og hann \u00e1tti son, sem h\u00e9t S\u00e1l, ungan <span class='VideyAth'>d)<\/span> og fr\u00ed\u00f0an, svo a\u00f0 enginn af \u00cdsraelssonum var fr\u00ed\u00f0ari en hann, fr\u00e1 \u00f6xlum og upp \u00fea\u00f0an h\u00e6rri \u00f6llum m\u00f6nnum.<a name=\"3\"><span class=\"versanumer\">3<\/span><\/a>Og Kis, f\u00f6\u00f0ur S\u00e1ls, vanta\u00f0i \u00f6snur, og K\u00eds sag\u00f0i vi\u00f0 S\u00e1l, son sinn: S\u00e1l! taktu me\u00f0 \u00fe\u00e9r einn af sveinunum og taktu \u00feig til, far\u00f0u og leita\u00f0u a\u00f0 \u00f6snunum.<a name=\"4\"><span class=\"versanumer\">4<\/span><\/a>Og hann gekk um Efraimsfj\u00f6ll og um Salifaland, og \u00fe\u00e6r v\u00f3ru \u00fear ekki, svo f\u00f3ru \u00feeir um Sagalimsland, og <span class='VideyAth'>(\u00fear var)<\/span> engin. Og hann gekk um Benjam\u00ednsland og \u00feeir fundu \u00fe\u00e6r ekki.<a name=\"5\"><span class=\"versanumer\">5<\/span><\/a>\u00deeir v\u00f3ru komnir \u00ed landi\u00f0 Suf, \u00feegar S\u00e1l sag\u00f0i til s\u00edns sveins, sem me\u00f0 honum var: kom \u00fe\u00fa! l\u00e1tum oss hverfa heim aftur; m\u00e1ske fa\u00f0ir minn s\u00e9 or\u00f0inn afhuga \u00f6snunum, en hr\u00e6ddur um okkur.<a name=\"6\"><span class=\"versanumer\">6<\/span><\/a>Og hann sag\u00f0i til hans: heyr\u00f0u samt! gu\u00f0sma\u00f0ur er \u00ed \u00feessum sta\u00f0, og ma\u00f0urinn er hei\u00f0ra\u00f0ur; allt hva\u00f0 hann talar gengur eftir; l\u00e1tum oss \u00feanga\u00f0 fara, l\u00edklega gj\u00f6rir hann oss \u00feann veg kunnan sem v\u00e9r g\u00f6ngum \u00e1.<a name=\"7\"><span class=\"versanumer\">7<\/span><\/a>Og S\u00e1l sag\u00f0i vi\u00f0 svein sinn: sj\u00e1! ef vi\u00f0 f\u00f6rum, hva\u00f0 f\u00e6rum vi\u00f0 \u00fe\u00e1 manninum? \u00fev\u00ed brau\u00f0i\u00f0 er uppgengi\u00f0 \u00far vorum malpoka, og vi\u00f0 h\u00f6fum enga gj\u00f6f a\u00f0 f\u00e6ra \u00feeim Gu\u00f0s manni <span class='VideyAth'>a)<\/span>, hva\u00f0 h\u00f6fum vi\u00f0 hj\u00e1 okkur?<a name=\"8\"><span class=\"versanumer\">8<\/span><\/a>Og sveinninn svara\u00f0i aftur S\u00e1l, og m\u00e6lti: sj\u00e1! \u00ed minni hendi er fj\u00f3r\u00f0ipartur af silfurssikli, \u00fea\u00f0 vil eg gefa gu\u00f0smanninum, a\u00f0 hann gj\u00f6ri oss kunnan vorn veg.<a name=\"9\"><span class=\"versanumer\">9<\/span><\/a><span class='VideyAth'>(Fyrrum t\u00f6lu\u00f0u menn \u00ed \u00cdsrael svo, \u00feegar \u00feeir gengu a\u00f0 spyrja Gu\u00f0: komi\u00f0! l\u00e1tum oss ganga til sj\u00e1andans, \u00fev\u00ed sp\u00e1manninn \u00e1 \u00feessum d\u00f6gum, k\u00f6llu\u00f0u menn for\u00f0um sj\u00e1anda b)<\/span>.<a name=\"10\"><span class=\"versanumer\">10<\/span><\/a>Og S\u00e1l sag\u00f0i vi\u00f0 sinn svein: \u00feitt tal <span class='VideyAth'>c)<\/span> er gott, kom! l\u00e1tum oss fara. Og svo gengu \u00feeir til sta\u00f0arins hvar gu\u00f0sma\u00f0urinn var. <br \/><a name=\"11\"><span class=\"versanumer\">11<\/span><\/a>\u00deegar \u00feeir gengu \u00e1 h\u00e6\u00f0 sta\u00f0arins, \u00fear hittu \u00feeir amb\u00e1ttir sem gengu \u00fat a\u00f0 s\u00e6kja vatn, og s\u00f6g\u00f0u vi\u00f0 \u00fe\u00e6r: er sj\u00e1andinn h\u00e9r?<a name=\"12\"><span class=\"versanumer\">12<\/span><\/a>Og \u00fe\u00e6r sv\u00f6ru\u00f0u \u00feeim og m\u00e6ltu: j\u00e1, l\u00edttu til, fl\u00fdttu \u00fe\u00e9r n\u00fa, \u00fev\u00ed \u00ed dag kom hann \u00ed sta\u00f0inn; \u00ed dag f\u00e6rir f\u00f3lki\u00f0 f\u00f3rnir \u00e1 h\u00e6\u00f0inni.<a name=\"13\"><span class=\"versanumer\">13<\/span><\/a>\u00deegar \u00fei\u00f0 komi\u00f0 \u00ed sta\u00f0inn munu\u00f0 \u00fei\u00f0 finna hann, \u00e1\u00f0ur en hann gengur upp \u00e1 h\u00e6\u00f0ina til a\u00f0 eta; \u00fev\u00ed f\u00f3lki\u00f0 etur ekki fyrr en hann kemur, \u00fev\u00ed hann blessar f\u00f3rnina, \u00fear eftir eta \u00feeir sem bo\u00f0nir eru. Og gangi\u00f0 n\u00fa upp \u00feanga\u00f0, \u00fev\u00ed einmitt \u00ed dag munu\u00f0 \u00fe\u00e9r finna hann;<a name=\"14\"><span class=\"versanumer\">14<\/span><\/a>og svo gengu \u00feeir burt til sta\u00f0arins. \u00de\u00e1 \u00feeir komu inn \u00ed sta\u00f0inn, sj\u00e1! \u00fe\u00e1 gekk Sam\u00fael \u00fat \u00e1 m\u00f3ti \u00feeim til \u00feess a\u00f0 ganga upp \u00e1 h\u00e6\u00f0ina.<a name=\"15\"><span class=\"versanumer\">15<\/span><\/a>En Drottinn haf\u00f0i opinbera\u00f0 Sam\u00fael <span class='VideyAth'>(\u00feetta)<\/span> einum degi \u00e1\u00f0ur en S\u00e1l kom og haf\u00f0i sagt:<a name=\"16\"><span class=\"versanumer\">16<\/span><\/a>\u00cd \u00feetta mund \u00e1 morgun sendi eg til \u00fe\u00edn mann \u00far Benjam\u00ednslandi, smyr \u00fe\u00fa hann til fursta yfir mitt f\u00f3lk \u00cdsrael, og hann mun frelsa mitt f\u00f3lk af hendi Filisteanna; \u00fev\u00ed eg hefi liti\u00f0 til <span class='VideyAth'>d)<\/span> m\u00edns f\u00f3lks og \u00feess \u00f3p er komi\u00f0 til m\u00edn.<a name=\"17\"><span class=\"versanumer\">17<\/span><\/a>Og sem Sam\u00fael s\u00e1 S\u00e1l, m\u00e6lti Drottinn til hans: sj\u00e1 \u00fear manninn sem eg tala\u00f0i um vi\u00f0 \u00feig; hann skal drottna yfir m\u00ednu f\u00f3lki.<a name=\"18\"><span class=\"versanumer\">18<\/span><\/a>Og S\u00e1l gekk til Sam\u00faels \u00ed <span class='VideyAth'>(borgar)<\/span>hli\u00f0inu, og m\u00e6lti: seg\u00f0u m\u00e9r, eg bi\u00f0, hvar er h\u00e9rna sj\u00e1andans h\u00fas?<a name=\"19\"><span class=\"versanumer\">19<\/span><\/a>Og Sam\u00fael svara\u00f0i S\u00e1l og m\u00e6lti: eg em sj\u00e1andinn, gakk \u00e1 undan m\u00e9r upp \u00e1 h\u00e6\u00f0ina, og eti\u00f0 \u00fe\u00e9r me\u00f0 m\u00e9r \u00ed dag, og \u00e1 morgun l\u00e6t eg \u00feig fara, og allt sem \u00fe\u00fa hefir \u00ed huga <span class='VideyAth'>(vilt vita)<\/span> mun eg gj\u00f6ra kunnugt.<a name=\"20\"><span class=\"versanumer\">20<\/span><\/a>Og hva\u00f0 \u00f6snurnar \u00e1hr\u00e6rir sem n\u00fa \u00ed dag fyrir \u00ferem d\u00f6gum t\u00fdndust fyrir \u00fe\u00e9r, \u00fe\u00e1 k\u00e6r\u00f0u \u00feig ekki um \u00fe\u00e6r, \u00fev\u00ed \u00fe\u00e6r eru fundnar. Og hv\u00f6rjum mun tilheyra allt \u00e6skilegt \u00ed \u00cdsrael nema \u00fe\u00e9r og \u00fe\u00edns f\u00f6\u00f0urs h\u00fasi?<a name=\"21\"><span class=\"versanumer\">21<\/span><\/a>Og S\u00e1l svara\u00f0i og m\u00e6lti: er eg ekki Benjamin\u00edti, af minnstu \u00cdsraels \u00e6ttkv\u00edsl, og m\u00edn \u00e6tt s\u00fa minnsta af \u00f6llum \u00e6ttum Benjam\u00edns \u00e6ttkv\u00edslar, \u00fev\u00ed talar \u00fe\u00fa vi\u00f0 mig sl\u00edk or\u00f0?<a name=\"22\"><span class=\"versanumer\">22<\/span><\/a>Og Sam\u00fael t\u00f3k S\u00e1l og hans svein og leiddi \u00fe\u00e1 \u00ed bor\u00f0stofuna, og v\u00edsa\u00f0i \u00feeim \u00e1 s\u00e6ti efst me\u00f0al \u00feeirra sem bo\u00f0nir v\u00f3ru; en \u00fear v\u00f3ru n\u00e1l\u00e6gt \u00ferj\u00e1t\u00edu.<a name=\"23\"><span class=\"versanumer\">23<\/span><\/a>Og Sam\u00fael sag\u00f0i vi\u00f0 kokkinn: f\u00e6r\u00f0u m\u00e9r stykki\u00f0 sem eg f\u00e9kk \u00fe\u00e9r, um hv\u00f6rt eg sag\u00f0i: taktu \u00fea\u00f0 fr\u00e1.<a name=\"24\"><span class=\"versanumer\">24<\/span><\/a>\u00de\u00e1 bar kokkurinn fram l\u00e6ri\u00f0 <span class='VideyAth'>(b\u00f3ginn)<\/span> og \u00fea\u00f0 sem \u00fear me\u00f0 fylgir og setti fyrir S\u00e1l, og <span class='VideyAth'>(Sam\u00fael)<\/span> m\u00e6lti: sj\u00e1! \u00fea\u00f0 fr\u00e1skilda, legg \u00fe\u00fa \u00fea\u00f0 fyrir \u00feig! et! \u00fev\u00ed \u00fe\u00e9r var \u00fea\u00f0 geymt, til \u00feess n\u00fa <span class='VideyAth'>(fr\u00e1 \u00fev\u00ed)<\/span> eg sag\u00f0i: eg hefi bo\u00f0i\u00f0 f\u00f3lkinu. Og svo \u00e1t S\u00e1l me\u00f0 Sam\u00fael \u00feann sama dag. <br \/><a name=\"25\"><span class=\"versanumer\">25<\/span><\/a>Og \u00feeir gengu af h\u00e6\u00f0inni ni\u00f0ur \u00ed sta\u00f0inn, og hann tala\u00f0i vi\u00f0 S\u00e1l upp \u00e1 \u00feakinu.<a name=\"26\"><span class=\"versanumer\">26<\/span><\/a>Og \u00feeir risu snemma; og \u00fea\u00f0 ske\u00f0i \u00fe\u00e1 morgunro\u00f0inn rann upp, a\u00f0 Sam\u00fael kalla\u00f0i S\u00e1l upp \u00e1 \u00feaki\u00f0 og m\u00e6lti: far n\u00fa \u00e1 sta\u00f0, a\u00f0 eg fylgi \u00fe\u00e9r. Og S\u00e1l st\u00f3\u00f0 upp og \u00feeir gengu b\u00e1\u00f0ir, hann og Sam\u00fael, eftir str\u00e6tinu,<a name=\"27\"><span class=\"versanumer\">27<\/span><\/a>\u00feeir gengu eftir \u00fev\u00ed allt til enda sta\u00f0arins; \u00fe\u00e1 m\u00e6lti Sam\u00fael vi\u00f0 S\u00e1l: seg\u00f0u sveininum a\u00f0 hann fari \u00e1 undan okkur; <span class='VideyAth'>(og hann f\u00f3r \u00e1 undan \u00feeim)<\/span> en stattu n\u00fa vi\u00f0, a\u00f0 eg l\u00e1ti \u00feig heyra Gu\u00f0s or\u00f0.<\/p>\n<div class=\"footnoteVidey\">V. 1. c. Rut. 2,1. a\u00f0r: duglegur str\u00ed\u00f0sma\u00f0ur. J\u00f3s. 1,14.  V. 2. d. a\u00f0r: gj\u00f6rfuglegan.  V. 7. a. D\u00f3m. 13,15. 1 K\u00f3ng. 14,3.  V. 9. b. N\u00fam. 12,6. 24,4. 1 Kron. 9,22.  V. 10. c. a\u00f0r: r\u00e1\u00f0 2 Sam. 17,6.  V. 16. d. Ex. 3,7.  V. 25. H\u00fas \u00ed Austurl\u00f6ndum eru fl\u00f6t ofan sem loft, og \u00fear ganga menn og sitja s\u00e9r til skemmtunar. Devt. 22,8. J\u00f3s. 2,6.8. D\u00f3m. 9,51. 16,27. og v\u00ed\u00f0ar.<\/div>\n","protected":false},"excerpt":{"rendered":"<p>Sam\u00fael k\u00fds og smyr Saul til k\u00f3ngs. 1Og \u00fear var ma\u00f0ur af Benjam\u00edn, hans nafn var Kis, sonur Ab\u00edels, sonar Serors, sonar Bekorats, sonar Afias, sonar Benjamin\u00edta nokkurs, miki\u00f0 au\u00f0ugur ma\u00f0ur c).2Og hann \u00e1tti son, sem h\u00e9t S\u00e1l, ungan d) og fr\u00ed\u00f0an, svo a\u00f0 enginn af \u00cdsraelssonum var fr\u00ed\u00f0ari en hann, fr\u00e1 \u00f6xlum og upp \u00fea\u00f0an h\u00e6rri \u00f6llum m\u00f6nnum.3Og Kis, f\u00f6\u00f0ur S\u00e1ls, vanta\u00f0i \u00f6snur, og K\u00eds sag\u00f0i vi\u00f0 S\u00e1l, son sinn: S\u00e1l! taktu me\u00f0 \u00fe\u00e9r einn af sveinunum og taktu \u00feig til, far\u00f0u og leita\u00f0u a\u00f0 \u00f6snunum.4Og hann gekk um Efraimsfj\u00f6ll og um Salifaland, og \u00fe\u00e6r v\u00f3ru \u00fear ekki, svo <a href=\"https:\/\/biblian.is\/videy\/fyrri-samuelsbok-9-kafli\/\"> [&#8230;]<\/a><\/p>\n","protected":false},"author":1,"featured_media":0,"parent":0,"menu_order":0,"comment_status":"open","ping_status":"open","template":"bibliukaflar.php","meta":{"footnotes":""},"class_list":["post-21094","page","type-page","status-publish","hentry"],"_links":{"self":[{"href":"https:\/\/biblian.is\/videy\/wp-json\/wp\/v2\/pages\/21094","targetHints":{"allow":["GET"]}}],"collection":[{"href":"https:\/\/biblian.is\/videy\/wp-json\/wp\/v2\/pages"}],"about":[{"href":"https:\/\/biblian.is\/videy\/wp-json\/wp\/v2\/types\/page"}],"author":[{"embeddable":true,"href":"https:\/\/biblian.is\/videy\/wp-json\/wp\/v2\/users\/1"}],"replies":[{"embeddable":true,"href":"https:\/\/biblian.is\/videy\/wp-json\/wp\/v2\/comments?post=21094"}],"version-history":[{"count":0,"href":"https:\/\/biblian.is\/videy\/wp-json\/wp\/v2\/pages\/21094\/revisions"}],"wp:attachment":[{"href":"https:\/\/biblian.is\/videy\/wp-json\/wp\/v2\/media?parent=21094"}],"curies":[{"name":"wp","href":"https:\/\/api.w.org\/{rel}","templated":true}]}}