{"id":21093,"date":"2018-01-02T01:00:19","date_gmt":"2018-01-02T01:00:19","guid":{"rendered":"http:\/\/biblian.is\/videy\/fyrri-samuelsbok-8-kafli\/"},"modified":"2018-01-02T01:00:19","modified_gmt":"2018-01-02T01:00:19","slug":"fyrri-samuelsbok-8-kafli","status":"publish","type":"page","link":"https:\/\/biblian.is\/videy\/fyrri-samuelsbok-8-kafli\/","title":{"rendered":"Fyrri Sam\u00faelsb\u00f3k 8. kafli"},"content":{"rendered":"<div class=\"fyrirsognVidey\">\u00cdsraels menn bi\u00f0ja um konung.<\/div>\n<p><a name=\"1\"><span class=\"versanumer\">1<\/span><\/a>Og \u00fea\u00f0 ske\u00f0i \u00fe\u00e1 Sam\u00fael var or\u00f0inn gamall, a\u00f0 hann setti syni s\u00edna sem d\u00f3mara yfir \u00cdsrael.<a name=\"2\"><span class=\"versanumer\">2<\/span><\/a>Og nafn hans frumborna sonar var J\u00f3el, og nafn hins annars Abja, \u00feeir d\u00e6mdu \u00ed Bersaba.<a name=\"3\"><span class=\"versanumer\">3<\/span><\/a>En hans synir gengu ekki \u00e1 hans vegum, og gengu af lei\u00f0 eftir gr\u00f3\u00f0a, og \u00fe\u00e1\u00f0u g\u00e1fur <span class='VideyAth'>d)<\/span> og beyg\u00f0u r\u00e9ttinn.<a name=\"4\"><span class=\"versanumer\">4<\/span><\/a>\u00de\u00e1 samans\u00f6fnu\u00f0ust allir \u00feeir elstu \u00ed \u00cdsrael og komu til Sam\u00fael \u00ed Rama <span class='VideyAth'>e)<\/span>;<a name=\"5\"><span class=\"versanumer\">5<\/span><\/a>og s\u00f6g\u00f0u til hans: sj\u00e1! \u00fe\u00fa ert or\u00f0inn gamall, og \u00fe\u00ednir synir ganga ekki \u00e1 \u00fe\u00ednum vegum; settu oss n\u00fa konung sem d\u00e6mi oss, eftir si\u00f0 allra \u00fej\u00f3\u00f0a <span class='VideyAth'>a)<\/span>.<a name=\"6\"><span class=\"versanumer\">6<\/span><\/a>Og \u00feessi or\u00f0 misl\u00edku\u00f0u Sam\u00fael, a\u00f0 \u00feeir s\u00f6g\u00f0u: gef oss konung, sem d\u00e6mi oss; og Sam\u00fael ba\u00f0 til Drottins.<a name=\"7\"><span class=\"versanumer\">7<\/span><\/a>Og Drottinn sag\u00f0i vi\u00f0 Sam\u00fael: gegn \u00fe\u00fa r\u00f6dd f\u00f3lksins \u00ed \u00f6llu sem \u00feeir vi\u00f0 \u00feig tala; \u00fev\u00ed ekki hafa \u00feeir \u00fatsk\u00fafa\u00f0 \u00fe\u00e9r, heldur hafa \u00feeir \u00fatsk\u00fafa\u00f0 m\u00e9r, a\u00f0 eg skuli ekki vera k\u00f3ngur yfir \u00feeim.<a name=\"8\"><span class=\"versanumer\">8<\/span><\/a>Eins og \u00feeir hafa \u00e1vallt breytt fr\u00e1 \u00feeim degi a\u00f0 eg flutti \u00fe\u00e1 \u00fat af Egyptalandi allt til \u00feessa dags, a\u00f0 \u00feeir yfirg\u00e1fu mig, og \u00fej\u00f3nu\u00f0u \u00f6\u00f0rum gu\u00f0um, eins gj\u00f6ra \u00feeir \u00fe\u00e9r.<a name=\"9\"><span class=\"versanumer\">9<\/span><\/a>En hl\u00fd\u00f0 \u00fe\u00fa n\u00fa \u00feeirra raust; aftra\u00f0u \u00feeim a\u00f0eins alvarlega og kunngj\u00f6r\u00f0u \u00feeim h\u00e1ttu \u00feess konungs sem yfir \u00feeim mun drottna. <br \/><a name=\"10\"><span class=\"versanumer\">10<\/span><\/a>\u00de\u00e1 sag\u00f0i Sam\u00fael f\u00f3lkinu, sem heimti af honum konung, \u00f6ll Drottins or\u00f0.<a name=\"11\"><span class=\"versanumer\">11<\/span><\/a>Og hann m\u00e6lti: s\u00e1 mun vera k\u00f3ngsins h\u00e1ttur, \u00feess sem yfir y\u00f0ur drottnar: y\u00f0ar syni mun hann taka, a\u00f0 \u00feeir skipi s\u00e9r ni\u00f0ur \u00e1 hans vagna og me\u00f0al hans rei\u00f0manna, og a\u00f0 \u00feeir hlaupi fyrir hans vagni,<a name=\"12\"><span class=\"versanumer\">12<\/span><\/a>til a\u00f0 gj\u00f6ra \u00fe\u00e1 h\u00f6fu\u00f0smenn yfir \u00fe\u00fasund, og h\u00f6fu\u00f0smenn yfir fimmtygir, og a\u00f0 \u00feeir pl\u00e6gi hans akur, og uppskeri hans uppskeru og gj\u00f6ri hans str\u00ed\u00f0st\u00f3l og vagnt\u00f3l.<a name=\"13\"><span class=\"versanumer\">13<\/span><\/a>Og y\u00f0ar d\u00e6tur mun hann taka til \u00feess \u00fe\u00e6r b\u00fai til smyrsli, eldi og baki.<a name=\"14\"><span class=\"versanumer\">14<\/span><\/a>Og y\u00f0ar akra, og y\u00f0ar v\u00edngar\u00f0a og y\u00f0ar ol\u00edugar\u00f0a, \u00fe\u00e1 bestu, mun hann taka og gefa s\u00ednum \u00fer\u00e6lum.<a name=\"15\"><span class=\"versanumer\">15<\/span><\/a>Og y\u00f0ar s\u00e1\u00f0l\u00f6nd og y\u00f0ar v\u00edngar\u00f0a mun hann l\u00e1ta y\u00f0ur t\u00edunda, og gefa \u00fea\u00f0 s\u00ednum geldingum og \u00fer\u00e6lum.<a name=\"16\"><span class=\"versanumer\">16<\/span><\/a>Og hann mun taka y\u00f0ar \u00fer\u00e6la og y\u00f0ar amb\u00e1ttir og y\u00f0ar fr\u00ed\u00f0ustu ungmenni og y\u00f0ar asna og br\u00faka til sinna verka.<a name=\"17\"><span class=\"versanumer\">17<\/span><\/a>Y\u00f0ar sau\u00f0f\u00e9na\u00f0 mun hann l\u00e1ta y\u00f0ur t\u00edunda og \u00fe\u00e9r sj\u00e1lfir munu\u00f0 vera hans \u00fer\u00e6lar.<a name=\"18\"><span class=\"versanumer\">18<\/span><\/a>Og \u00fe\u00e9r munu\u00f0 \u00e1 \u00feeim sama t\u00edma \u00e6pa s\u00f6kum y\u00f0ar konungs sem \u00fe\u00e9r hafi\u00f0 y\u00f0ur vali\u00f0, og Drottinn mun ekki heyra y\u00f0ur \u00e1 \u00feeim sama t\u00edma.<a name=\"19\"><span class=\"versanumer\">19<\/span><\/a>En f\u00f3lki\u00f0 vildi ei gegna Sam\u00faels raust, og \u00feeir s\u00f6g\u00f0u: nei! k\u00f3ngur skal yfir oss vera,<a name=\"20\"><span class=\"versanumer\">20<\/span><\/a>a\u00f0 v\u00e9r s\u00e9um eins og a\u00f0rar \u00fej\u00f3\u00f0ir, og k\u00f3ngur d\u00e6mi oss, og fari \u00fat \u00e1 undan oss, og heyi vor str\u00ed\u00f0.<a name=\"21\"><span class=\"versanumer\">21<\/span><\/a>Og Sam\u00fael heyr\u00f0i \u00f6ll umm\u00e6li f\u00f3lksins, og tala\u00f0i \u00feau aftur fyrir eyrum Drottins.<a name=\"22\"><span class=\"versanumer\">22<\/span><\/a>Og Drottinn sag\u00f0i til Sam\u00faels: hl\u00fd\u00f0 \u00fe\u00fa \u00feeirra raust og settu konung yfir \u00fe\u00e1. Og Sam\u00fael sag\u00f0i til \u00cdsraelsmanna: fari\u00f0 burt, hv\u00f6r til s\u00edns sta\u00f0ar <span class='VideyAth'>b)<\/span>.<\/p>\n<div class=\"footnoteVidey\">V. 3. d. E\u00f0a m\u00fatur Ex. 23,8. Devt. 16,19.  V. 4. c. Kap. 7,17.  V. 5. a. Devt. 17,14. fl.  V. 22. b. Kap. 10,25.<\/div>\n","protected":false},"excerpt":{"rendered":"<p>\u00cdsraels menn bi\u00f0ja um konung. 1Og \u00fea\u00f0 ske\u00f0i \u00fe\u00e1 Sam\u00fael var or\u00f0inn gamall, a\u00f0 hann setti syni s\u00edna sem d\u00f3mara yfir \u00cdsrael.2Og nafn hans frumborna sonar var J\u00f3el, og nafn hins annars Abja, \u00feeir d\u00e6mdu \u00ed Bersaba.3En hans synir gengu ekki \u00e1 hans vegum, og gengu af lei\u00f0 eftir gr\u00f3\u00f0a, og \u00fe\u00e1\u00f0u g\u00e1fur d) og beyg\u00f0u r\u00e9ttinn.4\u00de\u00e1 samans\u00f6fnu\u00f0ust allir \u00feeir elstu \u00ed \u00cdsrael og komu til Sam\u00fael \u00ed Rama e);5og s\u00f6g\u00f0u til hans: sj\u00e1! \u00fe\u00fa ert or\u00f0inn gamall, og \u00fe\u00ednir synir ganga ekki \u00e1 \u00fe\u00ednum vegum; settu oss n\u00fa konung sem d\u00e6mi oss, eftir si\u00f0 allra \u00fej\u00f3\u00f0a a).6Og \u00feessi or\u00f0 <a href=\"https:\/\/biblian.is\/videy\/fyrri-samuelsbok-8-kafli\/\"> [&#8230;]<\/a><\/p>\n","protected":false},"author":1,"featured_media":0,"parent":0,"menu_order":0,"comment_status":"open","ping_status":"open","template":"bibliukaflar.php","meta":{"footnotes":""},"class_list":["post-21093","page","type-page","status-publish","hentry"],"_links":{"self":[{"href":"https:\/\/biblian.is\/videy\/wp-json\/wp\/v2\/pages\/21093","targetHints":{"allow":["GET"]}}],"collection":[{"href":"https:\/\/biblian.is\/videy\/wp-json\/wp\/v2\/pages"}],"about":[{"href":"https:\/\/biblian.is\/videy\/wp-json\/wp\/v2\/types\/page"}],"author":[{"embeddable":true,"href":"https:\/\/biblian.is\/videy\/wp-json\/wp\/v2\/users\/1"}],"replies":[{"embeddable":true,"href":"https:\/\/biblian.is\/videy\/wp-json\/wp\/v2\/comments?post=21093"}],"version-history":[{"count":0,"href":"https:\/\/biblian.is\/videy\/wp-json\/wp\/v2\/pages\/21093\/revisions"}],"wp:attachment":[{"href":"https:\/\/biblian.is\/videy\/wp-json\/wp\/v2\/media?parent=21093"}],"curies":[{"name":"wp","href":"https:\/\/api.w.org\/{rel}","templated":true}]}}