{"id":21092,"date":"2018-01-02T01:00:19","date_gmt":"2018-01-02T01:00:19","guid":{"rendered":"http:\/\/biblian.is\/videy\/fyrri-samuelsbok-7-kafli\/"},"modified":"2018-01-02T01:00:19","modified_gmt":"2018-01-02T01:00:19","slug":"fyrri-samuelsbok-7-kafli","status":"publish","type":"page","link":"https:\/\/biblian.is\/videy\/fyrri-samuelsbok-7-kafli\/","title":{"rendered":"Fyrri Sam\u00faelsb\u00f3k 7. kafli"},"content":{"rendered":"<div class=\"fyrirsognVidey\">Um Sam\u00fael.<\/div>\n<p><a name=\"1\"><span class=\"versanumer\">1<\/span><\/a>\u00de\u00e1 komu menn fr\u00e1 Kirjat-Jearim og s\u00f3ttu \u00f6rk Drottins, og fluttu hana \u00ed h\u00fas Ab\u00ednadabs \u00e1 h\u00e6\u00f0inni, og v\u00edg\u00f0u Eleasar hans son til a\u00f0 vakta \u00f6rk Drottins.<a name=\"2\"><span class=\"versanumer\">2<\/span><\/a>Og \u00fea\u00f0 ske\u00f0i, fr\u00e1 \u00feeim degi a\u00f0 \u00f6rkin kom til Kirjat-Jearim, lei\u00f0 langur t\u00edmi og \u00fea\u00f0 ur\u00f0u 20 \u00e1r. Og allt \u00cdsraels h\u00fas kveina\u00f0i fyrir Drottni.<a name=\"3\"><span class=\"versanumer\">3<\/span><\/a>\u00de\u00e1 tala\u00f0i Sam\u00fael til alls \u00cdsraels h\u00fass, og m\u00e6lti: ef \u00fe\u00e9r sn\u00fai\u00f0 y\u00f0ur af \u00f6llu hjarta til Drottins, \u00fe\u00e1 fjarl\u00e6gi\u00f0 gu\u00f0i hinna \u00fatlendu fr\u00e1 y\u00f0ur, og Astarot, og st\u00fdri\u00f0 y\u00f0ar hjarta til Drottins, og \u00fej\u00f3ni\u00f0 honum einum, svo hann frelsi y\u00f0ur af hendi Filisteanna.<a name=\"4\"><span class=\"versanumer\">4<\/span><\/a>\u00de\u00e1 fjarl\u00e6g\u00f0u \u00cdsraelssynir Baal og Astarot og \u00fej\u00f3nu\u00f0u Drottni einum.<a name=\"5\"><span class=\"versanumer\">5<\/span><\/a>Og Sam\u00fael m\u00e6lti: samansafnist allur \u00cdsrael til Mispa, a\u00f0 eg bi\u00f0ji fyrir y\u00f0ur til Drottins.<a name=\"6\"><span class=\"versanumer\">6<\/span><\/a>Og \u00feeir samans\u00f6fnu\u00f0ust til Mispa, og jusu vatn, og \u00fathelltu \u00fev\u00ed fyrir Drottni, og f\u00f6stu\u00f0u \u00feann sama dag, og s\u00f6g\u00f0u: v\u00e9r h\u00f6fum syndgast m\u00f3ti Drottni. Og Sam\u00fael d\u00e6mdi \u00cdsraelssyni \u00ed Mispa.<a name=\"7\"><span class=\"versanumer\">7<\/span><\/a>Og er Filistear heyr\u00f0u, a\u00f0 \u00cdsraelssynir samans\u00f6fnu\u00f0ust \u00ed Mispa, svo f\u00f3ru h\u00f6f\u00f0ingjar Filistea \u00e1 m\u00f3ti \u00cdsrael, og \u00cdsraelssynir heyr\u00f0u \u00fea\u00f0, og \u00f3ttu\u00f0ust Filisteana.<a name=\"8\"><span class=\"versanumer\">8<\/span><\/a>Og \u00cdsraelssynir s\u00f6g\u00f0u vi\u00f0 Sam\u00fael: h\u00e6tt \u00fe\u00fa ekki a\u00f0 \u00e1kalla Drottin vorn Gu\u00f0 fyrir oss, a\u00f0 hann frelsi oss af hendi Filisteanna.<a name=\"9\"><span class=\"versanumer\">9<\/span><\/a>\u00de\u00e1 t\u00f3k Sam\u00fael dilk og f\u00f3rnf\u00e6r\u00f0i Drottni svo sem heila brennif\u00f3rn, og Sam\u00fael kalla\u00f0i til Drottins fyrir \u00cdsrael, og Drottinn b\u00e6nheyr\u00f0i hann.<a name=\"10\"><span class=\"versanumer\">10<\/span><\/a>Og einmitt \u00feegar Sam\u00fael frambar brennif\u00f3rnina, l\u00f6g\u00f0u Filistear til orrustu vi\u00f0 \u00cdsrael, \u00fe\u00e1 sendi Drottinn, \u00e1 hinum sama degi, miklar \u00ferumur yfir Filisteana, og tv\u00edstra\u00f0i \u00feeim og \u00feeir voru reknir \u00e1 fl\u00f3tta af \u00cdsrael.<a name=\"11\"><span class=\"versanumer\">11<\/span><\/a>Og \u00cdsraelsmenn f\u00f3ru \u00fat fr\u00e1 Mispa, og eltu Filistea, og r\u00e1ku fl\u00f3ttann allt a\u00f0 <span class='VideyAth'>(l\u00e1glendinu)<\/span> fyrir ne\u00f0an Betkar.<a name=\"12\"><span class=\"versanumer\">12<\/span><\/a>\u00de\u00e1 t\u00f3k Sam\u00fael stein og reisti hann milli Mispa og Sen, og nefndi hann Ebeneser <span class='VideyAth'>b)<\/span>, <span class='VideyAth'>(hj\u00e1lpr\u00e6\u00f0isstein)<\/span> og sag\u00f0i: hinga\u00f0 a\u00f0 hefir Drottinn hj\u00e1lpa\u00f0 oss.<a name=\"13\"><span class=\"versanumer\">13<\/span><\/a>Og svona voru Filistear beyg\u00f0ir og komu ekki framar \u00ed \u00cdsraels land; og h\u00f6nd Drottins var \u00e1 m\u00f3ti Filisteum, svo lengi sem Sam\u00fael lif\u00f0i.<a name=\"14\"><span class=\"versanumer\">14<\/span><\/a>Og \u00feeir sta\u00f0ir b\u00e6ttust aftur vi\u00f0 \u00cdsrael sem Filistear h\u00f6f\u00f0u teki\u00f0 fr\u00e1 \u00cdsrael, fr\u00e1 Ekron allt til Gat, og l\u00edka h\u00e9ra\u00f0i\u00f0 rifu \u00cdsraelsmenn fr\u00e1 Filisteum. Og fri\u00f0ur komst \u00e1 milli \u00cdsraels og Amor\u00edta.<a name=\"15\"><span class=\"versanumer\">15<\/span><\/a>Og Sam\u00fael d\u00e6mdi \u00cdsrael svo lengi sem hann lif\u00f0i.<a name=\"16\"><span class=\"versanumer\">16<\/span><\/a>Og hann fer\u00f0a\u00f0ist \u00e1r eftir \u00e1r til Betel og Gilgal og Mispa, og d\u00e6mdi \u00cdsrael \u00e1 \u00f6llum \u00feessum st\u00f6\u00f0um.<a name=\"17\"><span class=\"versanumer\">17<\/span><\/a>Og hans heimlei\u00f0 var til Rama, \u00fev\u00ed \u00fear var hans h\u00fas, og \u00fear d\u00e6mdi hann \u00cdsrael, og \u00fear bygg\u00f0i hann Drottni altari.<\/p>\n<div class=\"footnoteVidey\">V. 21. a. J\u00f3s. 15,9. 18,14.  V. 12. b. Kap. 4,1.  V. 17. c. Kap. 1,19. 8,4.<\/div>\n","protected":false},"excerpt":{"rendered":"<p>Um Sam\u00fael. 1\u00de\u00e1 komu menn fr\u00e1 Kirjat-Jearim og s\u00f3ttu \u00f6rk Drottins, og fluttu hana \u00ed h\u00fas Ab\u00ednadabs \u00e1 h\u00e6\u00f0inni, og v\u00edg\u00f0u Eleasar hans son til a\u00f0 vakta \u00f6rk Drottins.2Og \u00fea\u00f0 ske\u00f0i, fr\u00e1 \u00feeim degi a\u00f0 \u00f6rkin kom til Kirjat-Jearim, lei\u00f0 langur t\u00edmi og \u00fea\u00f0 ur\u00f0u 20 \u00e1r. Og allt \u00cdsraels h\u00fas kveina\u00f0i fyrir Drottni.3\u00de\u00e1 tala\u00f0i Sam\u00fael til alls \u00cdsraels h\u00fass, og m\u00e6lti: ef \u00fe\u00e9r sn\u00fai\u00f0 y\u00f0ur af \u00f6llu hjarta til Drottins, \u00fe\u00e1 fjarl\u00e6gi\u00f0 gu\u00f0i hinna \u00fatlendu fr\u00e1 y\u00f0ur, og Astarot, og st\u00fdri\u00f0 y\u00f0ar hjarta til Drottins, og \u00fej\u00f3ni\u00f0 honum einum, svo hann frelsi y\u00f0ur af hendi Filisteanna.4\u00de\u00e1 fjarl\u00e6g\u00f0u \u00cdsraelssynir Baal <a href=\"https:\/\/biblian.is\/videy\/fyrri-samuelsbok-7-kafli\/\"> [&#8230;]<\/a><\/p>\n","protected":false},"author":1,"featured_media":0,"parent":0,"menu_order":0,"comment_status":"open","ping_status":"open","template":"bibliukaflar.php","meta":{"footnotes":""},"class_list":["post-21092","page","type-page","status-publish","hentry"],"_links":{"self":[{"href":"https:\/\/biblian.is\/videy\/wp-json\/wp\/v2\/pages\/21092","targetHints":{"allow":["GET"]}}],"collection":[{"href":"https:\/\/biblian.is\/videy\/wp-json\/wp\/v2\/pages"}],"about":[{"href":"https:\/\/biblian.is\/videy\/wp-json\/wp\/v2\/types\/page"}],"author":[{"embeddable":true,"href":"https:\/\/biblian.is\/videy\/wp-json\/wp\/v2\/users\/1"}],"replies":[{"embeddable":true,"href":"https:\/\/biblian.is\/videy\/wp-json\/wp\/v2\/comments?post=21092"}],"version-history":[{"count":0,"href":"https:\/\/biblian.is\/videy\/wp-json\/wp\/v2\/pages\/21092\/revisions"}],"wp:attachment":[{"href":"https:\/\/biblian.is\/videy\/wp-json\/wp\/v2\/media?parent=21092"}],"curies":[{"name":"wp","href":"https:\/\/api.w.org\/{rel}","templated":true}]}}