{"id":21091,"date":"2018-01-02T01:00:19","date_gmt":"2018-01-02T01:00:19","guid":{"rendered":"http:\/\/biblian.is\/videy\/fyrri-samuelsbok-6-kafli\/"},"modified":"2018-01-02T01:00:19","modified_gmt":"2018-01-02T01:00:19","slug":"fyrri-samuelsbok-6-kafli","status":"publish","type":"page","link":"https:\/\/biblian.is\/videy\/fyrri-samuelsbok-6-kafli\/","title":{"rendered":"Fyrri Sam\u00faelsb\u00f3k 6. kafli"},"content":{"rendered":"<div class=\"fyrirsognVidey\">\u00d6rkin er send heim. Betsem\u00edtar taka \u00e1 m\u00f3ti henni, en kunna ekki me\u00f0 a\u00f0 fara.<\/div>\n<p><a name=\"1\"><span class=\"versanumer\">1<\/span><\/a>Og Drottins \u00f6rk var \u00ed Filistea landi \u00ed sj\u00f6 m\u00e1nu\u00f0i.<a name=\"2\"><span class=\"versanumer\">2<\/span><\/a>Og Filistear k\u00f6llu\u00f0u prestana og sp\u00e1fararmennina og s\u00f6g\u00f0u: hva\u00f0 eigum v\u00e9r a\u00f0 gj\u00f6ra vi\u00f0 \u00f6rk Drottins? segi\u00f0 oss me\u00f0 hv\u00f6rju ver eigum a\u00f0 senda hana \u00e1 sinn sta\u00f0.<a name=\"3\"><span class=\"versanumer\">3<\/span><\/a>Og \u00feeir s\u00f6g\u00f0u: Ef \u00fe\u00e9r sendi\u00f0 burt \u00f6rk \u00cdsraels Gu\u00f0s, svo megi\u00f0 \u00fe\u00e9r ekki senda hana t\u00f3ma, heldur ver\u00f0i\u00f0 \u00fe\u00e9r a\u00f0 grei\u00f0a honum <span class='VideyAth'>(Drottni)<\/span>, skuldaoffur; \u00fe\u00e1 mun y\u00f0ur batna, og y\u00f0ur mun ver\u00f0a kunnugt hv\u00f6rs vegna hans <span class='VideyAth'>(hegnandi)<\/span> h\u00f6nd hefir ekki fr\u00e1 y\u00f0ur viki\u00f0.<a name=\"4\"><span class=\"versanumer\">4<\/span><\/a>Og \u00feeir s\u00f6g\u00f0u: hva\u00f0 er \u00fea\u00f0 skuldaoffur sem v\u00e9r eigum honum a\u00f0 grei\u00f0a? Og \u00feeir s\u00f6g\u00f0u: eftir t\u00f6lu Filisteanna h\u00f6f\u00f0ingja, fimm k\u00fdli af gulli og fimm m\u00fds af gulli; \u00fev\u00ed ein pl\u00e1ga er yfir \u00f6llum og l\u00edka yfir y\u00f0ar h\u00f6f\u00f0ingjum.<a name=\"5\"><span class=\"versanumer\">5<\/span><\/a>Og gj\u00f6ri\u00f0 n\u00fa myndir eftir y\u00f0ar k\u00fdlum, og myndir eftir y\u00f0ar m\u00fasum, sem skemma landi\u00f0 og gefi\u00f0 \u00cdsraels Gu\u00f0i hei\u00f0urinn. L\u00edklega l\u00e6tur hann s\u00edna h\u00f6nd l\u00e9ttari ver\u00f0a \u00e1 y\u00f0ur, og \u00e1 y\u00f0ar Gu\u00f0i, og \u00e1 y\u00f0ar landi.<a name=\"6\"><span class=\"versanumer\">6<\/span><\/a>Og hvar fyrir vilji\u00f0 \u00fe\u00e9r forher\u00f0a y\u00f0ar hj\u00f6rtu, eins og egypskir og fara\u00f3 forhertu sitt hjarta? var \u00fea\u00f0 ekki svo, \u00feegar hann haf\u00f0i svala\u00f0 ge\u00f0i s\u00ednu \u00e1 \u00feeim <span class='VideyAth'>a)<\/span>, \u00fe\u00e1 slepptu \u00feeir \u00feeim svo \u00feeir f\u00f3ru burt?<a name=\"7\"><span class=\"versanumer\">7<\/span><\/a>Og taki\u00f0 n\u00fa og gj\u00f6ri\u00f0 n\u00fdjan vagn og tv\u00e6r k\u00fdr sem k\u00e1lfar ganga undir, \u00e1 hv\u00f6rjar ekki hefir komi\u00f0 ok, og spenni\u00f0 k\u00fdrnar fyrir vagninn, og taki\u00f0 fr\u00e1 \u00feeim k\u00e1lfana og l\u00e1ti\u00f0 \u00fe\u00e1 inn.<a name=\"8\"><span class=\"versanumer\">8<\/span><\/a>Og taki\u00f0 \u00f6rk Drottins og setji\u00f0 hana \u00ed vagninn og \u00fe\u00e1 gullgripi sem \u00fe\u00e9r grei\u00f0i\u00f0 honum \u00ed skuldoffur, og l\u00e1ti\u00f0 \u00fe\u00e1 \u00ed kistil vi\u00f0 hli\u00f0 og sendi\u00f0 hana \u00e1 sta\u00f0 a\u00f0 h\u00fan fari.<a name=\"9\"><span class=\"versanumer\">9<\/span><\/a>Og sj\u00e1i\u00f0! ef a\u00f0 h\u00fan fer veginn til sinna landamerkja til Betsemes, svo hefir hann gj\u00f6rt oss \u00feessa miklu \u00f3lukku; en ef ekki; svo vitum v\u00e9r a\u00f0 hans h\u00f6nd hefir oss ekki slegi\u00f0; \u00fea\u00f0 var oss \u00fe\u00e1 tilviljun.<br \/><a name=\"10\"><span class=\"versanumer\">10<\/span><\/a>Og mennirnir gj\u00f6r\u00f0u svo og t\u00f3ku tv\u00e6r k\u00fdr sem k\u00e1lfar gengu undir, og spenntu \u00fe\u00e6r fyrir vagninn, en k\u00e1lfunum h\u00e9ldu \u00feeir inni.<a name=\"11\"><span class=\"versanumer\">11<\/span><\/a>Og \u00feeir settu \u00f6rk Drottins \u00e1 vagninn og kistilinn og gullm\u00fdsnar og k\u00fdlamyndirnar,<a name=\"12\"><span class=\"versanumer\">12<\/span><\/a>og k\u00fdrnar f\u00f3ru raklei\u00f0is veginn til Betsemes; beina lei\u00f0 f\u00f3ru \u00fe\u00e6r og baulu\u00f0u \u00ed \u00fev\u00ed \u00fe\u00e6r f\u00f3ru \u00e1fram, og viku hv\u00f6rki til h\u00e6gri n\u00e9 vinstri, og h\u00f6f\u00f0ingjar Filisteanna gengu \u00e1 eftir \u00feeim allt a\u00f0 landamerkjum Betsemis h\u00e9ra\u00f0s <span class='VideyAth'>b)<\/span>,<a name=\"13\"><span class=\"versanumer\">13<\/span><\/a>en Betsem\u00edtar voru a\u00f0 hveitiuppskeru \u00ed dalnum; og \u00feeir h\u00f3fu upp s\u00edn augu og s\u00e1u \u00f6rkina og gl\u00f6ddust a\u00f0 sj\u00e1 hana.<a name=\"14\"><span class=\"versanumer\">14<\/span><\/a>Og vagninn kom \u00e1 akur J\u00f3s\u00faa Betsem\u00edta, og nam \u00fear sta\u00f0ar; en \u00fear var steinn mikill. Og \u00feeir klufu vi\u00f0inn sem vagninn var gj\u00f6r\u00f0ur af, og offru\u00f0u k\u00fanum Drottni til brennif\u00f3rnar.<a name=\"15\"><span class=\"versanumer\">15<\/span><\/a>Og Lev\u00edtarnir t\u00f3ku \u00f6rk Drottins af <span class='VideyAth'>(vagninum)<\/span> og kistilinn hj\u00e1 henni, \u00ed hv\u00f6rjum a\u00f0 voru gullgripirnir, og settu \u00e1 st\u00f3ra steininn, og f\u00f3lki\u00f0 \u00ed Betsemes offra\u00f0i Drottni brennif\u00f3rn og sl\u00e1tra\u00f0i sl\u00e1trunarf\u00f3rn \u00e1 \u00feeim sama degi.<a name=\"16\"><span class=\"versanumer\">16<\/span><\/a>Og \u00feeir fimm h\u00f6f\u00f0ingjar Filisteanna s\u00e1u \u00fea\u00f0, og f\u00f3ru \u00feann sama dag til baka til Ekron.<a name=\"17\"><span class=\"versanumer\">17<\/span><\/a>En \u00feetta eru \u00feau gullk\u00fdli sem Filistear greiddu Drottni sem skuldaoffur: fyrir Asdod eitt, fyrir Gasa eitt, fyrir Askalon eitt, fyrir Gat eitt, fyrir Ekron eitt.<a name=\"18\"><span class=\"versanumer\">18<\/span><\/a>Og gullm\u00fdsnar <span class='VideyAth'>(voru)<\/span> eftir t\u00f6lu Filisteanna sta\u00f0a, eftir \u00feeim fimm h\u00f6f\u00f0ingjum, fr\u00e1 borgunum til \u00feorpanna \u00e1 flatlendinu <span class='VideyAth'>c)<\/span>. Og til ens st\u00f3ra steins Abel \u00e1 hv\u00f6rn \u00feeir settu \u00f6rk Drottins, <span class='VideyAth'>(hv\u00f6r steinn)<\/span> allt til \u00feessa dags <span class='VideyAth'>(er)<\/span> \u00e1 akri Betsemitans J\u00f3s\u00faa.<br \/><a name=\"19\"><span class=\"versanumer\">19<\/span><\/a>En hann <span class='VideyAth'>(Drottinn)<\/span> sl\u00f3 nokkra af f\u00f3lkinu \u00ed Betsemes, af \u00fev\u00ed \u00feeir litu inn \u00ed <span class='VideyAth'>d)<\/span> \u00f6rk Drottins, og sl\u00f3 me\u00f0al f\u00f3lksins sj\u00f6tygi menn og fimmt\u00edu \u00fe\u00fasund menn, <span class='VideyAth'>e)<\/span> og f\u00f3lki\u00f0 harma\u00f0i a\u00f0 Drottinn haf\u00f0i gj\u00f6rt svo miki\u00f0 mannfall me\u00f0al f\u00f3lksins.<a name=\"20\"><span class=\"versanumer\">20<\/span><\/a>Og f\u00f3lki\u00f0 \u00ed Betsemes sag\u00f0i: hv\u00f6r getur sta\u00f0ist fyrir Drottni, \u00feessum heilaga Gu\u00f0i? hv\u00f6rt og til hv\u00f6rs skal hann fr\u00e1 oss fara?<a name=\"21\"><span class=\"versanumer\">21<\/span><\/a>Og \u00feeir sendu menn til innbyggjaranna \u00ed Kirjat-Jearim <span class='VideyAth'>a)<\/span> og s\u00f6g\u00f0u: Filistear hafa flutt til baka \u00f6rk Drottins, komi\u00f0 hinga\u00f0 og flytji\u00f0 hana til y\u00f0ar.<\/p>\n<div class=\"footnoteVidey\">V. 6. a. A\u00f0r. haf\u00f0i \u00edtreka\u00f0 st\u00f3rvirki m\u00f3ti \u00feeim. sbr. Ex. 10,2.  V. 12. b. J\u00f3s. 21,16. 2 K\u00f3ng. 14,11.  V. 18. c. Devt. 3,5.  V. 19. d. A\u00f0r. horf\u00f0u \u00e1; h\u00e9r vi\u00f0 l\u00e1 dau\u00f0a straff. Ex. 4,5.20.  V. 19. e. a\u00f0r: 70 manns af fimmt\u00edu \u00fe\u00fasundum.<\/div>\n","protected":false},"excerpt":{"rendered":"<p>\u00d6rkin er send heim. Betsem\u00edtar taka \u00e1 m\u00f3ti henni, en kunna ekki me\u00f0 a\u00f0 fara. 1Og Drottins \u00f6rk var \u00ed Filistea landi \u00ed sj\u00f6 m\u00e1nu\u00f0i.2Og Filistear k\u00f6llu\u00f0u prestana og sp\u00e1fararmennina og s\u00f6g\u00f0u: hva\u00f0 eigum v\u00e9r a\u00f0 gj\u00f6ra vi\u00f0 \u00f6rk Drottins? segi\u00f0 oss me\u00f0 hv\u00f6rju ver eigum a\u00f0 senda hana \u00e1 sinn sta\u00f0.3Og \u00feeir s\u00f6g\u00f0u: Ef \u00fe\u00e9r sendi\u00f0 burt \u00f6rk \u00cdsraels Gu\u00f0s, svo megi\u00f0 \u00fe\u00e9r ekki senda hana t\u00f3ma, heldur ver\u00f0i\u00f0 \u00fe\u00e9r a\u00f0 grei\u00f0a honum (Drottni), skuldaoffur; \u00fe\u00e1 mun y\u00f0ur batna, og y\u00f0ur mun ver\u00f0a kunnugt hv\u00f6rs vegna hans (hegnandi) h\u00f6nd hefir ekki fr\u00e1 y\u00f0ur viki\u00f0.4Og \u00feeir s\u00f6g\u00f0u: hva\u00f0 er \u00fea\u00f0 <a href=\"https:\/\/biblian.is\/videy\/fyrri-samuelsbok-6-kafli\/\"> [&#8230;]<\/a><\/p>\n","protected":false},"author":1,"featured_media":0,"parent":0,"menu_order":0,"comment_status":"open","ping_status":"open","template":"bibliukaflar.php","meta":{"footnotes":""},"class_list":["post-21091","page","type-page","status-publish","hentry"],"_links":{"self":[{"href":"https:\/\/biblian.is\/videy\/wp-json\/wp\/v2\/pages\/21091","targetHints":{"allow":["GET"]}}],"collection":[{"href":"https:\/\/biblian.is\/videy\/wp-json\/wp\/v2\/pages"}],"about":[{"href":"https:\/\/biblian.is\/videy\/wp-json\/wp\/v2\/types\/page"}],"author":[{"embeddable":true,"href":"https:\/\/biblian.is\/videy\/wp-json\/wp\/v2\/users\/1"}],"replies":[{"embeddable":true,"href":"https:\/\/biblian.is\/videy\/wp-json\/wp\/v2\/comments?post=21091"}],"version-history":[{"count":0,"href":"https:\/\/biblian.is\/videy\/wp-json\/wp\/v2\/pages\/21091\/revisions"}],"wp:attachment":[{"href":"https:\/\/biblian.is\/videy\/wp-json\/wp\/v2\/media?parent=21091"}],"curies":[{"name":"wp","href":"https:\/\/api.w.org\/{rel}","templated":true}]}}