{"id":21088,"date":"2018-01-02T01:00:14","date_gmt":"2018-01-02T01:00:14","guid":{"rendered":"http:\/\/biblian.is\/videy\/fyrri-samuelsbok-3-kafli\/"},"modified":"2018-01-02T01:00:14","modified_gmt":"2018-01-02T01:00:14","slug":"fyrri-samuelsbok-3-kafli","status":"publish","type":"page","link":"https:\/\/biblian.is\/videy\/fyrri-samuelsbok-3-kafli\/","title":{"rendered":"Fyrri Sam\u00faelsb\u00f3k 3. kafli"},"content":{"rendered":"<div class=\"fyrirsognVidey\">Sam\u00faels \u00fej\u00f3nusta.<\/div>\n<p><a name=\"1\"><span class=\"versanumer\">1<\/span><\/a>En sveininn Sam\u00fael \u00fej\u00f3na\u00f0i Drottni undir umsj\u00f3n El\u00ed. Og or\u00f0 Drottins var skjaldg\u00e6ft <span class='VideyAth'>b)<\/span> \u00e1 \u00feeim d\u00f6gum; sj\u00f3nir voru ekki i\u00f0uglegar.<a name=\"2\"><span class=\"versanumer\">2<\/span><\/a>Og \u00fea\u00f0 ske\u00f0i \u00e1 \u00feeim sama degi sem El\u00ed l\u00e1 \u00ed s\u00ednu r\u00fami, hans augu voru farin a\u00f0 slj\u00f3vgast <span class='VideyAth'>c)<\/span>, hann gat ekki s\u00e9\u00f0,<a name=\"3\"><span class=\"versanumer\">3<\/span><\/a>og Gu\u00f0s lampi var ekki slokkna\u00f0ur, og Sam\u00fael l\u00e1 \u00ed Drottins b\u00fasta\u00f0, hvar s\u00e1ttm\u00e1ls\u00f6rkin var,<a name=\"4\"><span class=\"versanumer\">4<\/span><\/a>\u00fe\u00e1 kalla\u00f0i Drottinn \u00e1 Sam\u00fael, og hann sag\u00f0i: h\u00e9r em eg.<a name=\"5\"><span class=\"versanumer\">5<\/span><\/a>Og hann hlj\u00f3p til El\u00ed og m\u00e6lti: h\u00e9r em eg, \u00fev\u00ed \u00fe\u00fa kalla\u00f0ir \u00e1 mig. Og hann sag\u00f0i: eg hefi ekki kalla\u00f0, far\u00f0u aftur og legg \u00fe\u00fa \u00feig. Og hann f\u00f3r og lag\u00f0i sig.<a name=\"6\"><span class=\"versanumer\">6<\/span><\/a>\u00de\u00e1 kalla\u00f0i Drottinn Sam\u00fael aftur. Og Sam\u00fael st\u00f3\u00f0 upp, og gekk til El\u00ed, og m\u00e6lti: h\u00e9r em eg, \u00fev\u00ed \u00fe\u00fa kalla\u00f0ir mig. Og hann sag\u00f0i: eg hefi ekki kalla\u00f0, minn son! far \u00fe\u00fa aftur og legg \u00fe\u00fa \u00feig!<a name=\"7\"><span class=\"versanumer\">7<\/span><\/a>En Sam\u00fael \u00feekkti ekki enn \u00fe\u00e1 Drottin, og enn n\u00fa var honum ekki or\u00f0 Drottins opinbera\u00f0.<a name=\"8\"><span class=\"versanumer\">8<\/span><\/a>\u00de\u00e1 kalla\u00f0i Drottinn Sam\u00fael aftur \u00ed \u00feri\u00f0ja sinn. Og hann st\u00f3\u00f0 upp og gekk til El\u00ed, og m\u00e6lti: h\u00e9r em eg, \u00fev\u00ed \u00fe\u00fa hefir kalla\u00f0 til m\u00edn. \u00de\u00e1 s\u00e1 El\u00ed a\u00f0 Drottinn haf\u00f0i kalla\u00f0 sveininn.<a name=\"9\"><span class=\"versanumer\">9<\/span><\/a>Og El\u00ed sag\u00f0i vi\u00f0 Sam\u00fael: far \u00fe\u00fa n\u00fa og legg \u00feig, og ver\u00f0i n\u00fa \u00e1 \u00feig kalla\u00f0, \u00fe\u00e1 svara \u00fe\u00fa: tala\u00f0u, Drottinn! \u00fev\u00ed \u00feinn \u00fe\u00e9nari heyrir. Og Sam\u00fael f\u00f3r burt og lag\u00f0ist fyrir \u00e1 sinn sta\u00f0. <br \/><a name=\"10\"><span class=\"versanumer\">10<\/span><\/a>\u00de\u00e1 kom Drottinn og gekk \u00feanga\u00f0, og kalla\u00f0i n\u00fa \u00ed \u00feetta sinn eins og \u00ed fyrra sinn: Sam\u00fael! Sam\u00fael! og hann svara\u00f0i: tala \u00fe\u00fa! \u00fev\u00ed \u00feinn \u00fe\u00e9nari heyrir.<a name=\"11\"><span class=\"versanumer\">11<\/span><\/a>Og Drottinn sag\u00f0i til Sam\u00faels: sj\u00e1! eg gj\u00f6ri \u00fea\u00f0 \u00ed \u00cdsrael, a\u00f0 hv\u00f6r sem \u00fea\u00f0 heyrir, \u00feess hins sama b\u00e6\u00f0i eyru skulu undirtaka <span class='VideyAth'>d)<\/span>.<a name=\"12\"><span class=\"versanumer\">12<\/span><\/a>\u00c1 \u00feeim sama degi mun eg fullgj\u00f6ra m\u00f3ti El\u00ed allt sem eg hefi tala\u00f0 gegn hans h\u00fasi, byrja og fullgj\u00f6ra mun eg.<a name=\"13\"><span class=\"versanumer\">13<\/span><\/a>\u00dev\u00ed eg hefi kunngj\u00f6rt honum, a\u00f0 eg a\u00f0 eil\u00edfu muni straffa hans h\u00fas, vegna \u00feeirrar yfirtro\u00f0slu a\u00f0 hann vissi af, a\u00f0 hans synir b\u00f6ku\u00f0u s\u00e9r b\u00f6lvan, og hann hindra\u00f0i \u00fe\u00e1 ekki <span class='VideyAth'>e)<\/span>.<a name=\"14\"><span class=\"versanumer\">14<\/span><\/a>\u00dev\u00ed sver eg El\u00ed h\u00fasi: misgj\u00f6rningur El\u00ed h\u00fass skal ekki ver\u00f0a forl\u00edka\u00f0ur a\u00f0 eil\u00edfu hv\u00f6rki me\u00f0 f\u00f3rnum n\u00e9 matoffri.<a name=\"15\"><span class=\"versanumer\">15<\/span><\/a>Og Sam\u00fael l\u00e1 allt til morguns, \u00fe\u00e1 upplauk hann dyrunum \u00e1 Drottins h\u00fasi. En Sam\u00fael \u00feor\u00f0i ekki a\u00f0 segja El\u00ed fr\u00e1 \u00feessari s\u00fdn.<a name=\"16\"><span class=\"versanumer\">16<\/span><\/a>\u00de\u00e1 kalla\u00f0i El\u00ed \u00e1 Sam\u00fael, og m\u00e6lti: Sam\u00fael, minn son! og hann m\u00e6lti: h\u00e9r em eg.<a name=\"17\"><span class=\"versanumer\">17<\/span><\/a>Og hann sag\u00f0i: hva\u00f0 er \u00fea\u00f0, sem hann hefir tala\u00f0 vi\u00f0 \u00feig? leyndu mig \u00fev\u00ed ekki! svo gj\u00f6ri Gu\u00f0 vi\u00f0 \u00feig og enn framar, ef \u00fe\u00fa leynir mig nokkru af \u00fev\u00ed sem til \u00fe\u00edn er tala\u00f0.<a name=\"18\"><span class=\"versanumer\">18<\/span><\/a>\u00de\u00e1 tj\u00e1\u00f0i Sam\u00fael honum \u00f6ll \u00feessi or\u00f0, og leyndi hann engu. Og hann m\u00e6lti: hann er Drottinn, gj\u00f6ri hann hva\u00f0 honum gott \u00feykir! <br \/><a name=\"19\"><span class=\"versanumer\">19<\/span><\/a>Og Sam\u00fael \u00f3x og Drottinn var me\u00f0 honum og l\u00e9t ekkert af hans or\u00f0um falla til jar\u00f0ar <span class='VideyAth'>a)<\/span>.<a name=\"20\"><span class=\"versanumer\">20<\/span><\/a>Og allur \u00cdsrael fr\u00e1 Dan til Bersaba kanna\u00f0ist vi\u00f0, a\u00f0 Sam\u00fael var tr\u00faa\u00f0 til \u00feess a\u00f0 vera Drottins sp\u00e1ma\u00f0ur.<a name=\"21\"><span class=\"versanumer\">21<\/span><\/a>Og Drottinn h\u00e9lt \u00e1fram a\u00f0 opinberast \u00ed S\u00edl\u00f3; eftir \u00fea\u00f0 Drottinn haf\u00f0i birst Sam\u00faeli \u00ed S\u00edl\u00f3 fyrir or\u00f0 Drottins. Og or\u00f0st\u00edr Sam\u00faels gekk \u00fat til alls \u00cdsraels.<\/p>\n<div class=\"footnoteVidey\">V. 1. b. Sbr. Am. 8,11.  V. 2. c. Gen. 27,1.  V. 11. d. 2. K\u00f3ng. 21,12.  V. 13. e. A\u00f0r: \u00e1v\u00edta\u00f0i \u00fe\u00e1 ekki. A\u00f0r: og leit ekki \u00f3d\u00fdrt til \u00feeirra.  V. 17. f. Kap. 14,44. 1 K\u00f3ng. 19,2.<\/div>\n","protected":false},"excerpt":{"rendered":"<p>Sam\u00faels \u00fej\u00f3nusta. 1En sveininn Sam\u00fael \u00fej\u00f3na\u00f0i Drottni undir umsj\u00f3n El\u00ed. Og or\u00f0 Drottins var skjaldg\u00e6ft b) \u00e1 \u00feeim d\u00f6gum; sj\u00f3nir voru ekki i\u00f0uglegar.2Og \u00fea\u00f0 ske\u00f0i \u00e1 \u00feeim sama degi sem El\u00ed l\u00e1 \u00ed s\u00ednu r\u00fami, hans augu voru farin a\u00f0 slj\u00f3vgast c), hann gat ekki s\u00e9\u00f0,3og Gu\u00f0s lampi var ekki slokkna\u00f0ur, og Sam\u00fael l\u00e1 \u00ed Drottins b\u00fasta\u00f0, hvar s\u00e1ttm\u00e1ls\u00f6rkin var,4\u00fe\u00e1 kalla\u00f0i Drottinn \u00e1 Sam\u00fael, og hann sag\u00f0i: h\u00e9r em eg.5Og hann hlj\u00f3p til El\u00ed og m\u00e6lti: h\u00e9r em eg, \u00fev\u00ed \u00fe\u00fa kalla\u00f0ir \u00e1 mig. Og hann sag\u00f0i: eg hefi ekki kalla\u00f0, far\u00f0u aftur og legg \u00fe\u00fa \u00feig. Og hann f\u00f3r <a href=\"https:\/\/biblian.is\/videy\/fyrri-samuelsbok-3-kafli\/\"> [&#8230;]<\/a><\/p>\n","protected":false},"author":1,"featured_media":0,"parent":0,"menu_order":0,"comment_status":"open","ping_status":"open","template":"bibliukaflar.php","meta":{"footnotes":""},"class_list":["post-21088","page","type-page","status-publish","hentry"],"_links":{"self":[{"href":"https:\/\/biblian.is\/videy\/wp-json\/wp\/v2\/pages\/21088","targetHints":{"allow":["GET"]}}],"collection":[{"href":"https:\/\/biblian.is\/videy\/wp-json\/wp\/v2\/pages"}],"about":[{"href":"https:\/\/biblian.is\/videy\/wp-json\/wp\/v2\/types\/page"}],"author":[{"embeddable":true,"href":"https:\/\/biblian.is\/videy\/wp-json\/wp\/v2\/users\/1"}],"replies":[{"embeddable":true,"href":"https:\/\/biblian.is\/videy\/wp-json\/wp\/v2\/comments?post=21088"}],"version-history":[{"count":0,"href":"https:\/\/biblian.is\/videy\/wp-json\/wp\/v2\/pages\/21088\/revisions"}],"wp:attachment":[{"href":"https:\/\/biblian.is\/videy\/wp-json\/wp\/v2\/media?parent=21088"}],"curies":[{"name":"wp","href":"https:\/\/api.w.org\/{rel}","templated":true}]}}