{"id":21087,"date":"2018-01-02T01:00:14","date_gmt":"2018-01-02T01:00:14","guid":{"rendered":"http:\/\/biblian.is\/videy\/fyrri-samuelsbok-2-kafli\/"},"modified":"2018-01-02T01:00:14","modified_gmt":"2018-01-02T01:00:14","slug":"fyrri-samuelsbok-2-kafli","status":"publish","type":"page","link":"https:\/\/biblian.is\/videy\/fyrri-samuelsbok-2-kafli\/","title":{"rendered":"Fyrri Sam\u00faelsb\u00f3k 2. kafli"},"content":{"rendered":"<div class=\"fyrirsognVidey\">\u00d6nnu lofs\u00f6ngur. El\u00edsynir. Sam\u00faels \u00fej\u00f3nusta. El\u00ed umv\u00f6ndun. Straff.<\/div>\n<p><a name=\"1\"><span class=\"versanumer\">1<\/span><\/a>Og Anna ba\u00f0 og m\u00e6lti: mitt hjarta gle\u00f0st \u00ed Drottni, mitt horn <span class='VideyAth'>a)<\/span> er af Drottni hafi\u00f0, minn munnur opnar sig gegn m\u00ednum \u00f3vinum, \u00fev\u00ed eg gle\u00f0 mig vi\u00f0 \u00feitt li\u00f0sinni.<a name=\"2\"><span class=\"versanumer\">2<\/span><\/a>Enginn er heilagur sem Drottinn; \u00fev\u00ed enginn er <span class='VideyAth'>(\u00fea\u00f0)<\/span> nema \u00fe\u00fa, og ekkert bjarg <span class='VideyAth'>b)<\/span> sem vor Gu\u00f0.<a name=\"3\"><span class=\"versanumer\">3<\/span><\/a>Tali\u00f0 ekki framar drambseminnar or\u00f0, \u00f3sv\u00edfni komi ekki \u00fat \u00far y\u00f0ar munni! \u00fev\u00ed Drottinn er s\u00e1 Gu\u00f0 sem veit <span class='VideyAth'>(allt)<\/span> og af honum ver\u00f0a verkin vegin.<br \/><a name=\"4\"><span class=\"versanumer\">4<\/span><\/a>Bogi kappanna er sundurbrotinn, og \u00feeir veiku \u00e1 beinunum, gir\u00f0a sig me\u00f0 krafti.<a name=\"5\"><span class=\"versanumer\">5<\/span><\/a>\u00deeir mettu leigja sig \u00e1 mat, og \u00feeir hungru\u00f0u halda h\u00e1t\u00ed\u00f0 <span class='VideyAth'>(veislu)<\/span>. S\u00fa \u00f3frj\u00f3vsama f\u00e6\u00f0ir sj\u00f6 <span class='VideyAth'>(b\u00f6rn)<\/span>, og s\u00fa barnmarga syrgir.<a name=\"6\"><span class=\"versanumer\">6<\/span><\/a>Drottinn dey\u00f0ir og l\u00edfgar, f\u00e6rir ni\u00f0ur \u00ed helju og f\u00e6rir upp \u00fea\u00f0an <span class='VideyAth'>c)<\/span>.<a name=\"7\"><span class=\"versanumer\">7<\/span><\/a>Drottinn gj\u00f6rir f\u00e1t\u00e6kan og r\u00edkan; hann ni\u00f0url\u00e6gir og upphefur.<a name=\"8\"><span class=\"versanumer\">8<\/span><\/a>Hann lyftir \u00feeim l\u00edtilm\u00f3tlegu upp \u00far duftinu, \u00far saurnum upphefur hann \u00feann f\u00e1t\u00e6ka, til \u00feess a\u00f0 setja hann hj\u00e1 furstunum, og hann f\u00e6r honum hei\u00f0ursins st\u00f3l. \u00dev\u00ed Drottins eru st\u00f3lpar jar\u00f0arinnar, og \u00e1 \u00fe\u00e1 setti hann jar\u00f0r\u00edki\u00f0.<a name=\"9\"><span class=\"versanumer\">9<\/span><\/a>F\u00f3tspor <span class='VideyAth'>(f\u00e6tur)<\/span> sinna gu\u00f0hr\u00e6ddu var\u00f0veitir hann, en \u00feeir gu\u00f0lausu tort\u00ednast \u00ed myrkri; \u00fev\u00ed ma\u00f0urinn sigrar ekki me\u00f0 styrkleika.<a name=\"10\"><span class=\"versanumer\">10<\/span><\/a>Drottins m\u00f3tst\u00f6\u00f0umenn ver\u00f0a huglausir. Drottinn \u00ferumar upp yfir \u00feeim \u00ed himninum <span class='VideyAth'>a)<\/span>. Drottinn d\u00e6mir endimerkur jar\u00f0arinnar og gefur vald s\u00ednum konungi og lyftir upp horni s\u00edns smur\u00f0a.<a name=\"11\"><span class=\"versanumer\">11<\/span><\/a>Og Elkana f\u00f3r heim til s\u00edn \u00ed Rama, en sveinninn var\u00f0 Drottins \u00fe\u00e9nari undir umsj\u00f3n prestsins El\u00ed.<br \/><a name=\"12\"><span class=\"versanumer\">12<\/span><\/a>En El\u00ed synir v\u00f3ru au\u00f0vir\u00f0ilegir b\u00f3far, <span class='VideyAth'>b)<\/span>; \u00feeir vissu ekkert af Drottni.<a name=\"13\"><span class=\"versanumer\">13<\/span><\/a>\u00dea\u00f0 var h\u00e1ttur prestanna vi\u00f0 f\u00f3lki\u00f0, a\u00f0 \u00feegar einhv\u00f6r f\u00e6r\u00f0i f\u00f3rn, kom prestsins \u00fe\u00e9nari, \u00fev\u00ed kj\u00f6ti\u00f0 var or\u00f0i\u00f0 so\u00f0i\u00f0, og haf\u00f0i \u00fer\u00edyddan gaffal <span class='VideyAth'>(so\u00f0kr\u00f3k c)<\/span> \u00ed hendi,<a name=\"14\"><span class=\"versanumer\">14<\/span><\/a>og rak ofan \u00ed ketilinn e\u00f0a pottinn, e\u00f0a p\u00f6nnuna e\u00f0a eldsgagni\u00f0, og hva\u00f0 sem kom upp \u00e1 gaffalnum, \u00fea\u00f0 t\u00f3k presturinn. Svo gj\u00f6r\u00f0u \u00feeir \u00f6llum \u00cdsrael sem kom til S\u00edl\u00f3.<a name=\"15\"><span class=\"versanumer\">15<\/span><\/a>S\u00f6mulei\u00f0is, \u00e1\u00f0ur en \u00feeir upptendru\u00f0u fituna <span class='VideyAth'>d)<\/span>, kom prestsins \u00fe\u00e9nari og sag\u00f0i vi\u00f0 \u00feann sem offra\u00f0i: l\u00e1ttu mig f\u00e1 kj\u00f6t \u00ed steik handa prestinum, \u00fev\u00ed hann vill ekki taka vi\u00f0 so\u00f0nu kj\u00f6ti af \u00fe\u00e9r, heldur hr\u00e1u.<a name=\"16\"><span class=\"versanumer\">16<\/span><\/a>og seg\u00f0i ma\u00f0urinn vi\u00f0 hann: brenna munu \u00feeir n\u00fa strax hi\u00f0 feita, taktu svo \u00fea\u00f0 sem \u00feitt hjarta girnist; \u00fe\u00e1 svara\u00f0i hann: nei, heldur skalt\u00fa n\u00fa gefa \u00fea\u00f0; en ef ekki, tek eg \u00fea\u00f0 me\u00f0 valdi.<a name=\"17\"><span class=\"versanumer\">17<\/span><\/a>Og synd \u00feessara ungu manna var miki\u00f0 st\u00f3r fyrir Drottni, \u00fev\u00ed a\u00f0 mennirnir forsm\u00e1\u00f0u Drottins f\u00f3rnir.<br \/><a name=\"18\"><span class=\"versanumer\">18<\/span><\/a>En Sam\u00fael \u00fej\u00f3na\u00f0i Drottni sem sveinn, og var \u00ed l\u00ednh\u00f6kli,<a name=\"19\"><span class=\"versanumer\">19<\/span><\/a>og m\u00f3\u00f0ir hans gj\u00f6r\u00f0i honum litla yfirh\u00f6fn, og f\u00e6r\u00f0i honum \u00e1r eftir \u00e1r, \u00feegar h\u00fan kom me\u00f0 manni s\u00ednum, a\u00f0 frambera \u00fe\u00e1 \u00e1rlegu f\u00f3rn.<a name=\"20\"><span class=\"versanumer\">20<\/span><\/a>Og El\u00ed blessa\u00f0i Elkana og konu hans og m\u00e6lti: Drottinn gefi \u00fe\u00e9r afkv\u00e6mi me\u00f0 \u00feessari konu \u00ed sta\u00f0inn fyrir \u00fea\u00f0 sem \u00fei\u00f0 hafi\u00f0 l\u00e9\u00f0 Drottni! og \u00feau f\u00f3ru heim til s\u00edn.<a name=\"21\"><span class=\"versanumer\">21<\/span><\/a>Og \u00feegar Drottinn renndi auga til \u00d6nnu, var\u00f0 h\u00fan \u00feungu\u00f0 og f\u00e6ddi \u00ferj\u00e1 syni og tv\u00e6r d\u00e6tur. Og sveinninn Sam\u00fael, \u00f3x upp hj\u00e1 Drottni.<br \/><a name=\"22\"><span class=\"versanumer\">22<\/span><\/a>En El\u00ed var miki\u00f0 gamall, og heyr\u00f0i allt sem hans synir a\u00f0h\u00f6f\u00f0ust vi\u00f0 allan \u00cdsrael, og a\u00f0 \u00feeir l\u00e1gu hj\u00e1 konunum sem til \u00fej\u00f3nustunnar inngengu um dyr samkundutjaldb\u00fa\u00f0arinnar <span class='VideyAth'>e)<\/span>,<a name=\"23\"><span class=\"versanumer\">23<\/span><\/a>og hann sag\u00f0i vi\u00f0 \u00fe\u00e1: hvar fyrir hagi\u00f0 \u00fe\u00e9r y\u00f0ur sem or\u00f0 fer af y\u00f0ur? \u00fev\u00ed eg heyri illt umtal um y\u00f0ur af \u00f6llu \u00feessu f\u00f3lki.<a name=\"24\"><span class=\"versanumer\">24<\/span><\/a>Ekki svo synir m\u00ednir; \u00fea\u00f0 rikti er ekki gott sem eg heyri. \u00de\u00e9r komi\u00f0 Drottins f\u00f3lki til yfirtro\u00f0slu;<a name=\"25\"><span class=\"versanumer\">25<\/span><\/a>syndgi ma\u00f0ur m\u00f3ti manni, svo d\u00e6mir Gu\u00f0 hann <span class='VideyAth'>f)<\/span>, en syndgi nokkur m\u00f3ti Drottni, hv\u00f6r m\u00e1 bi\u00f0ja fyrir hann? En \u00feeir gegndu ekki r\u00f6dd f\u00f6\u00f0ur s\u00edns, \u00fev\u00ed Drottinn haf\u00f0i vilja til a\u00f0 dey\u00f0a \u00fe\u00e1.<a name=\"26\"><span class=\"versanumer\">26<\/span><\/a>En sveinninn Sam\u00fael f\u00f3r vaxandi og kom s\u00e9r betur og betur b\u00e6\u00f0i vi\u00f0 Drottin og vi\u00f0 mennina.<br \/><a name=\"27\"><span class=\"versanumer\">27<\/span><\/a>Og \u00fear kom gu\u00f0sma\u00f0ur nokkur til El\u00ed og sag\u00f0i til hans: svo segir Drottinn: hefi eg ekki opinbera\u00f0 mig \u00fe\u00edns f\u00f6\u00f0urs h\u00fasi \u00feegar \u00feeir v\u00f3ru \u00ed Egyptalandi \u00ed h\u00fasi fara\u00f3s.<a name=\"28\"><span class=\"versanumer\">28<\/span><\/a>Og vali\u00f0 hefi eg hann fyrir minn prest af \u00f6llum \u00cdsraels \u00e6ttkv\u00edslum, til a\u00f0 offra \u00e1 m\u00ednu altari, til a\u00f0 brenna reykelsi og bera frammi fyrir m\u00e9r h\u00f6kulinn; og eg gaf h\u00fasi f\u00f6\u00f0ur \u00fe\u00edns allar brennif\u00f3rnir \u00cdsraelssona <span class='VideyAth'>g)<\/span>.<a name=\"29\"><span class=\"versanumer\">29<\/span><\/a>Hvar fyrir f\u00f3ttro\u00f0i\u00f0 \u00fe\u00e9r m\u00ednar f\u00f3rnir og matoffur sem eg hefi bo\u00f0i\u00f0 fram a\u00f0 bera \u00ed b\u00fasta\u00f0 <span class='VideyAth'>(m\u00ednum)<\/span>. Og \u00fe\u00fa hei\u00f0rar \u00fe\u00edna syni meir en mig, til \u00feess a\u00f0 feita y\u00f0ur \u00e1 <span class='VideyAth'>(frumgr\u00f3\u00f0a)<\/span> enu besta af f\u00f3rnum m\u00edns f\u00f3lks \u00cdsraels.<a name=\"30\"><span class=\"versanumer\">30<\/span><\/a>\u00dev\u00ed segir Drottinn, \u00cdsraels Gu\u00f0: eg hefi sagt: \u00feitt h\u00fas og h\u00fas f\u00f6\u00f0ur \u00fe\u00edns skal \u00fej\u00f3na m\u00e9r eil\u00edflega; en n\u00fa segir Drottinn: \u00fea\u00f0 s\u00e9 fj\u00e6rri m\u00e9r! \u00fev\u00ed \u00feann hei\u00f0ra eg sem mig hei\u00f0rar; en s\u00e1 sem forsm\u00e1ir mig ver\u00f0ur til skammar.<a name=\"31\"><span class=\"versanumer\">31<\/span><\/a>Sj\u00e1! s\u00e1 t\u00edmi kemur a\u00f0 eg h\u00f6gg af \u00feinn arm og arm \u00fe\u00edns f\u00f6\u00f0urs h\u00fass, svo a\u00f0 enginn ver\u00f0ur aldra\u00f0ur \u00ed \u00fe\u00ednu h\u00fasi.<a name=\"32\"><span class=\"versanumer\">32<\/span><\/a>Og \u00fe\u00fa munt sj\u00e1 me\u00f0bi\u00f0il \u00ed b\u00fasta\u00f0 <span class='VideyAth'>(m\u00ednum)<\/span> <span class='VideyAth'>a)<\/span>, allan \u00feann t\u00edma, er <span class='VideyAth'>(Drottinn)<\/span> mun gj\u00f6ra \u00cdsrael gott, svo a\u00f0 aldrei h\u00e9r eftir skal aldra\u00f0ur ma\u00f0ur vera \u00ed \u00fe\u00ednu h\u00fasi.<a name=\"33\"><span class=\"versanumer\">33<\/span><\/a>\u00de\u00f3 skaltu sj\u00e1 a\u00f0 aldrei mun vanta af \u00fe\u00e9r mann vi\u00f0 mitt altari, til \u00feess \u00fe\u00fa hafir \u00fe\u00e1 augnaraun og \u00fe\u00e9r gremjist \u00ed ge\u00f0i; en \u00f6ll vi\u00f0koma \u00fe\u00edns h\u00fass skal deyja \u00ed bl\u00f3ma s\u00edns aldurs.<a name=\"34\"><span class=\"versanumer\">34<\/span><\/a>Og \u00fea\u00f0 s\u00e9 \u00fe\u00e9r til merkis, sem koma mun yfir b\u00e1\u00f0a \u00fe\u00edna syni, yfir Hofni og Pineas: \u00e1 sama degi munu \u00feeir b\u00e1\u00f0ir deyja.<a name=\"35\"><span class=\"versanumer\">35<\/span><\/a>Og eg mun setja m\u00e9r tr\u00faan prest, hann mun gj\u00f6ra eins og m\u00e9r er \u00ed hjarta og sinni, og eg mun byggja honum sta\u00f0fast h\u00fas, og hann skal \u00e1vallt ganga fyrir m\u00ednum smur\u00f0a.<a name=\"36\"><span class=\"versanumer\">36<\/span><\/a>Og \u00fea\u00f0 ske\u00f0ur, a\u00f0 hv\u00f6r sem eftir ver\u00f0ur af \u00fe\u00ednu h\u00fasi, mun koma til a\u00f0 ni\u00f0ur krj\u00fapa fyrir honum, vegna sm\u00e1skildings og vegna brau\u00f0snei\u00f0ar, og mun segja: b\u00e6ttu m\u00e9r \u00fe\u00f3 vi\u00f0 eitthv\u00f6rt prestsemb\u00e6tti\u00f0, svo eg f\u00e1i einn bita brau\u00f0s a\u00f0 eta.<\/p>\n<div class=\"footnoteVidey\">V. 1. a. Vald, og \u00fea\u00f0 t\u00e1p sem valdi\u00f0 gefur kallast af Hebr. horn, S\u00e1lm. 89,18.25 92,11.  V. 2. b. \u00de. e. Frelsari S\u00e1lm. 18,3.32.47.  V. 6. c. Dev. 32,39. S\u00e1lm. 71,20. Spek. b. 16,13.  V. 10. a. Kap. 7,10.  V. 12. b. Hebr. Bel\u00edals synir.  V. 13. c. Ex\u00f3d. 27,3.  V. 15. d. Lev. 3,3. fl.  V. 22. e. Ex. 38,8.  V. 25. f. A\u00f0r. svo m\u00e1 bi\u00f0ja Gu\u00f0 fyrir hann.  V. 28. g. Levi. 10,14.  V. 32. a. A\u00f0r. \u00fe\u00fa munt sj\u00e1 b\u00fasta\u00f0arins m\u00f3tst\u00f6\u00f0umann.<\/div>\n","protected":false},"excerpt":{"rendered":"<p>\u00d6nnu lofs\u00f6ngur. El\u00edsynir. Sam\u00faels \u00fej\u00f3nusta. El\u00ed umv\u00f6ndun. Straff. 1Og Anna ba\u00f0 og m\u00e6lti: mitt hjarta gle\u00f0st \u00ed Drottni, mitt horn a) er af Drottni hafi\u00f0, minn munnur opnar sig gegn m\u00ednum \u00f3vinum, \u00fev\u00ed eg gle\u00f0 mig vi\u00f0 \u00feitt li\u00f0sinni.2Enginn er heilagur sem Drottinn; \u00fev\u00ed enginn er (\u00fea\u00f0) nema \u00fe\u00fa, og ekkert bjarg b) sem vor Gu\u00f0.3Tali\u00f0 ekki framar drambseminnar or\u00f0, \u00f3sv\u00edfni komi ekki \u00fat \u00far y\u00f0ar munni! \u00fev\u00ed Drottinn er s\u00e1 Gu\u00f0 sem veit (allt) og af honum ver\u00f0a verkin vegin.4Bogi kappanna er sundurbrotinn, og \u00feeir veiku \u00e1 beinunum, gir\u00f0a sig me\u00f0 krafti.5\u00deeir mettu leigja sig \u00e1 mat, og \u00feeir <a href=\"https:\/\/biblian.is\/videy\/fyrri-samuelsbok-2-kafli\/\"> [&#8230;]<\/a><\/p>\n","protected":false},"author":1,"featured_media":0,"parent":0,"menu_order":0,"comment_status":"open","ping_status":"open","template":"bibliukaflar.php","meta":{"footnotes":""},"class_list":["post-21087","page","type-page","status-publish","hentry"],"_links":{"self":[{"href":"https:\/\/biblian.is\/videy\/wp-json\/wp\/v2\/pages\/21087","targetHints":{"allow":["GET"]}}],"collection":[{"href":"https:\/\/biblian.is\/videy\/wp-json\/wp\/v2\/pages"}],"about":[{"href":"https:\/\/biblian.is\/videy\/wp-json\/wp\/v2\/types\/page"}],"author":[{"embeddable":true,"href":"https:\/\/biblian.is\/videy\/wp-json\/wp\/v2\/users\/1"}],"replies":[{"embeddable":true,"href":"https:\/\/biblian.is\/videy\/wp-json\/wp\/v2\/comments?post=21087"}],"version-history":[{"count":0,"href":"https:\/\/biblian.is\/videy\/wp-json\/wp\/v2\/pages\/21087\/revisions"}],"wp:attachment":[{"href":"https:\/\/biblian.is\/videy\/wp-json\/wp\/v2\/media?parent=21087"}],"curies":[{"name":"wp","href":"https:\/\/api.w.org\/{rel}","templated":true}]}}