{"id":21086,"date":"2018-01-02T01:00:14","date_gmt":"2018-01-02T01:00:14","guid":{"rendered":"http:\/\/biblian.is\/videy\/fyrri-samuelsbok-1-kafli\/"},"modified":"2018-01-02T01:00:14","modified_gmt":"2018-01-02T01:00:14","slug":"fyrri-samuelsbok-1-kafli","status":"publish","type":"page","link":"https:\/\/biblian.is\/videy\/fyrri-samuelsbok-1-kafli\/","title":{"rendered":"Fyrri Sam\u00faelsb\u00f3k 1. kafli"},"content":{"rendered":"<div class=\"fyrirsognVidey\">Sam\u00faels f\u00e6\u00f0ing.<\/div>\n<p><a name=\"1\"><span class=\"versanumer\">1<\/span><\/a>Og \u00fear var ma\u00f0ur nokkur af Ramataim Sofim, fr\u00e1 Efraimsfj\u00f6llum, hann h\u00e9t Elkana <span class='VideyAth'>a)<\/span>, sonur Jerohams, sonar El\u00edhu, sonar Toh\u00fa, sonar Sufs, Efraim\u00edti.<a name=\"2\"><span class=\"versanumer\">2<\/span><\/a>Og hann \u00e1tti tv\u00e6r konur, \u00f6nnur h\u00e9t Anna en hin Peninna, og Peninna \u00e1tti b\u00f6rn, en Anna \u00e1tti engin b\u00f6rn.<a name=\"3\"><span class=\"versanumer\">3<\/span><\/a>\u00deessi sami ma\u00f0ur f\u00f3r \u00e1 hv\u00f6rju \u00e1ri \u00far sinni borg, til a\u00f0 bi\u00f0jast fyrir og f\u00e6ra Drottni allsherjar <span class='VideyAth'>b)<\/span> f\u00f3rnir \u00ed S\u00edl\u00f3; en \u00fear voru b\u00e1\u00f0ir El\u00edsynir, Hofni og P\u00edneas, Drottins prestar.<a name=\"4\"><span class=\"versanumer\">4<\/span><\/a>Og \u00fea\u00f0 ske\u00f0i, daginn sem <span class='VideyAth'>c)<\/span> Elkana offra\u00f0i, a\u00f0 hann gaf Peninnu konu sinni, og \u00f6llum hennar sonum og \u00f6llum hennar d\u00e6trum s\u00edna hlutdeild hv\u00f6rri,<a name=\"5\"><span class=\"versanumer\">5<\/span><\/a>en \u00d6nnu gaf hann tv\u00f6falda hlutdeild, \u00fev\u00ed \u00d6nnu elska\u00f0i hann; en Drottinn haf\u00f0i afturbyrgt hennar kvi\u00f0 <span class='VideyAth'>d)<\/span>.<a name=\"6\"><span class=\"versanumer\">6<\/span><\/a>Og hennar elja m\u00f3\u00f0ga\u00f0i hana me\u00f0 mei\u00f0andi or\u00f0um, til \u00feess a\u00f0 skaprauna henni, af \u00fev\u00ed Drottinn haf\u00f0i afturbyrgt hennar kvi\u00f0.<a name=\"7\"><span class=\"versanumer\">7<\/span><\/a>Svo gj\u00f6r\u00f0i hann \u00e1r eftir \u00e1r; svo oft sem \u00feau f\u00f3ru til Drottins h\u00fass, m\u00f3\u00f0ga\u00f0i h\u00fan hana, og h\u00fan <span class='VideyAth'>(Anna)<\/span> gr\u00e9t og \u00e1t ekki.<a name=\"8\"><span class=\"versanumer\">8<\/span><\/a>\u00de\u00e1 sag\u00f0i Elkana hennar ma\u00f0ur vi\u00f0 hana: Anna! \u00fev\u00ed gr\u00e6tur \u00fe\u00fa, \u00fev\u00ed etur \u00fe\u00fa ekki, og af hv\u00f6rju er \u00feitt hjarta svo sorgfullt? er eg \u00fe\u00e9r ekki betri en t\u00edu synir?<a name=\"9\"><span class=\"versanumer\">9<\/span><\/a>Og Anna st\u00f3\u00f0 upp eftir m\u00e1lt\u00ed\u00f0 og eftir drykkju \u00ed S\u00edl\u00f3. En presturinn El\u00ed sat \u00e1 st\u00f3l vi\u00f0 dyrustaf Drottins b\u00fasta\u00f0ar <span class='VideyAth'>e)<\/span>,<a name=\"10\"><span class=\"versanumer\">10<\/span><\/a>og h\u00fan var angurv\u00e6r \u00ed sinni, ba\u00f0 til Drottins og gr\u00e9t \u00e1kaflega,<a name=\"11\"><span class=\"versanumer\">11<\/span><\/a>og h\u00fan gj\u00f6r\u00f0i heit og m\u00e6lti: Drottinn allsherjar, ef \u00fe\u00fa l\u00edtur \u00e1 eymd \u00feinnar amb\u00e1ttar, og minnist m\u00edn og gleymir ekki \u00feinni amb\u00e1tt, og gefur \u00feinni amb\u00e1tt son; svo vil eg gefa hann Drottni alla hans l\u00edfdaga og enginn rakhn\u00edfur skal koma \u00e1 hans h\u00f6fu\u00f0 <span class='VideyAth'>f)<\/span>.<a name=\"12\"><span class=\"versanumer\">12<\/span><\/a>Og \u00fea\u00f0 ske\u00f0i \u00fe\u00e1 h\u00fan lengi haf\u00f0i be\u00f0i\u00f0 frammi fyrir Drottni, a\u00f0 El\u00ed t\u00f3k eftir hennar munni.<a name=\"13\"><span class=\"versanumer\">13<\/span><\/a>En Anna tala\u00f0i \u00ed s\u00ednu hjarta, hennar varir hreyf\u00f0ust a\u00f0eins; en hennar r\u00f3m heyr\u00f0u menn ekki; \u00fe\u00e1 hugsa\u00f0i El\u00ed a\u00f0 h\u00fan v\u00e6ri drukkin.<a name=\"14\"><span class=\"versanumer\">14<\/span><\/a>Og El\u00ed sag\u00f0i vi\u00f0 hana: \u00e6tlar \u00fe\u00fa lengi a\u00f0 vera drukkin? l\u00e1ttu \u00f6li\u00f0 renna af \u00fe\u00e9r!<a name=\"15\"><span class=\"versanumer\">15<\/span><\/a>Og Anna svara\u00f0i og m\u00e6lti: nei, herra minn! eg em kona me\u00f0 \u00feungb\u00fanu hjarta, v\u00edn hefi eg ekki drukki\u00f0 n\u00e9 \u00e1fengan drykk, en eg \u00fathellti m\u00ednu hjarta fyrir Drottni <span class='VideyAth'>a)<\/span>,<a name=\"16\"><span class=\"versanumer\">16<\/span><\/a>jafna \u00fe\u00fa ekki \u00feinni amb\u00e1tt vi\u00f0 afl\u00e6gi <span class='VideyAth'>b)<\/span>, \u00fev\u00ed af st\u00f3rri m\u00e6\u00f0u og sorg hefi eg hinga\u00f0 til tala\u00f0.<a name=\"17\"><span class=\"versanumer\">17<\/span><\/a>Og El\u00ed svara\u00f0i og m\u00e6lti: far \u00fe\u00fa \u00ed fri\u00f0i, og \u00cdsraels Gu\u00f0 mun veita \u00fe\u00e9r \u00fe\u00edna b\u00e6n, sem \u00fe\u00fa ba\u00f0st hann um.<a name=\"18\"><span class=\"versanumer\">18<\/span><\/a>Og h\u00fan sag\u00f0i: \u00f3 a\u00f0 \u00fe\u00edn amb\u00e1tt m\u00e6tti finna n\u00e1\u00f0 \u00ed \u00fe\u00ednum augum! og svo gekk konan burt s\u00edna lei\u00f0 og mata\u00f0ist og var ei framar me\u00f0 <span class='VideyAth'>(sorgar)<\/span>svip. <br \/><a name=\"19\"><span class=\"versanumer\">19<\/span><\/a>Og daginn eftir f\u00f3ru \u00feau snemma \u00e1 f\u00e6tur, og tilb\u00e1\u00f0u fyrir Drottni, og f\u00f3ru heimlei\u00f0is, og komu til Rama \u00ed sitt h\u00fas. Og Elkana kenndi sinnar konu \u00d6nnu, og Drottinn minntist hennar <span class='VideyAth'>c)<\/span>.<a name=\"20\"><span class=\"versanumer\">20<\/span><\/a>Og \u00fea\u00f0 ske\u00f0i \u00e1 \u00feessu \u00e1ri a\u00f0 Anna var\u00f0 \u00feungu\u00f0, og f\u00e6ddi son og nefndi hans nafn Sam\u00fael <span class='VideyAth'>(Gu\u00f0 heyrir)<\/span> \u201e\u00fev\u00ed af Drottni hefi eg fengi\u00f0 hann me\u00f0 b\u00e6n\u201c.<a name=\"21\"><span class=\"versanumer\">21<\/span><\/a>Og Elkana lag\u00f0i \u00e1 sta\u00f0 me\u00f0 \u00f6llu s\u00ednu h\u00fasi, til \u00feess a\u00f0 f\u00e6ra Drottni \u00fe\u00e1 \u00e1rlegu f\u00f3rn og sitt \u00e1heit;<a name=\"22\"><span class=\"versanumer\">22<\/span><\/a>en Anna f\u00f3r ekki; \u00fev\u00ed h\u00fan sag\u00f0i vi\u00f0 mann sinn: \u00feegar sveinninn er vaninn af brj\u00f3sti, svo fer eg me\u00f0 hann, a\u00f0 hann birtist fyrir Drottni og ver\u00f0i \u00fear \u00e1vallt \u00far \u00fev\u00ed.<a name=\"23\"><span class=\"versanumer\">23<\/span><\/a>Og Elkana ma\u00f0ur hennar m\u00e6lti vi\u00f0 hana: gj\u00f6r \u00fe\u00fa sem \u00fe\u00e9r s\u00fdnist, b\u00ed\u00f0 \u00fe\u00fa \u00feanga\u00f0 til \u00fe\u00fa hefir vani\u00f0 hann af brj\u00f3sti, Drottinn efni a\u00f0eins sitt or\u00f0! svo var konan heim, og haf\u00f0i son sinn \u00e1 brj\u00f3sti, \u00feanga\u00f0 til h\u00fan vandi hann af.<a name=\"24\"><span class=\"versanumer\">24<\/span><\/a>Og h\u00fan lag\u00f0i \u00e1 sta\u00f0 me\u00f0 hann, eftir a\u00f0 h\u00fan haf\u00f0i vani\u00f0 hann af brj\u00f3sti, og f\u00f3r me\u00f0 \u00ferj\u00fa naut og 1 efa mj\u00f6ls, og br\u00fasa af v\u00edni, og f\u00f3r me\u00f0 hann \u00ed h\u00fas Drottins \u00ed S\u00edl\u00f3, en sveinninn var enn \u00fe\u00e1 l\u00edtill;<a name=\"25\"><span class=\"versanumer\">25<\/span><\/a>og \u00feau sl\u00e1tru\u00f0u einu nautinu, og f\u00f3ru me\u00f0 sveininn til El\u00ed,<a name=\"26\"><span class=\"versanumer\">26<\/span><\/a>og h\u00fan m\u00e6lti: heyr minn herra! svo sannarlega sem \u00fe\u00fa, minn herra lifir! eg er s\u00fa kona sem st\u00f3\u00f0 h\u00e9r hj\u00e1 \u00fe\u00e9r til a\u00f0 \u00e1kalla Drottin,<a name=\"27\"><span class=\"versanumer\">27<\/span><\/a>um \u00feennan svein ba\u00f0 eg, og Drottinn veitti m\u00e9r m\u00edna b\u00e6n, sem eg ba\u00f0 hann um; svo lengi sem hann lifir s\u00e9 hann Drottni l\u00e9\u00f0ur. Og hann tilba\u00f0 \u00fear frammi fyrir Drottni.<\/p>\n<div class=\"footnoteVidey\">V. 1. a. 1 Kron. 6,27.34.  V. 3. b. E\u00f0a herskaranna.  V. 4. c. A\u00f0r. \u00e1 \u00feeirri t\u00ed\u00f0 (\u00feegar).  V. 5. d. Gen. 20,18.  V. 9. c. \u00de. e. samkundutjaldb\u00fa\u00f0arinnar. Kap. 3,3. S\u00e1lm. 5,8.  V. 11. f. D\u00f3m. 13,5.  V. 15. a. S\u00e1lm. 62,9.  V. 16. b. Hebr. Bel\u00edalsd\u00f3ttur \u00fe. e. \u00f3r\u00e1\u00f0vanda e\u00f0a skarnkvinnu.  V. 19. c. Gen. 30,22.  V. 28. d. E\u00f0a gefa hann Drottni (til \u00fej\u00f3nustu) sbr. v. 11.<\/div>\n","protected":false},"excerpt":{"rendered":"<p>Sam\u00faels f\u00e6\u00f0ing. 1Og \u00fear var ma\u00f0ur nokkur af Ramataim Sofim, fr\u00e1 Efraimsfj\u00f6llum, hann h\u00e9t Elkana a), sonur Jerohams, sonar El\u00edhu, sonar Toh\u00fa, sonar Sufs, Efraim\u00edti.2Og hann \u00e1tti tv\u00e6r konur, \u00f6nnur h\u00e9t Anna en hin Peninna, og Peninna \u00e1tti b\u00f6rn, en Anna \u00e1tti engin b\u00f6rn.3\u00deessi sami ma\u00f0ur f\u00f3r \u00e1 hv\u00f6rju \u00e1ri \u00far sinni borg, til a\u00f0 bi\u00f0jast fyrir og f\u00e6ra Drottni allsherjar b) f\u00f3rnir \u00ed S\u00edl\u00f3; en \u00fear voru b\u00e1\u00f0ir El\u00edsynir, Hofni og P\u00edneas, Drottins prestar.4Og \u00fea\u00f0 ske\u00f0i, daginn sem c) Elkana offra\u00f0i, a\u00f0 hann gaf Peninnu konu sinni, og \u00f6llum hennar sonum og \u00f6llum hennar d\u00e6trum s\u00edna hlutdeild hv\u00f6rri,5en \u00d6nnu <a href=\"https:\/\/biblian.is\/videy\/fyrri-samuelsbok-1-kafli\/\"> [&#8230;]<\/a><\/p>\n","protected":false},"author":1,"featured_media":0,"parent":0,"menu_order":0,"comment_status":"open","ping_status":"open","template":"bibliukaflar.php","meta":{"footnotes":""},"class_list":["post-21086","page","type-page","status-publish","hentry"],"_links":{"self":[{"href":"https:\/\/biblian.is\/videy\/wp-json\/wp\/v2\/pages\/21086","targetHints":{"allow":["GET"]}}],"collection":[{"href":"https:\/\/biblian.is\/videy\/wp-json\/wp\/v2\/pages"}],"about":[{"href":"https:\/\/biblian.is\/videy\/wp-json\/wp\/v2\/types\/page"}],"author":[{"embeddable":true,"href":"https:\/\/biblian.is\/videy\/wp-json\/wp\/v2\/users\/1"}],"replies":[{"embeddable":true,"href":"https:\/\/biblian.is\/videy\/wp-json\/wp\/v2\/comments?post=21086"}],"version-history":[{"count":0,"href":"https:\/\/biblian.is\/videy\/wp-json\/wp\/v2\/pages\/21086\/revisions"}],"wp:attachment":[{"href":"https:\/\/biblian.is\/videy\/wp-json\/wp\/v2\/media?parent=21086"}],"curies":[{"name":"wp","href":"https:\/\/api.w.org\/{rel}","templated":true}]}}