{"id":21085,"date":"2018-01-02T01:00:14","date_gmt":"2018-01-02T01:00:14","guid":{"rendered":"http:\/\/biblian.is\/videy\/rutarbok-4-kafli\/"},"modified":"2018-01-02T01:00:14","modified_gmt":"2018-01-02T01:00:14","slug":"rutarbok-4-kafli","status":"publish","type":"page","link":"https:\/\/biblian.is\/videy\/rutarbok-4-kafli\/","title":{"rendered":"Rutarb\u00f3k 4. kafli"},"content":{"rendered":"<div class=\"fyrirsognVidey\">B\u00f3as ektar Rut.<\/div>\n<p><a name=\"1\"><span class=\"versanumer\">1<\/span><\/a>En B\u00f3as gekk upp \u00ed porti\u00f0 og settist \u00fear, og sj\u00e1! innlausnarma\u00f0urinn gekk framhj\u00e1 sem B\u00f3as haf\u00f0i tala\u00f0 um, og hann m\u00e6lti: kom \u00fe\u00fa hinga\u00f0 og set \u00feig h\u00e9r, minn vin! og hann kom og settist ni\u00f0ur.<a name=\"2\"><span class=\"versanumer\">2<\/span><\/a>Og B\u00f3as t\u00f3k t\u00edu menn af \u00f6ldungum sta\u00f0arins, og m\u00e6lti: setji\u00f0 y\u00f0ur h\u00e9r! og \u00feeir settu sig.<a name=\"3\"><span class=\"versanumer\">3<\/span><\/a>Og hann m\u00e6lti vi\u00f0 innlausnarmanninn: \u00feann akur sem br\u00f3\u00f0ir okkar El\u00edmelek \u00e1tti, selur Noomi, sem komin er heim aftur \u00far M\u00f3abslandi,<a name=\"4\"><span class=\"versanumer\">4<\/span><\/a>og eg hugsa\u00f0i: eg vil \u00fe\u00e9r \u00fea\u00f0 kunngj\u00f6ra og segja: kaup \u00fe\u00fa hann me\u00f0 vitund innbyggjaranna og \u00f6ldunga m\u00edns f\u00f3lks, viljir \u00fe\u00fa innleysa hann svo innleystu, og viljir \u00fe\u00fa \u00fea\u00f0 ekki, \u00fe\u00e1 seg\u00f0u m\u00e9r, svo eg viti \u00fea\u00f0, \u00fev\u00ed enginn er til innlausnar nema \u00fe\u00fa, og eg kem eftir \u00feig.<a name=\"5\"><span class=\"versanumer\">5<\/span><\/a>Og hann m\u00e6lti: eg vil innleysa, og B\u00f3as sag\u00f0i: ef \u00fe\u00fa kaupir akurinn af Noomis hendi, svo kaupir \u00fe\u00fa og Rut, \u00fe\u00e1 m\u00f3ab\u00edtisku, konu hins framli\u00f0na, og til \u00feess a\u00f0 uppvekja nafn hins framli\u00f0na \u00e1 hans eign <span class='VideyAth'>a)<\/span>.<a name=\"6\"><span class=\"versanumer\">6<\/span><\/a>Og innlausnarma\u00f0urinn m\u00e6lti: eg get ekki innleyst fyrir mig, svo a\u00f0 eg spilli ekki minni eign. Leystu inn \u00fea\u00f0 sem eg skyldi innleysa, \u00fev\u00ed eg get ekki.<br \/><a name=\"7\"><span class=\"versanumer\">7<\/span><\/a>En \u00fea\u00f0 var fyrrum si\u00f0ur \u00ed \u00cdsrael vi\u00f0 brig\u00f0ir og vi\u00f0skipti, til \u00feess a\u00f0 sta\u00f0festa \u00fear me\u00f0 alla samninga, a\u00f0 annar t\u00f3k af s\u00e9r sk\u00f3inn og f\u00e9kk hinum. Og \u00feetta var si\u00f0ur <span class='VideyAth'>b)<\/span> \u00ed \u00cdsrael.<a name=\"8\"><span class=\"versanumer\">8<\/span><\/a>Og svo m\u00e6lti innlausnarma\u00f0urinn vi\u00f0 B\u00f3as: kaup \u00fe\u00fa handa \u00fe\u00e9r! og t\u00f3k af s\u00e9r sk\u00f3inn.<a name=\"9\"><span class=\"versanumer\">9<\/span><\/a>Og B\u00f3as sag\u00f0i til \u00f6ldunganna og til alls f\u00f3lksins: veri\u00f0 \u00fe\u00e9r vottar \u00ed dag a\u00f0 eg hefi keypt allt sem \u00feeir El\u00edmelek, Kilion og Malon \u00e1ttu af Noomis hendi;<a name=\"10\"><span class=\"versanumer\">10<\/span><\/a>og l\u00edka Rut, \u00fe\u00e1 m\u00f3ab\u00edtisku, konu Malons, hefi eg keypt, m\u00e9r fyrir konu, til \u00feess a\u00f0 koma upp nafni hins framli\u00f0na \u00e1 hans eign, svo a\u00f0 nafn \u00feess framli\u00f0na ver\u00f0i ei uppr\u00e6tt fr\u00e1 hans br\u00e6\u00f0rum og \u00far porti hans sta\u00f0ar <span class='VideyAth'>c)<\/span>. Vitni s\u00e9u\u00f0 \u00fe\u00e9r \u00ed dag.<a name=\"11\"><span class=\"versanumer\">11<\/span><\/a>Og allt f\u00f3lki\u00f0 sem var \u00ed portinu <span class='VideyAth'>d)<\/span>, og \u00f6ldungarnir s\u00f6g\u00f0u, vitni erum v\u00e6r! Drottinn gj\u00f6ri \u00fe\u00e1 konu sem kemur \u00ed \u00feitt h\u00fas, eins og Rakel og Leu, sem b\u00e1\u00f0ar hafa uppbyggt \u00cdsraels h\u00fas <span class='VideyAth'>e)<\/span> og afla \u00fe\u00fa au\u00f0s \u00ed Efrata og \u00fatvega \u00fe\u00e9r nafn \u00ed Betlehem.<a name=\"12\"><span class=\"versanumer\">12<\/span><\/a>Og \u00feitt h\u00fas ver\u00f0i sem Peres h\u00fas sem Tamar f\u00e6ddi J\u00fada <span class='VideyAth'>f)<\/span>, af \u00fev\u00ed afkv\u00e6mi sem Drottinn mun gefa \u00fe\u00e9r af \u00feessari konu! <br \/><a name=\"13\"><span class=\"versanumer\">13<\/span><\/a>Og svo t\u00f3k B\u00f3as Rut, og h\u00fan var\u00f0 hans kona, og hann bj\u00f3 me\u00f0 henni og Drottinn l\u00e9t hana ver\u00f0a \u00feunga\u00f0a og h\u00fan f\u00e6ddi son.<a name=\"14\"><span class=\"versanumer\">14<\/span><\/a>\u00de\u00e1 s\u00f6g\u00f0u konurnar vi\u00f0 Noomi: lofa\u00f0ur s\u00e9 Drottinn, sem ekki hefir l\u00e1ti\u00f0 \u00fe\u00e9r breg\u00f0ast innlausnarmann \u00ed dag, og hans nafn s\u00e9 vegsama\u00f0 \u00ed \u00cdsrael!<a name=\"15\"><span class=\"versanumer\">15<\/span><\/a>Hann mun ver\u00f0a \u00fe\u00e9r endurn\u00e6ring \u00feinnar s\u00e1lar og \u00fe\u00edn elli sto\u00f0, \u00fev\u00ed \u00fe\u00edn tengdad\u00f3ttir sem elskar \u00feig, hefir hann bori\u00f0, h\u00fan sem er \u00fe\u00e9r betri en sj\u00f6 synir.<a name=\"16\"><span class=\"versanumer\">16<\/span><\/a>Og Noomi t\u00f3k barni\u00f0 og lag\u00f0i \u00fea\u00f0 s\u00e9r \u00e1 brj\u00f3st og var\u00f0 \u00feess f\u00f3stra.<a name=\"17\"><span class=\"versanumer\">17<\/span><\/a>Og n\u00e1b\u00faa konurnar g\u00e1fu honum nafn og s\u00f6g\u00f0u: sonur er f\u00e6ddur Noomi, og \u00fe\u00e6r nefndu hann Obed. S\u00e1 sami er fa\u00f0ir \u00cdsai f\u00f6\u00f0ur Dav\u00ed\u00f0s.<a name=\"18\"><span class=\"versanumer\">18<\/span><\/a>\u00deetta er \u00e6ttleggur Peres: Peres gat Hesron,<a name=\"19\"><span class=\"versanumer\">19<\/span><\/a>og Hesron gat Ram og Ram gat Amminadab,<a name=\"20\"><span class=\"versanumer\">20<\/span><\/a>og Amminadab gat Nahesson, og Nahesson gat Salmon,<a name=\"21\"><span class=\"versanumer\">21<\/span><\/a>og Salmon gat B\u00f3as og B\u00f3as gat Obed,<a name=\"22\"><span class=\"versanumer\">22<\/span><\/a>og Obed gat \u00cdsa\u00ed; og \u00cdsa\u00ed gat Dav\u00ed\u00f0.<\/p>\n<div class=\"footnoteVidey\">V. 5. a) Devt. 25,5.6.  V. 7. b) E\u00f0a lagavenja a\u00f0r: vitnisbur\u00f0ur sbr. Devt, 25,9.  V. 10. c) a\u00f0r. \u00far hans sta\u00f0ar \u00feingi.  V. 11. d) \u00e1 \u00feinginu e) Gen 29,32. 30,23 etc. \u00fe. e. \u00e6xlu\u00f0u \u00cdsraels \u00e6ttir.  V. 12. f) Gen 38,6. fl.<\/div>\n","protected":false},"excerpt":{"rendered":"<p>B\u00f3as ektar Rut. 1En B\u00f3as gekk upp \u00ed porti\u00f0 og settist \u00fear, og sj\u00e1! innlausnarma\u00f0urinn gekk framhj\u00e1 sem B\u00f3as haf\u00f0i tala\u00f0 um, og hann m\u00e6lti: kom \u00fe\u00fa hinga\u00f0 og set \u00feig h\u00e9r, minn vin! og hann kom og settist ni\u00f0ur.2Og B\u00f3as t\u00f3k t\u00edu menn af \u00f6ldungum sta\u00f0arins, og m\u00e6lti: setji\u00f0 y\u00f0ur h\u00e9r! og \u00feeir settu sig.3Og hann m\u00e6lti vi\u00f0 innlausnarmanninn: \u00feann akur sem br\u00f3\u00f0ir okkar El\u00edmelek \u00e1tti, selur Noomi, sem komin er heim aftur \u00far M\u00f3abslandi,4og eg hugsa\u00f0i: eg vil \u00fe\u00e9r \u00fea\u00f0 kunngj\u00f6ra og segja: kaup \u00fe\u00fa hann me\u00f0 vitund innbyggjaranna og \u00f6ldunga m\u00edns f\u00f3lks, viljir \u00fe\u00fa innleysa hann svo <a href=\"https:\/\/biblian.is\/videy\/rutarbok-4-kafli\/\"> [&#8230;]<\/a><\/p>\n","protected":false},"author":1,"featured_media":0,"parent":0,"menu_order":0,"comment_status":"open","ping_status":"open","template":"bibliukaflar.php","meta":{"footnotes":""},"class_list":["post-21085","page","type-page","status-publish","hentry"],"_links":{"self":[{"href":"https:\/\/biblian.is\/videy\/wp-json\/wp\/v2\/pages\/21085","targetHints":{"allow":["GET"]}}],"collection":[{"href":"https:\/\/biblian.is\/videy\/wp-json\/wp\/v2\/pages"}],"about":[{"href":"https:\/\/biblian.is\/videy\/wp-json\/wp\/v2\/types\/page"}],"author":[{"embeddable":true,"href":"https:\/\/biblian.is\/videy\/wp-json\/wp\/v2\/users\/1"}],"replies":[{"embeddable":true,"href":"https:\/\/biblian.is\/videy\/wp-json\/wp\/v2\/comments?post=21085"}],"version-history":[{"count":0,"href":"https:\/\/biblian.is\/videy\/wp-json\/wp\/v2\/pages\/21085\/revisions"}],"wp:attachment":[{"href":"https:\/\/biblian.is\/videy\/wp-json\/wp\/v2\/media?parent=21085"}],"curies":[{"name":"wp","href":"https:\/\/api.w.org\/{rel}","templated":true}]}}