{"id":21084,"date":"2018-01-02T01:00:14","date_gmt":"2018-01-02T01:00:14","guid":{"rendered":"http:\/\/biblian.is\/videy\/rutarbok-3-kafli\/"},"modified":"2018-01-02T01:00:14","modified_gmt":"2018-01-02T01:00:14","slug":"rutarbok-3-kafli","status":"publish","type":"page","link":"https:\/\/biblian.is\/videy\/rutarbok-3-kafli\/","title":{"rendered":"Rutarb\u00f3k 3. kafli"},"content":{"rendered":"<div class=\"fyrirsognVidey\">B\u00f3as lofar a\u00f0 ekta Rut.<\/div>\n<p><a name=\"1\"><span class=\"versanumer\">1<\/span><\/a>Og Noomi hennar tengdam\u00f3\u00f0ir sag\u00f0i til hennar: m\u00edn d\u00f3ttir! m\u00e1 eg \u00fe\u00e9r ekki hv\u00edldar leita a\u00f0 \u00fe\u00e9r vegni vel <span class='VideyAth'>*)<\/span>?<a name=\"2\"><span class=\"versanumer\">2<\/span><\/a>Og heyr\u00f0u n\u00fa! er ekki B\u00f3as okkur tengdur hj\u00e1 hv\u00f6rs \u00feernum \u00fe\u00fa hefir veri\u00f0? sj\u00e1! hann kastar \u00e1 \u00feessari n\u00f3tt bygginu svo \u00fea\u00f0 hreinsist \u00ed s\u00ednum l\u00e1fagar\u00f0i.<a name=\"3\"><span class=\"versanumer\">3<\/span><\/a>\u00devo\u00f0u \u00fe\u00e9r n\u00fa, og smyr \u00fe\u00fa \u00feig, og far\u00f0u \u00ed \u00fe\u00edna skikkju og gakk \u00ed l\u00e1fagar\u00f0inn, og l\u00e1ttu ekki manninn ver\u00f0a varan vi\u00f0 \u00feig fyrri, enn hann hefir eti\u00f0 og drukki\u00f0,<a name=\"4\"><span class=\"versanumer\">4<\/span><\/a>og \u00feegar hann leggst ni\u00f0ur, og gakk \u00fe\u00fa \u00fear a\u00f0, og taktu upp f\u00f6tin til f\u00f3ta og leggstu \u00fear, en hann mun segja \u00fe\u00e9r hva\u00f0 \u00fe\u00fa skalt gj\u00f6ra.<a name=\"5\"><span class=\"versanumer\">5<\/span><\/a>Og h\u00fan sag\u00f0i til hennar: allt, sem \u00fe\u00fa segir m\u00e9r, \u00fea\u00f0 vil eg gj\u00f6ra. <br \/><a name=\"6\"><span class=\"versanumer\">6<\/span><\/a>Og svo gekk h\u00fan \u00ed l\u00e1fagar\u00f0inn og gj\u00f6r\u00f0i eins og tengdam\u00f3\u00f0ir hennar bau\u00f0 henni.<a name=\"7\"><span class=\"versanumer\">7<\/span><\/a>Og \u00feegar B\u00f3as haf\u00f0i eti\u00f0 og drukki\u00f0 og hans hjarta var or\u00f0i\u00f0 gla\u00f0legt, f\u00f3r hann a\u00f0 leggja sig til svefns vi\u00f0 kornhr\u00fagunnar enda; \u00fe\u00e1 kom h\u00fan l\u00e9ttf\u00e6tt, fletti upp f\u00f6tunum til f\u00f3ta hans, og lag\u00f0i sig.<a name=\"8\"><span class=\"versanumer\">8<\/span><\/a>Og \u00fea\u00f0 ske\u00f0i um mi\u00f0n\u00e6tti, \u00fe\u00e1 var\u00f0 manninum bilt vi\u00f0 og hann beyg\u00f0i sig \u00feanga\u00f0, og sj\u00e1! kvenma\u00f0ur l\u00e1 til f\u00f3ta hans,<a name=\"9\"><span class=\"versanumer\">9<\/span><\/a>og hann m\u00e6lti: hv\u00f6r ert \u00fe\u00fa? og h\u00fan svara\u00f0i: eg em Rut, \u00fe\u00edn \u00feerna, brei\u00f0 \u00fe\u00edna \u00e1brei\u00f0u yfir \u00fe\u00edna \u00feernu; \u00fev\u00ed \u00fe\u00fa \u00e1tt hana a\u00f0 innleysa!<a name=\"10\"><span class=\"versanumer\">10<\/span><\/a>og hann sag\u00f0i: blessu\u00f0 s\u00e9rt \u00fe\u00fa af Drottni, m\u00edn d\u00f3ttir! \u00fe\u00fa hefir betur s\u00fdnt elsku \u00fe\u00edna seinast en fyrst, a\u00f0 \u00fe\u00fa f\u00f3rst ekki a\u00f0 elska ungu mennina, f\u00e1t\u00e6ka e\u00f0a r\u00edka,<a name=\"11\"><span class=\"versanumer\">11<\/span><\/a>og n\u00fa m\u00edn d\u00f3ttir, vertu \u00f3hr\u00e6dd! allt hva\u00f0 \u00fe\u00fa segir vil eg vi\u00f0 \u00feig gj\u00f6ra, \u00fev\u00ed allt f\u00f3lk \u00ed minni borg veit a\u00f0 \u00fe\u00fa ert v\u00e6n kona.<a name=\"12\"><span class=\"versanumer\">12<\/span><\/a>Og n\u00fa sannarlega \u00e1 eg a\u00f0 innleysa \u00feig, \u00fe\u00f3 er annar til sem \u00fea\u00f0 stendur n\u00e6r, heldur enn m\u00e9r.<a name=\"13\"><span class=\"versanumer\">13<\/span><\/a>Vertu <span class='VideyAth'>(h\u00e9r)<\/span> \u00ed n\u00f3tt og \u00e1 morgun, vilji ma\u00f0urinn innleysa \u00feig, svo vel og gott, hann m\u00e1 \u00fea\u00f0; en vilji hann \u00fea\u00f0 ekki, \u00fe\u00e1 skal eg, svo sannarlega sem Drottinn lifir, innleysa \u00feig! legg \u00feig n\u00fa \u00feanga\u00f0 til \u00e1 morgun.<br \/><a name=\"14\"><span class=\"versanumer\">14<\/span><\/a>Og svo l\u00e1 h\u00fan til f\u00f3ta hans til morguns; \u00fe\u00e1 st\u00f3\u00f0 h\u00fan upp, \u00e1\u00f0ur en einn \u00feekkti annan, og hann sag\u00f0i: \u00fea\u00f0 skal ekki spyrjast a\u00f0 kona hafi komi\u00f0 \u00ed l\u00e1fagar\u00f0inn.<a name=\"15\"><span class=\"versanumer\">15<\/span><\/a>Og hann sag\u00f0i: kom \u00fe\u00fa me\u00f0 skikkjuna sem \u00fe\u00fa ert \u00ed, og haltu henni \u00fat! og h\u00fan gj\u00f6r\u00f0i svo, og hann m\u00e6ldi henni 6 m\u00e6lira byggs, og lyfti \u00e1 hana og gekk inn \u00ed sta\u00f0inn,<a name=\"16\"><span class=\"versanumer\">16<\/span><\/a>og \u00fe\u00e1 h\u00fan kom til tengdam\u00f3\u00f0ir sinnar, m\u00e6lti h\u00fan: hv\u00f6rnig f\u00f3r <span class='VideyAth'>(hv\u00f6r ert \u00fe\u00fa)<\/span> m\u00edn d\u00f3ttir? og h\u00fan sag\u00f0i henni fr\u00e1 \u00f6llu sem ma\u00f0urinn haf\u00f0i henni gj\u00f6rt,<a name=\"17\"><span class=\"versanumer\">17<\/span><\/a>og h\u00fan m\u00e6lti: \u00feessa 6 m\u00e6lira byggs gaf hann m\u00e9r, \u00fev\u00ed hann sag\u00f0i: \u00fe\u00fa skalt ekki fara t\u00f3mhent til \u00feinnar tengdam\u00f3\u00f0ur.<a name=\"18\"><span class=\"versanumer\">18<\/span><\/a>Og h\u00fan m\u00e6lti: vertu n\u00fa kyrr, m\u00edn d\u00f3ttir! \u00feanga\u00f0 til \u00fe\u00fa fr\u00e9ttir hv\u00f6rnig \u00feetta fer, \u00fev\u00ed ma\u00f0urinn mun ekki h\u00e6tta, fyrr en hann \u00ed dag lei\u00f0ir \u00feetta m\u00e1l til lykta.<\/p>\n<div class=\"footnoteVidey\">V. 1. Sbr. Kap. 1,9.<\/div>\n","protected":false},"excerpt":{"rendered":"<p>B\u00f3as lofar a\u00f0 ekta Rut. 1Og Noomi hennar tengdam\u00f3\u00f0ir sag\u00f0i til hennar: m\u00edn d\u00f3ttir! m\u00e1 eg \u00fe\u00e9r ekki hv\u00edldar leita a\u00f0 \u00fe\u00e9r vegni vel *)?2Og heyr\u00f0u n\u00fa! er ekki B\u00f3as okkur tengdur hj\u00e1 hv\u00f6rs \u00feernum \u00fe\u00fa hefir veri\u00f0? sj\u00e1! hann kastar \u00e1 \u00feessari n\u00f3tt bygginu svo \u00fea\u00f0 hreinsist \u00ed s\u00ednum l\u00e1fagar\u00f0i.3\u00devo\u00f0u \u00fe\u00e9r n\u00fa, og smyr \u00fe\u00fa \u00feig, og far\u00f0u \u00ed \u00fe\u00edna skikkju og gakk \u00ed l\u00e1fagar\u00f0inn, og l\u00e1ttu ekki manninn ver\u00f0a varan vi\u00f0 \u00feig fyrri, enn hann hefir eti\u00f0 og drukki\u00f0,4og \u00feegar hann leggst ni\u00f0ur, og gakk \u00fe\u00fa \u00fear a\u00f0, og taktu upp f\u00f6tin til f\u00f3ta og leggstu \u00fear, en <a href=\"https:\/\/biblian.is\/videy\/rutarbok-3-kafli\/\"> [&#8230;]<\/a><\/p>\n","protected":false},"author":1,"featured_media":0,"parent":0,"menu_order":0,"comment_status":"open","ping_status":"open","template":"bibliukaflar.php","meta":{"footnotes":""},"class_list":["post-21084","page","type-page","status-publish","hentry"],"_links":{"self":[{"href":"https:\/\/biblian.is\/videy\/wp-json\/wp\/v2\/pages\/21084","targetHints":{"allow":["GET"]}}],"collection":[{"href":"https:\/\/biblian.is\/videy\/wp-json\/wp\/v2\/pages"}],"about":[{"href":"https:\/\/biblian.is\/videy\/wp-json\/wp\/v2\/types\/page"}],"author":[{"embeddable":true,"href":"https:\/\/biblian.is\/videy\/wp-json\/wp\/v2\/users\/1"}],"replies":[{"embeddable":true,"href":"https:\/\/biblian.is\/videy\/wp-json\/wp\/v2\/comments?post=21084"}],"version-history":[{"count":0,"href":"https:\/\/biblian.is\/videy\/wp-json\/wp\/v2\/pages\/21084\/revisions"}],"wp:attachment":[{"href":"https:\/\/biblian.is\/videy\/wp-json\/wp\/v2\/media?parent=21084"}],"curies":[{"name":"wp","href":"https:\/\/api.w.org\/{rel}","templated":true}]}}