{"id":21081,"date":"2018-01-02T01:00:14","date_gmt":"2018-01-02T01:00:14","guid":{"rendered":"http:\/\/biblian.is\/videy\/domarabokin-21-kafli\/"},"modified":"2018-01-02T01:00:14","modified_gmt":"2018-01-02T01:00:14","slug":"domarabokin-21-kafli","status":"publish","type":"page","link":"https:\/\/biblian.is\/videy\/domarabokin-21-kafli\/","title":{"rendered":"D\u00f3marab\u00f3kin 21. kafli"},"content":{"rendered":"<div class=\"fyrirsognVidey\">S\u00e6st vi\u00f0 Benjam\u00edns \u00e6ttkv\u00edsl.<\/div>\n<p><a name=\"1\"><span class=\"versanumer\">1<\/span><\/a>\u00cdsraelsmenn h\u00f6f\u00f0u unni\u00f0 ei\u00f0 \u00ed Mispa, og sagt: enginn af oss skal gefa \u00feeim Benjamin\u00edtum s\u00edna d\u00f3ttur til eiginkvinnu.<a name=\"2\"><span class=\"versanumer\">2<\/span><\/a>Og f\u00f3lki\u00f0 gekk til Betel <span class='VideyAth'>(Gu\u00f0s h\u00fass)<\/span> og \u00fea\u00f0 var \u00fear fyrir augliti Gu\u00f0s allt til kv\u00f6lds, og upph\u00f3f s\u00ednar raddir og gr\u00e9t beisklega, segjandi:<a name=\"3\"><span class=\"versanumer\">3<\/span><\/a>\u00d3 Drottinn! \u00fe\u00fa \u00cdsraels Gu\u00f0! \u00fev\u00ed eru \u00fev\u00edl\u00edk <span class='VideyAth'>(f\u00e1d\u00e6mi)<\/span> sken me\u00f0al \u00cdsraels, a\u00f0 \u00e1 \u00feessum degi er einni \u00e6ttkv\u00edsl f\u00e6rra or\u00f0i\u00f0 \u00ed \u00cdsrael?<a name=\"4\"><span class=\"versanumer\">4<\/span><\/a>En deginum eftir st\u00f3\u00f0 f\u00f3lki\u00f0 \u00e1rla upp, og bygg\u00f0i \u00fear eitt altari, og offra\u00f0i brennif\u00f3rnum og \u00feakkarf\u00f3rnum.<a name=\"5\"><span class=\"versanumer\">5<\/span><\/a>\u00de\u00e1 s\u00f6g\u00f0u \u00cdsraelsb\u00f6rn: mun nokkur s\u00e1, sem ekki hafi hinga\u00f0 uppkomi\u00f0, \u00feegar allar \u00cdsraels \u00e6ttkv\u00edslir s\u00f6fnu\u00f0ust h\u00e9r saman framfyrir Drottin? \u00fev\u00ed \u00fe\u00e1 var unninn st\u00f3r ei\u00f0ur m\u00f3ti \u00feeim, sem ekki k\u00e6mi upp til Drottins \u00ed Mispa, og sagt: a\u00f0 s\u00e1 skyldi vissulega deyja. <br \/><a name=\"6\"><span class=\"versanumer\">6<\/span><\/a>Og \u00cdsraelsb\u00f6rn v\u00f3ru angurbitin vegna s\u00edns br\u00f3\u00f0ur Benjam\u00edns, segjandi: \u00ed dag er ein \u00cdsraels kynkv\u00edsl upph\u00f6ggvin.<a name=\"7\"><span class=\"versanumer\">7<\/span><\/a>Hv\u00f6rnig skulum v\u00e9r bera oss a\u00f0 vi\u00f0 \u00fe\u00e1 sem eftir eru or\u00f0nir til a\u00f0 \u00fatvega \u00feeim kvonfang? \u00fear e\u00f0 v\u00e9r h\u00f6fum svari\u00f0 vi\u00f0 Drottin, a\u00f0 v\u00e9r ekki skulum gefa \u00feeim ektakvinnur af vorum d\u00e6trum.<a name=\"8\"><span class=\"versanumer\">8<\/span><\/a>Og \u00feeir s\u00f6g\u00f0u: eru nokkrir \u00feeir til af \u00cdsraels \u00e6ttkv\u00edslum, sem ekki hafi komi\u00f0 framfyrir Drottin \u00ed Mispa? og sj\u00e1! \u00fear haf\u00f0i enginn komi\u00f0 fr\u00e1 Jabes \u00ed G\u00edlea\u00f0, til hersins til samkomunnar.<a name=\"9\"><span class=\"versanumer\">9<\/span><\/a>\u00dev\u00ed f\u00f3lki\u00f0 var tali\u00f0, og sj\u00e1! \u00fear var \u00fe\u00e1 enginn af innbyggjurum \u00ed Jabes \u00ed G\u00edlea\u00f0.<a name=\"10\"><span class=\"versanumer\">10<\/span><\/a>\u00de\u00e1 sendu \u00feeir \u00feanga\u00f0 af f\u00f3lkinu t\u00f3lf \u00fe\u00fasundir str\u00ed\u00f0smanna, skipu\u00f0u \u00feeim, og s\u00f6g\u00f0u: fari\u00f0 og sl\u00e1i\u00f0 <span class='VideyAth'>(\u00ed hel)<\/span> innbyggendurna \u00ed Jabes \u00ed G\u00edlea\u00f0 me\u00f0 sver\u00f0seggjum, \u00e1samt me\u00f0 \u00feeirra ektakvinnum og ungb\u00f6rnum.<a name=\"11\"><span class=\"versanumer\">11<\/span><\/a>En svolei\u00f0is skulu\u00f0 \u00fe\u00e9r til verks ganga, allt karlkyns, og allar \u00fe\u00e6r konur, sem me\u00f0 karlm\u00f6nnum hafa lagst, skulu\u00f0 \u00fe\u00e9r afm\u00e1.<a name=\"12\"><span class=\"versanumer\">12<\/span><\/a>En \u00feeir fundu hj\u00e1 innbyggjurunum \u00ed Jabes \u00ed G\u00edlea\u00f0, fj\u00f6gur hundru\u00f0 st\u00falkur, sem meyjar v\u00f3ru, og ei h\u00f6f\u00f0u lagst me\u00f0 karlm\u00f6nnum, og \u00feeir fluttu \u00fe\u00e6r til herb\u00fa\u00f0anna \u00ed S\u00edl\u00f3, sem er \u00ed landinu Kanaan. <br \/><a name=\"13\"><span class=\"versanumer\">13<\/span><\/a>\u00de\u00e1 sendi allt f\u00f3lki\u00f0 af sta\u00f0, og l\u00e9t tala vi\u00f0 \u00fe\u00e1 Benjam\u00ednsni\u00f0ja, sem v\u00f3ru \u00e1 Rimmonsbjargi, og l\u00e9tu bj\u00f3\u00f0a \u00feeim fri\u00f0.<a name=\"14\"><span class=\"versanumer\">14<\/span><\/a>Svo komu \u00fe\u00e1 Benjamin\u00edtar til baka \u00e1 sama t\u00edma, og \u00feeir g\u00e1fu \u00feeim fyrir eiginkonur, \u00fe\u00e6r sem \u00feeir h\u00f6f\u00f0u l\u00e1ti\u00f0 lifa eftir af kvenf\u00f3lkinu \u00ed Jabes \u00ed G\u00edlea\u00f0, en fengu \u00fe\u00f3 ekki <span class='VideyAth'>(n\u00f3gu margar)<\/span> handa \u00feeim.<a name=\"15\"><span class=\"versanumer\">15<\/span><\/a>\u00de\u00e1 gj\u00f6r\u00f0ist f\u00f3lki\u00f0 angurbiti\u00f0 sakir Benjamin\u00edta vegna \u00feess Drottinn haf\u00f0i h\u00f6ggvi\u00f0 skar\u00f0 \u00ed \u00cdsraels \u00e6ttkv\u00edslir.<a name=\"16\"><span class=\"versanumer\">16<\/span><\/a>Og \u00f6ldungar f\u00f3lksins s\u00f6g\u00f0u: hva\u00f0 skulum v\u00e9r gj\u00f6ra vi\u00f0 \u00fe\u00e1 sem <span class='VideyAth'>(enn n\u00fa)<\/span> eru eftir til \u00feess \u00feeir geti fengi\u00f0 ektakvinnur, \u00fear allt kvenf\u00f3lk af Benjamin\u00edtum er afm\u00e1\u00f0.<a name=\"17\"><span class=\"versanumer\">17<\/span><\/a>\u00de\u00e1 s\u00f6g\u00f0u \u00feeir: \u00feeir sem eftir eru af Benjamin\u00edtum, skulu halda eignum s\u00ednum, svo a\u00f0 ein af \u00cdsraels \u00e6ttkv\u00edslum ver\u00f0i ekki afm\u00e1\u00f0 a\u00f0 \u00f6llu leyti.<a name=\"18\"><span class=\"versanumer\">18<\/span><\/a>En v\u00e9r megum ekki gefa \u00feeim vorar d\u00e6tur fyrir konur, \u00fev\u00ed \u00cdsraelsb\u00f6rn hafa svari\u00f0 og sagt: b\u00f6lva\u00f0ur veri s\u00e1 sem gefur Benjamin\u00edtum eiginkvinnu!<a name=\"19\"><span class=\"versanumer\">19<\/span><\/a>Og \u00feeir s\u00f6g\u00f0u: sj\u00e1! \u00e1rlega er Drottins h\u00e1t\u00ed\u00f0 haldin \u00ed S\u00edl\u00f3 nor\u00f0ur fr\u00e1 Betel m\u00f3ti austri, \u00e1 \u00fej\u00f3\u00f0vegi \u00feeim, sem liggur upp fr\u00e1 Betel til S\u00edkem, fyrir sunnan Leb\u00f3na.<a name=\"20\"><span class=\"versanumer\">20<\/span><\/a>S\u00ed\u00f0an skipu\u00f0u \u00feeir Benjam\u00ednsni\u00f0jum og s\u00f6g\u00f0u: fari\u00f0 og liggi\u00f0 \u00e1 laun \u00ed v\u00edng\u00f6r\u00f0unum.<a name=\"21\"><span class=\"versanumer\">21<\/span><\/a>Og \u00feegar \u00fe\u00e9r sj\u00e1i\u00f0 a\u00f0 d\u00e6tur fr\u00e1 S\u00edl\u00f3 ganga \u00fat til dansleika, \u00fe\u00e1 skulu\u00f0 \u00fe\u00e9r fara \u00fat af v\u00edng\u00f6r\u00f0unum, og gr\u00edpi \u00fe\u00e1 hv\u00f6r einn y\u00f0ar s\u00e9r ektakvinnu af d\u00e6trum S\u00edl\u00f3s og fari s\u00ed\u00f0an <span class='VideyAth'>(me\u00f0 \u00fe\u00e6r)<\/span> \u00ed Benjam\u00ednsland.<a name=\"22\"><span class=\"versanumer\">22<\/span><\/a>En \u00feegar n\u00fa fe\u00f0ur \u00feeirra e\u00f0a br\u00e6\u00f0ur koma a\u00f0 klaga \u00feetta fyrir oss, \u00fe\u00e1 skulum v\u00e9r segja \u00feeim: veri\u00f0 \u00feeim n\u00e1\u00f0ugir vor vegna, \u00fear v\u00e9r t\u00f3kum ekki eiginkonu <span class='VideyAth'>(handa)<\/span> s\u00e9rhv\u00f6rjum <span class='VideyAth'>(\u00feeirra)<\/span> \u00ed str\u00ed\u00f0inu, og \u00fe\u00e9r hafi\u00f0 ekki <span class='VideyAth'>(heldur)<\/span> gefi\u00f0 \u00feeim <span class='VideyAth'>(d\u00e6tur y\u00f0ar viljugir)<\/span> \u00fev\u00ed ella mundu\u00f0 \u00fe\u00e9r \u00e1 \u00feessum t\u00edma <span class='VideyAth'>(vegna ei\u00f0sins)<\/span> sekir ver\u00f0a. <br \/><a name=\"23\"><span class=\"versanumer\">23<\/span><\/a>Benjam\u00ednsni\u00f0jar gj\u00f6r\u00f0u n\u00fa svolei\u00f0is, og t\u00f3ku <span class='VideyAth'>(s\u00e9r)<\/span> ektakvinnur eftir s\u00ednu manntali, af \u00feeim sem d\u00f6nsu\u00f0u, hv\u00f6rjum \u00feeir r\u00e6ntu; og svo f\u00f3ru \u00feeir burt og komu aftur til s\u00edns erf\u00f0ahluta <span class='VideyAth'>(\u00ed landinu)<\/span>, uppbygg\u00f0u borgir og bjuggu \u00ed \u00feeim.<a name=\"24\"><span class=\"versanumer\">24<\/span><\/a>Eftir \u00feetta f\u00f3ru \u00cdsraelsb\u00f6rn \u00fea\u00f0an \u00e1 sama t\u00edma, hv\u00f6r til sinnar kynkv\u00edslar og \u00e6ttar, og \u00feeir fer\u00f0u\u00f0ust svo burt, hv\u00f6r til s\u00edns erf\u00f0ahluta.<a name=\"25\"><span class=\"versanumer\">25<\/span><\/a>\u00cd \u00fe\u00e6r s\u00f6mu mundir var enginn k\u00f3ngur \u00ed \u00cdsrael, og hv\u00f6r einn a\u00f0haf\u00f0ist \u00fea\u00f0, sem r\u00e9tt var fyrir hans <span class='VideyAth'>(eigin)<\/span> augum.<\/p>\n<div class=\"footnoteVidey\">V. 1. D\u00f3m. 20,1.  V. 2. J\u00f3s. 18,1. D\u00f3m. 20,26.  V. 5. D\u00f3m. 20,1.  V. 8. 1 Sam. 11,1. 31,11.  V. 11. 4 M\u00f3s. 31,17.  V. 12. J\u00f3s. 18,1.  V. 13. D\u00f3m. 20,47.  V. 20. 1 Makk. 9,38.  V. 25. D\u00f3m. 17,6. 18,1. 19,1.<\/div>\n","protected":false},"excerpt":{"rendered":"<p>S\u00e6st vi\u00f0 Benjam\u00edns \u00e6ttkv\u00edsl. 1\u00cdsraelsmenn h\u00f6f\u00f0u unni\u00f0 ei\u00f0 \u00ed Mispa, og sagt: enginn af oss skal gefa \u00feeim Benjamin\u00edtum s\u00edna d\u00f3ttur til eiginkvinnu.2Og f\u00f3lki\u00f0 gekk til Betel (Gu\u00f0s h\u00fass) og \u00fea\u00f0 var \u00fear fyrir augliti Gu\u00f0s allt til kv\u00f6lds, og upph\u00f3f s\u00ednar raddir og gr\u00e9t beisklega, segjandi:3\u00d3 Drottinn! \u00fe\u00fa \u00cdsraels Gu\u00f0! \u00fev\u00ed eru \u00fev\u00edl\u00edk (f\u00e1d\u00e6mi) sken me\u00f0al \u00cdsraels, a\u00f0 \u00e1 \u00feessum degi er einni \u00e6ttkv\u00edsl f\u00e6rra or\u00f0i\u00f0 \u00ed \u00cdsrael?4En deginum eftir st\u00f3\u00f0 f\u00f3lki\u00f0 \u00e1rla upp, og bygg\u00f0i \u00fear eitt altari, og offra\u00f0i brennif\u00f3rnum og \u00feakkarf\u00f3rnum.5\u00de\u00e1 s\u00f6g\u00f0u \u00cdsraelsb\u00f6rn: mun nokkur s\u00e1, sem ekki hafi hinga\u00f0 uppkomi\u00f0, \u00feegar allar \u00cdsraels \u00e6ttkv\u00edslir s\u00f6fnu\u00f0ust <a href=\"https:\/\/biblian.is\/videy\/domarabokin-21-kafli\/\"> [&#8230;]<\/a><\/p>\n","protected":false},"author":1,"featured_media":0,"parent":0,"menu_order":0,"comment_status":"open","ping_status":"open","template":"bibliukaflar.php","meta":{"footnotes":""},"class_list":["post-21081","page","type-page","status-publish","hentry"],"_links":{"self":[{"href":"https:\/\/biblian.is\/videy\/wp-json\/wp\/v2\/pages\/21081","targetHints":{"allow":["GET"]}}],"collection":[{"href":"https:\/\/biblian.is\/videy\/wp-json\/wp\/v2\/pages"}],"about":[{"href":"https:\/\/biblian.is\/videy\/wp-json\/wp\/v2\/types\/page"}],"author":[{"embeddable":true,"href":"https:\/\/biblian.is\/videy\/wp-json\/wp\/v2\/users\/1"}],"replies":[{"embeddable":true,"href":"https:\/\/biblian.is\/videy\/wp-json\/wp\/v2\/comments?post=21081"}],"version-history":[{"count":0,"href":"https:\/\/biblian.is\/videy\/wp-json\/wp\/v2\/pages\/21081\/revisions"}],"wp:attachment":[{"href":"https:\/\/biblian.is\/videy\/wp-json\/wp\/v2\/media?parent=21081"}],"curies":[{"name":"wp","href":"https:\/\/api.w.org\/{rel}","templated":true}]}}