{"id":21080,"date":"2018-01-02T01:00:14","date_gmt":"2018-01-02T01:00:14","guid":{"rendered":"http:\/\/biblian.is\/videy\/domarabokin-20-kafli\/"},"modified":"2018-01-02T01:00:14","modified_gmt":"2018-01-02T01:00:14","slug":"domarabokin-20-kafli","status":"publish","type":"page","link":"https:\/\/biblian.is\/videy\/domarabokin-20-kafli\/","title":{"rendered":"D\u00f3marab\u00f3kin 20. kafli"},"content":{"rendered":"<div class=\"fyrirsognVidey\">Str\u00ed\u00f0 vi\u00f0 Benjamin\u00edta.<\/div>\n<p><a name=\"1\"><span class=\"versanumer\">1<\/span><\/a>S\u00ed\u00f0an l\u00f6g\u00f0u \u00f6ll \u00cdsraelsb\u00f6rn af sta\u00f0, og f\u00f3lki\u00f0 safna\u00f0ist saman, sem einn ma\u00f0ur v\u00e6ri, fr\u00e1 Dan og allt til Bersaba, \u00e1samt af landinu G\u00edlea\u00f0 framfyrir Drottin \u00ed Mispa.<a name=\"2\"><span class=\"versanumer\">2<\/span><\/a>Og \u00feeir yppurstu af \u00f6llu f\u00f3lkinu, fr\u00e1 \u00f6llum \u00cdsraels \u00e6ttkv\u00edslum, komu saman \u00ed samkundu Gu\u00f0s f\u00f3lks, fj\u00f6gur hundru\u00f0 \u00fe\u00fasund manns af f\u00f3tg\u00f6nguli\u00f0i, sem vopnf\u00e6rir v\u00f3ru.<a name=\"3\"><span class=\"versanumer\">3<\/span><\/a>En Benjam\u00ednsni\u00f0jar fr\u00e9ttu a\u00f0 \u00cdsraelsb\u00f6rn v\u00e6ru komin til Mispa, og \u00cdsraelsb\u00f6rn s\u00f6g\u00f0u: segi\u00f0 fr\u00e1 hv\u00f6rnig \u00feetta vonda <span class='VideyAth'>(verk)<\/span> ske\u00f0i?<a name=\"4\"><span class=\"versanumer\">4<\/span><\/a>\u00fe\u00e1 svara\u00f0i Lev\u00edtinn, b\u00f3ndi kvinnu \u00feeirrar, sem drepin var, og sag\u00f0i: eg \u00e1samt me\u00f0 hj\u00e1konu minni, kom til G\u00edbea, sem heyrir til Benjamin\u00edtum, til a\u00f0 vera \u00fear um n\u00f3ttina,<a name=\"5\"><span class=\"versanumer\">5<\/span><\/a>\u00fe\u00e1 risu borgarmenn \u00ed G\u00edbea upp \u00e1 m\u00f3ti m\u00e9r, umkringdu mig \u00ed h\u00fasinu um n\u00f3ttina, og vildu sl\u00e1 mig \u00ed hel; s\u00ed\u00f0an sv\u00edvirtu \u00feeir hj\u00e1konu m\u00edna, svo h\u00fan d\u00f3.<a name=\"6\"><span class=\"versanumer\">6<\/span><\/a>Eftir \u00fea\u00f0 t\u00f3k eg m\u00edna hj\u00e1konu, hj\u00f3 hana \u00ed stykki, og sendi \u00feau \u00fat um allt \u00cdsraels erf\u00f0aland; \u00fev\u00ed \u00feeir h\u00f6f\u00f0u frami\u00f0 eitt n\u00ed\u00f0ingsverk og sv\u00edvir\u00f0ingu \u00ed \u00cdsrael.<a name=\"7\"><span class=\"versanumer\">7<\/span><\/a>Sj\u00e1! \u00fe\u00e9r eru\u00f0 allir saman \u00cdsraelsb\u00f6rn, tali\u00f0 n\u00fa hv\u00f6r vi\u00f0 annan, og r\u00e1\u00f0gist um <span class='VideyAth'>(hva\u00f0 gj\u00f6ra skal)<\/span>.<a name=\"8\"><span class=\"versanumer\">8<\/span><\/a>\u00de\u00e1 t\u00f3k allt f\u00f3lki\u00f0 sig upp, svo sem einn ma\u00f0ur v\u00e6ri, og sag\u00f0i: enginn af oss skal fara aftur til s\u00edns heimilis, og enginn sn\u00faa heim aftur \u00ed sitt h\u00fas,<a name=\"9\"><span class=\"versanumer\">9<\/span><\/a>heldur viljum v\u00e9r n\u00fa ganga svolei\u00f0is til verks vi\u00f0 G\u00edbea, <span class='VideyAth'>(a\u00f0 v\u00e9r skulum fara)<\/span> \u00e1 m\u00f3ti henni eftir hlutkesti;<a name=\"10\"><span class=\"versanumer\">10<\/span><\/a>og v\u00e9r viljum taka t\u00edu menn af hundra\u00f0i af \u00f6llum \u00cdsraels \u00e6ttkv\u00edslum, og hundra\u00f0 af \u00fe\u00fasund og \u00fe\u00fasund af t\u00edu \u00fe\u00fasundum, til a\u00f0 <span class='VideyAth'>(l\u00e1ta \u00fe\u00e1)<\/span> safna fararkosti handa f\u00f3lkinu, svo a\u00f0, n\u00e6r \u00fea\u00f0 kemur til G\u00edbea \u00ed Benjam\u00edn, a\u00f0 \u00fea\u00f0 gj\u00f6ri \u00fe\u00e1 vi\u00f0 innbyggjarana, eins og <span class='VideyAth'>(maklegt er fyrir)<\/span> \u00fea\u00f0 n\u00ed\u00f0ingsverk, sem \u00feeir fr\u00f6mdu \u00ed \u00cdsrael.<a name=\"11\"><span class=\"versanumer\">11<\/span><\/a>S\u00ed\u00f0an s\u00f6fnu\u00f0ust allir \u00cdsraelsmenn saman til borgarinnar, og l\u00edka sem einn ma\u00f0ur v\u00e6ri, v\u00f3ru \u00feeir allir samtaka s\u00edn \u00e1 milli.<a name=\"12\"><span class=\"versanumer\">12<\/span><\/a>Og \u00cdsraels \u00e6ttkv\u00edslir sendu menn til allra Benjam\u00edns kyn\u00fe\u00e1tta, og l\u00e9tu segja \u00feeim: Hva\u00f0 er \u00fea\u00f0 fyrir mannillsku, sem ske\u00f0 hefir me\u00f0al y\u00f0ar?<a name=\"13\"><span class=\"versanumer\">13<\/span><\/a>Framselji\u00f0 n\u00fa \u00fe\u00e1 menn, \u00fe\u00e1 illu sk\u00e1lka, \u00ed G\u00edbea, svo v\u00e9r f\u00e1um slegi\u00f0 \u00fe\u00e1 \u00ed hel, til a\u00f0 burttaka \u00fea\u00f0 vonda fr\u00e1 \u00cdsrael. En Benjam\u00ednsni\u00f0jar vildu ekki gaum gefa or\u00f0um sinna br\u00e6\u00f0ra \u00cdsraelsbarna,<a name=\"14\"><span class=\"versanumer\">14<\/span><\/a>heldur komu \u00feeir til samans \u00far borgunum, til G\u00edbea, til a\u00f0 fara \u00ed str\u00ed\u00f0 m\u00f3ti \u00cdsraelsb\u00f6rnum.<a name=\"15\"><span class=\"versanumer\">15<\/span><\/a>En ni\u00f0jar Benjam\u00edns, <span class='VideyAth'>(sem)<\/span> \u00e1 \u00feeim degi <span class='VideyAth'>(komu)<\/span> fr\u00e1 borgunum, t\u00f6ldust sex og tuttugu \u00fe\u00fasundir manns, sem vopn b\u00e1ru, fyrir utan borgarmenn \u00ed G\u00edbea, sem v\u00f3ru a\u00f0 t\u00f6lu sj\u00f6 hundru\u00f0, einvala hermenn.<a name=\"16\"><span class=\"versanumer\">16<\/span><\/a>Og \u00e1 me\u00f0al \u00feessa f\u00f3lks v\u00f3ru sj\u00f6 hundru\u00f0 \u00fatvaldra manna, sem \u00f6rvhentir v\u00f3ru, og g\u00e1tu allir h\u00e6ft eitt h\u00e1r me\u00f0 sl\u00f6ngusteini, svo \u00feeim br\u00e1st \u00fea\u00f0 ekki.<br \/><a name=\"17\"><span class=\"versanumer\">17<\/span><\/a>En menn af \u00cdsrael <span class='VideyAth'>(fyrir utan \u00fe\u00e1 sem v\u00f3ru af Benjam\u00edn)<\/span> t\u00f6ldust fj\u00f6gur hundru\u00f0 \u00fe\u00fasundir manns, sem b\u00e1ru vopn, og v\u00f3ru allir f\u00e6rir til bardaga.<a name=\"18\"><span class=\"versanumer\">18<\/span><\/a>\u00deeir bjuggu sig \u00fe\u00e1 \u00fat, og f\u00f3ru upp til Betel <span class='VideyAth'>(Gu\u00f0s h\u00fass)<\/span>, og spur\u00f0u Gu\u00f0 <span class='VideyAth'>(r\u00e1\u00f0a)<\/span> og s\u00f6g\u00f0u: hv\u00f6r skal vera vor fyrirli\u00f0i, og hefja bardaga \u00feenna m\u00f3ti ni\u00f0jum Benjam\u00edns? og Drottinn svara\u00f0i: J\u00fada skal hann hefja.<a name=\"19\"><span class=\"versanumer\">19<\/span><\/a>Svo bjuggu \u00cdsraelsb\u00f6rn sig \u00e1rla morguns, og settu s\u00ednar herb\u00fa\u00f0ir gagnvart G\u00edbea.<a name=\"20\"><span class=\"versanumer\">20<\/span><\/a>Og hv\u00f6r ma\u00f0ur af \u00cdsrael f\u00f3r \u00fat a\u00f0 berjast m\u00f3ti Benjam\u00edn, og \u00feeir fylktu li\u00f0i s\u00ednu til orrustu m\u00f3ti G\u00edbea.<a name=\"21\"><span class=\"versanumer\">21<\/span><\/a>\u00de\u00e1 f\u00f3ru \u00feeir Benjam\u00ednsni\u00f0jar \u00fat af G\u00edbea, og \u00e1 \u00feeim sama degi l\u00f6g\u00f0u a\u00f0 velli af \u00cdsrael, tuttugu og tv\u00e6r \u00fe\u00fasundir manna.<a name=\"22\"><span class=\"versanumer\">22<\/span><\/a>En \u00cdsraelsmannaf\u00f3lk efldi sig <span class='VideyAth'>(aftur)<\/span> og \u00feeir bjuggust enn til bardaga, \u00e1 \u00feeim sama sta\u00f0, sem \u00feeir h\u00f6f\u00f0u fylkt s\u00e9r hinn fyrra dag.<a name=\"23\"><span class=\"versanumer\">23<\/span><\/a>Og \u00cdsraels b\u00f6rn f\u00f3ru upp og gr\u00e9tu fyrir Drottni og s\u00f6g\u00f0u: skulum v\u00e9r framvegis halda \u00e1fram, a\u00f0 fara \u00ed orrustu m\u00f3ti ni\u00f0jum Benjam\u00edns br\u00f3\u00f0ur vors? og Drottinn svara\u00f0i: fari\u00f0 \u00e1 m\u00f3ti \u00feeim.<a name=\"24\"><span class=\"versanumer\">24<\/span><\/a>Og sem \u00cdsraelsb\u00f6rn dr\u00f3gu \u00fat \u00e1 m\u00f3ti Benjam\u00ednsni\u00f0jum n\u00e6sta dag, \u00fe\u00e1 f\u00f3ru og Benjamin\u00edtar \u00fat fr\u00e1 Gibea \u00e1 m\u00f3ti \u00feeim \u00e1 sama degi,<a name=\"25\"><span class=\"versanumer\">25<\/span><\/a>og \u00feeir l\u00f6g\u00f0u enn \u00fe\u00e1 a\u00f0 velli, \u00e1tj\u00e1n \u00fe\u00fasundir manna af \u00cdsraelsb\u00f6rnum, sem allir voru vopnf\u00e6rir menn.<a name=\"26\"><span class=\"versanumer\">26<\/span><\/a>Eftir \u00feetta f\u00f3ru \u00f6ll \u00cdsraelsb\u00f6rn upp og allt f\u00f3lki\u00f0 og komu til Betel <span class='VideyAth'>(Gu\u00f0s h\u00fass)<\/span>, gr\u00e9tu og v\u00f3ru \u00fear fyrir Drottins augliti, og f\u00f6stu\u00f0u \u00feann sama dag allt til kv\u00f6lds, samt offru\u00f0u brennif\u00f3rnum og \u00feakkarf\u00f3rnum fyrir Drottins augliti.<a name=\"27\"><span class=\"versanumer\">27<\/span><\/a>\u00de\u00e1 a\u00f0spur\u00f0u \u00cdsraels b\u00f6rn Drottin: \u00fev\u00ed <span class='VideyAth'>(s\u00e1ttm\u00e1ls\u00f6rk Gu\u00f0s var \u00fear \u00e1 \u00feeim t\u00edma:)<\/span><a name=\"28\"><span class=\"versanumer\">28<\/span><\/a>og Pineas, sonur Eleasars, sonar Arons, st\u00f3\u00f0 fyrir hans augliti \u00e1 \u00feeim sama t\u00edma; og hann sag\u00f0i <span class='VideyAth'>(undir \u00cdsraels nafni)<\/span>: skal eg oftar fara til a\u00f0 berjast vi\u00f0 \u00fe\u00e1 Benjamin\u00edta, sem eru b\u00f6rn br\u00f3\u00f0ur m\u00edns, e\u00f0ur skal eg h\u00e6tta \u00fev\u00ed? en Drottinn svara\u00f0i: fari\u00f0, \u00fev\u00ed \u00e1 morgun vil eg gefa \u00fe\u00e1 \u00ed \u00fe\u00ednar hendur.<a name=\"29\"><span class=\"versanumer\">29<\/span><\/a>En \u00cdsraelsb\u00f6rn settu launs\u00e1tur allt \u00ed kringum G\u00edbea.<a name=\"30\"><span class=\"versanumer\">30<\/span><\/a>Svo t\u00f3ku \u00cdsraelsb\u00f6rn sig upp, og f\u00f3ru \u00feri\u00f0ja daginn m\u00f3ti Benjam\u00ednsni\u00f0jum, og bjuggust til bardaga m\u00f3ti G\u00edbea, eins og tvisvar <span class='VideyAth'>(\u00e1\u00f0ur)<\/span>.<a name=\"31\"><span class=\"versanumer\">31<\/span><\/a>\u00de\u00e1 f\u00f3ru og Benjam\u00ednsni\u00f0jar \u00fat \u00e1 m\u00f3ti f\u00f3lkinu, og dr\u00f3gust <span class='VideyAth'>(\u00e6\u00f0i langt)<\/span> fr\u00e1 borginni, \u00fev\u00ed \u00feeir t\u00f3ku til a\u00f0 sl\u00e1 og drepa nokkra af f\u00f3lkinu eins og \u00e1\u00f0ur tvisvar sinnum, \u00fati \u00e1 \u00fej\u00f3\u00f0g\u00f6tum, hv\u00f6rra ein liggur til Betel, en \u00f6nnur til G\u00edbea \u00e1 m\u00f6rkinni; og \u00fea\u00f0 voru um \u00ferj\u00e1t\u00edu af \u00cdsraelsm\u00f6nnum <span class='VideyAth'>(sem \u00feeir felldu)<\/span>.<a name=\"32\"><span class=\"versanumer\">32<\/span><\/a>\u00de\u00e1 s\u00f6g\u00f0u Benjam\u00ednsni\u00f0jar <span class='VideyAth'>(me\u00f0 sj\u00e1lfum s\u00e9r)<\/span>: \u00feeir falla fyrir vorum augum, eins og \u00e1\u00f0ur fyrri. En \u00cdsraelsb\u00f6rn s\u00f6g\u00f0u: l\u00e1tum oss fl\u00fdja, svo v\u00e9r getum teygt \u00fe\u00e1 fr\u00e1 sta\u00f0num, \u00fat \u00e1 \u00fej\u00f3\u00f0g\u00f6turnar.<a name=\"33\"><span class=\"versanumer\">33<\/span><\/a>S\u00ed\u00f0an t\u00f3k \u00cdsraelsf\u00f3lk sig upp, hv\u00f6r fr\u00e1 s\u00ednum sta\u00f0, og fylktu li\u00f0i s\u00ednu \u00ed Baal-Tamar, en \u00cdsraels launs\u00e1tur kom fram af s\u00ednum sta\u00f0, <span class='VideyAth'>(au\u00f0um)<\/span> velli hj\u00e1 G\u00edbea <span class='VideyAth'>*)<\/span>.<a name=\"34\"><span class=\"versanumer\">34<\/span><\/a>Og t\u00edu \u00fe\u00fasund menn, \u00fatvaldir af \u00f6llum \u00cdsrael, komu r\u00e9tt gagnvart G\u00edbea, og \u00fear var\u00f0 snarpur bardagi. En \u00feeir <span class='VideyAth'>(Benjamin\u00edtar)<\/span> vissu ekki, a\u00f0 \u00f3g\u00e6fan vof\u00f0i yfir \u00feeim.<a name=\"35\"><span class=\"versanumer\">35<\/span><\/a>\u00deannig sl\u00f3 Drottinn Benjam\u00edn fyrir \u00cdsraelsb\u00f6rnum, svo \u00cdsraelsb\u00f6rn eyddu \u00e1 \u00feeim degi tuttugu og fimm \u00fe\u00fasundum og hundra\u00f0 manns af Benjam\u00edn, sem allir v\u00f3ru vopnf\u00e6rir.<a name=\"36\"><span class=\"versanumer\">36<\/span><\/a>\u00dev\u00ed \u00feegar Benjam\u00ednsni\u00f0jar s\u00e1u fall sinna manna, \u00fe\u00e1 g\u00e1fu \u00cdsraelsmenn \u00feeim r\u00fam, \u00fev\u00ed \u00feeir treystu upp \u00e1 \u00fea\u00f0 launs\u00e1tur, er \u00feeir h\u00f6f\u00f0u sett hj\u00e1 G\u00edbea.<a name=\"37\"><span class=\"versanumer\">37<\/span><\/a>En \u00feeir sem \u00ed launs\u00e1trinu v\u00f3ru, fl\u00fdttu s\u00e9r ogsvo, og yfirf\u00e9llu G\u00edbea, og \u00feegar \u00feeir komu \u00fear, sl\u00f3gu \u00feeir allan \u00feann sta\u00f0 me\u00f0 sver\u00f0seggjum.<a name=\"38\"><span class=\"versanumer\">38<\/span><\/a>En \u00cdsraelsmenn h\u00f6f\u00f0u \u00e1kve\u00f0i\u00f0 vissan t\u00edma vi\u00f0 \u00fe\u00e1 sem \u00ed launs\u00e1trinu v\u00f3ru, nefnilega: n\u00e6r \u00cdsraelsmenn s\u00e6ju mikinn reyk st\u00edga h\u00e1tt upp af sta\u00f0num, \u00fe\u00e1 skyldu \u00feeir sn\u00faa s\u00e9r \u00ed bardaganum <span class='VideyAth'>(m\u00f3ti Benjamin\u00edtum \u00fat \u00e1 m\u00f6rkinni)<\/span>.<a name=\"39\"><span class=\"versanumer\">39<\/span><\/a>\u00deegar n\u00fa Benjamin\u00edtar h\u00f6f\u00f0u teki\u00f0 til a\u00f0 sl\u00e1 og s\u00e6ra \u00cdsraelsmenn, og h\u00f6f\u00f0u drepi\u00f0 n\u00e6r \u00ferj\u00e1t\u00edu af \u00feeim, svo \u00feeir hugsu\u00f0u \u00feeir mundu liggja fallnir fyrir s\u00e9r, sem \u00ed fyrri bard\u00f6gunum;<a name=\"40\"><span class=\"versanumer\">40<\/span><\/a>\u00fe\u00e1 r\u00e9tt \u00ed \u00fev\u00ed sama bili, t\u00f3k reykjarst\u00f3lpa a\u00f0 leggja upp af sta\u00f0num, og Benjamin\u00edtum var\u00f0 liti\u00f0 til baka, og sj\u00e1! a\u00f0 reykinn og logann lag\u00f0i \u00ed loft upp af \u00f6llum sta\u00f0num.<a name=\"41\"><span class=\"versanumer\">41<\/span><\/a>\u00de\u00e1 sneru og \u00cdsraelsmenn s\u00e9r vi\u00f0 <span class='VideyAth'>(\u00e1 m\u00f3ti \u00feeim)<\/span> og Benjamin\u00edtar ur\u00f0u skelka\u00f0ir, \u00fev\u00ed \u00feeir s\u00e1u a\u00f0 s\u00e9r var \u00f3g\u00e6fa b\u00fain.<a name=\"42\"><span class=\"versanumer\">42<\/span><\/a>Og \u00feeir sneru s\u00e9r undan \u00cdsraelsm\u00f6nnum, \u00e1 veg \u00feann sem veit til ey\u00f0imerkurinnar, en str\u00ed\u00f0sherinn s\u00f3tti eftir \u00feeim, og <span class='VideyAth'>(\u00fear \u00e1 ofan)<\/span> ey\u00f0il\u00f6g\u00f0u \u00feeir, sem \u00ed kringliggjandi borgum v\u00f3ru, \u00fe\u00e1 mitt \u00e1 milli s\u00edn.<a name=\"43\"><span class=\"versanumer\">43<\/span><\/a>Svolei\u00f0is umkringdu \u00feeir \u00fe\u00e1 Benjamin\u00edta og ofs\u00f3ttu \u00fe\u00e1, og hvar sem \u00feeir vildu s\u00e9r hv\u00edld taka, l\u00e9tu \u00feeir undirtro\u00f0a \u00fe\u00e1, og \u00fea\u00f0 allt til G\u00edbea m\u00f3ti austri.<a name=\"44\"><span class=\"versanumer\">44<\/span><\/a>Og \u00fear f\u00e9llu af Benjam\u00edn \u00e1tj\u00e1n \u00fe\u00fasundir manna, sem allir v\u00f3ru vopnf\u00e6rir str\u00ed\u00f0smenn.<a name=\"45\"><span class=\"versanumer\">45<\/span><\/a>\u00de\u00e1 sneru \u00feeir s\u00e9r \u00e1 fl\u00f3tta til ey\u00f0imerkur a\u00f0 Rimmonsbjargi; en <span class='VideyAth'>(\u00cdsraelsmenn)<\/span> sl\u00f3gu h\u00e9r og \u00fear, \u00e1 \u00fej\u00f3\u00f0g\u00f6tum ni\u00f0ur af \u00feeim fimm \u00fe\u00fasundir manns, og veittu \u00feeim eftirf\u00f6r allt til Gideom, og \u00feeir sl\u00f3gu <span class='VideyAth'>(enn n\u00fa)<\/span> af \u00feeim tv\u00e6r \u00fe\u00fasundir;<a name=\"46\"><span class=\"versanumer\">46<\/span><\/a>svo a\u00f0 allir \u00feeir sem \u00e1 \u00feeim degi f\u00e9llu af Benjamin\u00edtum voru tuttugu og fimm \u00fe\u00fasundir, sem allt v\u00f3ru vopnf\u00e6rir og duglegir str\u00ed\u00f0smenn.<a name=\"47\"><span class=\"versanumer\">47<\/span><\/a>Sex hundru\u00f0 manns a\u00f0eins sneru vi\u00f0 og fl\u00fd\u00f0u undan til ey\u00f0imerkur til Rimmonsbjargs, og \u00fear v\u00f3ru \u00feeir \u00ed fj\u00f3ra m\u00e1nu\u00f0i.<a name=\"48\"><span class=\"versanumer\">48<\/span><\/a>Og \u00cdsraelsmenn sneru til baka til Benjam\u00ednsni\u00f0ja <span class='VideyAth'>(er eftir v\u00f3ru)<\/span> og sl\u00f3gu \u00fe\u00e1 me\u00f0 sver\u00f0seggjum, b\u00e6\u00f0i f\u00f3lki\u00f0 \u00ed borgunum og f\u00e9na\u00f0inn, og allt sem \u00fear inni fannst; og allar \u00fe\u00e6r borgir, sem \u00fear fundust, brenndu \u00feeir \u00ed bj\u00f6rtu b\u00e1li.<\/p>\n<div class=\"footnoteVidey\">V. 2. D\u00f3m. 8,10.  V. 4. D\u00f3m. 19,15.  V. 6. D\u00f3m. 19,29. J\u00f3s. 7,15.  V. 7. D\u00f3m. 19,30.  V. 12. D\u00f3m. 6,15.  V. 13. D\u00f3m. 19,22. H\u00f3s. 9,9. Sk\u00e1lka hebr. Belialsb\u00f6rn.  V. 16. D\u00f3m. 3,15.  V. 18. D\u00f3m. 1,1.2.  (V. 23. F\u00f3ru upp. nl. til S\u00edl\u00f3, \u00fev\u00ed \u00fear var \u00fe\u00e1 \u00f6rk Drottins).  V. 26. J\u00f3s. 18,1.  V. 28. J\u00f3s. 22,13.  V. 29. J\u00f3s. 8,2. og s. frv.  V. 31. J\u00f3s. 8,16. V. 33. J\u00f3s. 8,19. *) \u00far hellir hj\u00e1 G\u00edbea.  V. 40. J\u00f3s. 8,20.  V. 47. D\u00f3m. 21,13.  V. 48. J\u00f3s. 8,24.<\/div>\n","protected":false},"excerpt":{"rendered":"<p>Str\u00ed\u00f0 vi\u00f0 Benjamin\u00edta. 1S\u00ed\u00f0an l\u00f6g\u00f0u \u00f6ll \u00cdsraelsb\u00f6rn af sta\u00f0, og f\u00f3lki\u00f0 safna\u00f0ist saman, sem einn ma\u00f0ur v\u00e6ri, fr\u00e1 Dan og allt til Bersaba, \u00e1samt af landinu G\u00edlea\u00f0 framfyrir Drottin \u00ed Mispa.2Og \u00feeir yppurstu af \u00f6llu f\u00f3lkinu, fr\u00e1 \u00f6llum \u00cdsraels \u00e6ttkv\u00edslum, komu saman \u00ed samkundu Gu\u00f0s f\u00f3lks, fj\u00f6gur hundru\u00f0 \u00fe\u00fasund manns af f\u00f3tg\u00f6nguli\u00f0i, sem vopnf\u00e6rir v\u00f3ru.3En Benjam\u00ednsni\u00f0jar fr\u00e9ttu a\u00f0 \u00cdsraelsb\u00f6rn v\u00e6ru komin til Mispa, og \u00cdsraelsb\u00f6rn s\u00f6g\u00f0u: segi\u00f0 fr\u00e1 hv\u00f6rnig \u00feetta vonda (verk) ske\u00f0i?4\u00fe\u00e1 svara\u00f0i Lev\u00edtinn, b\u00f3ndi kvinnu \u00feeirrar, sem drepin var, og sag\u00f0i: eg \u00e1samt me\u00f0 hj\u00e1konu minni, kom til G\u00edbea, sem heyrir til Benjamin\u00edtum, til a\u00f0 vera \u00fear um <a href=\"https:\/\/biblian.is\/videy\/domarabokin-20-kafli\/\"> [&#8230;]<\/a><\/p>\n","protected":false},"author":1,"featured_media":0,"parent":0,"menu_order":0,"comment_status":"open","ping_status":"open","template":"bibliukaflar.php","meta":{"footnotes":""},"class_list":["post-21080","page","type-page","status-publish","hentry"],"_links":{"self":[{"href":"https:\/\/biblian.is\/videy\/wp-json\/wp\/v2\/pages\/21080","targetHints":{"allow":["GET"]}}],"collection":[{"href":"https:\/\/biblian.is\/videy\/wp-json\/wp\/v2\/pages"}],"about":[{"href":"https:\/\/biblian.is\/videy\/wp-json\/wp\/v2\/types\/page"}],"author":[{"embeddable":true,"href":"https:\/\/biblian.is\/videy\/wp-json\/wp\/v2\/users\/1"}],"replies":[{"embeddable":true,"href":"https:\/\/biblian.is\/videy\/wp-json\/wp\/v2\/comments?post=21080"}],"version-history":[{"count":0,"href":"https:\/\/biblian.is\/videy\/wp-json\/wp\/v2\/pages\/21080\/revisions"}],"wp:attachment":[{"href":"https:\/\/biblian.is\/videy\/wp-json\/wp\/v2\/media?parent=21080"}],"curies":[{"name":"wp","href":"https:\/\/api.w.org\/{rel}","templated":true}]}}