{"id":21077,"date":"2018-01-02T01:00:14","date_gmt":"2018-01-02T01:00:14","guid":{"rendered":"http:\/\/biblian.is\/videy\/domarabokin-17-kafli\/"},"modified":"2018-01-02T01:00:14","modified_gmt":"2018-01-02T01:00:14","slug":"domarabokin-17-kafli","status":"publish","type":"page","link":"https:\/\/biblian.is\/videy\/domarabokin-17-kafli\/","title":{"rendered":"D\u00f3marab\u00f3kin 17. kafli"},"content":{"rendered":"<div class=\"fyrirsognVidey\">Mika b\u00edl\u00e6tad\u00fdrkun.<\/div>\n<p><a name=\"1\"><span class=\"versanumer\">1<\/span><\/a>\u00dear var ma\u00f0ur nokkur af Efraimsfjallbygg\u00f0um, s\u00e1 h\u00e9t Mika. Og hann sag\u00f0i vi\u00f0 m\u00f3\u00f0ur s\u00edna: \u00feeir \u00fe\u00fasund og hundra\u00f0 <span class='VideyAth'>(peningar)<\/span> silfurs, sem hafa veri\u00f0 teknir fr\u00e1 \u00fe\u00e9r,<a name=\"2\"><span class=\"versanumer\">2<\/span><\/a>og fyrir hv\u00f6rra skuld \u00fe\u00fa hefir <span class='VideyAth'>(\u00fej\u00f3fnum)<\/span> b\u00f6ls be\u00f0i\u00f0, og tala\u00f0 \u00fea\u00f0 fyrir m\u00ednum eyrum, sj\u00e1! \u00feetta silfur er n\u00fa hj\u00e1 m\u00e9r, og eg var s\u00e1 sem t\u00f3k \u00fea\u00f0; \u00fe\u00e1 sag\u00f0i m\u00f3\u00f0ir hans: blessa\u00f0ur vert\u00fa minn son af Drottni!<a name=\"3\"><span class=\"versanumer\">3<\/span><\/a>Svo skila\u00f0i hann m\u00f3\u00f0ur sinni \u00feeim \u00fe\u00fasund og hundra\u00f0 <span class='VideyAth'>(peningum)<\/span> silfurs aftur, og m\u00f3\u00f0ir hans sag\u00f0i: eg hefi a\u00f0 \u00f6llu leyti helga\u00f0 Drottni silfur \u00feetta \u00far minni hendi, fyrir minn son, til \u00feess a\u00f0 \u00far \u00fev\u00ed skuli gj\u00f6rast eitt \u00fatskori\u00f0 og steypt b\u00edl\u00e6ti, og \u00feess vegna f\u00e6 eg \u00fe\u00e9r \u00fea\u00f0 n\u00fa aftur.<a name=\"4\"><span class=\"versanumer\">4<\/span><\/a>En hann f\u00e9kk m\u00f3\u00f0ur sinni silfri\u00f0 aftur. \u00de\u00e1 t\u00f3k m\u00f3\u00f0ir hans tv\u00f6 hundru\u00f0 <span class='VideyAth'>(peninga)<\/span> silfurs, og f\u00e9kk \u00fe\u00e1 gullsmi\u00f0num, og hann bj\u00f3 til \u00far \u00feeim eitt \u00fatskori\u00f0 og steypt b\u00edl\u00e6ti, og \u00fea\u00f0 <span class='VideyAth'>(sama)<\/span> var \u00ed h\u00fasi Mika.<a name=\"5\"><span class=\"versanumer\">5<\/span><\/a>Og \u00feessi ma\u00f0ur Mika haf\u00f0i eitt gu\u00f0ah\u00fas, og hann bj\u00f3 til h\u00f6kul og h\u00fasgo\u00f0, og hann v\u00edg\u00f0i einn sona sinna, svo hann var\u00f0 hans prestur.<a name=\"6\"><span class=\"versanumer\">6<\/span><\/a>\u00c1 \u00feeim d\u00f6gum var enginn k\u00f3ngur \u00ed \u00cdsrael, og hv\u00f6r einn gj\u00f6r\u00f0i \u00fea\u00f0 sem honum \u00fe\u00f3tti r\u00e9tt vera.<a name=\"7\"><span class=\"versanumer\">7<\/span><\/a>En \u00fear var ungur ma\u00f0ur nokkur fr\u00e1 Betlehem \u00ed J\u00fada, kominn af J\u00fada kyn\u00fe\u00e6tti; hann var Lev\u00edti, og dvaldi \u00fear sem framandi <span class='VideyAth'>(ma\u00f0ur)<\/span>.<a name=\"8\"><span class=\"versanumer\">8<\/span><\/a>En ma\u00f0ur \u00feessi haf\u00f0i fari\u00f0 burtu fr\u00e1 Betlehem \u00ed J\u00fada, til a\u00f0 lifa <span class='VideyAth'>(annarssta\u00f0ar)<\/span> sem framandi hvar helst honum f\u00e6ri g\u00e6fist; en sem hann kom upp \u00e1 Efraimsfjall, til h\u00fass Mika, til a\u00f0 fara lei\u00f0ar sinnar;<a name=\"9\"><span class=\"versanumer\">9<\/span><\/a>\u00fe\u00e1 spur\u00f0i Mika hann a\u00f0: hva\u00f0an kemur \u00fe\u00fa? hann svara\u00f0i honum: eg er Lev\u00edti fr\u00e1 Betlehem \u00ed J\u00fada, farinn til a\u00f0 vera sem framandi, hvar helst eg f\u00e6 inni.<a name=\"10\"><span class=\"versanumer\">10<\/span><\/a>\u00de\u00e1 sag\u00f0i Mika til hans: sestu a\u00f0 hj\u00e1 m\u00e9r, og skaltu ver\u00f0a minn fa\u00f0ir og prestur, eg skal gefa \u00fe\u00e9r \u00e1rlega t\u00edu peninga silfurs, l\u00edka tilhl\u00fd\u00f0ilegan kl\u00e6\u00f0na\u00f0 og f\u00e6\u00f0i, og Lev\u00edtinn f\u00f3r inn til hans.<a name=\"11\"><span class=\"versanumer\">11<\/span><\/a>Gekk n\u00fa Lev\u00edtinn a\u00f0 kostunum, og r\u00e9\u00f0st til mannsins, sem h\u00e9lt \u00feennan unga mann r\u00e9tt sem hann v\u00e6ri einn af sonum hans.<a name=\"12\"><span class=\"versanumer\">12<\/span><\/a>Og Mika v\u00edg\u00f0i Lev\u00edtann, svo \u00feessi ungi ma\u00f0ur var\u00f0 prestur hans, og haf\u00f0i a\u00f0setur \u00ed hans h\u00fasi.<a name=\"13\"><span class=\"versanumer\">13<\/span><\/a>\u00de\u00e1 sag\u00f0i Mika: n\u00fa veit eg a\u00f0 Drottinn muni gj\u00f6ra vel vi\u00f0 mig, \u00fear e\u00f0 eg hefi Lev\u00edta fyrir prest.<\/p>\n<div class=\"footnoteVidey\">V. 2. D\u00f3m. 16,5. Ruth. 3,10. 1 Sam. 15,13.  V. 4. Es. 40,19. Spek. 15,8.  V. 5. E\u00f0ur h\u00fassgu\u00f0i. 1 M\u00f3s. 31,19. H\u00f3s. 3,4. V\u00edg\u00f0i hebr. fyllti hans h\u00f6nd. 2 M\u00f3s. 28,41. 29,24.  V. 6. D\u00f3m. 18,1. 19,1. 21,25.  V. 8. L\u00edka sem framandi; e\u00f0a f\u00e1 s\u00e9r dv\u00f6l, \u00fev\u00ed hann var \u00far \u00f6\u00f0ru landspl\u00e1ssi og af annarri kynkv\u00edsl. D\u00f3m. 19,1.<\/div>\n","protected":false},"excerpt":{"rendered":"<p>Mika b\u00edl\u00e6tad\u00fdrkun. 1\u00dear var ma\u00f0ur nokkur af Efraimsfjallbygg\u00f0um, s\u00e1 h\u00e9t Mika. Og hann sag\u00f0i vi\u00f0 m\u00f3\u00f0ur s\u00edna: \u00feeir \u00fe\u00fasund og hundra\u00f0 (peningar) silfurs, sem hafa veri\u00f0 teknir fr\u00e1 \u00fe\u00e9r,2og fyrir hv\u00f6rra skuld \u00fe\u00fa hefir (\u00fej\u00f3fnum) b\u00f6ls be\u00f0i\u00f0, og tala\u00f0 \u00fea\u00f0 fyrir m\u00ednum eyrum, sj\u00e1! \u00feetta silfur er n\u00fa hj\u00e1 m\u00e9r, og eg var s\u00e1 sem t\u00f3k \u00fea\u00f0; \u00fe\u00e1 sag\u00f0i m\u00f3\u00f0ir hans: blessa\u00f0ur vert\u00fa minn son af Drottni!3Svo skila\u00f0i hann m\u00f3\u00f0ur sinni \u00feeim \u00fe\u00fasund og hundra\u00f0 (peningum) silfurs aftur, og m\u00f3\u00f0ir hans sag\u00f0i: eg hefi a\u00f0 \u00f6llu leyti helga\u00f0 Drottni silfur \u00feetta \u00far minni hendi, fyrir minn son, til \u00feess a\u00f0 <a href=\"https:\/\/biblian.is\/videy\/domarabokin-17-kafli\/\"> [&#8230;]<\/a><\/p>\n","protected":false},"author":1,"featured_media":0,"parent":0,"menu_order":0,"comment_status":"open","ping_status":"open","template":"bibliukaflar.php","meta":{"footnotes":""},"class_list":["post-21077","page","type-page","status-publish","hentry"],"_links":{"self":[{"href":"https:\/\/biblian.is\/videy\/wp-json\/wp\/v2\/pages\/21077","targetHints":{"allow":["GET"]}}],"collection":[{"href":"https:\/\/biblian.is\/videy\/wp-json\/wp\/v2\/pages"}],"about":[{"href":"https:\/\/biblian.is\/videy\/wp-json\/wp\/v2\/types\/page"}],"author":[{"embeddable":true,"href":"https:\/\/biblian.is\/videy\/wp-json\/wp\/v2\/users\/1"}],"replies":[{"embeddable":true,"href":"https:\/\/biblian.is\/videy\/wp-json\/wp\/v2\/comments?post=21077"}],"version-history":[{"count":0,"href":"https:\/\/biblian.is\/videy\/wp-json\/wp\/v2\/pages\/21077\/revisions"}],"wp:attachment":[{"href":"https:\/\/biblian.is\/videy\/wp-json\/wp\/v2\/media?parent=21077"}],"curies":[{"name":"wp","href":"https:\/\/api.w.org\/{rel}","templated":true}]}}