{"id":21075,"date":"2018-01-02T01:00:14","date_gmt":"2018-01-02T01:00:14","guid":{"rendered":"http:\/\/biblian.is\/videy\/domarabokin-15-kafli\/"},"modified":"2018-01-02T01:00:14","modified_gmt":"2018-01-02T01:00:14","slug":"domarabokin-15-kafli","status":"publish","type":"page","link":"https:\/\/biblian.is\/videy\/domarabokin-15-kafli\/","title":{"rendered":"D\u00f3marab\u00f3kin 15. kafli"},"content":{"rendered":"<div class=\"fyrirsognVidey\">Samson hefnir s\u00edn \u00e1 Filisteum.<\/div>\n<p><a name=\"1\"><span class=\"versanumer\">1<\/span><\/a>Og \u00fea\u00f0 ske\u00f0i eftir nokkra daga \u00e1 hveitikornskur\u00f0art\u00edmanum, a\u00f0 Samson f\u00f3r a\u00f0 vitja konu sinnar, og haf\u00f0i me\u00f0 s\u00e9r ki\u00f0ling; en sem hann sag\u00f0i: eg vil ganga \u00ed herbergi\u00f0 til konu minnar, \u00fe\u00e1 vildi fa\u00f0ir hennar ekki leyfa honum <span class='VideyAth'>(a\u00f0 koma)<\/span> \u00fear inn,<a name=\"2\"><span class=\"versanumer\">2<\/span><\/a>og sag\u00f0i: eg \u00e6tla\u00f0i \u00fe\u00fa mundir henni rei\u00f0ur or\u00f0inn, og \u00fev\u00ed gifti eg hana stallbr\u00f3\u00f0ur \u00fe\u00ednum, en h\u00fan \u00e1 a\u00f0ra yngri systur, sem er fr\u00ed\u00f0ari en h\u00fan, l\u00e1t hana vera konu <span class='VideyAth'>(\u00fe\u00edna)<\/span> \u00ed sta\u00f0 hinnar.<a name=\"3\"><span class=\"versanumer\">3<\/span><\/a>\u00de\u00e1 sag\u00f0i Samson til \u00feeirra: \u00ed \u00feetta sinn er eg saklausari en Filistearnir, \u00fe\u00f3 eg vinni \u00feeim ska\u00f0a.<a name=\"4\"><span class=\"versanumer\">4<\/span><\/a>Svo f\u00f3r Samson \u00fea\u00f0an og veiddi \u00ferj\u00fa hundru\u00f0 refa, og hann t\u00f3k s\u00e9r eldsk\u00ed\u00f0, sneri einum hala m\u00f3ti \u00f6\u00f0rum, og batt svo eldsk\u00ed\u00f0 millum hv\u00f6rratveggja hala.<a name=\"5\"><span class=\"versanumer\">5<\/span><\/a>S\u00ed\u00f0an kveikti hann eld \u00ed sk\u00ed\u00f0unum og sleppti svo refunum lausum inn \u00e1 korn <span class='VideyAth'>(land)<\/span> Filisteanna, og brenndi upp b\u00e6\u00f0i bindini \u00feeirra og svo \u00fea\u00f0 standanda korn, l\u00edka svo v\u00edngar\u00f0a \u00feeirra og vi\u00f0smj\u00f6rstr\u00e9.<a name=\"6\"><span class=\"versanumer\">6<\/span><\/a>\u00de\u00e1 s\u00f6g\u00f0u Filistear: hv\u00f6r hefir \u00feetta gj\u00f6rt? \u00feeim var svara\u00f0: Samson d\u00f3tturma\u00f0ur mannsins \u00ed T\u00edmna, fyrir \u00fea\u00f0 a\u00f0 \u00feessi t\u00f3k ektakvinnu hans, og gaf hana hans stallbr\u00f3\u00f0ur. Svo f\u00f3ru Filistear upp \u00feanga\u00f0 og brenndu hana og f\u00f6\u00f0ur hennar \u00ed <span class='VideyAth'>(bj\u00f6rtu)<\/span> b\u00e1li.<a name=\"7\"><span class=\"versanumer\">7<\/span><\/a>En Samson sag\u00f0i til \u00feeirra: jafnvel \u00fe\u00f3 \u00fe\u00e9r \u00feetta gj\u00f6rt hafi\u00f0, \u00fe\u00e1 vil eg samt sem \u00e1\u00f0ur hefna m\u00edn \u00e1 y\u00f0ur, og h\u00e6tta svo.<a name=\"8\"><span class=\"versanumer\">8<\/span><\/a>Og hann sl\u00f3 \u00fe\u00e1 har\u00f0lega \u00e1 leggi og l\u00e6r <span class='VideyAth'>*)<\/span>. S\u00ed\u00f0an f\u00f3r hann \u00fea\u00f0an, og settist a\u00f0 \u00ed einum hellir \u00ed Etam. <br \/><a name=\"9\"><span class=\"versanumer\">9<\/span><\/a>\u00de\u00e1 f\u00f3ru Filistear upp eftir, og settu herb\u00fa\u00f0ir <span class='VideyAth'>(til a\u00f0 str\u00ed\u00f0a)<\/span> \u00ed J\u00fada, og dreif\u00f0u s\u00e9r \u00fat \u00ed Lek\u00ed.<a name=\"10\"><span class=\"versanumer\">10<\/span><\/a>Og mennirnir \u00ed J\u00fada s\u00f6g\u00f0u: \u00fev\u00ed eru\u00f0 \u00fe\u00e9r hinga\u00f0 komnir <span class='VideyAth'>(til a\u00f0 str\u00ed\u00f0a)<\/span> m\u00f3ti oss? en \u00feeir s\u00f6g\u00f0u: v\u00e9r erum hinga\u00f0 komnir til a\u00f0 binda Samson, og til a\u00f0 gj\u00f6ra vi\u00f0 hann eins og hann hefir vi\u00f0 oss gj\u00f6rt.<a name=\"11\"><span class=\"versanumer\">11<\/span><\/a>Eftir \u00fea\u00f0 f\u00f3ru \u00ferj\u00e1r \u00fe\u00fasundir manna af J\u00fada ni\u00f0ur til hellirsins \u00ed Etam og s\u00f6g\u00f0u til Samsons: veist\u00fa ekki a\u00f0 Filistear drottna yfir oss? \u00fev\u00ed hefir \u00fe\u00fa \u00fe\u00e1 svo vi\u00f0 oss breytt? hann svara\u00f0i \u00feeim: eins og \u00feeir gj\u00f6r\u00f0u vi\u00f0 mig, svo hefi eg gj\u00f6rt vi\u00f0 \u00fe\u00e1.<a name=\"12\"><span class=\"versanumer\">12<\/span><\/a>Og \u00feeir s\u00f6g\u00f0u til hans, v\u00e9r erum hinga\u00f0 komnir til a\u00f0 binda \u00feig, og a\u00f0 selja \u00feig Filisteum \u00ed hendur. Og Samson sag\u00f0i til \u00feeirra: vinni\u00f0 m\u00e9r \u00fe\u00e1 \u00feann ei\u00f0, a\u00f0 \u00fe\u00e9r eigi skulu\u00f0 vinna \u00e1 m\u00e9r.<a name=\"13\"><span class=\"versanumer\">13<\/span><\/a>\u00deeir sv\u00f6ru\u00f0u honum og s\u00f6g\u00f0u: enganveginn <span class='VideyAth'>(skulum v\u00e9r vinna \u00e1 \u00fe\u00e9r)<\/span>, v\u00e9r viljum a\u00f0eins binda \u00feig, og gefa \u00feig svo \u00ed \u00feeirra h\u00f6nd, en \u00f6ldungis ekki skulum v\u00e9r sl\u00e1 \u00feig \u00ed hel. S\u00ed\u00f0an bundu \u00feeir hann me\u00f0 tveimur reipum n\u00fdjum, og fluttu hann burt fr\u00e1 klettinum.<a name=\"14\"><span class=\"versanumer\">14<\/span><\/a>En sem hann kom til Leki, komu Filistear m\u00f3ti honum me\u00f0 fagna\u00f0ar\u00f3pi. \u00de\u00e1 kom andi Drottins yfir hann, svo reipin sem v\u00f3ru um armleggi hans ur\u00f0u sem \u00fer\u00e6\u00f0ir \u00ed eldi brunnir, og fj\u00f6turin sundurslitnu\u00f0u af hans h\u00f6ndum.<a name=\"15\"><span class=\"versanumer\">15<\/span><\/a>Og hann fann n\u00fdjan asnakj\u00e1lka, \u00fatr\u00e9tti s\u00edna h\u00f6nd, t\u00f3k hann, og sl\u00f3 me\u00f0 honum \u00fe\u00fasund manna.<a name=\"16\"><span class=\"versanumer\">16<\/span><\/a>\u00de\u00e1 sag\u00f0i Samson: me\u00f0 asnakj\u00e1lka <span class='VideyAth'>(hefi eg)<\/span> valk\u00f6st, j\u00e1 tvo valkesti <span class='VideyAth'>(hla\u00f0i\u00f0)<\/span>; me\u00f0 asnakj\u00e1lka hefi eg slegi\u00f0 \u00fe\u00fasund manna.<a name=\"17\"><span class=\"versanumer\">17<\/span><\/a>Og sem hann haf\u00f0i tali\u00f0 enda\u00f0, varpa\u00f0i hann kj\u00e1lkanum \u00far hendi s\u00e9r, og hann kalla\u00f0i \u00feann sta\u00f0 Ramat-Lek\u00ed.<a name=\"18\"><span class=\"versanumer\">18<\/span><\/a>En af \u00fev\u00ed hann var s\u00e1rlega \u00feyrstur, hr\u00f3pa\u00f0i hann til Drottins og sag\u00f0i: \u00fe\u00fa hefir \u00feessa st\u00f3ru frelsun gefi\u00f0 fyrir h\u00f6nd \u00fe\u00edns \u00fe\u00e9nara; en n\u00fa hl\u00fdt eg a\u00f0 deyja af \u00feorsta, og falla \u00ed \u00f3umskorinna manna hendur!<a name=\"19\"><span class=\"versanumer\">19<\/span><\/a>\u00de\u00e1 klauf Gu\u00f0 jaxlinn \u00ed kj\u00e1lkanum <span class='VideyAth'>*)<\/span> og vatn spratt \u00fear upp, svo hann drakk; \u00fe\u00e1 kom andi hans <span class='VideyAth'>(til hans)<\/span> aftur, svo hann f\u00e9kk l\u00edfi haldi\u00f0, \u00fear fyrir kalla\u00f0i hann hans nafn: \u00c1kallarans brunn, sem er enn \u00ed Leki,<a name=\"20\"><span class=\"versanumer\">20<\/span><\/a>og Samson d\u00e6mdi \u00cdsrael, um Filisteanna daga, \u00ed tuttugu \u00e1r.<\/p>\n<div class=\"footnoteVidey\">V. 2. D\u00f3m. 14,20.  V. 6. D\u00f3m. 6,29. 14,15. V. 7. Gj\u00f6rt hafi\u00f0, nl. \u00fea\u00f0 sem maklegt var \u00ed sj\u00e1lfu s\u00e9r, \u00fe\u00e1 vil eg samt, og s. fr.  V. 8. *) A\u00f0r: sl\u00f3 \u00fe\u00e1 me\u00f0 f\u00f3tleggnum \u00e1 l\u00e6rin, (e\u00f0a \u00e1 hrygginn fyrir ofan l\u00e6rin) og gj\u00f6r\u00f0i \u00feeim st\u00f3rann \u00e1verka.  V. 11. D\u00f3m. 13,1. 14,4. 1 M\u00f3s. 20,9. D\u00f3m. 8,1. Vi\u00f0 oss breytt? nl. a\u00f0 \u00e6sa Filisteana upp \u00e1 m\u00f3ti oss.  V. 14. D\u00f3m. 11,29. 14,6. 16,9.12.  V. 18. 1 Sam. 31,4.  V. 19. 1 Sam. 30,12. *) A\u00f0r: \u00fe\u00e1 opna\u00f0i Gu\u00f0 tannholdi\u00f0 sem er \u00ed kj\u00e1lkanum. A\u00f0r: \u00fe\u00e1 opna\u00f0i Gu\u00f0 tannholuna sem er \u00ed Leki. A\u00f0r: \u00fe\u00e1 opna\u00f0i Gu\u00f0 d\u00e6ld \u00ed Leki.  V. 20. Filisteanna daga; \u00fea\u00f0 er: me\u00f0an Filistear h\u00f6f\u00f0u yfirdrottnun yfir \u00cdsrael, \u00fev\u00ed \u00feeir h\u00f6f\u00f0u hana alltaf me\u00f0an Samson lif\u00f0i.<\/div>\n","protected":false},"excerpt":{"rendered":"<p>Samson hefnir s\u00edn \u00e1 Filisteum. 1Og \u00fea\u00f0 ske\u00f0i eftir nokkra daga \u00e1 hveitikornskur\u00f0art\u00edmanum, a\u00f0 Samson f\u00f3r a\u00f0 vitja konu sinnar, og haf\u00f0i me\u00f0 s\u00e9r ki\u00f0ling; en sem hann sag\u00f0i: eg vil ganga \u00ed herbergi\u00f0 til konu minnar, \u00fe\u00e1 vildi fa\u00f0ir hennar ekki leyfa honum (a\u00f0 koma) \u00fear inn,2og sag\u00f0i: eg \u00e6tla\u00f0i \u00fe\u00fa mundir henni rei\u00f0ur or\u00f0inn, og \u00fev\u00ed gifti eg hana stallbr\u00f3\u00f0ur \u00fe\u00ednum, en h\u00fan \u00e1 a\u00f0ra yngri systur, sem er fr\u00ed\u00f0ari en h\u00fan, l\u00e1t hana vera konu (\u00fe\u00edna) \u00ed sta\u00f0 hinnar.3\u00de\u00e1 sag\u00f0i Samson til \u00feeirra: \u00ed \u00feetta sinn er eg saklausari en Filistearnir, \u00fe\u00f3 eg vinni \u00feeim ska\u00f0a.4Svo f\u00f3r <a href=\"https:\/\/biblian.is\/videy\/domarabokin-15-kafli\/\"> [&#8230;]<\/a><\/p>\n","protected":false},"author":1,"featured_media":0,"parent":0,"menu_order":0,"comment_status":"open","ping_status":"open","template":"bibliukaflar.php","meta":{"footnotes":""},"class_list":["post-21075","page","type-page","status-publish","hentry"],"_links":{"self":[{"href":"https:\/\/biblian.is\/videy\/wp-json\/wp\/v2\/pages\/21075","targetHints":{"allow":["GET"]}}],"collection":[{"href":"https:\/\/biblian.is\/videy\/wp-json\/wp\/v2\/pages"}],"about":[{"href":"https:\/\/biblian.is\/videy\/wp-json\/wp\/v2\/types\/page"}],"author":[{"embeddable":true,"href":"https:\/\/biblian.is\/videy\/wp-json\/wp\/v2\/users\/1"}],"replies":[{"embeddable":true,"href":"https:\/\/biblian.is\/videy\/wp-json\/wp\/v2\/comments?post=21075"}],"version-history":[{"count":0,"href":"https:\/\/biblian.is\/videy\/wp-json\/wp\/v2\/pages\/21075\/revisions"}],"wp:attachment":[{"href":"https:\/\/biblian.is\/videy\/wp-json\/wp\/v2\/media?parent=21075"}],"curies":[{"name":"wp","href":"https:\/\/api.w.org\/{rel}","templated":true}]}}