{"id":21072,"date":"2018-01-02T01:00:14","date_gmt":"2018-01-02T01:00:14","guid":{"rendered":"http:\/\/biblian.is\/videy\/domarabokin-12-kafli\/"},"modified":"2018-01-02T01:00:14","modified_gmt":"2018-01-02T01:00:14","slug":"domarabokin-12-kafli","status":"publish","type":"page","link":"https:\/\/biblian.is\/videy\/domarabokin-12-kafli\/","title":{"rendered":"D\u00f3marab\u00f3kin 12. kafli"},"content":{"rendered":"<div class=\"fyrirsognVidey\">Jefta sigrar Efraim\u00edta. D\u00f3mararnir Ebsan, Elom og Abdon.<\/div>\n<p><a name=\"1\"><span class=\"versanumer\">1<\/span><\/a>Og allir Efraim\u00edtar \u00feustu saman og f\u00f3ru af sta\u00f0 nor\u00f0ur eftir og s\u00f6g\u00f0u til Jefta: hvar fyrir f\u00f3rst \u00fe\u00fa a\u00f0 str\u00ed\u00f0a vi\u00f0 Ammonsb\u00f6rn og kvaddir oss ekki \u00fe\u00e9r til fylgdar? v\u00e9r skulum brenna h\u00fas \u00feitt og \u00feig \u00ed <span class='VideyAth'>(bj\u00f6rtu)<\/span> b\u00e1li.<a name=\"2\"><span class=\"versanumer\">2<\/span><\/a>En Jefta sag\u00f0i til \u00feeirra: eg og mitt h\u00fas \u00e1ttum \u00ed st\u00f3rri \u00fer\u00e1ttan vi\u00f0 Ammonsb\u00f6rn, og \u00feegar eg leita\u00f0i li\u00f0s hj\u00e1 y\u00f0ur, vildu\u00f0 \u00fe\u00e9r ekki frelsa mig af \u00feeirra hendi.<a name=\"3\"><span class=\"versanumer\">3<\/span><\/a>N\u00fa \u00feegar eg s\u00e1, a\u00f0 \u00fe\u00e9r vildu\u00f0 ei hj\u00e1lpa m\u00e9r, setti eg l\u00edf mitt \u00ed h\u00e6ttu, og f\u00f3r \u00e1 m\u00f3ti Ammonsb\u00f6rnum, og Drottinn gaf \u00fe\u00e1 \u00ed m\u00edna h\u00f6nd; hv\u00f6rs vegna komi\u00f0 \u00fe\u00e9r \u00fe\u00e1 n\u00fa \u00ed dag upp til m\u00edn, til a\u00f0 berjast m\u00f3ti m\u00e9r?<a name=\"4\"><span class=\"versanumer\">4<\/span><\/a>Og Jefta dr\u00f3 saman alla s\u00edna menn \u00ed G\u00edlea\u00f0, og bar\u00f0ist vi\u00f0 Efraim\u00edta, og G\u00edlea\u00f0smenn sigru\u00f0u Efraim\u00edta, \u00fev\u00ed \u00feeir Efraim\u00edtar h\u00f6f\u00f0u sagt: \u00fe\u00e9r eru\u00f0 stroknir fr\u00e1 Efraim. G\u00edlea\u00f0 er milli Efraim og Manasse<span class='VideyAth'>(lands)<\/span>.<a name=\"5\"><span class=\"versanumer\">5<\/span><\/a>Og G\u00edlea\u00f0\u00edtar settust um alla ferjusta\u00f0i \u00e1 J\u00f3rdan fyrir Efraim, svo a\u00f0 ef nokkur \u00feeirra af Efraim, sem undansluppu, sag\u00f0i: eg vil komast yfirum, \u00fe\u00e1 s\u00f6g\u00f0u mennirnir af G\u00edlea\u00f0 til hans: ert\u00fa Efraimiti? ef hann \u00fe\u00e1 svara\u00f0i: nei!<a name=\"6\"><span class=\"versanumer\">6<\/span><\/a>\u00fe\u00e1 s\u00f6g\u00f0u \u00feeir til hans: l\u00e1t sj\u00e1! seg\u00f0u: shibb\u00f3leth; og ef hann sag\u00f0i: Sibboleth, og gat svolei\u00f0is ekki tala\u00f0 \u00fea\u00f0 r\u00e9tt \u00fat, \u00fe\u00e1 gripu \u00feeir hann, og dr\u00e1pu hj\u00e1 J\u00f3rdan ferjust\u00f6\u00f0um; svo \u00fear f\u00e9llu \u00e1 sama t\u00edma af Efraim, fj\u00f6rut\u00edu og tv\u00e6r \u00fe\u00fasundir. <br \/><a name=\"7\"><span class=\"versanumer\">7<\/span><\/a>Jefta var d\u00f3mari yfir \u00cdsrael \u00ed sex \u00e1r; og Jefta af G\u00edlea\u00f0 anda\u00f0ist, og var grafinn \u00ed <span class='VideyAth'>(einum af)<\/span> st\u00f6\u00f0unum \u00ed G\u00edlea\u00f0. <br \/><a name=\"8\"><span class=\"versanumer\">8<\/span><\/a>Eftir hann var Ebsan fr\u00e1 Betlehem d\u00f3mari yfir \u00cdsrael.<a name=\"9\"><span class=\"versanumer\">9<\/span><\/a>Hann \u00e1tti \u00ferj\u00e1t\u00edu sonu og \u00ferj\u00e1t\u00edu d\u00e6tur, sem hann gifti fr\u00e1 s\u00e9r, og hann t\u00f3k \u00ferj\u00e1t\u00edu <span class='VideyAth'>(tengda)<\/span>d\u00e6tur handa sonum s\u00ednum og var \u00cdsraels d\u00f3mari \u00ed sj\u00f6 \u00e1r.<a name=\"10\"><span class=\"versanumer\">10<\/span><\/a>Hann dey\u00f0i s\u00ed\u00f0an, og var grafinn \u00ed Betlehem. <br \/><a name=\"11\"><span class=\"versanumer\">11<\/span><\/a>Eftir hann var d\u00f3mari yfir \u00cdsrael Seb\u00falon\u00edtinn Elon, hv\u00f6r e\u00f0 d\u00e6mdi \u00cdsrael \u00ed t\u00edu \u00e1r;<a name=\"12\"><span class=\"versanumer\">12<\/span><\/a>s\u00ed\u00f0an dey\u00f0i hann, og var grafinn \u00ed Ajal\u00f3n, \u00ed Seb\u00falonslandi. <br \/><a name=\"13\"><span class=\"versanumer\">13<\/span><\/a>Eftir hann var d\u00f3mari yfir \u00cdsrael Abdon, einn P\u00edreaton\u00edti, son Hillels.<a name=\"14\"><span class=\"versanumer\">14<\/span><\/a>Hann \u00e1tti fj\u00f6rut\u00edu sonu og \u00ferj\u00e1t\u00edu sonasonu, sem ri\u00f0u \u00e1 sj\u00f6t\u00edu asnafolum, og hann var d\u00f3mari yfir \u00cdsrael \u00ed \u00e1tta \u00e1r. Og <span class='VideyAth'>(\u00feessi)<\/span> Abdon, sonur Hillels, P\u00edreaton\u00edtinn dey\u00f0i; og hann var grafinn \u00ed P\u00edreaton \u00ed Efraimslandi, \u00e1 fjalli Amalek\u00edtanna.<\/p>\n<div class=\"footnoteVidey\">V. 1. D\u00f3m. 8,1. 14,15.  V. 5. G\u00edlea\u00f0\u00edtar, nl. sem lagst h\u00f6f\u00f0u millum s\u00edns eigin lands og Efra\u00edm, hj\u00e1 J\u00f3rdan, til a\u00f0 hindra, a\u00f0 \u00feeir Efra\u00edm\u00edtar, sem yfirum h\u00f6f\u00f0u fari\u00f0 m\u00f3ti \u00feeim \u00ed G\u00edlea\u00f0slandi \u00ed Manassis \u00e6ttkv\u00edsl, k\u00e6must ei til baka yfirum J\u00f3rdan, til sinna heimkynna.  V. 6. 2 K\u00f3ng. 10,7. Jer. 39,6.  V. 14. D\u00f3m. 10,4.<\/div>\n","protected":false},"excerpt":{"rendered":"<p>Jefta sigrar Efraim\u00edta. D\u00f3mararnir Ebsan, Elom og Abdon. 1Og allir Efraim\u00edtar \u00feustu saman og f\u00f3ru af sta\u00f0 nor\u00f0ur eftir og s\u00f6g\u00f0u til Jefta: hvar fyrir f\u00f3rst \u00fe\u00fa a\u00f0 str\u00ed\u00f0a vi\u00f0 Ammonsb\u00f6rn og kvaddir oss ekki \u00fe\u00e9r til fylgdar? v\u00e9r skulum brenna h\u00fas \u00feitt og \u00feig \u00ed (bj\u00f6rtu) b\u00e1li.2En Jefta sag\u00f0i til \u00feeirra: eg og mitt h\u00fas \u00e1ttum \u00ed st\u00f3rri \u00fer\u00e1ttan vi\u00f0 Ammonsb\u00f6rn, og \u00feegar eg leita\u00f0i li\u00f0s hj\u00e1 y\u00f0ur, vildu\u00f0 \u00fe\u00e9r ekki frelsa mig af \u00feeirra hendi.3N\u00fa \u00feegar eg s\u00e1, a\u00f0 \u00fe\u00e9r vildu\u00f0 ei hj\u00e1lpa m\u00e9r, setti eg l\u00edf mitt \u00ed h\u00e6ttu, og f\u00f3r \u00e1 m\u00f3ti Ammonsb\u00f6rnum, og Drottinn gaf <a href=\"https:\/\/biblian.is\/videy\/domarabokin-12-kafli\/\"> [&#8230;]<\/a><\/p>\n","protected":false},"author":1,"featured_media":0,"parent":0,"menu_order":0,"comment_status":"open","ping_status":"open","template":"bibliukaflar.php","meta":{"footnotes":""},"class_list":["post-21072","page","type-page","status-publish","hentry"],"_links":{"self":[{"href":"https:\/\/biblian.is\/videy\/wp-json\/wp\/v2\/pages\/21072","targetHints":{"allow":["GET"]}}],"collection":[{"href":"https:\/\/biblian.is\/videy\/wp-json\/wp\/v2\/pages"}],"about":[{"href":"https:\/\/biblian.is\/videy\/wp-json\/wp\/v2\/types\/page"}],"author":[{"embeddable":true,"href":"https:\/\/biblian.is\/videy\/wp-json\/wp\/v2\/users\/1"}],"replies":[{"embeddable":true,"href":"https:\/\/biblian.is\/videy\/wp-json\/wp\/v2\/comments?post=21072"}],"version-history":[{"count":0,"href":"https:\/\/biblian.is\/videy\/wp-json\/wp\/v2\/pages\/21072\/revisions"}],"wp:attachment":[{"href":"https:\/\/biblian.is\/videy\/wp-json\/wp\/v2\/media?parent=21072"}],"curies":[{"name":"wp","href":"https:\/\/api.w.org\/{rel}","templated":true}]}}