{"id":21063,"date":"2018-01-02T01:00:08","date_gmt":"2018-01-02T01:00:08","guid":{"rendered":"http:\/\/biblian.is\/videy\/domarabokin-3-kafli\/"},"modified":"2018-01-02T01:00:08","modified_gmt":"2018-01-02T01:00:08","slug":"domarabokin-3-kafli","status":"publish","type":"page","link":"https:\/\/biblian.is\/videy\/domarabokin-3-kafli\/","title":{"rendered":"D\u00f3marab\u00f3kin 3. kafli"},"content":{"rendered":"<div class=\"fyrirsognVidey\">\u00d3\u00fatreknir hei\u00f0ingjar. Otniel, Eh\u00fa\u00f0 og Samgar.<\/div>\n<p><a name=\"1\"><span class=\"versanumer\">1<\/span><\/a>En \u00feessir eru \u00feeir hei\u00f0ingjar, sem Drottinn l\u00e9t eftir vera, til a\u00f0 reyna \u00cdsraelsmenn me\u00f0 <span class='VideyAth'>(alla \u00fe\u00e1, sem ei h\u00f6f\u00f0u kennt \u00e1 bard\u00f6gunum \u00ed Kanaan,<\/span><a name=\"2\"><span class=\"versanumer\">2<\/span><\/a><span class='VideyAth'>einkum til \u00feess a\u00f0 \u00cdsraelsbarna ni\u00f0jar skyldu l\u00e6ra a\u00f0 heyja orrustur, s\u00e9rdeilis \u00feeir, sem af eigin sj\u00f3n, ekki h\u00f6f\u00f0u (\u00e1\u00f0ur) til \u00feeirra \u00feekkt), (nefnilega)<\/span>: \u00feeir fimm Filisteah\u00f6f\u00f0ingjar,<a name=\"3\"><span class=\"versanumer\">3<\/span><\/a>og allir Kananitar og S\u00edd\u00f3n\u00edtar og Hev\u00edtar, sem bjuggu hj\u00e1 fjallinu L\u00edban\u00f3n, \u00ed fr\u00e1 fjallinu Baal-Hermon, allt til \u00feess komi\u00f0 er til Hamat.<a name=\"4\"><span class=\"versanumer\">4<\/span><\/a>Og \u00feessir v\u00f3ru eftir, til \u00feess \u00cdsrael skyldi reynast me\u00f0 \u00feeim, svo \u00fea\u00f0 yr\u00f0i auglj\u00f3st, hv\u00f6rt \u00feeir vildu hl\u00fd\u00f0a bo\u00f0or\u00f0um Drottins, sem hann haf\u00f0i sett \u00feeirra forfe\u00f0rum, fyrir h\u00f6nd M\u00f3sis. <br \/><a name=\"5\"><span class=\"versanumer\">5<\/span><\/a>\u00deegar n\u00fa \u00cdsraelsb\u00f6rn bjuggu \u00feannig mitt \u00e1 me\u00f0al Kanan\u00edta, Het\u00edta, Amor\u00edta, Feres\u00edta, Hev\u00edta og Jeb\u00fas\u00edta,<a name=\"6\"><span class=\"versanumer\">6<\/span><\/a>gengu \u00feeir a\u00f0 eiga d\u00e6tur \u00feeirra og g\u00e1fu \u00feeirra sonum s\u00ednar d\u00e6tur og \u00fej\u00f3nu\u00f0u \u00feeirra gu\u00f0um.<a name=\"7\"><span class=\"versanumer\">7<\/span><\/a>Og \u00cdsraelsb\u00f6rn fr\u00f6mdu \u00fea\u00f0 sem illt var \u00ed augliti Drottins, gleymdu Drottni Gu\u00f0i s\u00ednum og \u00fej\u00f3nu\u00f0u Baalim og sk\u00f3garlundunum <span class='VideyAth'>*)<\/span>.<a name=\"8\"><span class=\"versanumer\">8<\/span><\/a>\u00de\u00e1 upptendra\u00f0ist rei\u00f0i Drottins m\u00f3ti \u00cdsrael, svo hann seldi \u00fe\u00e1 undir h\u00f6nd K\u00fasan-R\u00edsata\u00edms k\u00f3ngs af Mes\u00f3p\u00f3tam\u00edu; og \u00cdsraelsb\u00f6rn \u00fej\u00f3nu\u00f0u K\u00fasan-R\u00edsata\u00edm \u00ed 8 \u00e1r.<a name=\"9\"><span class=\"versanumer\">9<\/span><\/a>\u00de\u00e1 hr\u00f3pu\u00f0u \u00cdsraels b\u00f6rn til Drottins, og Drottinn uppvakti \u00feeim frelsara, sem hj\u00e1lpa\u00f0i \u00feeim; nefnilega: Otn\u00edel son Kenas, Kalebs yngra br\u00f3\u00f0urs.<a name=\"10\"><span class=\"versanumer\">10<\/span><\/a>\u00cd honum var andi Drottins, svo hann gj\u00f6r\u00f0ist d\u00f3mari \u00ed \u00cdsrael; og hann f\u00f3r \u00fat <span class='VideyAth'>(og lag\u00f0i)<\/span> til bardaga vi\u00f0 K\u00fasan-R\u00edsata\u00edm, k\u00f3nginn af Mes\u00f3p\u00f3tam\u00eda, og Drottinn gaf hann \u00ed hans h\u00f6nd, svo hann var\u00f0 honum yfirsterkari.<a name=\"11\"><span class=\"versanumer\">11<\/span><\/a>Svo var\u00f0 landi\u00f0 \u00ed kyrr\u00f0um \u00ed 40 \u00e1r, og Otn\u00edel sonur Kenas dey\u00f0i. <br \/><a name=\"12\"><span class=\"versanumer\">12<\/span><\/a>En sem \u00cdsraelsb\u00f6rn h\u00e9ldu \u00e1fram a\u00f0 gj\u00f6ra hva\u00f0 illt var \u00ed augliti Drottins; \u00fe\u00e1 efldi Drottinn Eglon, k\u00f3ng M\u00f3ab\u00edtanna, gegn \u00cdsrael, vegna \u00feess \u00feeir fr\u00f6mdu illt fyrir Drottni.<a name=\"13\"><span class=\"versanumer\">13<\/span><\/a>Og hann safna\u00f0i til s\u00edn Ammonsb\u00f6rnum og Amalek\u00edtum, fer\u00f0a\u00f0ist af sta\u00f0 og vann \u00cdsrael, og t\u00f3k P\u00e1lmasta\u00f0inn fr\u00e1 \u00feeim.<a name=\"14\"><span class=\"versanumer\">14<\/span><\/a>Og \u00cdsraelsb\u00f6rn \u00fej\u00f3nu\u00f0u Eglon, M\u00f3ab\u00edtak\u00f3ngi, \u00ed 18 \u00e1r.<a name=\"15\"><span class=\"versanumer\">15<\/span><\/a>\u00de\u00e1 hr\u00f3pu\u00f0u \u00feeir til Drottins, og Drottinn uppvakti \u00feeim frelsara, Eh\u00fa\u00f0, son Gera, Benjam\u00edn\u00edta, sem var \u00f6rvhentur. Og \u00cdsraelsb\u00f6rn sendu Eglon, M\u00f3ab\u00edtak\u00f3ngi, g\u00e1fur me\u00f0 honum.<a name=\"16\"><span class=\"versanumer\">16<\/span><\/a>En Eh\u00fa\u00f0 haf\u00f0i tilb\u00fai\u00f0 s\u00e9r \u00e1lnarlanga tv\u00edeggja\u00f0a lensu, hv\u00f6rja hann batt undir kl\u00e6\u00f0um s\u00ednum, vi\u00f0 sitt h\u00e6gra l\u00e6ri.<a name=\"17\"><span class=\"versanumer\">17<\/span><\/a>Og hann f\u00e6r\u00f0i Eglon, M\u00f3ab\u00edtak\u00f3ngi, g\u00e1funa, <span class='VideyAth'>(en Eglon var mj\u00f6g feitur ma\u00f0ur)<\/span>.<a name=\"18\"><span class=\"versanumer\">18<\/span><\/a>Og sem hann var b\u00fainn a\u00f0 afgrei\u00f0a g\u00e1funa, f\u00f3r hann me\u00f0 f\u00f3lkinu, sem g\u00e1funa haf\u00f0i bori\u00f0.<a name=\"19\"><span class=\"versanumer\">19<\/span><\/a>En <span class='VideyAth'>(sj\u00e1lfur)<\/span> sneri <span class='VideyAth'>(hann)<\/span> til baka fr\u00e1 skur\u00f0go\u00f0unum \u00ed grennd vi\u00f0 G\u00edlgal, og l\u00e9t segja <span class='VideyAth'>(k\u00f3nginum)<\/span>: eg hefi, \u00f3! k\u00f3ngur! nokkur leyndarm\u00e1l a\u00f0 segja \u00fe\u00e9r. En k\u00f3ngurinn sag\u00f0i: haf\u00f0u ekki h\u00e1tt! og allir \u00feeir gengu \u00fat, sem kringum k\u00f3nginn st\u00f3\u00f0u.<a name=\"20\"><span class=\"versanumer\">20<\/span><\/a>En Eh\u00fa\u00f0 gekk til hans, \u00fear sem hann sat aleinn \u00ed s\u00ednum sumarsal; og Eh\u00fa\u00f0 m\u00e6lti: eg hefi erindi fr\u00e1 Gu\u00f0i vi\u00f0 \u00feig, og \u00fe\u00e1 st\u00f3\u00f0 k\u00f3ngur upp af st\u00f3li s\u00ednum.<a name=\"21\"><span class=\"versanumer\">21<\/span><\/a>En Eh\u00fa\u00f0 r\u00e9tti \u00fat s\u00edna vinstri h\u00f6nd, og greip lensuna af s\u00ednu h\u00e6gra l\u00e6ri, og lag\u00f0i hann me\u00f0 henni \u00ed kvi\u00f0inn,<a name=\"22\"><span class=\"versanumer\">22<\/span><\/a>svo a\u00f0 handfangi\u00f0 gekk inn \u00ed kvi\u00f0inn eftir bla\u00f0inu, og \u00edstran huldi <span class='VideyAth'>(a l l a)<\/span> lensuna <span class='VideyAth'>(\u00fev\u00ed hann dr\u00f3 hana ei \u00fat aftur \u00far kvi\u00f0i hans)<\/span>, og h\u00fan gekk \u00ed gegnum hann \u00fat um baki\u00f0.<a name=\"23\"><span class=\"versanumer\">23<\/span><\/a>Og Eh\u00fa\u00f0 gekk \u00fat \u00ed gegnum forsalinn, og l\u00e9t aftur dyrnar eftir s\u00e9r og l\u00e6sti.<a name=\"24\"><span class=\"versanumer\">24<\/span><\/a>En sem hann var \u00fatgenginn, komu \u00fe\u00e9narar <span class='VideyAth'>(k\u00f3ngsins)<\/span>, og s\u00e1u, a\u00f0 dyrnar \u00e1 salnum v\u00f3ru l\u00e6star, og \u00feeir s\u00f6g\u00f0u: vissulega hefir <span class='VideyAth'>(k\u00f3ngurinn)<\/span> gengi\u00f0 til \u00fearfinda sinna, \u00ed n\u00e1\u00f0h\u00fasi\u00f0, hj\u00e1 salnum.<a name=\"25\"><span class=\"versanumer\">25<\/span><\/a>En sem \u00feeir bi\u00f0u svo lengi, a\u00f0 \u00feeir blyg\u00f0u\u00f0ust vi\u00f0, \u00fear enginn lauk upp dyrunum \u00e1 salnum, \u00fe\u00e1 t\u00f3ku \u00feeir lykilinn og luku upp; og sj\u00e1! \u00fe\u00e1 l\u00e1 \u00feeirra herra dau\u00f0ur \u00e1 g\u00f3lfinu.<a name=\"26\"><span class=\"versanumer\">26<\/span><\/a>En Eh\u00fa\u00f0 komst undan me\u00f0an \u00feeir st\u00f6ldru\u00f0u vi\u00f0, og hann gekk framhj\u00e1 sk\u00far\u00f0go\u00f0unum og komst til Seirat.<a name=\"27\"><span class=\"versanumer\">27<\/span><\/a>Og sem hann var \u00feanga\u00f0 kominn, og haf\u00f0i bl\u00e1si\u00f0 \u00ed b\u00e1s\u00fanu \u00e1 Efraimsfjalli, f\u00f3ru \u00cdsraelsb\u00f6rn ofan af fjallinu me\u00f0 honum, og hann var \u00feeirra fyrirli\u00f0i.<a name=\"28\"><span class=\"versanumer\">28<\/span><\/a>Og hann sag\u00f0i til \u00feeirra: fylgi\u00f0 m\u00e9r eftir, \u00fev\u00ed Drottinn hefir gefi\u00f0 y\u00f0ar \u00f3vini, M\u00f3ab\u00edtana \u00ed y\u00f0ar hendur; og \u00feeir fylgdu honum, og t\u00f3ku \u00f6ll v\u00f6\u00f0 \u00e1 J\u00f3rdan fyrir M\u00f3ab\u00edtum, og l\u00e9tu \u00f6ngan mann \u00fear yfir komast.<a name=\"29\"><span class=\"versanumer\">29<\/span><\/a>Og \u00feeir felldu M\u00f3ab\u00edtana \u00e1 \u00feeim degi, n\u00e6r t\u00edu \u00fe\u00fasundir manna; alla \u00fe\u00e1 gildustu og hraustustu str\u00ed\u00f0smenn, svo \u00fear komst ekki einn ma\u00f0ur undan.<a name=\"30\"><span class=\"versanumer\">30<\/span><\/a>Svo ur\u00f0u M\u00f3ab\u00edtarnir \u00e1 \u00feeim degi sigra\u00f0ir af \u00cdsraelsf\u00f3lki, og landi\u00f0 haf\u00f0i fri\u00f0 \u00ed 80 \u00e1r. <br \/><a name=\"31\"><span class=\"versanumer\">31<\/span><\/a>Eftir \u00feenna <span class='VideyAth'>(Eh\u00fa\u00f0)<\/span> var Samgar <span class='VideyAth'>(uppi)<\/span> sonur Anat; hann sl\u00f3 sex hundru\u00f0 F\u00edlistea me\u00f0 nautapriki, og hann frelsa\u00f0i l\u00edka \u00cdsrael.<\/p>\n<div class=\"footnoteVidey\">V. 1. 5 M\u00f3s. 7,22. 8,2.  V. 3. D\u00f3m. 16,5. 5 M\u00f3s. 3,8. J\u00f3s. 11,3.  V. 4. 5 M\u00f3s. 8,2. D\u00f3m. 2,22. 2 Kron. 32,31.  V. 6. 2 M\u00f3s. 34,16. 5 M\u00f3s. 7,3.  V. 7. D\u00f3m. 2,11. *) A\u00f0r: afgu\u00f0ab\u00edl\u00e6tunum.  V. 8. D\u00f3m. 2,14.20. 4,2.  V. 9. D\u00f3m. 6,6. J\u00f3s. 15,17. D\u00f3m. 1,13.  V. 12. D\u00f3m. 4,1. 6,1.  V. 13. D\u00f3m. 1,16. 5 M\u00f3s 34,3.  V. 15. D\u00f3m. 20,16.  V. 20. 4 M\u00f3s. 23,18.  V. 24. Gengi\u00f0 til \u00fearfinda, Hebr. a\u00f0 hylja f\u00e6tur s\u00ednar.  V. 26. D\u00f3m. 3,19.  V. 31. D\u00f3m. 5,6.<\/div>\n","protected":false},"excerpt":{"rendered":"<p>\u00d3\u00fatreknir hei\u00f0ingjar. Otniel, Eh\u00fa\u00f0 og Samgar. 1En \u00feessir eru \u00feeir hei\u00f0ingjar, sem Drottinn l\u00e9t eftir vera, til a\u00f0 reyna \u00cdsraelsmenn me\u00f0 (alla \u00fe\u00e1, sem ei h\u00f6f\u00f0u kennt \u00e1 bard\u00f6gunum \u00ed Kanaan,2einkum til \u00feess a\u00f0 \u00cdsraelsbarna ni\u00f0jar skyldu l\u00e6ra a\u00f0 heyja orrustur, s\u00e9rdeilis \u00feeir, sem af eigin sj\u00f3n, ekki h\u00f6f\u00f0u (\u00e1\u00f0ur) til \u00feeirra \u00feekkt), (nefnilega): \u00feeir fimm Filisteah\u00f6f\u00f0ingjar,3og allir Kananitar og S\u00edd\u00f3n\u00edtar og Hev\u00edtar, sem bjuggu hj\u00e1 fjallinu L\u00edban\u00f3n, \u00ed fr\u00e1 fjallinu Baal-Hermon, allt til \u00feess komi\u00f0 er til Hamat.4Og \u00feessir v\u00f3ru eftir, til \u00feess \u00cdsrael skyldi reynast me\u00f0 \u00feeim, svo \u00fea\u00f0 yr\u00f0i auglj\u00f3st, hv\u00f6rt \u00feeir vildu hl\u00fd\u00f0a bo\u00f0or\u00f0um Drottins, sem <a href=\"https:\/\/biblian.is\/videy\/domarabokin-3-kafli\/\"> [&#8230;]<\/a><\/p>\n","protected":false},"author":1,"featured_media":0,"parent":0,"menu_order":0,"comment_status":"open","ping_status":"open","template":"bibliukaflar.php","meta":{"footnotes":""},"class_list":["post-21063","page","type-page","status-publish","hentry"],"_links":{"self":[{"href":"https:\/\/biblian.is\/videy\/wp-json\/wp\/v2\/pages\/21063","targetHints":{"allow":["GET"]}}],"collection":[{"href":"https:\/\/biblian.is\/videy\/wp-json\/wp\/v2\/pages"}],"about":[{"href":"https:\/\/biblian.is\/videy\/wp-json\/wp\/v2\/types\/page"}],"author":[{"embeddable":true,"href":"https:\/\/biblian.is\/videy\/wp-json\/wp\/v2\/users\/1"}],"replies":[{"embeddable":true,"href":"https:\/\/biblian.is\/videy\/wp-json\/wp\/v2\/comments?post=21063"}],"version-history":[{"count":0,"href":"https:\/\/biblian.is\/videy\/wp-json\/wp\/v2\/pages\/21063\/revisions"}],"wp:attachment":[{"href":"https:\/\/biblian.is\/videy\/wp-json\/wp\/v2\/media?parent=21063"}],"curies":[{"name":"wp","href":"https:\/\/api.w.org\/{rel}","templated":true}]}}