{"id":21062,"date":"2018-01-02T01:00:08","date_gmt":"2018-01-02T01:00:08","guid":{"rendered":"http:\/\/biblian.is\/videy\/domarabokin-2-kafli\/"},"modified":"2018-01-02T01:00:08","modified_gmt":"2018-01-02T01:00:08","slug":"domarabokin-2-kafli","status":"publish","type":"page","link":"https:\/\/biblian.is\/videy\/domarabokin-2-kafli\/","title":{"rendered":"D\u00f3marab\u00f3kin 2. kafli"},"content":{"rendered":"<div class=\"fyrirsognVidey\">\u00cdsraelsmanna d\u00e1\u00f0leysi, afgu\u00f0ad\u00fdrkun og straff. D\u00f3marnir.<\/div>\n<p><a name=\"1\"><span class=\"versanumer\">1<\/span><\/a>Og engill Drottins kom fr\u00e1 Gilgal til Bok\u00edm, og sag\u00f0i: eg hefi leitt y\u00f0ur upp hinga\u00f0 fr\u00e1 Egyptalandi, og f\u00e6rt y\u00f0ur \u00ed \u00fea\u00f0 land, sem eg s\u00f3r fe\u00f0rum y\u00f0ar, og sag\u00f0i: eg skal aldrei m\u00ednum s\u00e1ttm\u00e1la vi\u00f0 y\u00f0ur raska a\u00f0 eil\u00edfu.<a name=\"2\"><span class=\"versanumer\">2<\/span><\/a>En \u00fe\u00e9r \u00e1ttu\u00f0 <span class='VideyAth'>(aftur \u00e1 m\u00f3ti)<\/span> engan s\u00e1ttm\u00e1la a\u00f0 gj\u00f6ra vi\u00f0 \u00feessa lands innbyggjara, heldur ni\u00f0urbrj\u00f3ta \u00feeirra \u00f6lturu. En \u00fe\u00e9r hl\u00fdddu\u00f0 ekki minni raust, \u00fev\u00ed hafi\u00f0 \u00fe\u00e9r svolei\u00f0is breytt?<a name=\"3\"><span class=\"versanumer\">3<\/span><\/a>\u00deess vegna \u00fe\u00e1 segi eg <span class='VideyAth'>(sem fyrri)<\/span>, eg vil ekki \u00fatr\u00fdma \u00feeim fr\u00e1 y\u00f0ur, heldur skulu \u00feeir vera y\u00f0ur til m\u00e6\u00f0u, og gu\u00f0ir \u00feeirra skulu vera y\u00f0ur til sn\u00f6ru.<a name=\"4\"><span class=\"versanumer\">4<\/span><\/a>Og \u00fea\u00f0 ske\u00f0i, \u00feegar engill Drottins haf\u00f0i tala\u00f0 \u00feessi or\u00f0 til allra \u00cdsraelsbarna, \u00fe\u00e1 upph\u00f3f f\u00f3lki\u00f0 s\u00edna r\u00f6dd og gr\u00e9t.<a name=\"5\"><span class=\"versanumer\">5<\/span><\/a>\u00deeir nefndu svo \u00feann sama sta\u00f0 Bok\u00edm, og f\u00e6r\u00f0u \u00fear Drottni f\u00f3rnir. <br \/><a name=\"6\"><span class=\"versanumer\">6<\/span><\/a>\u00dev\u00ed eftir \u00fea\u00f0 J\u00f3s\u00faa haf\u00f0i l\u00e1ti\u00f0 f\u00f3lki\u00f0 fr\u00e1 s\u00e9r, og \u00cdsraelsb\u00f6rn voru fr\u00e1 honum farin, hv\u00f6r til sinnar eignar, til a\u00f0 taka vi\u00f0 s\u00ednum erf\u00f0ahluta \u00ed landinu;<a name=\"7\"><span class=\"versanumer\">7<\/span><\/a>\u00fe\u00e1 haf\u00f0i f\u00f3lki\u00f0 \u00fej\u00f3na\u00f0 Drottni, svo lengi sem J\u00f3s\u00faa lif\u00f0i, og svo lengi \u00feeir elstu voru \u00e1 l\u00edfi, sem lengi lif\u00f0u eftir hans dag, hv\u00f6rjir e\u00f0 s\u00e9\u00f0 h\u00f6f\u00f0u \u00f6ll \u00feau miklu verk Drottins, er hann haf\u00f0i gj\u00f6rt vi\u00f0 \u00cdsrael.<a name=\"8\"><span class=\"versanumer\">8<\/span><\/a>En sem J\u00f3s\u00faa sonur N\u00fan, Drottins \u00fe\u00e9nari, var anda\u00f0ur, sem var\u00f0 hundra\u00f0 og t\u00edu \u00e1ra gamall,<a name=\"9\"><span class=\"versanumer\">9<\/span><\/a>og hv\u00f6rn \u00feeir j\u00f6r\u00f0u\u00f0u \u00ed T\u00edmnat-Heres, \u00e1 landamerkjum hans erf\u00f0aparts, \u00e1 Efraimsfjalli, nor\u00f0ur undan fjallinu Gaas;<a name=\"10\"><span class=\"versanumer\">10<\/span><\/a>og \u00feegar \u00feeir allir, sem lifa\u00f0 h\u00f6f\u00f0u \u00e1 sama t\u00edma, voru safna\u00f0ir til sinna fe\u00f0ra, og komin var upp annar \u00e6ttli\u00f0ur, eftir \u00fe\u00e1, sem ekki \u00feekkti Drottin, n\u00e9 heldur \u00feau verk, sem hann haf\u00f0i gj\u00f6rt vi\u00f0 \u00cdsrael;<a name=\"11\"><span class=\"versanumer\">11<\/span><\/a>\u00fe\u00e1 gj\u00f6r\u00f0u \u00cdsraelsb\u00f6rn illt fyrir augum Drottins, og \u00fej\u00f3nu\u00f0u <span class='VideyAth'>(hei\u00f0ingjagu\u00f0unum)<\/span> Baal\u00edm,<a name=\"12\"><span class=\"versanumer\">12<\/span><\/a>en yfirg\u00e1fu Drottin sinna fe\u00f0ra Gu\u00f0, hv\u00f6r e\u00f0 \u00fe\u00e1 haf\u00f0i \u00fatleitt af Egyptalandi, og a\u00f0hylltust annarlega gu\u00f0i; \u00feeirra \u00fej\u00f3\u00f0a gu\u00f0i, sem bjuggu \u00ed kringum \u00fe\u00e1, og \u00feeir tilb\u00e1\u00f0u \u00fe\u00e1 og stygg\u00f0u Drottin,<a name=\"13\"><span class=\"versanumer\">13<\/span><\/a>og \u00fe\u00e1 \u00feeir yfirg\u00e1fu Drottin, en \u00fej\u00f3nu\u00f0u Baal og Astarot,<a name=\"14\"><span class=\"versanumer\">14<\/span><\/a>\u00fe\u00e1 upptendra\u00f0ist rei\u00f0i Drottins yfir \u00cdsrael, og hann gaf \u00fe\u00e1 \u00ed reyfarahendur, sem r\u00e6ntu \u00fe\u00e1; og hann seldi \u00fe\u00e1 \u00ed hendur \u00f3vina \u00feeirra allt \u00ed kringum \u00fe\u00e1; svo \u00feeir g\u00e1tu ekki framar veitt \u00feeim m\u00f3tst\u00f6\u00f0u.<a name=\"15\"><span class=\"versanumer\">15<\/span><\/a>Og \u00e1 hv\u00f6rn helst h\u00e1tt, sem \u00feeir b\u00e1ru sig a\u00f0, \u00fe\u00e1 var h\u00f6nd Drottins \u00ed m\u00f3ti \u00feeim til \u00f3lukku; allt eins og Drottinn haf\u00f0i sagt og svari\u00f0 \u00feeim; og \u00feeir \u00fej\u00f6ku\u00f0ust yfri\u00f0 \u00feunglega.<a name=\"16\"><span class=\"versanumer\">16<\/span><\/a>\u00de\u00e1 uppvakti Drottinn \u00feeim d\u00f3mara, sem frelsu\u00f0u \u00fe\u00e1 af hendi \u00feeirra, sem \u00fe\u00e1 r\u00e6ntu.<a name=\"17\"><span class=\"versanumer\">17<\/span><\/a>En \u00feeir voru \u00fe\u00e1 ei heldur \u00feeim d\u00f3murum hl\u00fd\u00f0nir, heldur f\u00e9llu \u00feeir til elsku annarlegra gu\u00f0a og tilb\u00e1\u00f0u \u00fe\u00e1, og viku br\u00e1\u00f0lega af \u00feeim vegi, sem fe\u00f0ur \u00feeirra h\u00f6f\u00f0u gengi\u00f0 \u00e1, hv\u00f6rjir e\u00f0 hl\u00fdddu Drottins bo\u00f0um; en \u00feeir <span class='VideyAth'>(ni\u00f0jarnir)<\/span> breyttu ekki svolei\u00f0is.<a name=\"18\"><span class=\"versanumer\">18<\/span><\/a>Og \u00fe\u00e1 Drottinn uppvakti \u00feeim d\u00f3mara, \u00fe\u00e1 var Drottinn me\u00f0 d\u00f3maranum, og frelsa\u00f0i \u00fe\u00e1 af hendi \u00f3vina \u00feeirra, svo lengi sem d\u00f3marinn lif\u00f0i; \u00fev\u00ed Drottinn s\u00e1 aumur \u00e1 kveinum \u00feeirra, yfir \u00feeim sem \u00fevingu\u00f0u \u00fe\u00e1, og a\u00f0 \u00feeim \u00ferengdu.<a name=\"19\"><span class=\"versanumer\">19<\/span><\/a>En undir eins og d\u00f3marinn dey\u00f0i, sneru \u00feeir s\u00e9r og breyttu verr en fe\u00f0ur \u00feeirra, \u00ed \u00fev\u00ed a\u00f0 fylgja annarlegum gu\u00f0um, \u00fej\u00f3na \u00feeim og tilbi\u00f0ja \u00fe\u00e1; \u00feeir viku ekki fr\u00e1 sinni fyrirtekt n\u00e9 af s\u00ednum forher\u00f0ingar vegi.<a name=\"20\"><span class=\"versanumer\">20<\/span><\/a>\u00dear fyrir upptendra\u00f0ist rei\u00f0i Drottins m\u00f3ti \u00cdsrael, svo hann sag\u00f0i: s\u00f6kum \u00feess a\u00f0 \u00feetta f\u00f3lk hefir yfirtro\u00f0i\u00f0 mitt l\u00f6gm\u00e1l, sem eg haf\u00f0i bo\u00f0i\u00f0 fe\u00f0rum \u00feeirra, og hefir ekki hl\u00fdtt minni raust,<a name=\"21\"><span class=\"versanumer\">21<\/span><\/a>\u00fe\u00e1 vil eg ei heldur h\u00e9r eftir \u00fatreka neinn af \u00feeim hei\u00f0ingjum, sem J\u00f3s\u00faa eftirskildi, \u00feegar hann dey\u00f0i;<a name=\"22\"><span class=\"versanumer\">22<\/span><\/a>til a\u00f0 reyna \u00cdsrael me\u00f0 \u00feeim, hv\u00f6rt \u00feeir vilja var\u00f0veita vegi Drottins og ganga \u00e1 \u00feeim, eins og forfe\u00f0ur \u00feeirra, e\u00f0ur ekki.<a name=\"23\"><span class=\"versanumer\">23<\/span><\/a>Svo l\u00e9t Drottinn \u00feessa hei\u00f0ingja vera, og \u00fatr\u00fdmdi \u00feeim ekki br\u00e1\u00f0lega; \u00fe\u00e1 sem hann haf\u00f0i ekki <span class='VideyAth'>(annars)<\/span> ofurselt \u00ed hendur J\u00f3s\u00faa.<\/p>\n<div class=\"footnoteVidey\">V. 1. 2 M\u00f3s. 12,51. J\u00f3s. 21,43. 1 M\u00f3s. 17,7.8.  V. 2. 2 M\u00f3s. 23,32. og s. fr. 4 M\u00f3s. 33,52. 5 M\u00f3s. 7,5.  V. 5. Bokim \u00fe. e. gr\u00e1tandi.  V. 6.7. J\u00f3s. 24,28.31.  V. 9. J\u00f3s. 24,29.30.  V. 10. 2 M\u00f3s. 1,8.  V. 11. D\u00f3m. 3,7.  V. 13. D\u00f3m. 10,6.  V. 14. D\u00f3m. 3,8. 10,7.  V. 15. 3 M\u00f3s. 26,17. 5 M\u00f3s. 2,15. 28,20.  V. 16. D\u00f3m. 3,9.15.  V. 17. 3 M\u00f3s. 17,7. 20,5. f\u00e9llu \u00feeir til elsku Hebr: dr\u00fdg\u00f0u h\u00f3r me\u00f0 annarlegum gu\u00f0um.  V. 18. Sj\u00e1 v. 7. K. 10,16.  V. 20. Sj\u00e1 v. 14.  V. 22. Sj\u00e1 k. 3,1.4. 5 M\u00f3s. 8,2.<\/div>\n","protected":false},"excerpt":{"rendered":"<p>\u00cdsraelsmanna d\u00e1\u00f0leysi, afgu\u00f0ad\u00fdrkun og straff. D\u00f3marnir. 1Og engill Drottins kom fr\u00e1 Gilgal til Bok\u00edm, og sag\u00f0i: eg hefi leitt y\u00f0ur upp hinga\u00f0 fr\u00e1 Egyptalandi, og f\u00e6rt y\u00f0ur \u00ed \u00fea\u00f0 land, sem eg s\u00f3r fe\u00f0rum y\u00f0ar, og sag\u00f0i: eg skal aldrei m\u00ednum s\u00e1ttm\u00e1la vi\u00f0 y\u00f0ur raska a\u00f0 eil\u00edfu.2En \u00fe\u00e9r \u00e1ttu\u00f0 (aftur \u00e1 m\u00f3ti) engan s\u00e1ttm\u00e1la a\u00f0 gj\u00f6ra vi\u00f0 \u00feessa lands innbyggjara, heldur ni\u00f0urbrj\u00f3ta \u00feeirra \u00f6lturu. En \u00fe\u00e9r hl\u00fdddu\u00f0 ekki minni raust, \u00fev\u00ed hafi\u00f0 \u00fe\u00e9r svolei\u00f0is breytt?3\u00deess vegna \u00fe\u00e1 segi eg (sem fyrri), eg vil ekki \u00fatr\u00fdma \u00feeim fr\u00e1 y\u00f0ur, heldur skulu \u00feeir vera y\u00f0ur til m\u00e6\u00f0u, og gu\u00f0ir \u00feeirra skulu vera <a href=\"https:\/\/biblian.is\/videy\/domarabokin-2-kafli\/\"> [&#8230;]<\/a><\/p>\n","protected":false},"author":1,"featured_media":0,"parent":0,"menu_order":0,"comment_status":"open","ping_status":"open","template":"bibliukaflar.php","meta":{"footnotes":""},"class_list":["post-21062","page","type-page","status-publish","hentry"],"_links":{"self":[{"href":"https:\/\/biblian.is\/videy\/wp-json\/wp\/v2\/pages\/21062","targetHints":{"allow":["GET"]}}],"collection":[{"href":"https:\/\/biblian.is\/videy\/wp-json\/wp\/v2\/pages"}],"about":[{"href":"https:\/\/biblian.is\/videy\/wp-json\/wp\/v2\/types\/page"}],"author":[{"embeddable":true,"href":"https:\/\/biblian.is\/videy\/wp-json\/wp\/v2\/users\/1"}],"replies":[{"embeddable":true,"href":"https:\/\/biblian.is\/videy\/wp-json\/wp\/v2\/comments?post=21062"}],"version-history":[{"count":0,"href":"https:\/\/biblian.is\/videy\/wp-json\/wp\/v2\/pages\/21062\/revisions"}],"wp:attachment":[{"href":"https:\/\/biblian.is\/videy\/wp-json\/wp\/v2\/media?parent=21062"}],"curies":[{"name":"wp","href":"https:\/\/api.w.org\/{rel}","templated":true}]}}