{"id":21060,"date":"2018-01-02T01:00:08","date_gmt":"2018-01-02T01:00:08","guid":{"rendered":"http:\/\/biblian.is\/videy\/josuabok-24-kafli\/"},"modified":"2018-01-02T01:00:08","modified_gmt":"2018-01-02T01:00:08","slug":"josuabok-24-kafli","status":"publish","type":"page","link":"https:\/\/biblian.is\/videy\/josuabok-24-kafli\/","title":{"rendered":"J\u00f3s\u00faab\u00f3k 24. kafli"},"content":{"rendered":"<div class=\"fyrirsognVidey\">J\u00f3s\u00faa stefnir \u00feing \u00ed s\u00ed\u00f0asta sinn; hann og Eleasar prestur deyja.<\/div>\n<p><a name=\"1\"><span class=\"versanumer\">1<\/span><\/a>J\u00f3s\u00faa stefndi saman \u00f6llum \u00cdsraels \u00e6ttkv\u00edslum til Sikkems og samankalla\u00f0i \u00f6ldunga \u00cdsraels, h\u00f6f\u00f0ingja, d\u00f3mendur og skrifara, og sem \u00feeir komu fram fyrir auglit Gu\u00f0s,<a name=\"2\"><span class=\"versanumer\">2<\/span><\/a>\u00fe\u00e1 sag\u00f0i J\u00f3s\u00faa til alls l\u00fd\u00f0sins: svo segir Drottinn, \u00cdsraels Gu\u00f0: \u00feeir langfe\u00f0gar y\u00f0ar, Tara, sem var fa\u00f0ir \u00feeirra Abrahams og Nak\u00f3rs, bjuggu for\u00f0um fyrir austan flj\u00f3t <span class='VideyAth'>(Efrat)<\/span> og \u00fej\u00f3nu\u00f0u annarlegum gu\u00f0um;<a name=\"3\"><span class=\"versanumer\">3<\/span><\/a>en eg t\u00f3k f\u00f6\u00f0ur y\u00f0ar Abraham handan yfir flj\u00f3ti\u00f0, og l\u00e9t hann fara um kring \u00ed \u00f6llum Kanaanslandi, fj\u00f6lga\u00f0i hans afkomendum, og gaf honum \u00cdsak;<a name=\"4\"><span class=\"versanumer\">4<\/span><\/a>\u00cdsaki gaf eg \u00fe\u00e1 Jakob og Esa\u00fa, Esa\u00fa gaf eg Seirsfjall til eignar, en Jakob flutti me\u00f0 sonum s\u00ednum til Egyptalands.<a name=\"5\"><span class=\"versanumer\">5<\/span><\/a>Eftir \u00fea\u00f0 sendi eg \u00fe\u00e1 M\u00f3ses og Aron, og pl\u00e1ga\u00f0i Egyptaland me\u00f0 \u00feeim <span class='VideyAth'>(undrum)<\/span>, sem eg l\u00e9t \u00fear ver\u00f0a og leiddi y\u00f0ur s\u00ed\u00f0an \u00fat \u00fea\u00f0an.<a name=\"6\"><span class=\"versanumer\">6<\/span><\/a>\u00de\u00e1 eg leiddi fe\u00f0ur y\u00f0ar \u00fat af Egyptalandi, komu \u00feeir til hafsins, en Egyptar veittu \u00feeim eftirf\u00f6r b\u00e6\u00f0i \u00e1 v\u00f6gnum og me\u00f0 riddara li\u00f0i til Rau\u00f0ahafsins;<a name=\"7\"><span class=\"versanumer\">7<\/span><\/a>\u00fe\u00e1 k\u00f6llu\u00f0u \u00feeir til Drottins, og hann setti myrkur \u00e1 millum y\u00f0ar og \u00feeirra egypsku, l\u00e9t sj\u00f3 falla yfir \u00fe\u00e1, svo hann huldi \u00fe\u00e1; sj\u00e1lfir hafi\u00f0 \u00fei\u00f0 s\u00e9\u00f0 hva\u00f0 eg gj\u00f6r\u00f0i \u00ed Egyptalandi. Eftir \u00fea\u00f0 \u00e1ttu\u00f0 \u00fe\u00e9r langa dv\u00f6l \u00ed ey\u00f0im\u00f6rku,<a name=\"8\"><span class=\"versanumer\">8<\/span><\/a>\u00feanga\u00f0 til eg leiddi y\u00f0ur \u00ed land Amor\u00edta, sem bjuggu hinumegin J\u00f3rdanar, \u00feeir f\u00f3ru til str\u00ed\u00f0s \u00e1 m\u00f3ti y\u00f0ur, en eg gaf \u00fe\u00e1 \u00ed y\u00f0ar vald; \u00fe\u00e9r l\u00f6g\u00f0u\u00f0 undir y\u00f0ur land \u00feeirra, og eg ey\u00f0ilag\u00f0i \u00fe\u00e1 fyrir y\u00f0ur.<a name=\"9\"><span class=\"versanumer\">9<\/span><\/a>\u00de\u00e1 bj\u00f3 Balak Sipporsson M\u00f3ab\u00edtak\u00f3ngur sig til str\u00ed\u00f0s og bar\u00f0ist vi\u00f0 \u00cdsrael, gj\u00f6r\u00f0i hann or\u00f0 Bileami Be\u00f3rssyni, a\u00f0 hann k\u00e6mi og b\u00f6lva\u00f0i y\u00f0ur;<a name=\"10\"><span class=\"versanumer\">10<\/span><\/a>en eg vildi ekki heyra Bileam, heldur hlaut hann a\u00f0 blessa y\u00f0ur, frelsa\u00f0i eg y\u00f0ur \u00feannig fr\u00e1 \u00f3b\u00e6num hans.<a name=\"11\"><span class=\"versanumer\">11<\/span><\/a>F\u00f3ru\u00f0 \u00fe\u00e9r \u00fe\u00e1 yfirum \u00feessa J\u00f3rdan, og komu\u00f0 til Jer\u00edk\u00f3ar, \u00e1ttu borgarmenn Jer\u00edk\u00f3ar, b\u00e6\u00f0i Amor\u00edtar, Feres\u00edtar, Kanan\u00edtar, Het\u00edtar, Girges\u00edtar, Hev\u00edtar og Jeb\u00fas\u00edtar orrustur vi\u00f0 y\u00f0ur, en eg gaf \u00fe\u00e1 \u00ed y\u00f0ar hendur.<a name=\"12\"><span class=\"versanumer\">12<\/span><\/a>Sendi eg \u00fe\u00e1 geitunga \u00e1 undan y\u00f0ur, sem st\u00f6kktu \u00feeim fr\u00e1 y\u00f0ur, \u00feeim tveimur Amor\u00edtak\u00f3ngum, en hv\u00f6rki sver\u00f0 \u00feitt n\u00e9 bogi;<a name=\"13\"><span class=\"versanumer\">13<\/span><\/a>gaf eg y\u00f0ur svo land \u00fea\u00f0, sem \u00fe\u00e9r ekki sj\u00e1lfir h\u00f6f\u00f0u\u00f0 r\u00e6kta\u00f0, sta\u00f0i \u00fe\u00e1 gaf eg ykkur a\u00f0 b\u00faa \u00ed, sem \u00fe\u00e9r ekki h\u00f6f\u00f0u\u00f0 byggt, og \u00fe\u00e9r nj\u00f3ti\u00f0 n\u00fa \u00e1vaxtanna af \u00feeim v\u00ednvi\u00f0ar og vi\u00f0smj\u00f6rsg\u00f6r\u00f0um, sem \u00fe\u00e9r ekki h\u00f6f\u00f0u\u00f0 planta\u00f0.<a name=\"14\"><span class=\"versanumer\">14<\/span><\/a>\u00d3ttist \u00fev\u00ed Drottin og \u00fej\u00f3ni\u00f0 honum dyggilega og einl\u00e6glega; reki\u00f0 burt \u00fe\u00e1 gu\u00f0i sem fe\u00f0ur y\u00f0ar \u00fej\u00f3nu\u00f0u fyrir austan flj\u00f3ti\u00f0 <span class='VideyAth'>(Efrat)<\/span> og \u00ed Egyptalandi, en \u00fej\u00f3ni\u00f0 Drottni.<a name=\"15\"><span class=\"versanumer\">15<\/span><\/a>En l\u00edtist y\u00f0ur ekki a\u00f0 \u00fej\u00f3na Drottni, kj\u00f3si\u00f0 \u00fe\u00e1 \u00ed dag hv\u00f6rjum \u00fe\u00e9r vilji\u00f0 \u00fej\u00f3na, hv\u00f6rt heldur gu\u00f0um \u00feeim sem fe\u00f0ur y\u00f0ar \u00fej\u00f3nu\u00f0u, fyrir austan flj\u00f3t e\u00f0a gu\u00f0um Amor\u00edtanna, hv\u00f6rra land \u00fe\u00e9r n\u00fa byggi\u00f0; en eg og m\u00ednir \u00e6ttmenn munum Drottni \u00fej\u00f3na. <br \/><a name=\"16\"><span class=\"versanumer\">16<\/span><\/a>\u00de\u00e1 svara\u00f0i l\u00fd\u00f0urinn og sag\u00f0i: \u00fea\u00f0 veri langt fr\u00e1 oss a\u00f0 yfirgefa Drottin, til a\u00f0 \u00fej\u00f3na annarlegum gu\u00f0um!<a name=\"17\"><span class=\"versanumer\">17<\/span><\/a>\u00fev\u00ed Drottinn er vor Gu\u00f0, hann sem hefir leitt oss og vora fe\u00f0ur \u00far Egyptalandi, \u00fev\u00ed \u00fer\u00e6ld\u00f3msh\u00fasinu, og sem hefir svo mikil st\u00f3rmerki gj\u00f6rt a\u00f0 oss \u00e1sj\u00e1endum, var\u00f0veitt oss \u00e1 \u00f6llum \u00feeim vegi sem v\u00e9r h\u00f6fum fari\u00f0, og me\u00f0al allra \u00feeirra \u00fej\u00f3\u00f0a, um hv\u00f6rra l\u00f6nd lei\u00f0 vor hefir leigi\u00f0, og reki\u00f0 fr\u00e1 oss allar \u00fej\u00f3\u00f0ir, og einnig Amor\u00edta, sem b\u00faa \u00ed \u00feessu landi;<a name=\"18\"><span class=\"versanumer\">18<\/span><\/a>\u00fear fyrir viljum v\u00e9r l\u00edka Drottni \u00fej\u00f3na, \u00fev\u00ed hann er vor Gu\u00f0. <br \/><a name=\"19\"><span class=\"versanumer\">19<\/span><\/a>J\u00f3s\u00faa sag\u00f0i til f\u00f3lksins: ekki geti\u00f0 \u00fe\u00e9r Drottni \u00fej\u00f3na\u00f0, \u00fev\u00ed hann er heilagur Gu\u00f0; vandl\u00e1tur Gu\u00f0 er hann, og mun ekki fyrirgefa y\u00f0ar afbrot og syndir;<a name=\"20\"><span class=\"versanumer\">20<\/span><\/a>en ef \u00fe\u00e9r yfirgefi\u00f0 Drottin og \u00fej\u00f3ni\u00f0 \u00fatlendum gu\u00f0um, \u00fe\u00e1 mun hann aftur \u00e1 m\u00f3ti l\u00e1ta illt yfir y\u00f0ur koma, og gj\u00f6ra \u00fat af vi\u00f0 y\u00f0ur, eftir \u00fea\u00f0 hann hefir gj\u00f6rt y\u00f0ur gott.<a name=\"21\"><span class=\"versanumer\">21<\/span><\/a>\u00de\u00e1 sag\u00f0i l\u00fd\u00f0urinn vi\u00f0 J\u00f3s\u00faa: nei! \u00fev\u00ed v\u00e9r viljum \u00fej\u00f3na Drottni.<a name=\"22\"><span class=\"versanumer\">22<\/span><\/a>J\u00f3s\u00faa sag\u00f0i \u00fe\u00e1 vi\u00f0 f\u00f3lki\u00f0: \u00fe\u00e9r skulu\u00f0 vera vitni gegn sj\u00e1lfum y\u00f0ur, a\u00f0 \u00fe\u00e9r hafi\u00f0 kosi\u00f0 a\u00f0 \u00fej\u00f3na Drottni; \u00feeir sv\u00f6ru\u00f0u: v\u00e9r viljum vera \u00fea\u00f0.<a name=\"23\"><span class=\"versanumer\">23<\/span><\/a>Kasti\u00f0 \u00fe\u00e1 burtu \u00feeim \u00fatlendu gu\u00f0um, sem hj\u00e1 y\u00f0ur eru, og hneigi\u00f0 y\u00f0ar hj\u00f6rtu til Drottins, \u00cdsraels Gu\u00f0s.<a name=\"24\"><span class=\"versanumer\">24<\/span><\/a>L\u00fd\u00f0urinn sag\u00f0i \u00fe\u00e1 vi\u00f0 J\u00f3s\u00faa: Drottni Gu\u00f0i vorum viljum v\u00e9r \u00fej\u00f3na og hl\u00fd\u00f0a hans r\u00f6ddu!<a name=\"25\"><span class=\"versanumer\">25<\/span><\/a>Gj\u00f6r\u00f0i \u00fe\u00e1 J\u00f3s\u00faa sama dag s\u00e1ttm\u00e1l vi\u00f0 l\u00fd\u00f0inn, og setti honum l\u00f6g og r\u00e9tt \u00ed Sikkem.<a name=\"26\"><span class=\"versanumer\">26<\/span><\/a>Allt \u00feetta skrifa\u00f0i J\u00f3s\u00faa \u00ed Gu\u00f0s l\u00f6gm\u00e1lsb\u00f3k, og t\u00f3k st\u00f3ran stein og reisti hann \u00fear upp undir einni eik, sem st\u00f3\u00f0 hj\u00e1 helgid\u00f3mi Drottins.<a name=\"27\"><span class=\"versanumer\">27<\/span><\/a>\u00de\u00e1 sag\u00f0i J\u00f3s\u00faa til alls f\u00f3lksins: sj\u00e1i\u00f0! \u00feessi steinn skal vera vitni m\u00f3ti oss; \u00fev\u00ed hann hefir heyrt allt, sem Drottinn hefir vi\u00f0 oss tala\u00f0, og hann skal vera vitni gegn y\u00f0ur, svo a\u00f0 \u00fe\u00e9r ekki afneiti\u00f0 y\u00f0ar Gu\u00f0i.<a name=\"28\"><span class=\"versanumer\">28<\/span><\/a>L\u00e9t J\u00f3s\u00faa \u00fe\u00e1 f\u00f3lki\u00f0 fara, hv\u00f6rn til s\u00edns eignarlands. <br \/><a name=\"29\"><span class=\"versanumer\">29<\/span><\/a>Eftir a\u00f0 \u00feetta var ske\u00f0, anda\u00f0ist J\u00f3s\u00faa N\u00fansson, Drottins \u00fej\u00f3n, haf\u00f0i hann \u00fe\u00e1 t\u00edu um t\u00edr\u00e6tt,<a name=\"30\"><span class=\"versanumer\">30<\/span><\/a>hann var greftra\u00f0ur \u00ed eignarlandi hans hj\u00e1 Timnat-Serak \u00e1 Efra\u00edmsfjalli fyrir nor\u00f0an Gaasfjall.<a name=\"31\"><span class=\"versanumer\">31<\/span><\/a>\u00dej\u00f3na\u00f0i \u00cdsrael Drottni me\u00f0an J\u00f3s\u00faa lif\u00f0i, og \u00feeir \u00f6ldungar, sem lengi lif\u00f0u eftir hann, og s\u00e9\u00f0 h\u00f6f\u00f0u allt \u00fea\u00f0, sem Drottinn haf\u00f0i gj\u00f6rt fyrir \u00cdsrael.<br \/><a name=\"32\"><span class=\"versanumer\">32<\/span><\/a>J\u00f3seps bein, sem \u00cdsraels menn h\u00f6f\u00f0u flutt fr\u00e1 Egyptalandi, gr\u00f3fu \u00feeir \u00ed Sikem, \u00ed akurlendi \u00fev\u00ed, sem Jakob haf\u00f0i keypt a\u00f0 ni\u00f0jum Hemors, f\u00f6\u00f0ur Sikems, fyrir hundra\u00f0 Kes\u00edta <span class='VideyAth'>*)<\/span>, og sem var\u00f0 eign J\u00f3sepsni\u00f0ja. <br \/><a name=\"33\"><span class=\"versanumer\">33<\/span><\/a>Eleasar Aronsson anda\u00f0ist og var jar\u00f0a\u00f0ur \u00e1 h\u00e6\u00f0 \u00feeirri, sem Pineas \u00e1tti, sonur hans, og sem honum haf\u00f0i veri\u00f0 gefin \u00e1 Efraimsfjalli.<\/p>\n<div class=\"footnoteVidey\"><\/div>\n","protected":false},"excerpt":{"rendered":"<p>J\u00f3s\u00faa stefnir \u00feing \u00ed s\u00ed\u00f0asta sinn; hann og Eleasar prestur deyja. 1J\u00f3s\u00faa stefndi saman \u00f6llum \u00cdsraels \u00e6ttkv\u00edslum til Sikkems og samankalla\u00f0i \u00f6ldunga \u00cdsraels, h\u00f6f\u00f0ingja, d\u00f3mendur og skrifara, og sem \u00feeir komu fram fyrir auglit Gu\u00f0s,2\u00fe\u00e1 sag\u00f0i J\u00f3s\u00faa til alls l\u00fd\u00f0sins: svo segir Drottinn, \u00cdsraels Gu\u00f0: \u00feeir langfe\u00f0gar y\u00f0ar, Tara, sem var fa\u00f0ir \u00feeirra Abrahams og Nak\u00f3rs, bjuggu for\u00f0um fyrir austan flj\u00f3t (Efrat) og \u00fej\u00f3nu\u00f0u annarlegum gu\u00f0um;3en eg t\u00f3k f\u00f6\u00f0ur y\u00f0ar Abraham handan yfir flj\u00f3ti\u00f0, og l\u00e9t hann fara um kring \u00ed \u00f6llum Kanaanslandi, fj\u00f6lga\u00f0i hans afkomendum, og gaf honum \u00cdsak;4\u00cdsaki gaf eg \u00fe\u00e1 Jakob og Esa\u00fa, Esa\u00fa gaf eg Seirsfjall <a href=\"https:\/\/biblian.is\/videy\/josuabok-24-kafli\/\"> [&#8230;]<\/a><\/p>\n","protected":false},"author":1,"featured_media":0,"parent":0,"menu_order":0,"comment_status":"open","ping_status":"open","template":"bibliukaflar.php","meta":{"footnotes":""},"class_list":["post-21060","page","type-page","status-publish","hentry"],"_links":{"self":[{"href":"https:\/\/biblian.is\/videy\/wp-json\/wp\/v2\/pages\/21060","targetHints":{"allow":["GET"]}}],"collection":[{"href":"https:\/\/biblian.is\/videy\/wp-json\/wp\/v2\/pages"}],"about":[{"href":"https:\/\/biblian.is\/videy\/wp-json\/wp\/v2\/types\/page"}],"author":[{"embeddable":true,"href":"https:\/\/biblian.is\/videy\/wp-json\/wp\/v2\/users\/1"}],"replies":[{"embeddable":true,"href":"https:\/\/biblian.is\/videy\/wp-json\/wp\/v2\/comments?post=21060"}],"version-history":[{"count":0,"href":"https:\/\/biblian.is\/videy\/wp-json\/wp\/v2\/pages\/21060\/revisions"}],"wp:attachment":[{"href":"https:\/\/biblian.is\/videy\/wp-json\/wp\/v2\/media?parent=21060"}],"curies":[{"name":"wp","href":"https:\/\/api.w.org\/{rel}","templated":true}]}}