{"id":21057,"date":"2018-01-02T01:00:08","date_gmt":"2018-01-02T01:00:08","guid":{"rendered":"http:\/\/biblian.is\/videy\/josuabok-21-kafli\/"},"modified":"2018-01-02T01:00:08","modified_gmt":"2018-01-02T01:00:08","slug":"josuabok-21-kafli","status":"publish","type":"page","link":"https:\/\/biblian.is\/videy\/josuabok-21-kafli\/","title":{"rendered":"J\u00f3s\u00faab\u00f3k 21. kafli"},"content":{"rendered":"<div class=\"fyrirsognVidey\">Sta\u00f0ir Lev\u00edtanna.<\/div>\n<p><a name=\"1\"><span class=\"versanumer\">1<\/span><\/a>\u00dear eftir framkomu \u00e6ttfe\u00f0ur Lev\u00ed \u00e6ttkv\u00edslar fyrir prestinn Eleasar, J\u00f3s\u00faa N\u00fansson og \u00e6ttfe\u00f0ur kynkv\u00edsla \u00cdsraels manna, og t\u00f6lu\u00f0u \u00feannig til \u00feeirra \u00ed S\u00edl\u00f3 \u00ed Kanaanslandi:<a name=\"2\"><span class=\"versanumer\">2<\/span><\/a>Drottinn bau\u00f0 fyrir h\u00f6nd M\u00f3sis, a\u00f0 v\u00e9r skyldum f\u00e1 sta\u00f0i a\u00f0 b\u00faa \u00ed, og haglendi hj\u00e1 \u00feeim fyrir f\u00e9na\u00f0 vorn.<a name=\"3\"><span class=\"versanumer\">3<\/span><\/a>L\u00f6g\u00f0u \u00fe\u00e1 \u00cdsraels b\u00f6rn af vi\u00f0 Lev\u00edta af arfi \u00feeirra, eftir bo\u00f0i Drottins, \u00feessa sta\u00f0i og \u00fea\u00f0 haglendi, sem \u00feeim fylgdi.<a name=\"4\"><span class=\"versanumer\">4<\/span><\/a>Var \u00fe\u00e1 hlutast um og kom upp fyrstur hlutur Kahats\u00e6ttar, og ni\u00f0jar Arons prests, af Lev\u00ed \u00e6ttkv\u00edsl fengu me\u00f0 hlutkesti \u00ferett\u00e1n sta\u00f0i hj\u00e1 J\u00fada, S\u00edmeons og Benjam\u00edns \u00e6ttkv\u00edslum;<a name=\"5\"><span class=\"versanumer\">5<\/span><\/a>hinir afkomendur Kahats fengu me\u00f0 hlutkesti t\u00edu sta\u00f0i hj\u00e1 Efraims, Dans, og \u00feeirri h\u00e1lfu Manassis \u00e6ttkv\u00edsl.<a name=\"6\"><span class=\"versanumer\">6<\/span><\/a>Gersons afkomendur hlutu \u00ferett\u00e1n sta\u00f0i hj\u00e1 \u00cdsaskars, Asers og Naftal\u00eds \u00e6ttkv\u00edsl, og hj\u00e1 hinum helmingi Manassis \u00e6ttkv\u00edslar \u00ed Basan.<a name=\"7\"><span class=\"versanumer\">7<\/span><\/a>Merar\u00edsni\u00f0jar fengu eftir \u00feeirra kyn\u00fe\u00e1ttum t\u00f3lf sta\u00f0i hj\u00e1 R\u00fabens, Ga\u00f0s, og Seb\u00falons \u00e6ttkv\u00edslum.<a name=\"8\"><span class=\"versanumer\">8<\/span><\/a>\u00deannig l\u00f6g\u00f0u \u00cdsraels b\u00f6rn af vi\u00f0 Lev\u00edta eftir hlutkesti \u00feessa sta\u00f0i me\u00f0 \u00feeirra haglendi, eins og Drottinn haf\u00f0i bo\u00f0i\u00f0 fyrir h\u00f6nd M\u00f3sis. <br \/><a name=\"9\"><span class=\"versanumer\">9<\/span><\/a>\u00c6ttkv\u00edslir J\u00fada og Simeons l\u00f6g\u00f0u til \u00feessa sta\u00f0i, sem h\u00e9r eru nafngreindir,<a name=\"10\"><span class=\"versanumer\">10<\/span><\/a>og Arons afkomendur, af Kahats kyn\u00fe\u00e6tti og Lev\u00ed \u00e6ttkv\u00edsl fengu \u00fe\u00e1\u2014\u00fev\u00ed fyrsti hluturinn tilf\u00e9ll \u00feeim\u2014;<a name=\"11\"><span class=\"versanumer\">11<\/span><\/a>nefnilega, \u00fe\u00e6r l\u00f6g\u00f0u af vi\u00f0 \u00fe\u00e1 Kirjat-Arba, sem \u00e1tt haf\u00f0i \u00e6ttfa\u00f0ir Enaka, \u00fea\u00f0 er: Hebron \u00e1 J\u00fadafjalli, og haglendi \u00fear umhverfis;<a name=\"12\"><span class=\"versanumer\">12<\/span><\/a>en akurland borgarinnar me\u00f0 hennar \u00feorpum h\u00f6f\u00f0u \u00feeir gefi\u00f0 Kaleb Jef\u00fannessyni til eignar <span class='VideyAth'>*)<\/span>,<a name=\"13\"><span class=\"versanumer\">13<\/span><\/a>\u00feannig g\u00e1fu \u00feeir ni\u00f0jum Arons prests Hebron, sem var gri\u00f0asta\u00f0ur v\u00edgsekra, og beitarland hennar, Libna me\u00f0 hennar haglendi;<a name=\"14\"><span class=\"versanumer\">14<\/span><\/a>Jak\u00edr og hennar haglendi, Estem\u00f3a me\u00f0 hennar haglendi;<a name=\"15\"><span class=\"versanumer\">15<\/span><\/a>Holon og haglendi me\u00f0, Deb\u00edr me\u00f0 haglendi,<a name=\"16\"><span class=\"versanumer\">16<\/span><\/a>Ain og haglendi me\u00f0; J\u00fatta me\u00f0 haglendi, Betsemes og haglendi me\u00f0; \u00feessa n\u00edu sta\u00f0i g\u00e1fu \u00feessar tv\u00e6r \u00e6ttkv\u00edslir;<a name=\"17\"><span class=\"versanumer\">17<\/span><\/a>hj\u00e1 Benjam\u00edns \u00e6ttkv\u00edsl fengu \u00feeir fj\u00f3ra sta\u00f0i, G\u00edbeon og haglendi me\u00f0, Geba me\u00f0 haglendi,<a name=\"18\"><span class=\"versanumer\">18<\/span><\/a>Anatot og haglendi me\u00f0, og Almon me\u00f0 haglendi.<a name=\"19\"><span class=\"versanumer\">19<\/span><\/a>Afkomendur Arons prests hlutu \u00feannig \u00ed allt \u00ferett\u00e1n sta\u00f0i, alla me\u00f0 haglendi. <br \/><a name=\"20\"><span class=\"versanumer\">20<\/span><\/a>Hinir Kahatsni\u00f0jar af Lev\u00ed \u00e6ttkv\u00edsl fengu eftir hlutkesti sta\u00f0i hj\u00e1 Efraimsni\u00f0jum.<a name=\"21\"><span class=\"versanumer\">21<\/span><\/a>\u00deessa sta\u00f0i l\u00f6g\u00f0u \u00feeir af vi\u00f0 \u00fe\u00e1: gri\u00f0asta\u00f0 v\u00edgsekra, Sikkem \u00e1 Efra\u00edms fjalli og haglendi me\u00f0, Geser me\u00f0 haglendi,<a name=\"22\"><span class=\"versanumer\">22<\/span><\/a>Kibsaim og haglendi me\u00f0, Bethoron me\u00f0 haglendi: fj\u00f3rir sta\u00f0ir.<a name=\"23\"><span class=\"versanumer\">23<\/span><\/a>Hj\u00e1 Dans \u00e6ttkv\u00edsl: Elteke og haglendi me\u00f0, Gibbeton me\u00f0 haglendi,<a name=\"24\"><span class=\"versanumer\">24<\/span><\/a>Ajalon og haglendi me\u00f0, og Gatrimmon me\u00f0 haglendi: fj\u00f3rir sta\u00f0ir;<a name=\"25\"><span class=\"versanumer\">25<\/span><\/a>Hj\u00e1 helmingi Manassis \u00e6ttkv\u00edslar: Taanak og haglendi me\u00f0, Gat-Rimmon me\u00f0 haglendi: tveir sta\u00f0ir;<a name=\"26\"><span class=\"versanumer\">26<\/span><\/a>Svo a\u00f0 \u00feeir sta\u00f0ir er kyn\u00fe\u00e6ttir hinna annarra Kahatsni\u00f0ja fengu, v\u00f3ru alls t\u00edu, allir me\u00f0 haglendum. <br \/><a name=\"27\"><span class=\"versanumer\">27<\/span><\/a>Lev\u00edtarnir af Gersons kyn\u00fe\u00e6tti fengu hj\u00e1 helmingi Manassisni\u00f0ja, gri\u00f0asta\u00f0 v\u00edgsekra G\u00f3lan \u00ed Basan og haglendi me\u00f0, og Bestera <span class='VideyAth'>*)<\/span> me\u00f0 haglendi: tveir sta\u00f0ir;<a name=\"28\"><span class=\"versanumer\">28<\/span><\/a>hj\u00e1 \u00cdsaskars \u00e6ttkv\u00edsl: Kisjon og haglendi me\u00f0, Dabrat me\u00f0 haglendi,<a name=\"29\"><span class=\"versanumer\">29<\/span><\/a>Jarm\u00fat og haglendi me\u00f0, En-Gannim me\u00f0 haglendi: fj\u00f3rir sta\u00f0ir;<a name=\"30\"><span class=\"versanumer\">30<\/span><\/a>Hj\u00e1 Asers \u00e6ttkv\u00edsl: Misal og haglendi me\u00f0, Abdon me\u00f0 haglendi,<a name=\"31\"><span class=\"versanumer\">31<\/span><\/a>Helkat og haglendi me\u00f0, Rehob me\u00f0 haglendi, fj\u00f3rir sta\u00f0ir.<a name=\"32\"><span class=\"versanumer\">32<\/span><\/a>Hj\u00e1 Naftali \u00e6ttkv\u00edsl gri\u00f0asta\u00f0 v\u00edgsekra, Kedes \u00ed Gal\u00edleu og haglendi me\u00f0, Hammot-D\u00f3r me\u00f0 haglendi, Kartan og haglendi me\u00f0, \u00fer\u00edr sta\u00f0ir.<a name=\"33\"><span class=\"versanumer\">33<\/span><\/a>\u00derett\u00e1n v\u00f3ru \u00fe\u00e1 sta\u00f0ir \u00feeir, sem Gersons kyn\u00fe\u00e6ttir hlutu, og allir me\u00f0 haglendum.<br \/><a name=\"34\"><span class=\"versanumer\">34<\/span><\/a>Hinir kyn\u00fe\u00e6ttir Merarini\u00f0ja, sem voru af Lev\u00ed \u00e6ttkv\u00edsl, fengu hj\u00e1 Seb\u00falons \u00e6ttkv\u00edsl: Jokneam og haglendi me\u00f0, Kar\u00edta me\u00f0 haglendi,<a name=\"35\"><span class=\"versanumer\">35<\/span><\/a>Dimna og haglendi me\u00f0, Nahalal me\u00f0 haglendi: fj\u00f3rir sta\u00f0ir;<a name=\"36\"><span class=\"versanumer\">36<\/span><\/a>hj\u00e1 R\u00fabens \u00e6ttkv\u00edsl: Beser og haglendi me\u00f0, Jasa me\u00f0 haglendi,<a name=\"37\"><span class=\"versanumer\">37<\/span><\/a>Kedem\u00f3t og haglendi me\u00f0, Mefaat me\u00f0 haglendi, fj\u00f3rir sta\u00f0ir;<a name=\"38\"><span class=\"versanumer\">38<\/span><\/a>hj\u00e1 Ga\u00f0s \u00e6ttkv\u00edsl: gri\u00f0asta\u00f0 v\u00edgsekra, Ramot \u00ed Gilea\u00f0, og haglendi me\u00f0, Mahanaim me\u00f0 haglendi,<a name=\"39\"><span class=\"versanumer\">39<\/span><\/a>Hesbon og haglendi me\u00f0, og Jaesar me\u00f0 haglendi: fj\u00f3rir sta\u00f0ir.<a name=\"40\"><span class=\"versanumer\">40<\/span><\/a>Svo a\u00f0 Lev\u00edtar \u00feeir, sem eftir v\u00f3ru, og \u00e6ttbogi v\u00f3ru Merar\u00eds, hlutu t\u00f3lf sta\u00f0i.<a name=\"41\"><span class=\"versanumer\">41<\/span><\/a>\u00deeir sta\u00f0ir me\u00f0 haglendum, sem Lev\u00edtarnir fengu innan um arfahluta \u00cdsraelsbarna, voru alls fj\u00f6rutygir og \u00e1tta,<a name=\"42\"><span class=\"versanumer\">42<\/span><\/a>\u00feessir sta\u00f0ir me\u00f0 s\u00ednum beitarl\u00f6ndum umhverfis l\u00e1gu \u00e1 vi\u00f0 og dreif, borg fyrir borg, einn sem annar. <br \/><a name=\"43\"><span class=\"versanumer\">43<\/span><\/a>Svo haf\u00f0i \u00fe\u00e1 Drottinn gefi\u00f0 \u00cdsrael allt landi\u00f0 eins og hann me\u00f0 ei\u00f0i lofa\u00f0 haf\u00f0i fe\u00f0rum \u00feeirra; og \u00feeir numu landi\u00f0 og bjuggu \u00fear;<a name=\"44\"><span class=\"versanumer\">44<\/span><\/a>og Drottinn gaf \u00feeim g\u00f3\u00f0an fri\u00f0 allt um kring, eins og hann haf\u00f0i svari\u00f0 fe\u00f0rum \u00feeirra, enginn \u00f3vina \u00feeirra f\u00e9kk \u00feeim m\u00f3tst\u00f6\u00f0u veitt, heldur gaf Drottinn \u00fe\u00e1 alla \u00e1 \u00feeirra vald.<a name=\"45\"><span class=\"versanumer\">45<\/span><\/a>Ekkert af \u00feeim fyrirheitum br\u00e1st, sem Drottinn haf\u00f0i gefi\u00f0 \u00cdsraelsl\u00fd\u00f0, heldur r\u00e6ttust \u00feau \u00f6ll.<\/p>\n<div class=\"footnoteVidey\">*) Sj\u00e1 14,13.14. *) Kallast Astarot 1 Kron. 7,71.<\/div>\n","protected":false},"excerpt":{"rendered":"<p>Sta\u00f0ir Lev\u00edtanna. 1\u00dear eftir framkomu \u00e6ttfe\u00f0ur Lev\u00ed \u00e6ttkv\u00edslar fyrir prestinn Eleasar, J\u00f3s\u00faa N\u00fansson og \u00e6ttfe\u00f0ur kynkv\u00edsla \u00cdsraels manna, og t\u00f6lu\u00f0u \u00feannig til \u00feeirra \u00ed S\u00edl\u00f3 \u00ed Kanaanslandi:2Drottinn bau\u00f0 fyrir h\u00f6nd M\u00f3sis, a\u00f0 v\u00e9r skyldum f\u00e1 sta\u00f0i a\u00f0 b\u00faa \u00ed, og haglendi hj\u00e1 \u00feeim fyrir f\u00e9na\u00f0 vorn.3L\u00f6g\u00f0u \u00fe\u00e1 \u00cdsraels b\u00f6rn af vi\u00f0 Lev\u00edta af arfi \u00feeirra, eftir bo\u00f0i Drottins, \u00feessa sta\u00f0i og \u00fea\u00f0 haglendi, sem \u00feeim fylgdi.4Var \u00fe\u00e1 hlutast um og kom upp fyrstur hlutur Kahats\u00e6ttar, og ni\u00f0jar Arons prests, af Lev\u00ed \u00e6ttkv\u00edsl fengu me\u00f0 hlutkesti \u00ferett\u00e1n sta\u00f0i hj\u00e1 J\u00fada, S\u00edmeons og Benjam\u00edns \u00e6ttkv\u00edslum;5hinir afkomendur Kahats fengu me\u00f0 hlutkesti t\u00edu sta\u00f0i <a href=\"https:\/\/biblian.is\/videy\/josuabok-21-kafli\/\"> [&#8230;]<\/a><\/p>\n","protected":false},"author":1,"featured_media":0,"parent":0,"menu_order":0,"comment_status":"open","ping_status":"open","template":"bibliukaflar.php","meta":{"footnotes":""},"class_list":["post-21057","page","type-page","status-publish","hentry"],"_links":{"self":[{"href":"https:\/\/biblian.is\/videy\/wp-json\/wp\/v2\/pages\/21057","targetHints":{"allow":["GET"]}}],"collection":[{"href":"https:\/\/biblian.is\/videy\/wp-json\/wp\/v2\/pages"}],"about":[{"href":"https:\/\/biblian.is\/videy\/wp-json\/wp\/v2\/types\/page"}],"author":[{"embeddable":true,"href":"https:\/\/biblian.is\/videy\/wp-json\/wp\/v2\/users\/1"}],"replies":[{"embeddable":true,"href":"https:\/\/biblian.is\/videy\/wp-json\/wp\/v2\/comments?post=21057"}],"version-history":[{"count":0,"href":"https:\/\/biblian.is\/videy\/wp-json\/wp\/v2\/pages\/21057\/revisions"}],"wp:attachment":[{"href":"https:\/\/biblian.is\/videy\/wp-json\/wp\/v2\/media?parent=21057"}],"curies":[{"name":"wp","href":"https:\/\/api.w.org\/{rel}","templated":true}]}}