{"id":21056,"date":"2018-01-02T01:00:08","date_gmt":"2018-01-02T01:00:08","guid":{"rendered":"http:\/\/biblian.is\/videy\/josuabok-20-kafli\/"},"modified":"2018-01-02T01:00:08","modified_gmt":"2018-01-02T01:00:08","slug":"josuabok-20-kafli","status":"publish","type":"page","link":"https:\/\/biblian.is\/videy\/josuabok-20-kafli\/","title":{"rendered":"J\u00f3s\u00faab\u00f3k 20. kafli"},"content":{"rendered":"<div class=\"fyrirsognVidey\">Settir gri\u00f0asta\u00f0ir.<\/div>\n<p><a name=\"1\"><span class=\"versanumer\">1<\/span><\/a>Enn bau\u00f0 Drottinn J\u00f3s\u00faa:<a name=\"2\"><span class=\"versanumer\">2<\/span><\/a>tala \u00fe\u00fa til \u00cdsraels barna og seg \u00feeim: velji\u00f0 y\u00f0ur \u00fe\u00e1 gri\u00f0asta\u00f0i, sem eg hefi tala\u00f0 um vi\u00f0 y\u00f0ur fyrir h\u00f6nd M\u00f3sis,<a name=\"3\"><span class=\"versanumer\">3<\/span><\/a>a\u00f0 s\u00e1 f\u00e1i \u00feanga\u00f0 fl\u00fai\u00f0, sem af vang\u00e1 og a\u00f0 \u00f3vilja s\u00ednum hefir \u00e1 \u00f6\u00f0rum unni\u00f0, og svo \u00feeir s\u00e9u gri\u00f0asta\u00f0ir handa y\u00f0ur fyrir eftirm\u00e1lsmanninum;<a name=\"4\"><span class=\"versanumer\">4<\/span><\/a>og hann m\u00e1 fl\u00fdja til einhv\u00f6rs \u00feessara sta\u00f0a, og standa vi\u00f0 inngang borgarhli\u00f0sins, og tala m\u00e1li s\u00ednu \u00ed \u00e1heyrn \u00feess sta\u00f0ar \u00f6ldunga, skulu \u00feeir \u00fe\u00e1 veita honum vi\u00f0t\u00f6ku, og f\u00e1 honum h\u00e6li, svo hann geti b\u00fai\u00f0 hj\u00e1 \u00feeim;<a name=\"5\"><span class=\"versanumer\">5<\/span><\/a>og \u00fe\u00f3 eftirm\u00e1lsma\u00f0urinn fari eftir honum, skal hann ekki framseljast honum, hafi hann manninn vegi\u00f0 af vang\u00e1, og ekki veri\u00f0 \u00e1\u00f0ur kunnur a\u00f0 fjandskap gegn honum.<a name=\"6\"><span class=\"versanumer\">6<\/span><\/a>\u00cd \u00feessum sta\u00f0 skal hann a\u00f0setur hafa, \u00fear til m\u00e1l hans er rannsaka\u00f0 fyrir samkundunni <span class='VideyAth'>*)<\/span>, og \u00fear til s\u00e1 er d\u00e1inn, sem \u00fe\u00e1 er \u00e6\u00f0sti prestur; en eftir \u00fea\u00f0 m\u00e1 vegandinn aftur hverfa, og fara til sinnar borgar og s\u00edns h\u00fass, til \u00feess sta\u00f0ar, hva\u00f0an hann fl\u00fd\u00f0i.<br \/><a name=\"7\"><span class=\"versanumer\">7<\/span><\/a>\u00de\u00e1 settu \u00feeir \u00feessa gri\u00f0asta\u00f0i: Kades \u00ed Galil\u00e6a \u00e1 Naftal\u00ed fjalli, Sikkem \u00e1 Efraims fjalli, og Kirjat-Arba e\u00f0a Hebron \u00e1 J\u00fadafjalli.<a name=\"8\"><span class=\"versanumer\">8<\/span><\/a>En fyrir handan J\u00f3rdan, fyrir austan Jer\u00edk\u00f3 l\u00e9tu \u00feeir til <span class='VideyAth'>(\u00feessa gri\u00f0asta\u00f0i)<\/span>: R\u00fabens \u00e6ttkv\u00edsl l\u00e9t til Beser \u00ed ey\u00f0im\u00f6rkinni \u00e1 sl\u00e9ttlendinu, Ga\u00f0s \u00e6ttkv\u00edsl Ramot \u00ed G\u00edlea\u00f0, og Manassis \u00e6ttkv\u00edsl Golan \u00ed Basan.<a name=\"9\"><span class=\"versanumer\">9<\/span><\/a>\u00deessir voru \u00feeir gri\u00f0asta\u00f0ir, sem tilteknir voru handa \u00f6llum \u00cdsraels b\u00f6rnum, og \u00feeim \u00fatlendu, sem hj\u00e1 \u00feeim bjuggu; svo a\u00f0 hv\u00f6r s\u00e1, sem af vang\u00e1 haf\u00f0i manni a\u00f0 bana or\u00f0i\u00f0, g\u00e6ti \u00feanga\u00f0 fl\u00fai\u00f0, og veri\u00f0 \u00f3hultur fyrir eftirm\u00e1lsmanninum, \u00fear til m\u00e1l hans v\u00e6ri rannsaka\u00f0 fyrir samkundunni.<\/p>\n<div class=\"footnoteVidey\">*) Nefnilega, hv\u00f6rt verki\u00f0 var unni\u00f0 af vang\u00e1 e\u00f0a viljandi.<\/div>\n","protected":false},"excerpt":{"rendered":"<p>Settir gri\u00f0asta\u00f0ir. 1Enn bau\u00f0 Drottinn J\u00f3s\u00faa:2tala \u00fe\u00fa til \u00cdsraels barna og seg \u00feeim: velji\u00f0 y\u00f0ur \u00fe\u00e1 gri\u00f0asta\u00f0i, sem eg hefi tala\u00f0 um vi\u00f0 y\u00f0ur fyrir h\u00f6nd M\u00f3sis,3a\u00f0 s\u00e1 f\u00e1i \u00feanga\u00f0 fl\u00fai\u00f0, sem af vang\u00e1 og a\u00f0 \u00f3vilja s\u00ednum hefir \u00e1 \u00f6\u00f0rum unni\u00f0, og svo \u00feeir s\u00e9u gri\u00f0asta\u00f0ir handa y\u00f0ur fyrir eftirm\u00e1lsmanninum;4og hann m\u00e1 fl\u00fdja til einhv\u00f6rs \u00feessara sta\u00f0a, og standa vi\u00f0 inngang borgarhli\u00f0sins, og tala m\u00e1li s\u00ednu \u00ed \u00e1heyrn \u00feess sta\u00f0ar \u00f6ldunga, skulu \u00feeir \u00fe\u00e1 veita honum vi\u00f0t\u00f6ku, og f\u00e1 honum h\u00e6li, svo hann geti b\u00fai\u00f0 hj\u00e1 \u00feeim;5og \u00fe\u00f3 eftirm\u00e1lsma\u00f0urinn fari eftir honum, skal hann ekki framseljast honum, hafi hann <a href=\"https:\/\/biblian.is\/videy\/josuabok-20-kafli\/\"> [&#8230;]<\/a><\/p>\n","protected":false},"author":1,"featured_media":0,"parent":0,"menu_order":0,"comment_status":"open","ping_status":"open","template":"bibliukaflar.php","meta":{"footnotes":""},"class_list":["post-21056","page","type-page","status-publish","hentry"],"_links":{"self":[{"href":"https:\/\/biblian.is\/videy\/wp-json\/wp\/v2\/pages\/21056","targetHints":{"allow":["GET"]}}],"collection":[{"href":"https:\/\/biblian.is\/videy\/wp-json\/wp\/v2\/pages"}],"about":[{"href":"https:\/\/biblian.is\/videy\/wp-json\/wp\/v2\/types\/page"}],"author":[{"embeddable":true,"href":"https:\/\/biblian.is\/videy\/wp-json\/wp\/v2\/users\/1"}],"replies":[{"embeddable":true,"href":"https:\/\/biblian.is\/videy\/wp-json\/wp\/v2\/comments?post=21056"}],"version-history":[{"count":0,"href":"https:\/\/biblian.is\/videy\/wp-json\/wp\/v2\/pages\/21056\/revisions"}],"wp:attachment":[{"href":"https:\/\/biblian.is\/videy\/wp-json\/wp\/v2\/media?parent=21056"}],"curies":[{"name":"wp","href":"https:\/\/api.w.org\/{rel}","templated":true}]}}