{"id":21055,"date":"2018-01-02T01:00:08","date_gmt":"2018-01-02T01:00:08","guid":{"rendered":"http:\/\/biblian.is\/videy\/josuabok-19-kafli\/"},"modified":"2018-01-02T01:00:08","modified_gmt":"2018-01-02T01:00:08","slug":"josuabok-19-kafli","status":"publish","type":"page","link":"https:\/\/biblian.is\/videy\/josuabok-19-kafli\/","title":{"rendered":"J\u00f3s\u00faab\u00f3k 19. kafli"},"content":{"rendered":"<div class=\"fyrirsognVidey\">Arfahluti hinna sex \u00e6ttkv\u00edslanna og J\u00f3s\u00faa sj\u00e1lfs.<\/div>\n<p><a name=\"1\"><span class=\"versanumer\">1<\/span><\/a>Eftir \u00fea\u00f0 kom \u00fat n\u00e6sti hlutur, fyrir S\u00edmeons \u00e6ttkv\u00edsl og hennar kyn\u00fe\u00e6tti; \u00feeirra arfahluti var\u00f0 mitt \u00ed arfahluta J\u00fada ni\u00f0ja,<a name=\"2\"><span class=\"versanumer\">2<\/span><\/a>til \u00feeirra erf\u00f0ahluta heyr\u00f0i Beerseba, Seba, M\u00f3lada,<a name=\"3\"><span class=\"versanumer\">3<\/span><\/a>Hasar-S\u00faal, Bala, Esem,<a name=\"4\"><span class=\"versanumer\">4<\/span><\/a>Elt\u00f3lad, Bet\u00fal, Horma,<a name=\"5\"><span class=\"versanumer\">5<\/span><\/a>Siklag, Bet-Marabot, Hasar-S\u00fafa,<a name=\"6\"><span class=\"versanumer\">6<\/span><\/a>Bet-Lebaot, Saruhen, \u00ferett\u00e1n sta\u00f0ir me\u00f0 undirliggjandi \u00feorpum.<a name=\"7\"><span class=\"versanumer\">7<\/span><\/a>Ain, Rimmon, Eter og Asan, fj\u00f3rir sta\u00f0ir me\u00f0 undirliggjandi \u00feorpum.<a name=\"8\"><span class=\"versanumer\">8<\/span><\/a>\u00dear me\u00f0 \u00feorp \u00feau \u00f6ll, sem liggja kringum \u00feessa sta\u00f0i allt til Baalat-Beer, \u00fea\u00f0 er sy\u00f0ri Ramat, \u00feetta er erf\u00f0ahluti S\u00edmeonsni\u00f0ja, eftir \u00feeirra kyn\u00fe\u00e1ttum.<a name=\"9\"><span class=\"versanumer\">9<\/span><\/a>L\u00e1 svo landhluti \u00feeirra \u00ed landareign J\u00fadani\u00f0ja, \u00fev\u00ed \u00feeim haf\u00f0i of miki\u00f0 \u00fatskipt veri\u00f0, og \u00fear af kom \u00fea\u00f0, a\u00f0 S\u00edmeonsni\u00f0jar fengu hlut mitt \u00ed \u00feeirra landi.<br \/><a name=\"10\"><span class=\"versanumer\">10<\/span><\/a>Kom n\u00fa upp \u00feri\u00f0ji hluturinn fyrir Seb\u00falonsni\u00f0ja, eftir \u00feeirra kyn\u00fe\u00e1ttum; n\u00e1\u00f0u landamerki \u00feeirra til Sar\u00edd,<a name=\"11\"><span class=\"versanumer\">11<\/span><\/a>og upp til hafsins og Marala allt til Dabbaset, og l\u00e6kjarins gegnt J\u00f3kneam;<a name=\"12\"><span class=\"versanumer\">12<\/span><\/a>gengu til baka fr\u00e1 Sar\u00edd austanvert fyrir framan landamerki Kislot-Tabors, svo \u00fat til Daberat og upp til Jaf\u00eda;<a name=\"13\"><span class=\"versanumer\">13<\/span><\/a>\u00fea\u00f0an beint austur eftir yfir Gitta-Hefer, Itta-Kas\u00edn, s\u00ed\u00f0an \u00fat til Rimmon-Met\u00f3ar, \u00fea\u00f0 er Nea;<a name=\"14\"><span class=\"versanumer\">14<\/span><\/a>svo a\u00f0 nor\u00f0anver\u00f0u framhj\u00e1 Hanaton, og enda \u00ed Iftakelsdal,<a name=\"15\"><span class=\"versanumer\">15<\/span><\/a>Katat, Nahalal, Simron, Idala og Betlehem, \u00fea\u00f0 eru t\u00f3lf sta\u00f0ir me\u00f0 \u00feeirra \u00feorpum;<a name=\"16\"><span class=\"versanumer\">16<\/span><\/a>\u00feessi var arfahluti Seb\u00falonsni\u00f0ja eftir \u00feeirra kyn\u00fe\u00e1ttum; \u00feessir voru sta\u00f0ir \u00feeirra me\u00f0 undirliggjandi \u00feorpum. <br \/><a name=\"17\"><span class=\"versanumer\">17<\/span><\/a>\u00de\u00e1 kom upp hinn fj\u00f3r\u00f0i hlutur, \u00fea\u00f0 var hlutur \u00cdsaskarsni\u00f0ja og \u00feeirra kyn\u00fe\u00e1tta.<a name=\"18\"><span class=\"versanumer\">18<\/span><\/a>\u00deeirra landamerki voru Jisreela, Kesulot, S\u00fanem,<a name=\"19\"><span class=\"versanumer\">19<\/span><\/a>Hasra\u00edm, S\u00edon, Anaharat,<a name=\"20\"><span class=\"versanumer\">20<\/span><\/a>Rabbit, Kisjon Ebes,<a name=\"21\"><span class=\"versanumer\">21<\/span><\/a>Remet, Engannim, Enhadda, Betpases;<a name=\"22\"><span class=\"versanumer\">22<\/span><\/a>\u00fe\u00e1 n\u00e1\u00f0u landamerkin til Sabor, Sahas\u00edm, Betsemis og enda vi\u00f0 J\u00f3rdan, sext\u00e1n sta\u00f0ir me\u00f0 \u00feorpum \u00feeirra;<a name=\"23\"><span class=\"versanumer\">23<\/span><\/a>\u00feetta er \u00cdsaskarsni\u00f0ja arfahluti og \u00feeirra kyn\u00fe\u00e1tta, \u00feeirra sta\u00f0ir \u00feessir me\u00f0 s\u00ednum \u00feorpum.<br \/><a name=\"24\"><span class=\"versanumer\">24<\/span><\/a>Fimmti hluturinn kom upp fyrir Asers \u00e6ttkv\u00edsl og hennar kyn\u00fe\u00e6tti;<a name=\"25\"><span class=\"versanumer\">25<\/span><\/a>\u00fear voru landamerkin Helkat Hali, Beten, Aksaf,<a name=\"26\"><span class=\"versanumer\">26<\/span><\/a>Alamelek, Amead, og Miseal, og n\u00e1 vestur a\u00f0 Karmel og S\u00edh\u00f3r-Libnat;<a name=\"27\"><span class=\"versanumer\">27<\/span><\/a>\u00dea\u00f0an v\u00edkur \u00feeim til austurs a\u00f0 Betdagon, \u00fe\u00e1 til nor\u00f0urs a\u00f0 Seb\u00falons <span class='VideyAth'>(landamerkjum)<\/span> og Jistahelsdal, Betemek, og Neg\u00edel, og til vinstri handar \u00fat hj\u00e1 Kab\u00fal.<a name=\"28\"><span class=\"versanumer\">28<\/span><\/a>Ebron, Rekob, Hammon, Kana til hinnar miklu S\u00eddonar,<a name=\"29\"><span class=\"versanumer\">29<\/span><\/a>sn\u00fdr \u00fe\u00e1 landamerkjunum til Rama og til hins v\u00edggirta sta\u00f0ar T\u00fdrus og aftur til Hosa, og enda vi\u00f0 hafi\u00f0 beint undan Aks\u00edb,<a name=\"30\"><span class=\"versanumer\">30<\/span><\/a>Umma, Afek og Rehob; \u00feetta voru tuttugu og tveir sta\u00f0ir me\u00f0 \u00feeirra \u00feorpum.<a name=\"31\"><span class=\"versanumer\">31<\/span><\/a>\u00deetta er erf\u00f0ahluti Asers \u00e6ttkv\u00edslar og hennar kyn\u00fe\u00e1tta; \u00feessir voru \u00feeirra sta\u00f0ir me\u00f0 s\u00ednum \u00feorpum.<br \/><a name=\"32\"><span class=\"versanumer\">32<\/span><\/a>Sj\u00f6tti hluturinn kom n\u00fa upp fyrir Naftali \u00e6ttkv\u00edsl, og hennar kyn\u00fe\u00e6tti,<a name=\"33\"><span class=\"versanumer\">33<\/span><\/a>byrja landamerki \u00feeirra fr\u00e1 Helef og eikinni hj\u00e1 Saenannim, Adami-Rekeb, og Jabneel allt til Lakk\u00fam, og enda vi\u00f0 J\u00f3rdan;<a name=\"34\"><span class=\"versanumer\">34<\/span><\/a>\u00fea\u00f0an \u00ed vestur til Asnot-Tabor, \u00fea\u00f0an \u00fat til Hukkok, n\u00e1 til Seb\u00falons a\u00f0 sunnanver\u00f0u, til Asers a\u00f0 vestanver\u00f0u, og til J\u00fada vi\u00f0 J\u00f3rdan a\u00f0 austanver\u00f0u;<a name=\"35\"><span class=\"versanumer\">35<\/span><\/a>voru \u00fear \u00feessir v\u00edggirtir sta\u00f0ir: Siddim, Ser, Hammat, Rakkat, Genesaret,<a name=\"36\"><span class=\"versanumer\">36<\/span><\/a>Adama, Rama, Has\u00f3r,<a name=\"37\"><span class=\"versanumer\">37<\/span><\/a>Kedes, Edrei, Enhasor,<a name=\"38\"><span class=\"versanumer\">38<\/span><\/a>Jiron, Migdal-El, Harem, Betanat, Betsemes; n\u00edtj\u00e1n sta\u00f0ir me\u00f0 \u00feeirra \u00feorpum.<a name=\"39\"><span class=\"versanumer\">39<\/span><\/a>\u00deetta var arfahluti Naftali \u00e6ttkv\u00edslar og hennar kyn\u00fe\u00e1tta; og \u00feessir sta\u00f0ir \u00feeirra me\u00f0 s\u00ednum \u00feorpum.<br \/><a name=\"40\"><span class=\"versanumer\">40<\/span><\/a><span class='VideyAth'>(Loks)<\/span> kom upp hinn sj\u00f6undi hlutur Dans \u00e6ttkv\u00edslar og hennar kyn\u00fe\u00e1tta;<a name=\"41\"><span class=\"versanumer\">41<\/span><\/a>og landamerki \u00feeirra arfahluta var Sora, Esta\u00f3l, Irsaemes,<a name=\"42\"><span class=\"versanumer\">42<\/span><\/a>Saalabbim, Ajalon, Jitla,<a name=\"43\"><span class=\"versanumer\">43<\/span><\/a>El\u00f3n, Timnat, Ekron,<a name=\"44\"><span class=\"versanumer\">44<\/span><\/a>Elteke, Gibbeton, Baalat,<a name=\"45\"><span class=\"versanumer\">45<\/span><\/a>Jeh\u00fa\u00f0, Bneberak, Gatrimmon,<a name=\"46\"><span class=\"versanumer\">46<\/span><\/a>Jarkonsvatn og Rakkon me\u00f0 landinu gagnvart Joppe.<a name=\"47\"><span class=\"versanumer\">47<\/span><\/a>En landamerki Dansni\u00f0ja ur\u00f0u \u00feeim of\u00fer\u00f6ng, og \u00fev\u00ed f\u00f3ru Dansni\u00f0jar, upp og herju\u00f0u \u00e1 Lesem, unnu hana, sl\u00f3gu innb\u00faana me\u00f0 sver\u00f0i, og bjuggu \u00fear s\u00ed\u00f0an sj\u00e1lfir; en g\u00e1fu sta\u00f0num Lesem nafn eftir \u00e6ttf\u00f6\u00f0ur \u00feeirra Dan.<a name=\"48\"><span class=\"versanumer\">48<\/span><\/a>\u00deessi var arfahluti Dansni\u00f0ja og \u00feeirra kyn\u00fe\u00e1tta og \u00feessir sta\u00f0ir \u00feeirra me\u00f0 s\u00ednum \u00feorpum.<br \/><a name=\"49\"><span class=\"versanumer\">49<\/span><\/a>En er \u00cdsraelsmenn h\u00f6f\u00f0u skipt landinu \u00f6llu til ystu ummerkja, g\u00e1fu \u00feeir J\u00f3s\u00faa N\u00fanssyni arfahluta hj\u00e1 s\u00e9r.<a name=\"50\"><span class=\"versanumer\">50<\/span><\/a>\u00deeir g\u00e1fu honum eftir bo\u00f0i Drottins sta\u00f0inn, sem hann sj\u00e1lfur kaus, Timnat-Sera \u00e1 Efra\u00edmsfjalli; hann v\u00edggirti \u00fe\u00e1 borg, og bj\u00f3 \u00fear s\u00ed\u00f0an.<br \/><a name=\"51\"><span class=\"versanumer\">51<\/span><\/a>\u00deessir voru \u00feeir erf\u00f0ahlutir, sem \u00feeir Eleasar prestur, J\u00f3s\u00faa N\u00fansson og \u00e6ttfe\u00f0urnir me\u00f0 hlutkesti \u00fathlutu\u00f0u \u00e6ttkv\u00edslum \u00cdsraels barna \u00ed S\u00edl\u00f3 fyrir augliti Drottins, vi\u00f0 dyr samkundutjaldb\u00fa\u00f0arinnar; var svo skiptum \u00feessum loki\u00f0.<\/p>\n<div class=\"footnoteVidey\"><\/div>\n","protected":false},"excerpt":{"rendered":"<p>Arfahluti hinna sex \u00e6ttkv\u00edslanna og J\u00f3s\u00faa sj\u00e1lfs. 1Eftir \u00fea\u00f0 kom \u00fat n\u00e6sti hlutur, fyrir S\u00edmeons \u00e6ttkv\u00edsl og hennar kyn\u00fe\u00e6tti; \u00feeirra arfahluti var\u00f0 mitt \u00ed arfahluta J\u00fada ni\u00f0ja,2til \u00feeirra erf\u00f0ahluta heyr\u00f0i Beerseba, Seba, M\u00f3lada,3Hasar-S\u00faal, Bala, Esem,4Elt\u00f3lad, Bet\u00fal, Horma,5Siklag, Bet-Marabot, Hasar-S\u00fafa,6Bet-Lebaot, Saruhen, \u00ferett\u00e1n sta\u00f0ir me\u00f0 undirliggjandi \u00feorpum.7Ain, Rimmon, Eter og Asan, fj\u00f3rir sta\u00f0ir me\u00f0 undirliggjandi \u00feorpum.8\u00dear me\u00f0 \u00feorp \u00feau \u00f6ll, sem liggja kringum \u00feessa sta\u00f0i allt til Baalat-Beer, \u00fea\u00f0 er sy\u00f0ri Ramat, \u00feetta er erf\u00f0ahluti S\u00edmeonsni\u00f0ja, eftir \u00feeirra kyn\u00fe\u00e1ttum.9L\u00e1 svo landhluti \u00feeirra \u00ed landareign J\u00fadani\u00f0ja, \u00fev\u00ed \u00feeim haf\u00f0i of miki\u00f0 \u00fatskipt veri\u00f0, og \u00fear af kom \u00fea\u00f0, a\u00f0 S\u00edmeonsni\u00f0jar fengu hlut mitt <a href=\"https:\/\/biblian.is\/videy\/josuabok-19-kafli\/\"> [&#8230;]<\/a><\/p>\n","protected":false},"author":1,"featured_media":0,"parent":0,"menu_order":0,"comment_status":"open","ping_status":"open","template":"bibliukaflar.php","meta":{"footnotes":""},"class_list":["post-21055","page","type-page","status-publish","hentry"],"_links":{"self":[{"href":"https:\/\/biblian.is\/videy\/wp-json\/wp\/v2\/pages\/21055","targetHints":{"allow":["GET"]}}],"collection":[{"href":"https:\/\/biblian.is\/videy\/wp-json\/wp\/v2\/pages"}],"about":[{"href":"https:\/\/biblian.is\/videy\/wp-json\/wp\/v2\/types\/page"}],"author":[{"embeddable":true,"href":"https:\/\/biblian.is\/videy\/wp-json\/wp\/v2\/users\/1"}],"replies":[{"embeddable":true,"href":"https:\/\/biblian.is\/videy\/wp-json\/wp\/v2\/comments?post=21055"}],"version-history":[{"count":0,"href":"https:\/\/biblian.is\/videy\/wp-json\/wp\/v2\/pages\/21055\/revisions"}],"wp:attachment":[{"href":"https:\/\/biblian.is\/videy\/wp-json\/wp\/v2\/media?parent=21055"}],"curies":[{"name":"wp","href":"https:\/\/api.w.org\/{rel}","templated":true}]}}