{"id":21053,"date":"2018-01-02T01:00:08","date_gmt":"2018-01-02T01:00:08","guid":{"rendered":"http:\/\/biblian.is\/videy\/josuabok-17-kafli\/"},"modified":"2018-01-02T01:00:08","modified_gmt":"2018-01-02T01:00:08","slug":"josuabok-17-kafli","status":"publish","type":"page","link":"https:\/\/biblian.is\/videy\/josuabok-17-kafli\/","title":{"rendered":"J\u00f3s\u00faab\u00f3k 17. kafli"},"content":{"rendered":"<div class=\"fyrirsognVidey\">Hlutur h\u00e1lfrar Manassis \u00e6ttkv\u00edslar.<\/div>\n<p><a name=\"1\"><span class=\"versanumer\">1<\/span><\/a>Hlutur \u00e6ttkv\u00edslar Manassis, sem var frumgetinn sonur J\u00f3seps tilf\u00e9ll Mak\u00edr, sem var frumgetinn sonur Manassis og fa\u00f0ir Gilea\u00f0s; \u00feessi var bardaga ma\u00f0ur mikill, hlotna\u00f0ist honum landi\u00f0 Gilea\u00f0 og Basan.<a name=\"2\"><span class=\"versanumer\">2<\/span><\/a>Hinir a\u00f0rir ni\u00f0jar Manassis fengu sinn hluta eftir \u00feeirra kyn\u00fe\u00e1ttum: nefnilega synir Abiesers, Heleks, Asr\u00edels, Sekems, Hefers og Semida. \u00deessir v\u00f3ru afkomendur Manassis J\u00f3sepssonar \u00ed karllegginn.<a name=\"3\"><span class=\"versanumer\">3<\/span><\/a>En Selofka\u00f0 Hefersson Gilea\u00f0ssonar, Mak\u00edrssonar Manassissonar \u00e1tti enga sonu, heldur d\u00e6tur einar, h\u00e9tu \u00fe\u00e6r: Mahela, Noga, Hogla, Milka og Tirsa.<a name=\"4\"><span class=\"versanumer\">4<\/span><\/a>\u00de\u00e6r gengu til prestsins Eleasar, J\u00f3s\u00faa N\u00fanssonar og h\u00f6f\u00f0ingjanna, og tj\u00e1\u00f0u \u00feeim: Drottinn bau\u00f0 M\u00f3si a\u00f0 \u00fathluta oss arfi me\u00f0al br\u00e6\u00f0ra vorra; var \u00feeim \u00fe\u00e1 \u00fathluta\u00f0ur arfur \u00e1 me\u00f0al f\u00f6\u00f0urbr\u00e6\u00f0ra \u00feeirra, eftir bo\u00f0i Drottins.<a name=\"5\"><span class=\"versanumer\">5<\/span><\/a>Manassis \u00e6ttkv\u00edsl f\u00e9kk t\u00edu hluti auk Gilea\u00f0s og Basans, sem liggja hinumegin J\u00f3rdanar;<a name=\"6\"><span class=\"versanumer\">6<\/span><\/a>\u00fev\u00ed d\u00e6tur Manassis <span class='VideyAth'>*)<\/span> t\u00f3ku arf me\u00f0 sonum hans; en a\u00f0 Gilea\u00f0 fengu hinir a\u00f0rir ni\u00f0jar Manassis.<a name=\"7\"><span class=\"versanumer\">7<\/span><\/a>Landamerki Manassisni\u00f0ja v\u00f3ru fr\u00e1 Aser til Mikmeta, sem liggur gegnt Sikkem, og ganga til h\u00e6gri handar til \u00feeirra, sem b\u00faa \u00ed En-Tapp\u00faak;<a name=\"8\"><span class=\"versanumer\">8<\/span><\/a>Tapp\u00faaks land haf\u00f0i tilfalli\u00f0 Manassis \u00e6ttkv\u00edsl, en Tapp\u00faak sj\u00e1lf, sem l\u00e1 vi\u00f0 takm\u00f6rk Manassis \u00e6ttkv\u00edslar tilheyr\u00f0i Efraimsni\u00f0jum;<a name=\"9\"><span class=\"versanumer\">9<\/span><\/a>Liggja svo landamerkin ni\u00f0ur a\u00f0 Kana l\u00e6k, fyrir sunnan l\u00e6kinn. \u00deessir sta\u00f0ir tilheyr\u00f0u Efraimsni\u00f0jum en liggja \u00fe\u00f3 millum sta\u00f0a \u00feeirra, sem Manassisni\u00f0jar \u00e1ttu; en landamerki Manasse \u00e6ttkv\u00edslar er fyrir nor\u00f0an l\u00e6kinn, og enda vi\u00f0 hafi\u00f0; \u00fea\u00f0 sem var a\u00f0 sunnanver\u00f0u tilheyr\u00f0i Efraimsni\u00f0jum;<a name=\"10\"><span class=\"versanumer\">10<\/span><\/a>en \u00fea\u00f0 sem var a\u00f0 nor\u00f0anver\u00f0u, Manassisni\u00f0jum; hafi\u00f0 var landamerki \u00feeirra; a\u00f0 nor\u00f0anver\u00f0u l\u00e1 land \u00feeirra a\u00f0 Asers \u00e6ttkv\u00edsl, en a\u00f0 austanver\u00f0u a\u00f0 \u00cdsaskars.<a name=\"11\"><span class=\"versanumer\">11<\/span><\/a>En \u00ed \u00cdsaskars og Asers landi fengu Manassisni\u00f0jar Betsean me\u00f0 hennar hj\u00e1b\u00fdlum, Jibleam, me\u00f0 s\u00ednum hj\u00e1b\u00fdlum, innb\u00faarnir \u00ed D\u00f3r, me\u00f0 \u00feeirra hj\u00e1b\u00fdlum, innbyggjendurnir \u00ed End\u00f3r og hennar hj\u00e1b\u00fdli, Taakak og hennar hj\u00e1b\u00fdli, og innb\u00faarnir \u00ed Megiddo me\u00f0 s\u00ednum hj\u00e1b\u00fdlum, sem eru \u00ferj\u00e1r h\u00e6\u00f0ir.<a name=\"12\"><span class=\"versanumer\">12<\/span><\/a>Ekki g\u00e1tu Manassisni\u00f0jar n\u00e1\u00f0 st\u00f6\u00f0um \u00feessum, t\u00f3ku \u00fev\u00ed Kanan\u00edtarnir s\u00e9r b\u00f3lfestu \u00ed landi \u00feessu;<a name=\"13\"><span class=\"versanumer\">13<\/span><\/a>en \u00feegar styrkur \u00cdsraels manna \u00f3x, skattgiltu \u00feeir Kanan\u00edta, en r\u00e1ku \u00fe\u00e1 ekki algj\u00f6rlega burt.<br \/><a name=\"14\"><span class=\"versanumer\">14<\/span><\/a>\u00de\u00e1 t\u00f6lu\u00f0u J\u00f3sepsni\u00f0jar til J\u00f3s\u00faa og s\u00f6g\u00f0u: \u00fev\u00ed gafstu oss ekki nema eitt hlutskipti og einn erf\u00f0ahlut? v\u00e9r erum \u00fe\u00f3 fj\u00f6lmennir or\u00f0nir, vegna \u00feess a\u00f0 Gu\u00f0 hefir svo mj\u00f6g blessa\u00f0 oss hinga\u00f0 til,<a name=\"15\"><span class=\"versanumer\">15<\/span><\/a>en J\u00f3s\u00faa gaf \u00feeim \u00fea\u00f0 svar: ef \u00fe\u00e9r eru\u00f0 svo fj\u00f6lmennir, a\u00f0 Efra\u00edms fjall er y\u00f0ur of land\u00fer\u00f6ngt, fari\u00f0 \u00fe\u00e1 \u00ed sk\u00f3ginn \u00ed Feres\u00edta og Risa landi, og ry\u00f0ji\u00f0 y\u00f0ur \u00fear til b\u00f3lsta\u00f0a.<a name=\"16\"><span class=\"versanumer\">16<\/span><\/a>J\u00f3sepsni\u00f0jar sv\u00f6ru\u00f0u: v\u00e9r n\u00e1um ekki fjallinu, \u00fev\u00ed allir Kanan\u00edtar, sem \u00ed dallendinu b\u00faa og \u00ed Betsean og \u00feorpunum \u00fear \u00ed kring, og \u00ed Jisreels dalnum, hafa j\u00e1rnvagna.<a name=\"17\"><span class=\"versanumer\">17<\/span><\/a>J\u00f3s\u00faa sag\u00f0i \u00fe\u00e1 til J\u00f3seps afkomenda, Efra\u00edms og Manassis ni\u00f0ja: \u00fe\u00e9r eru\u00f0 fj\u00f6lmenn \u00fej\u00f3\u00f0 og mj\u00f6g \u00f6flugir, \u00fe\u00e9r skulu\u00f0 ekki hafa einn erf\u00f0ahlut,<a name=\"18\"><span class=\"versanumer\">18<\/span><\/a>\u00fev\u00ed fjalli\u00f0 skal vera y\u00f0ar; en \u00fear e\u00f0 \u00fea\u00f0 er sk\u00f3gi vaxi\u00f0, \u00fe\u00e1 h\u00f6ggvi\u00f0 sk\u00f3ginn, og hann skal tilheyra y\u00f0ur til ystu ummerkja; \u00fev\u00ed \u00fe\u00e9r skulu\u00f0 \u00fatreka Kanan\u00edtana, \u00fe\u00f3 \u00feeir hafi j\u00e1rnvagna og s\u00e9u voldugir.<\/p>\n<div class=\"footnoteVidey\">*) \u00de. e. D\u00e6tur Selofka\u00f0s, sem komnar voru af Mannasse, sj\u00e1 v. 3.<\/div>\n","protected":false},"excerpt":{"rendered":"<p>Hlutur h\u00e1lfrar Manassis \u00e6ttkv\u00edslar. 1Hlutur \u00e6ttkv\u00edslar Manassis, sem var frumgetinn sonur J\u00f3seps tilf\u00e9ll Mak\u00edr, sem var frumgetinn sonur Manassis og fa\u00f0ir Gilea\u00f0s; \u00feessi var bardaga ma\u00f0ur mikill, hlotna\u00f0ist honum landi\u00f0 Gilea\u00f0 og Basan.2Hinir a\u00f0rir ni\u00f0jar Manassis fengu sinn hluta eftir \u00feeirra kyn\u00fe\u00e1ttum: nefnilega synir Abiesers, Heleks, Asr\u00edels, Sekems, Hefers og Semida. \u00deessir v\u00f3ru afkomendur Manassis J\u00f3sepssonar \u00ed karllegginn.3En Selofka\u00f0 Hefersson Gilea\u00f0ssonar, Mak\u00edrssonar Manassissonar \u00e1tti enga sonu, heldur d\u00e6tur einar, h\u00e9tu \u00fe\u00e6r: Mahela, Noga, Hogla, Milka og Tirsa.4\u00de\u00e6r gengu til prestsins Eleasar, J\u00f3s\u00faa N\u00fanssonar og h\u00f6f\u00f0ingjanna, og tj\u00e1\u00f0u \u00feeim: Drottinn bau\u00f0 M\u00f3si a\u00f0 \u00fathluta oss arfi me\u00f0al br\u00e6\u00f0ra vorra; var \u00feeim <a href=\"https:\/\/biblian.is\/videy\/josuabok-17-kafli\/\"> [&#8230;]<\/a><\/p>\n","protected":false},"author":1,"featured_media":0,"parent":0,"menu_order":0,"comment_status":"open","ping_status":"open","template":"bibliukaflar.php","meta":{"footnotes":""},"class_list":["post-21053","page","type-page","status-publish","hentry"],"_links":{"self":[{"href":"https:\/\/biblian.is\/videy\/wp-json\/wp\/v2\/pages\/21053","targetHints":{"allow":["GET"]}}],"collection":[{"href":"https:\/\/biblian.is\/videy\/wp-json\/wp\/v2\/pages"}],"about":[{"href":"https:\/\/biblian.is\/videy\/wp-json\/wp\/v2\/types\/page"}],"author":[{"embeddable":true,"href":"https:\/\/biblian.is\/videy\/wp-json\/wp\/v2\/users\/1"}],"replies":[{"embeddable":true,"href":"https:\/\/biblian.is\/videy\/wp-json\/wp\/v2\/comments?post=21053"}],"version-history":[{"count":0,"href":"https:\/\/biblian.is\/videy\/wp-json\/wp\/v2\/pages\/21053\/revisions"}],"wp:attachment":[{"href":"https:\/\/biblian.is\/videy\/wp-json\/wp\/v2\/media?parent=21053"}],"curies":[{"name":"wp","href":"https:\/\/api.w.org\/{rel}","templated":true}]}}