{"id":21052,"date":"2018-01-02T01:00:08","date_gmt":"2018-01-02T01:00:08","guid":{"rendered":"http:\/\/biblian.is\/videy\/josuabok-16-kafli\/"},"modified":"2018-01-02T01:00:08","modified_gmt":"2018-01-02T01:00:08","slug":"josuabok-16-kafli","status":"publish","type":"page","link":"https:\/\/biblian.is\/videy\/josuabok-16-kafli\/","title":{"rendered":"J\u00f3s\u00faab\u00f3k 16. kafli"},"content":{"rendered":"<div class=\"fyrirsognVidey\">Hlutur J\u00f3seps \u00e6ttkv\u00edslar: Efraims \u00e6ttkv\u00edslar.<\/div>\n<p><a name=\"1\"><span class=\"versanumer\">1<\/span><\/a>S\u00ed\u00f0an kom upp hlutur J\u00f3sepsni\u00f0ja, og hlotna\u00f0ist \u00feeim landi\u00f0 fr\u00e1 J\u00f3rdan hj\u00e1 Jer\u00edk\u00f3, til Jer\u00edk\u00f3ar vatna a\u00f0 austanver\u00f0u, ey\u00f0im\u00f6rkin sem gengur upp fr\u00e1 Jer\u00edk\u00f3 yfir Betelsfjall;<a name=\"2\"><span class=\"versanumer\">2<\/span><\/a>fr\u00e1 Betel liggja landamerkin til L\u00fas, \u00fea\u00f0an yfir til landamerkja Arkitanna, til Atarot,<a name=\"3\"><span class=\"versanumer\">3<\/span><\/a>\u00fea\u00f0an \u00ed vestur, ni\u00f0ur til landamerkja Jafleta, og til ne\u00f0ri Bethorons merkja, allt til Gaser, og allt til hafsins.<a name=\"4\"><span class=\"versanumer\">4<\/span><\/a>\u00deetta var hlutskipti \u00feeirra Manassis og Efraims J\u00f3sepssona. <br \/><a name=\"5\"><span class=\"versanumer\">5<\/span><\/a>\u00deetta voru takm\u00f6rk Efraims ni\u00f0ja eftir \u00feeirra kyn\u00fe\u00e1ttum; takm\u00f6rk erf\u00f0ahluta \u00feeirra voru a\u00f0 austanver\u00f0u fr\u00e1 AtrorAddar til efri Bethoron;<a name=\"6\"><span class=\"versanumer\">6<\/span><\/a>\u00fe\u00e1 liggja landamerkin vestur eftir \u00feannig, a\u00f0 Mikmetat liggur nor\u00f0an til vi\u00f0 merkin, beygjast svo landamerkin \u00ed austur til Takat-Sil\u00f3, og \u00fear yfir fyrir austan Jan\u00f3ka;<a name=\"7\"><span class=\"versanumer\">7<\/span><\/a>liggja svo ni\u00f0ur eftir fr\u00e1 Janoka til Atarot og Naarata, lenda hj\u00e1 Jer\u00edk\u00f3 og liggja svo ni\u00f0ur til J\u00f3rdanar.<a name=\"8\"><span class=\"versanumer\">8<\/span><\/a>Fr\u00e1 Tap\u00faak stefna landamerkin \u00ed vestur til l\u00e6kjarins Kana og enda vi\u00f0 sj\u00f3. \u00deessi er Efraimsni\u00f0ja erf\u00f0ahluti eftir kyn\u00fe\u00e1ttum \u00feeirra.<a name=\"9\"><span class=\"versanumer\">9<\/span><\/a>Og \u00fear a\u00f0 auki sta\u00f0ir \u00feeir, sem Efraimsni\u00f0jum voru \u00fathluta\u00f0ir \u00ed landi Manassisni\u00f0ja, allir \u00feessir sta\u00f0ir me\u00f0 \u00feeirra \u00feorpum.<a name=\"10\"><span class=\"versanumer\">10<\/span><\/a>En \u00feeir \u00fatr\u00e1ku ekki \u00fe\u00e1 Kanan\u00edta, sem bjuggu \u00ed Gaser, b\u00faa \u00fev\u00ed Kanan\u00edtar me\u00f0al Efra\u00edm\u00edta fram \u00e1 \u00feennan dag og eru \u00feeim skattskyldir.<\/p>\n<div class=\"footnoteVidey\"><\/div>\n","protected":false},"excerpt":{"rendered":"<p>Hlutur J\u00f3seps \u00e6ttkv\u00edslar: Efraims \u00e6ttkv\u00edslar. 1S\u00ed\u00f0an kom upp hlutur J\u00f3sepsni\u00f0ja, og hlotna\u00f0ist \u00feeim landi\u00f0 fr\u00e1 J\u00f3rdan hj\u00e1 Jer\u00edk\u00f3, til Jer\u00edk\u00f3ar vatna a\u00f0 austanver\u00f0u, ey\u00f0im\u00f6rkin sem gengur upp fr\u00e1 Jer\u00edk\u00f3 yfir Betelsfjall;2fr\u00e1 Betel liggja landamerkin til L\u00fas, \u00fea\u00f0an yfir til landamerkja Arkitanna, til Atarot,3\u00fea\u00f0an \u00ed vestur, ni\u00f0ur til landamerkja Jafleta, og til ne\u00f0ri Bethorons merkja, allt til Gaser, og allt til hafsins.4\u00deetta var hlutskipti \u00feeirra Manassis og Efraims J\u00f3sepssona. 5\u00deetta voru takm\u00f6rk Efraims ni\u00f0ja eftir \u00feeirra kyn\u00fe\u00e1ttum; takm\u00f6rk erf\u00f0ahluta \u00feeirra voru a\u00f0 austanver\u00f0u fr\u00e1 AtrorAddar til efri Bethoron;6\u00fe\u00e1 liggja landamerkin vestur eftir \u00feannig, a\u00f0 Mikmetat liggur nor\u00f0an til vi\u00f0 merkin, beygjast <a href=\"https:\/\/biblian.is\/videy\/josuabok-16-kafli\/\"> [&#8230;]<\/a><\/p>\n","protected":false},"author":1,"featured_media":0,"parent":0,"menu_order":0,"comment_status":"open","ping_status":"open","template":"bibliukaflar.php","meta":{"footnotes":""},"class_list":["post-21052","page","type-page","status-publish","hentry"],"_links":{"self":[{"href":"https:\/\/biblian.is\/videy\/wp-json\/wp\/v2\/pages\/21052","targetHints":{"allow":["GET"]}}],"collection":[{"href":"https:\/\/biblian.is\/videy\/wp-json\/wp\/v2\/pages"}],"about":[{"href":"https:\/\/biblian.is\/videy\/wp-json\/wp\/v2\/types\/page"}],"author":[{"embeddable":true,"href":"https:\/\/biblian.is\/videy\/wp-json\/wp\/v2\/users\/1"}],"replies":[{"embeddable":true,"href":"https:\/\/biblian.is\/videy\/wp-json\/wp\/v2\/comments?post=21052"}],"version-history":[{"count":0,"href":"https:\/\/biblian.is\/videy\/wp-json\/wp\/v2\/pages\/21052\/revisions"}],"wp:attachment":[{"href":"https:\/\/biblian.is\/videy\/wp-json\/wp\/v2\/media?parent=21052"}],"curies":[{"name":"wp","href":"https:\/\/api.w.org\/{rel}","templated":true}]}}