{"id":21051,"date":"2018-01-02T01:00:08","date_gmt":"2018-01-02T01:00:08","guid":{"rendered":"http:\/\/biblian.is\/videy\/josuabok-15-kafli\/"},"modified":"2018-01-02T01:00:08","modified_gmt":"2018-01-02T01:00:08","slug":"josuabok-15-kafli","status":"publish","type":"page","link":"https:\/\/biblian.is\/videy\/josuabok-15-kafli\/","title":{"rendered":"J\u00f3s\u00faab\u00f3k 15. kafli"},"content":{"rendered":"<div class=\"fyrirsognVidey\">Hlutur J\u00fada \u00e6ttkv\u00edslar.<\/div>\n<p><a name=\"1\"><span class=\"versanumer\">1<\/span><\/a>Hlutskipti J\u00fada \u00e6ttkv\u00edslar eftir kyn\u00fe\u00e1ttum hennar n\u00e1\u00f0i til Ed\u00f3ms landamerkja og ey\u00f0imerkurinnar S\u00edn, lengst til su\u00f0urs.<a name=\"2\"><span class=\"versanumer\">2<\/span><\/a>Su\u00f0urlandamerki \u00feeirra byrja vi\u00f0 enda Saltahafsins, fr\u00e1 \u00feeirri v\u00edk sem sn\u00fdr til su\u00f0urs,<a name=\"3\"><span class=\"versanumer\">3<\/span><\/a>og liggja sunnanvert vi\u00f0 \u00fear sem upp er gengi\u00f0 til Akrabbim og yfir um S\u00edn, og upp eftir sunnan til vi\u00f0 Kadesbarnea yfir um Hesron, upp til Adar, kringum Karkaa,<a name=\"4\"><span class=\"versanumer\">4<\/span><\/a>yfir um Asmon, liggja svo til Egyptalandsl\u00e6kjar, og \u00fat \u00ed hafi\u00f0, \u00feessi skulu vera y\u00f0ar landamerki a\u00f0 sunnanver\u00f0u.<a name=\"5\"><span class=\"versanumer\">5<\/span><\/a>Landamerkin a\u00f0 austanver\u00f0u eru Saltahafi\u00f0 \u00fear til sem J\u00f3rdan fellur \u00ed \u00fea\u00f0. En takm\u00f6rkin a\u00f0 nor\u00f0anver\u00f0u byrja vi\u00f0 \u00fe\u00e1 v\u00edk hafsins, \u00fear sem J\u00f3rdan fellur \u00ed \u00fea\u00f0,<a name=\"6\"><span class=\"versanumer\">6<\/span><\/a>liggja s\u00ed\u00f0an upp til Bethogla, framhj\u00e1 Betaraba a\u00f0 nor\u00f0anver\u00f0u, svo upp til steins B\u00f3hans, R\u00fabenssonar;<a name=\"7\"><span class=\"versanumer\">7<\/span><\/a>\u00fe\u00e1 liggja landamerkin fr\u00e1 Akkorsdal til Deb\u00edr, svo a\u00f0 nor\u00f0ur eftir til Gilgal, sem liggur \u00fear gegnt sem upp er gengi\u00f0 til Adum\u00edm, sunnanvert vi\u00f0 dalinn, \u00fea\u00f0an liggja landamerkin til Ensemesvatns, og enda vi\u00f0 R\u00f3gelslind.<a name=\"8\"><span class=\"versanumer\">8<\/span><\/a>S\u00ed\u00f0an liggja landamerkin upp til Hinnomssonardals, a\u00f0 sunnanver\u00f0u vi\u00f0 Jeb\u00fas\u00edtaland, \u00fea\u00f0 er Jer\u00fasalem <span class='VideyAth'>*)<\/span> upp til fjallstindsins, sem er beint \u00ed vestur fr\u00e1 Hinnomsdal vi\u00f0 nor\u00f0urenda Risadalsins;<a name=\"9\"><span class=\"versanumer\">9<\/span><\/a>fr\u00e1 \u00feessum fjallstindi stefna \u00feau til Neft\u00f3akslindar, \u00fea\u00f0an \u00fat til Efronsfjalls sta\u00f0a, \u00fea\u00f0an til Baala, \u00f6\u00f0ru nafni Kirjat-Jearim.<a name=\"10\"><span class=\"versanumer\">10<\/span><\/a>\u00dea\u00f0an beygjast landamerkin fr\u00e1 Baala \u00ed vestur til Seirsfjalls, liggja nor\u00f0anvert vi\u00f0 Sk\u00f3gafjall, sem l\u00edka kallast Kesalon, \u00fe\u00e1 ofan til Betsemes yfir Timna;<a name=\"11\"><span class=\"versanumer\">11<\/span><\/a>\u00fea\u00f0an \u00ed nor\u00f0ur r\u00e9tt me\u00f0 Ekron, \u00fea\u00f0an til S\u00edkron yfir Baalafjall, og \u00fat til Jabneel \u00ed sj\u00f3 fram.<a name=\"12\"><span class=\"versanumer\">12<\/span><\/a>Landamerki a\u00f0 vestanver\u00f0u er Hafi\u00f0 mikla og takm\u00f6rk \u00feess; \u00feetta eru landamerki J\u00fadani\u00f0ja \u00e1 allar hli\u00f0ar fyrir \u00feeirra kyn\u00fe\u00e6tti.<a name=\"13\"><span class=\"versanumer\">13<\/span><\/a>Kaleb Jef\u00fannisson f\u00e9kk sinn hlut me\u00f0al J\u00fadani\u00f0ja, eins og Drottinn haf\u00f0i sagt J\u00f3s\u00faa, nefnilega Arba borg, f\u00f6\u00f0ur Enaks \u00fea\u00f0 er Hebron.<a name=\"14\"><span class=\"versanumer\">14<\/span><\/a>Kaleb rak \u00fea\u00f0an \u00ferj\u00e1 Enaks ni\u00f0ja, Sesa\u00ed, Akiman og Talmai, sem voru komnir af Enak.<a name=\"15\"><span class=\"versanumer\">15<\/span><\/a>\u00dea\u00f0an f\u00f3r hann m\u00f3t Deb\u00edrsb\u00faum; var Deb\u00edr til forna nefndur Sefersta\u00f0ur;<a name=\"16\"><span class=\"versanumer\">16<\/span><\/a>og Kaleb sag\u00f0i: hv\u00f6r sem vinnur Sefersta\u00f0, honum skal eg gefa d\u00f3ttur m\u00edna Aksa.<a name=\"17\"><span class=\"versanumer\">17<\/span><\/a>Otn\u00edel Kenasson, br\u00f3\u00f0urson Kalebs vann hann og gaf Kaleb honum d\u00f3ttur s\u00edna Aksa.<a name=\"18\"><span class=\"versanumer\">18<\/span><\/a>\u00deegar h\u00fan skyldi heim fara <span class='VideyAth'>(me\u00f0 b\u00f3nda s\u00ednum)<\/span>, r\u00e1\u00f0lag\u00f0i h\u00fan honum, a\u00f0 bei\u00f0ast lands nokkurs af f\u00f6\u00f0ur hennar; h\u00fan steig \u00fe\u00e1 ni\u00f0ur af asnanum, Kaleb spur\u00f0i hana \u00fe\u00e1: hva\u00f0 gengur a\u00f0 \u00fe\u00e9r?<a name=\"19\"><span class=\"versanumer\">19<\/span><\/a>H\u00fan svara\u00f0i: gef m\u00e9r g\u00e1fu nokkra. \u00de\u00fa hefir gefi\u00f0 m\u00e9r su\u00f0urlandi\u00f0, gef m\u00e9r vatnslindir nokkrar me\u00f0; gaf hann henni \u00fe\u00e1 efri og ne\u00f0ri lindirnar. <br \/><a name=\"20\"><span class=\"versanumer\">20<\/span><\/a>\u00deessi er arfahluti J\u00fada \u00e6ttkv\u00edslar eftir hennar kyn\u00fe\u00e1ttum:<a name=\"21\"><span class=\"versanumer\">21<\/span><\/a>Sta\u00f0irnir sy\u00f0st \u00ed J\u00fada \u00e6ttkv\u00edsl vi\u00f0 Edoms takm\u00f6rk eru: Kabseel, Eder, Jag\u00far,<a name=\"22\"><span class=\"versanumer\">22<\/span><\/a>K\u00edna, D\u00edm\u00f3na, Adada,<a name=\"23\"><span class=\"versanumer\">23<\/span><\/a>Kedes, Hadsor, Ittnan,<a name=\"24\"><span class=\"versanumer\">24<\/span><\/a>Siff, Telem, Bealor,<a name=\"25\"><span class=\"versanumer\">25<\/span><\/a>Hadsor-Hadatta, Kirjot-Hedsron <span class='VideyAth'>(er sama sem Hafsor)<\/span><a name=\"26\"><span class=\"versanumer\">26<\/span><\/a>Amam, Sema, M\u00f3lada,<a name=\"27\"><span class=\"versanumer\">27<\/span><\/a>Hasargadda, Hesmon, Betpalet,<a name=\"28\"><span class=\"versanumer\">28<\/span><\/a>Hasar-S\u00faal, Berseba, Bisj\u00f3tja,<a name=\"29\"><span class=\"versanumer\">29<\/span><\/a>Baala-G\u00edim, Adsem,<a name=\"30\"><span class=\"versanumer\">30<\/span><\/a>Elt\u00f3lad, Kesil, Horma,<a name=\"31\"><span class=\"versanumer\">31<\/span><\/a>Siklag, Madmanna, Sansanna,<a name=\"32\"><span class=\"versanumer\">32<\/span><\/a>Lebaot, Silkim, Ain og Rimmon. \u00deetta eru alls 29 sta\u00f0ir me\u00f0 \u00feeirra \u00feorpum.<a name=\"33\"><span class=\"versanumer\">33<\/span><\/a>En \u00e1 l\u00e1glendinu v\u00f3ru: Estaol, Sora, Asna,<a name=\"34\"><span class=\"versanumer\">34<\/span><\/a>Sanoa, En-Gannim, Tappuak, Enam,<a name=\"35\"><span class=\"versanumer\">35<\/span><\/a>Jarm\u00fat, Adullam, S\u00f3k\u00f3, Aseka,<a name=\"36\"><span class=\"versanumer\">36<\/span><\/a>Saaraim, Ad\u00edtaim, Gedera, Gederotaim, \u00fea\u00f0 eru 14 sta\u00f0ir me\u00f0 \u00feeirra \u00feorpum.<a name=\"37\"><span class=\"versanumer\">37<\/span><\/a>Senan, Hadasa, Migdal-Gad,<a name=\"38\"><span class=\"versanumer\">38<\/span><\/a>Dilan, Mispe, Joktel,<a name=\"39\"><span class=\"versanumer\">39<\/span><\/a>Lakis, Boskat, Eglon,<a name=\"40\"><span class=\"versanumer\">40<\/span><\/a>Kabb\u00f3n, Lakman, Kitlis,<a name=\"41\"><span class=\"versanumer\">41<\/span><\/a>Geder\u00f3t, Bet-Dag\u00f3n, Naema og Makeda. \u00dea\u00f0 eru sext\u00e1n sta\u00f0ir me\u00f0 \u00feeirra \u00feorpum.<a name=\"42\"><span class=\"versanumer\">42<\/span><\/a>Libna, Eter, Asan,<a name=\"43\"><span class=\"versanumer\">43<\/span><\/a>Jifta, Asna, Nesib,<a name=\"44\"><span class=\"versanumer\">44<\/span><\/a>Kegila, Aksib, Maresa; n\u00edu sta\u00f0ir me\u00f0 undirliggjandi \u00feorpum.<a name=\"45\"><span class=\"versanumer\">45<\/span><\/a>Ekron me\u00f0 tilheyrandi st\u00f6\u00f0um og \u00feorpum.<a name=\"46\"><span class=\"versanumer\">46<\/span><\/a>Fr\u00e1 Ekr\u00f3n \u00fat til sj\u00f3ar, allt \u00fea\u00f0 sem liggur til hli\u00f0ar vi\u00f0 Asdod, og \u00feartil heyrandi \u00feorp;<a name=\"47\"><span class=\"versanumer\">47<\/span><\/a>Asdod me\u00f0 undirliggjandi st\u00f6\u00f0um og \u00feorpum, Gasa me\u00f0 tilheyrandi st\u00f6\u00f0um og \u00feorpum til Egyptalandsl\u00e6kjar, og Hafsins mikla og \u00feess takmarka.<a name=\"48\"><span class=\"versanumer\">48<\/span><\/a>En \u00e1 fjallbygg\u00f0um: Sam\u00edr, Jattir, Sokk\u00f3,<a name=\"49\"><span class=\"versanumer\">49<\/span><\/a>Danna, Kirjat-Sanna, sem l\u00edka kallast Deb\u00edr,<a name=\"50\"><span class=\"versanumer\">50<\/span><\/a>Anab, Estem\u00f3, An\u00edm,<a name=\"51\"><span class=\"versanumer\">51<\/span><\/a>Gosen, Holon, Gilo, ellefu sta\u00f0ir me\u00f0 undirliggjandi \u00feorpum;<a name=\"52\"><span class=\"versanumer\">52<\/span><\/a>Arab, D\u00fama, Esean,<a name=\"53\"><span class=\"versanumer\">53<\/span><\/a>Jan\u00fam, Bet-Tapp\u00faak, Afeka,<a name=\"54\"><span class=\"versanumer\">54<\/span><\/a>H\u00famta, Kirjat-Arba, e\u00f0a Hebron, og Si\u00f3r, n\u00edu borgir og \u00feeirra \u00feorp;<a name=\"55\"><span class=\"versanumer\">55<\/span><\/a>Ma\u00f3n, Karmel, S\u00edf, J\u00fata,<a name=\"56\"><span class=\"versanumer\">56<\/span><\/a>Jisreel, Jokdeam, Sanoak,<a name=\"57\"><span class=\"versanumer\">57<\/span><\/a>Kain, Gibea, Timna, t\u00edu borgir og \u00feeirra \u00feorp;<a name=\"58\"><span class=\"versanumer\">58<\/span><\/a>Halh\u00fal, Bet-S\u00far, Ged\u00f3r,<a name=\"59\"><span class=\"versanumer\">59<\/span><\/a>Maarat, BetAnot og Eltekon; sex sta\u00f0ir me\u00f0 \u00feeirra \u00feorpum.<a name=\"60\"><span class=\"versanumer\">60<\/span><\/a>Kirjat-Baal, heitir n\u00fa Kirjatjearim, og Rabba, tveir sta\u00f0ir me\u00f0 \u00feeirra tilheyrandi \u00feorpum.<br \/><a name=\"61\"><span class=\"versanumer\">61<\/span><\/a>\u00cd ey\u00f0im\u00f6rkinni Bet-Araba , Midd\u00edn, Sekaka,<a name=\"62\"><span class=\"versanumer\">62<\/span><\/a>Ribsam, Saltsta\u00f0urinn og Engedi, sex sta\u00f0ir me\u00f0 undirliggjandi \u00feorpum.<br \/><a name=\"63\"><span class=\"versanumer\">63<\/span><\/a>En Jeb\u00fas\u00edtana sem \u00ed Jer\u00fasalem bjuggu, g\u00e1tu J\u00fadani\u00f0jar ekki \u00fatreki\u00f0; b\u00faa \u00fev\u00ed Jeb\u00fas\u00edtar \u00e1samt J\u00fadab\u00f6rnum \u00ed Jer\u00fasalem inn til \u00feessa dags.<\/p>\n<div class=\"footnoteVidey\">*) Jer\u00fasalem tilheyr\u00f0i \u00e1\u00f0ur Jeb\u00fas\u00edtum, 1 Kron. 11,4.<\/div>\n","protected":false},"excerpt":{"rendered":"<p>Hlutur J\u00fada \u00e6ttkv\u00edslar. 1Hlutskipti J\u00fada \u00e6ttkv\u00edslar eftir kyn\u00fe\u00e1ttum hennar n\u00e1\u00f0i til Ed\u00f3ms landamerkja og ey\u00f0imerkurinnar S\u00edn, lengst til su\u00f0urs.2Su\u00f0urlandamerki \u00feeirra byrja vi\u00f0 enda Saltahafsins, fr\u00e1 \u00feeirri v\u00edk sem sn\u00fdr til su\u00f0urs,3og liggja sunnanvert vi\u00f0 \u00fear sem upp er gengi\u00f0 til Akrabbim og yfir um S\u00edn, og upp eftir sunnan til vi\u00f0 Kadesbarnea yfir um Hesron, upp til Adar, kringum Karkaa,4yfir um Asmon, liggja svo til Egyptalandsl\u00e6kjar, og \u00fat \u00ed hafi\u00f0, \u00feessi skulu vera y\u00f0ar landamerki a\u00f0 sunnanver\u00f0u.5Landamerkin a\u00f0 austanver\u00f0u eru Saltahafi\u00f0 \u00fear til sem J\u00f3rdan fellur \u00ed \u00fea\u00f0. En takm\u00f6rkin a\u00f0 nor\u00f0anver\u00f0u byrja vi\u00f0 \u00fe\u00e1 v\u00edk hafsins, \u00fear sem J\u00f3rdan <a href=\"https:\/\/biblian.is\/videy\/josuabok-15-kafli\/\"> [&#8230;]<\/a><\/p>\n","protected":false},"author":1,"featured_media":0,"parent":0,"menu_order":0,"comment_status":"open","ping_status":"open","template":"bibliukaflar.php","meta":{"footnotes":""},"class_list":["post-21051","page","type-page","status-publish","hentry"],"_links":{"self":[{"href":"https:\/\/biblian.is\/videy\/wp-json\/wp\/v2\/pages\/21051","targetHints":{"allow":["GET"]}}],"collection":[{"href":"https:\/\/biblian.is\/videy\/wp-json\/wp\/v2\/pages"}],"about":[{"href":"https:\/\/biblian.is\/videy\/wp-json\/wp\/v2\/types\/page"}],"author":[{"embeddable":true,"href":"https:\/\/biblian.is\/videy\/wp-json\/wp\/v2\/users\/1"}],"replies":[{"embeddable":true,"href":"https:\/\/biblian.is\/videy\/wp-json\/wp\/v2\/comments?post=21051"}],"version-history":[{"count":0,"href":"https:\/\/biblian.is\/videy\/wp-json\/wp\/v2\/pages\/21051\/revisions"}],"wp:attachment":[{"href":"https:\/\/biblian.is\/videy\/wp-json\/wp\/v2\/media?parent=21051"}],"curies":[{"name":"wp","href":"https:\/\/api.w.org\/{rel}","templated":true}]}}