{"id":21049,"date":"2018-01-02T01:00:02","date_gmt":"2018-01-02T01:00:02","guid":{"rendered":"http:\/\/biblian.is\/videy\/josuabok-13-kafli\/"},"modified":"2018-01-02T01:00:02","modified_gmt":"2018-01-02T01:00:02","slug":"josuabok-13-kafli","status":"publish","type":"page","link":"https:\/\/biblian.is\/videy\/josuabok-13-kafli\/","title":{"rendered":"J\u00f3s\u00faab\u00f3k 13. kafli"},"content":{"rendered":"<div class=\"fyrirsognVidey\">Drottinn b\u00fd\u00f0ur a\u00f0 skipta landinu. Land R\u00fabens, Ga\u00f0s og h\u00e1lfrar Manasse \u00e6ttkv\u00edslar.<\/div>\n<p><a name=\"1\"><span class=\"versanumer\">1<\/span><\/a>\u00deegar J\u00f3s\u00faa t\u00f3k a\u00f0 gj\u00f6rast gamall og aldra\u00f0ur, sag\u00f0i Drottinn til hans: \u00fe\u00fa ert or\u00f0inn gamall og aldurhniginn, en miki\u00f0 er enn af landinu \u00f3unni\u00f0.<a name=\"2\"><span class=\"versanumer\">2<\/span><\/a>\u00deetta land er enn eftir: Filistealand allt og allt Ges\u00faraland;<a name=\"3\"><span class=\"versanumer\">3<\/span><\/a>fr\u00e1 Sih\u00f3r, sem rennur fram me\u00f0 Egyptalandi til Ekrons landamerkja m\u00f3t nor\u00f0ri; \u00feetta telst me\u00f0 Kanaanslandi; \u00feeir fimm h\u00f6f\u00f0ingjar Filisteanna yfir Gasa, Asdod, Askalon, Gat, Ekron og Ava.<a name=\"4\"><span class=\"versanumer\">4<\/span><\/a>En sunnan til er allt Kanan\u00edtaland og Meara, sem S\u00eddonar eiga allt til Afeka og landamerkja Amor\u00edta;<a name=\"5\"><span class=\"versanumer\">5<\/span><\/a>\u00fe\u00e1 er Gibl\u00edtaland og allur L\u00edbanon fyrir austan fr\u00e1 Baalga\u00f0 undir Hermonsfjalli, \u00fear til komi\u00f0 er til Hamat.<a name=\"6\"><span class=\"versanumer\">6<\/span><\/a>Allir fjallab\u00faarnir fr\u00e1 L\u00edbanon til Hveranna, og allir Sid\u00f3nar; \u00feessa vil eg alla reka upp fr\u00e1 \u00cdsraelsb\u00f6rnum; en \u00fe\u00fa legg \u00e1 hluti, og skipt \u00feeim \u00e1 me\u00f0al \u00cdsraelsbarna eins og eg bau\u00f0 \u00fe\u00e9r.<a name=\"7\"><span class=\"versanumer\">7<\/span><\/a>Svo skipt \u00fe\u00e1 landi \u00feessu til eignar \u00feeim 9 \u00e6ttkv\u00edslum og h\u00e1lfri Manassis \u00e6ttkv\u00edsl;<a name=\"8\"><span class=\"versanumer\">8<\/span><\/a>\u00fev\u00ed me\u00f0 hinum helmingnum <span class='VideyAth'>(af Manasse \u00e6ttkv\u00edsl)<\/span> hafa \u00feeir R\u00faben og Ga\u00f0 fengi\u00f0 sinn hluta, sem M\u00f3ses haf\u00f0i skipt \u00feeim hinumegin fyrir austan J\u00f3rdan, eftir \u00feeim skiptum sem M\u00f3ses \u00fej\u00f3n Drottins haf\u00f0i gj\u00f6rt \u00feeim til handa:<a name=\"9\"><span class=\"versanumer\">9<\/span><\/a>fr\u00e1 Aroer sem liggur vi\u00f0 Arnons l\u00e6kjarbakka, borgina sem liggur \u00ed \u00e1nni, allt flatlendi\u00f0 hj\u00e1 Medba allt til D\u00edbons,<a name=\"10\"><span class=\"versanumer\">10<\/span><\/a>alla sta\u00f0ina, sem \u00e1tti S\u00edhon Amor\u00edtak\u00f3ngur, er sat \u00ed Hesbon, til landamerkja Amor\u00edtanna;<a name=\"11\"><span class=\"versanumer\">11<\/span><\/a>einnig G\u00edlea\u00f0, Ges\u00fara og Makatitaland, Hermonsfjall allt, og allt Basansland til Salka.<a name=\"12\"><span class=\"versanumer\">12<\/span><\/a>Allt r\u00edki\u00f0 \u00ed Basan, sem \u00d3g hefir \u00e1tt, er r\u00edkti \u00ed Astarot og Edrei, og einn var eftir af risa\u00e6ttinni. En M\u00f3ses yfirvann og \u00fatrak \u00fe\u00e1.<a name=\"13\"><span class=\"versanumer\">13<\/span><\/a>En \u00cdsraelsmenn \u00fatr\u00e1ku ekki Ges\u00fara og Makat\u00edta, heldur b\u00faa Ges\u00farar og Makat\u00edtar me\u00f0al \u00cdsraelsbarna allt til \u00feessa dags.<a name=\"14\"><span class=\"versanumer\">14<\/span><\/a>\u00dear \u00e1 m\u00f3ti gaf hann Lev\u00ed \u00e6ttkv\u00edsl til enga fasteign, \u00fev\u00ed eldf\u00f3rn Drottins \u00cdsraels Gu\u00f0s er arfur hennar, eins og hann, <span class='VideyAth'>(Drottinn)<\/span> sag\u00f0i honum <span class='VideyAth'>(M\u00f3ses)<\/span>. <br \/><a name=\"15\"><span class=\"versanumer\">15<\/span><\/a>M\u00f3ses \u00fathluta\u00f0i \u00e6ttkv\u00edsl R\u00fabensni\u00f0ja arfi eftir \u00feeirra kyn\u00fe\u00e1ttum.<a name=\"16\"><span class=\"versanumer\">16<\/span><\/a>\u00deeir \u00e1ttu landamerki fr\u00e1 Ar\u00f3er, sem liggur vi\u00f0 Arnons l\u00e6kjarbakka, borgina sem liggur \u00ed \u00e1nni, allt sl\u00e9ttlendi\u00f0 hj\u00e1 Medba,<a name=\"17\"><span class=\"versanumer\">17<\/span><\/a>Hesbon og \u00f6ll hennar \u00feorp, sem liggja \u00e1 sl\u00e9ttlendinu, D\u00edbon, Bamot-baal og Bet-baalmeon;<a name=\"18\"><span class=\"versanumer\">18<\/span><\/a>Jaheasa, Kedemot, Mefaat;<a name=\"19\"><span class=\"versanumer\">19<\/span><\/a>Kirjataim, Sibma, Seret-Sahar \u00e1 fjallinu \u00ed dalnum,<a name=\"20\"><span class=\"versanumer\">20<\/span><\/a>og Betpeor, P\u00edsgafjallsr\u00e6tur og Betjesim\u00f3t,<a name=\"21\"><span class=\"versanumer\">21<\/span><\/a>og alla sta\u00f0i \u00e1 sl\u00e9ttlendinu; samt allt r\u00edki S\u00edhons Amor\u00edtak\u00f3ngs, sem sat \u00ed Hesbon, er M\u00f3ses sigra\u00f0i undir eins og Midians h\u00f6f\u00f0ingja, Evi, Rekem, S\u00far, H\u00far og Reba, jarla S\u00edhons, sem bjuggu \u00ed \u00feessu landi.<a name=\"22\"><span class=\"versanumer\">22<\/span><\/a>Me\u00f0al \u00feeirra, sem Gy\u00f0ingar dr\u00e1pu me\u00f0 sver\u00f0i, var l\u00edka B\u00edleam sp\u00e1ma\u00f0urinn Be\u00f3rsson.<a name=\"23\"><span class=\"versanumer\">23<\/span><\/a>Landamerki R\u00fabensni\u00f0ja var J\u00f3rdan me\u00f0 landinu a\u00f0 henni; \u00feetta var arfahluti R\u00fabensni\u00f0ja eftir \u00feeirra kyn\u00fe\u00e1ttum, borgirnar og \u00feorp \u00feeirra.<br \/><a name=\"24\"><span class=\"versanumer\">24<\/span><\/a>Ga\u00f0s \u00e6ttkv\u00edsl, Ga\u00f0sni\u00f0jum, \u00fathluta\u00f0i M\u00f3ses arfi eftir kyn\u00fe\u00e1ttum \u00feeirra;<a name=\"25\"><span class=\"versanumer\">25<\/span><\/a>\u00feeirra landi tilheyr\u00f0i Jaeser og allir sta\u00f0irnir \u00ed G\u00edlea\u00f0 og helft Amm\u00f3n\u00edtalands allt til Ar\u00f3er, sem liggur gegnt Rabba;<a name=\"26\"><span class=\"versanumer\">26<\/span><\/a>fr\u00e1 Hesbon, til Ramat-mispe og Betonim, og fr\u00e1 Mahanaim til Deb\u00edrs landamerkja;<a name=\"27\"><span class=\"versanumer\">27<\/span><\/a>og \u00ed dalnum fengu \u00feeir Bet-Haram, Bet-Nimra, Sukkot og Saf\u00f3n, sem eftir var af r\u00edki S\u00edhons, Hesbonsk\u00f3ngs, og J\u00f3rdan me\u00f0 landinu a\u00f0 henni til enda Genesaretsj\u00f3ar austanvert hinumegin J\u00f3rdanar;<a name=\"28\"><span class=\"versanumer\">28<\/span><\/a>\u00feetta var arfahlutur Ga\u00f0sni\u00f0ja, eftir \u00feeirra kyn\u00fe\u00e1ttum, borgirnar og \u00feorpin sem \u00fear l\u00e1gu undir. <br \/><a name=\"29\"><span class=\"versanumer\">29<\/span><\/a>\u00deeirri h\u00e1lfu Manasses \u00e6ttkv\u00edsl haf\u00f0i M\u00f3ses \u00fathluta\u00f0 arfi, og var \u00feetta hluti h\u00e1lfrar Manasse \u00e6ttkv\u00edslar eftir hennar kyn\u00fe\u00e1ttum:<a name=\"30\"><span class=\"versanumer\">30<\/span><\/a>landamerki \u00feeirra voru fr\u00e1 Mahanaim, allt Basansland, allt \u00fea\u00f0 r\u00edki sem \u00e1tt haf\u00f0i \u00d3g Basansk\u00f3ngur, og \u00f6ll Ja\u00edrs\u00feorp, sem liggja \u00ed Basan, sextygir b\u00e6ir.<a name=\"31\"><span class=\"versanumer\">31<\/span><\/a>Helft G\u00edlea\u00f0s, sem og Astarot og Edrei, borgir \u00ed r\u00edki \u00d3gs \u00ed Basan, \u00fathluta\u00f0i hann ni\u00f0jum Mak\u00edrs, sonar Manassis, nefnilega helmingi Mak\u00edrsni\u00f0ja eftir \u00feeirra kyn\u00fe\u00e1ttum.<a name=\"32\"><span class=\"versanumer\">32<\/span><\/a>\u00deetta var \u00fea\u00f0 land, sem M\u00f3ses \u00fathluta\u00f0i \u00e1 M\u00f3absv\u00f6llum hinumegin J\u00f3rdanar fyrir austan Jer\u00edk\u00f3;<a name=\"33\"><span class=\"versanumer\">33<\/span><\/a>Lev\u00ed \u00e6ttkv\u00edsl haf\u00f0i M\u00f3ses \u00f6ngvum arfi \u00fathluta\u00f0, \u00fev\u00ed Drottinn \u00cdsraels Gu\u00f0 er sj\u00e1lfur \u00feeirra arfur eins og hann haf\u00f0i sagt \u00feeim.<\/p>\n<div class=\"footnoteVidey\"><\/div>\n","protected":false},"excerpt":{"rendered":"<p>Drottinn b\u00fd\u00f0ur a\u00f0 skipta landinu. Land R\u00fabens, Ga\u00f0s og h\u00e1lfrar Manasse \u00e6ttkv\u00edslar. 1\u00deegar J\u00f3s\u00faa t\u00f3k a\u00f0 gj\u00f6rast gamall og aldra\u00f0ur, sag\u00f0i Drottinn til hans: \u00fe\u00fa ert or\u00f0inn gamall og aldurhniginn, en miki\u00f0 er enn af landinu \u00f3unni\u00f0.2\u00deetta land er enn eftir: Filistealand allt og allt Ges\u00faraland;3fr\u00e1 Sih\u00f3r, sem rennur fram me\u00f0 Egyptalandi til Ekrons landamerkja m\u00f3t nor\u00f0ri; \u00feetta telst me\u00f0 Kanaanslandi; \u00feeir fimm h\u00f6f\u00f0ingjar Filisteanna yfir Gasa, Asdod, Askalon, Gat, Ekron og Ava.4En sunnan til er allt Kanan\u00edtaland og Meara, sem S\u00eddonar eiga allt til Afeka og landamerkja Amor\u00edta;5\u00fe\u00e1 er Gibl\u00edtaland og allur L\u00edbanon fyrir austan fr\u00e1 Baalga\u00f0 undir Hermonsfjalli, <a href=\"https:\/\/biblian.is\/videy\/josuabok-13-kafli\/\"> [&#8230;]<\/a><\/p>\n","protected":false},"author":1,"featured_media":0,"parent":0,"menu_order":0,"comment_status":"open","ping_status":"open","template":"bibliukaflar.php","meta":{"footnotes":""},"class_list":["post-21049","page","type-page","status-publish","hentry"],"_links":{"self":[{"href":"https:\/\/biblian.is\/videy\/wp-json\/wp\/v2\/pages\/21049","targetHints":{"allow":["GET"]}}],"collection":[{"href":"https:\/\/biblian.is\/videy\/wp-json\/wp\/v2\/pages"}],"about":[{"href":"https:\/\/biblian.is\/videy\/wp-json\/wp\/v2\/types\/page"}],"author":[{"embeddable":true,"href":"https:\/\/biblian.is\/videy\/wp-json\/wp\/v2\/users\/1"}],"replies":[{"embeddable":true,"href":"https:\/\/biblian.is\/videy\/wp-json\/wp\/v2\/comments?post=21049"}],"version-history":[{"count":0,"href":"https:\/\/biblian.is\/videy\/wp-json\/wp\/v2\/pages\/21049\/revisions"}],"wp:attachment":[{"href":"https:\/\/biblian.is\/videy\/wp-json\/wp\/v2\/media?parent=21049"}],"curies":[{"name":"wp","href":"https:\/\/api.w.org\/{rel}","templated":true}]}}