{"id":21047,"date":"2018-01-02T01:00:02","date_gmt":"2018-01-02T01:00:02","guid":{"rendered":"http:\/\/biblian.is\/videy\/josuabok-11-kafli\/"},"modified":"2018-01-02T01:00:02","modified_gmt":"2018-01-02T01:00:02","slug":"josuabok-11-kafli","status":"publish","type":"page","link":"https:\/\/biblian.is\/videy\/josuabok-11-kafli\/","title":{"rendered":"J\u00f3s\u00faab\u00f3k 11. kafli"},"content":{"rendered":"<div class=\"fyrirsognVidey\">Kanan\u00edtar gj\u00f6rsamlega yfirunnir.<\/div>\n<p><a name=\"1\"><span class=\"versanumer\">1<\/span><\/a>\u00deegar Jab\u00edn Has\u00f3rsk\u00f3ngur spur\u00f0i \u00feessi t\u00ed\u00f0indi, gj\u00f6r\u00f0i hann or\u00f0 J\u00f3bab Madonsk\u00f3ngi, k\u00f3nginum \u00ed Simron, og k\u00f3nginum \u00ed Aksaf,<a name=\"2\"><span class=\"versanumer\">2<\/span><\/a>og k\u00f3ngunum, sem fyrir nor\u00f0an bjuggu \u00e1 fjallinu <span class='VideyAth'>(L\u00edbanon)<\/span> og \u00e1 sl\u00e9ttlendinu fyrir sunnan Genesaret, og \u00e1 l\u00e1glendinu og \u00e1 D\u00f3rsh\u00e6\u00f0um \u00fat vi\u00f0 hafi\u00f0,<a name=\"3\"><span class=\"versanumer\">3<\/span><\/a>Kanan\u00edtum b\u00e6\u00f0i fyrir austan og vestan, Amor\u00edtum, Het\u00edtum, Feres\u00edtum, Jeb\u00fas\u00edtum \u00e1 fjallinu, og Hev\u00edtum fyrir ne\u00f0an Hermonsfjall \u00ed Mispalandi.<a name=\"4\"><span class=\"versanumer\">4<\/span><\/a>\u00deessir t\u00f3ku sig upp me\u00f0 her sinn allan, var \u00fea\u00f0 manngr\u00fai svo mikill, sem sandur \u00e1 sj\u00e1varstr\u00f6nd; \u00feeir h\u00f6f\u00f0u fj\u00f6lda hesta og vagna;<a name=\"5\"><span class=\"versanumer\">5<\/span><\/a>allir \u00feessir k\u00f3ngar komu saman og sl\u00f3gu herb\u00fa\u00f0um sameiginlega vi\u00f0 Meromsvatn, til a\u00f0 halda orrustu vi\u00f0 \u00cdsrael.<a name=\"6\"><span class=\"versanumer\">6<\/span><\/a>\u00de\u00e1 sag\u00f0i Drottinn vi\u00f0 J\u00f3s\u00faa: ekki skaltu hr\u00e6\u00f0ast \u00fe\u00e1, \u00fev\u00ed \u00e1 morgun \u00ed \u00feetta mund skal eg l\u00e1ta \u00fe\u00e1 alla falla fyrir \u00cdsrael.<a name=\"7\"><span class=\"versanumer\">7<\/span><\/a>\u00de\u00fa skalt skera sundur aflsinar \u00e1 hestum \u00feeirra og brenna vagnana! J\u00f3s\u00faa yfirf\u00e9ll \u00fe\u00e1 \u00f3v\u00f6rum me\u00f0 her s\u00ednum vi\u00f0 Meromsvatn;<a name=\"8\"><span class=\"versanumer\">8<\/span><\/a>og Drottinn gaf \u00fe\u00e1 \u00ed hendur \u00cdsraels, svo \u00feeir sl\u00f3gu \u00fe\u00e1 og eltu, allt til S\u00edd\u00f3nar hinnar miklu og til hveranna austur \u00ed Mispudali, og felldu \u00fe\u00e1 \u00fear svo a\u00f0 enginn komst undan.<a name=\"9\"><span class=\"versanumer\">9<\/span><\/a>J\u00f3s\u00faa f\u00f3r me\u00f0 \u00fe\u00e1, eins og Drottinn haf\u00f0i sagt: hann skar sundur aflsinar \u00e1 hestum \u00feeirra og brenndi vagna \u00feeirra. <br \/><a name=\"10\"><span class=\"versanumer\">10<\/span><\/a>\u00c1 \u00feeim t\u00edma sneri J\u00f3s\u00faa til baka, vann Hasorsborg, og t\u00f3k konung hennar af l\u00edfi, <span class='VideyAth'>(\u00fev\u00ed Hasorsborg haf\u00f0i veri\u00f0 h\u00f6fu\u00f0sta\u00f0ur allra \u00feessara k\u00f3ngsr\u00edkja)<\/span>,<a name=\"11\"><span class=\"versanumer\">11<\/span><\/a>og \u00feeir dr\u00e1pu hv\u00f6rt mannsbarn \u00ed henni, \u00fe\u00e1 \u00feeir bannf\u00e6r\u00f0u hana, og l\u00e9tu ekkert kvikt l\u00edfi halda, og brenndu Hasor upp a\u00f0 bj\u00f6rtu b\u00e1li;<a name=\"12\"><span class=\"versanumer\">12<\/span><\/a>eftir \u00fea\u00f0 t\u00f3k J\u00f3s\u00faa borgir allra \u00feessara k\u00f3nga, og k\u00f3ngana sj\u00e1lfa og sl\u00f3 \u00fe\u00e1 me\u00f0 sver\u00f0seggjum, og bannf\u00e6r\u00f0i \u00fe\u00e1, eins og M\u00f3ses \u00fej\u00f3n Drottins haf\u00f0i bo\u00f0i\u00f0.<a name=\"13\"><span class=\"versanumer\">13<\/span><\/a>En \u00f6ngva af \u00feeim borgum, sem enn standa \u00e1 s\u00ednum h\u00e6\u00f0um, brenndu \u00cdsraelsb\u00f6rn, nema Hasorsborg eina, sem J\u00f3s\u00faa brenndi.<a name=\"14\"><span class=\"versanumer\">14<\/span><\/a>S\u00ed\u00f0an skiptu \u00cdsraelsb\u00f6rn \u00f6llu herfangi og f\u00e9 \u00feessara sta\u00f0a me\u00f0 s\u00e9r, en allt f\u00f3lk sl\u00f3gu \u00feeir me\u00f0 sver\u00f0seggjum, \u00fear til \u00feeir h\u00f6f\u00f0u gj\u00f6reytt \u00feeim, og l\u00e9tu engan l\u00edfi halda.<a name=\"15\"><span class=\"versanumer\">15<\/span><\/a>Eins og Drottinn haf\u00f0i bo\u00f0i\u00f0 \u00fej\u00f3ni s\u00ednum M\u00f3ses, og M\u00f3ses haf\u00f0i bo\u00f0i\u00f0 J\u00f3s\u00faa, eins gj\u00f6r\u00f0i J\u00f3s\u00faa, hann undanseldi ekkert af \u00fev\u00ed, sem Drottinn haf\u00f0i bo\u00f0i\u00f0 M\u00f3se.<a name=\"16\"><span class=\"versanumer\">16<\/span><\/a>\u00deannig t\u00f3k J\u00f3s\u00faa allt landi\u00f0, fjallbygg\u00f0ina, su\u00f0urlandi\u00f0, allt G\u00f3senland, l\u00e1glendi\u00f0, flatlendi\u00f0, \u00cdsraelsfjall, og \u00feess undirlendi;<a name=\"17\"><span class=\"versanumer\">17<\/span><\/a>fr\u00e1 Skallabergi, sem liggur upp til Seirs, til Baalga\u00f0 \u00ed L\u00edbanonsdal undir Hermonsfelli, alla k\u00f3nga \u00feessara landa handt\u00f3k hann og afl\u00edfa\u00f0i,<a name=\"18\"><span class=\"versanumer\">18<\/span><\/a>en lengi \u00e1tti hann \u00ed orrustum vi\u00f0 k\u00f3nga \u00feessa.<a name=\"19\"><span class=\"versanumer\">19<\/span><\/a>Engin var s\u00fa borg, sem gj\u00f6r\u00f0i fri\u00f0 vi\u00f0 \u00cdsraelsb\u00f6rn, nema Hev\u00edtar, sem bjuggu \u00ed G\u00edbeon, heldur unnu \u00feeir \u00fe\u00e6r allar me\u00f0 herskildi.<a name=\"20\"><span class=\"versanumer\">20<\/span><\/a>Var \u00fea\u00f0 Drottins verk a\u00f0 \u00feeirra hjarta st\u00e6ltist til a\u00f0 ganga m\u00f3ti \u00cdsraelsl\u00fd\u00f0 \u00ed bardaga, til \u00feess hann bannf\u00e6r\u00f0i \u00fe\u00e1 v\u00e6g\u00f0arlaust og ey\u00f0ileg\u00f0i \u00fe\u00e1, eins og Drottinn haf\u00f0i bo\u00f0i\u00f0 M\u00f3ses.<a name=\"21\"><span class=\"versanumer\">21<\/span><\/a>Um \u00feessar s\u00f6mu mundir kom J\u00f3s\u00faa og afm\u00e1\u00f0i Enakana <span class='VideyAth'>*)<\/span> \u00e1 fjallinu, \u00ed Hebron, Debir, Anab, \u00e1 \u00f6llu J\u00fadafjalli, og \u00cdsraelsfjalli; J\u00f3s\u00faa bannf\u00e6r\u00f0i \u00fe\u00e1 og borgir \u00feeirra;<a name=\"22\"><span class=\"versanumer\">22<\/span><\/a>og \u00f6ngvir Enakar ur\u00f0u eftir \u00ed landi \u00cdsraelsmanna, nema \u00ed Gasa, Gat og Asdod ur\u00f0u \u00feeir eftir.<a name=\"23\"><span class=\"versanumer\">23<\/span><\/a>\u00deannig vann n\u00fa J\u00f3s\u00faa landi\u00f0 allt \u00ed \u00f6llum greinum eins og Drottinn haf\u00f0i sagt M\u00f3ses; og J\u00f3s\u00faa gaf \u00fea\u00f0 \u00cdsraelsm\u00f6nnum til eignar, hv\u00f6rri \u00e6ttkv\u00edsl sinn hluta. F\u00e9kk landi\u00f0 svo hv\u00edld fr\u00e1 str\u00ed\u00f0i.<\/p>\n<div class=\"footnoteVidey\">*) \u00de. e. risana.<\/div>\n","protected":false},"excerpt":{"rendered":"<p>Kanan\u00edtar gj\u00f6rsamlega yfirunnir. 1\u00deegar Jab\u00edn Has\u00f3rsk\u00f3ngur spur\u00f0i \u00feessi t\u00ed\u00f0indi, gj\u00f6r\u00f0i hann or\u00f0 J\u00f3bab Madonsk\u00f3ngi, k\u00f3nginum \u00ed Simron, og k\u00f3nginum \u00ed Aksaf,2og k\u00f3ngunum, sem fyrir nor\u00f0an bjuggu \u00e1 fjallinu (L\u00edbanon) og \u00e1 sl\u00e9ttlendinu fyrir sunnan Genesaret, og \u00e1 l\u00e1glendinu og \u00e1 D\u00f3rsh\u00e6\u00f0um \u00fat vi\u00f0 hafi\u00f0,3Kanan\u00edtum b\u00e6\u00f0i fyrir austan og vestan, Amor\u00edtum, Het\u00edtum, Feres\u00edtum, Jeb\u00fas\u00edtum \u00e1 fjallinu, og Hev\u00edtum fyrir ne\u00f0an Hermonsfjall \u00ed Mispalandi.4\u00deessir t\u00f3ku sig upp me\u00f0 her sinn allan, var \u00fea\u00f0 manngr\u00fai svo mikill, sem sandur \u00e1 sj\u00e1varstr\u00f6nd; \u00feeir h\u00f6f\u00f0u fj\u00f6lda hesta og vagna;5allir \u00feessir k\u00f3ngar komu saman og sl\u00f3gu herb\u00fa\u00f0um sameiginlega vi\u00f0 Meromsvatn, til a\u00f0 halda orrustu vi\u00f0 \u00cdsrael.6\u00de\u00e1 <a href=\"https:\/\/biblian.is\/videy\/josuabok-11-kafli\/\"> [&#8230;]<\/a><\/p>\n","protected":false},"author":1,"featured_media":0,"parent":0,"menu_order":0,"comment_status":"open","ping_status":"open","template":"bibliukaflar.php","meta":{"footnotes":""},"class_list":["post-21047","page","type-page","status-publish","hentry"],"_links":{"self":[{"href":"https:\/\/biblian.is\/videy\/wp-json\/wp\/v2\/pages\/21047","targetHints":{"allow":["GET"]}}],"collection":[{"href":"https:\/\/biblian.is\/videy\/wp-json\/wp\/v2\/pages"}],"about":[{"href":"https:\/\/biblian.is\/videy\/wp-json\/wp\/v2\/types\/page"}],"author":[{"embeddable":true,"href":"https:\/\/biblian.is\/videy\/wp-json\/wp\/v2\/users\/1"}],"replies":[{"embeddable":true,"href":"https:\/\/biblian.is\/videy\/wp-json\/wp\/v2\/comments?post=21047"}],"version-history":[{"count":0,"href":"https:\/\/biblian.is\/videy\/wp-json\/wp\/v2\/pages\/21047\/revisions"}],"wp:attachment":[{"href":"https:\/\/biblian.is\/videy\/wp-json\/wp\/v2\/media?parent=21047"}],"curies":[{"name":"wp","href":"https:\/\/api.w.org\/{rel}","templated":true}]}}