{"id":21046,"date":"2018-01-02T01:00:02","date_gmt":"2018-01-02T01:00:02","guid":{"rendered":"http:\/\/biblian.is\/videy\/josuabok-10-kafli\/"},"modified":"2018-01-02T01:00:02","modified_gmt":"2018-01-02T01:00:02","slug":"josuabok-10-kafli","status":"publish","type":"page","link":"https:\/\/biblian.is\/videy\/josuabok-10-kafli\/","title":{"rendered":"J\u00f3s\u00faab\u00f3k 10. kafli"},"content":{"rendered":"<div class=\"fyrirsognVidey\">J\u00f3s\u00faa vinnur sigur \u00e1 fimm konungum Amor\u00edta.<\/div>\n<p><a name=\"1\"><span class=\"versanumer\">1<\/span><\/a>\u00deegar Ad\u00f3nisedek, Jer\u00fasalemskonungur, fr\u00e9tti a\u00f0 J\u00f3s\u00faa hef\u00f0i teki\u00f0 A\u00ed, og umturna\u00f0 henni, og gj\u00f6rt eins vi\u00f0 hana og hennar konung, eins og hann haf\u00f0i gj\u00f6rt vi\u00f0 Jer\u00edk\u00f3 og konunginn \u00fear, og a\u00f0 G\u00edbeon\u00edtar h\u00f6f\u00f0u sami\u00f0 fri\u00f0 vi\u00f0 \u00cdsraelsmenn og voru n\u00fa komnir me\u00f0al \u00feeirra,<a name=\"2\"><span class=\"versanumer\">2<\/span><\/a>kom hr\u00e6\u00f0sla mikil yfir \u00fe\u00e1, \u00fev\u00ed G\u00edbeon var engu minni sta\u00f0ur, en \u00feeir, hvar konungur haf\u00f0i a\u00f0setur, og st\u00e6rri en A\u00ed, voru l\u00edka allir innb\u00faar \u00fear g\u00f3\u00f0ir hermenn;<a name=\"3\"><span class=\"versanumer\">3<\/span><\/a>sendi Ad\u00f3nisedek, Jer\u00fasalemskonungur, til P\u00edrams Jarm\u00fatskonungs, til Jafia k\u00f3ngsins \u00ed Lak\u00eds og til Debirs, Eglonsk\u00f3ngs, og l\u00e9t segja \u00feeim:<a name=\"4\"><span class=\"versanumer\">4<\/span><\/a>komi\u00f0 til m\u00f3ts vi\u00f0 mig, og veiti\u00f0 m\u00e9r fulltingi, a\u00f0 v\u00e9r megum sigra G\u00edbeon, \u00fev\u00ed \u00feeir hafa gj\u00f6rt fri\u00f0 vi\u00f0 J\u00f3s\u00faa og \u00cdsraelsb\u00f6rn,<a name=\"5\"><span class=\"versanumer\">5<\/span><\/a>fimm Amor\u00edtak\u00f3ngar s\u00f6fnu\u00f0ust \u00fe\u00e1 og f\u00f3ru upp \u00feanga\u00f0, Jer\u00fasalemsk\u00f3ngur, Hebronsk\u00f3ngur, Jarm\u00fatsk\u00f3ngur, Lakisk\u00f3ngur og Eglonsk\u00f3ngur, me\u00f0 \u00f6llum s\u00ednum her, settust um G\u00edbeon og herju\u00f0u \u00e1 borgina.<a name=\"6\"><span class=\"versanumer\">6<\/span><\/a>G\u00edbeonsmenn gj\u00f6r\u00f0u \u00fe\u00e1 menn til J\u00f3s\u00faa, \u00fear sem hann l\u00e1 \u00ed herb\u00fa\u00f0um vi\u00f0 Gilgal, og l\u00e9tu segja honum: sl\u00e1 ekki h\u00f6nd \u00feinni af \u00fej\u00f3num \u00fe\u00ednum, fl\u00fdt \u00fe\u00e9r oss til hj\u00e1lpar og frelsis, \u00fev\u00ed allir Amor\u00edtak\u00f3ngar, sem \u00ed fjallbygg\u00f0inni b\u00faa, hafa samansafnast \u00e1 m\u00f3ti oss!<a name=\"7\"><span class=\"versanumer\">7<\/span><\/a>J\u00f3s\u00faa h\u00f3f \u00fe\u00e1 herf\u00f6r fr\u00e1 Gilgal me\u00f0 allan sinn her og alla s\u00edna kappa;<a name=\"8\"><span class=\"versanumer\">8<\/span><\/a>og Drottinn sag\u00f0i til J\u00f3s\u00faa: \u00fe\u00fa skalt ekki hr\u00e6\u00f0ast \u00fe\u00e1, \u00fev\u00ed eg hefi gefi\u00f0 \u00fe\u00e1 \u00ed \u00fe\u00edna h\u00f6nd, og enginn \u00feeirra skal standast \u00fe\u00e9r.<a name=\"9\"><span class=\"versanumer\">9<\/span><\/a>J\u00f3s\u00faa kom yfir \u00fe\u00e1, \u00feeim \u00f3vart, \u00fev\u00ed alla n\u00f3ttina h\u00e9lt hann fer\u00f0inni \u00e1fram fr\u00e1 Gilgal;<a name=\"10\"><span class=\"versanumer\">10<\/span><\/a>og Drottinn gj\u00f6r\u00f0i \u00fe\u00e1 hr\u00e6dda fyrir \u00cdsraelsm\u00f6nnum, svo a\u00f0 \u00feessir gj\u00f6r\u00f0u \u00feeim miki\u00f0 manntj\u00f3n hj\u00e1 G\u00edbeon, og r\u00e1ku fl\u00f3ttann \u00e1 lei\u00f0 upp til Bet\u00f3ron, og felldu marga \u00e1 veginum til Aseka og Makeda.<a name=\"11\"><span class=\"versanumer\">11<\/span><\/a>En sem \u00feeir fl\u00fd\u00f0u fyrir \u00cdsraelsm\u00f6nnum ofan fr\u00e1 Bet\u00f3ron, \u00fe\u00e1 l\u00e9t Drottinn st\u00f3ra <span class='VideyAth'>(hagl)<\/span>steina falla ofan af himnum yfir \u00fe\u00e1, \u00fear til \u00feeir komu til Aseka, svo \u00feeir f\u00e9llu, og miklu fleiri f\u00e9llu fyrir haglsteinunum en fyrir sver\u00f0i \u00cdsraelsmanna.<a name=\"12\"><span class=\"versanumer\">12<\/span><\/a>\u00deenna dag, \u00e1 hv\u00f6rjum Drottinn gaf \u00cdsraelsm\u00f6nnum sigur yfir Amor\u00edtum, tala\u00f0i J\u00f3s\u00faa til Drottins \u00ed \u00e1heyrn \u00cdsraelsmanna og sag\u00f0i: S\u00f3l stattu kyrr \u00ed G\u00edbeon, og \u00fe\u00fa tungl \u00ed Ajalonsdal.<a name=\"13\"><span class=\"versanumer\">13<\/span><\/a>\u00de\u00e1 st\u00f3\u00f0u s\u00f3l og tungl kyrr, \u00feanga\u00f0 til f\u00f3lki\u00f0 haf\u00f0i hefnt s\u00edn \u00e1 \u00f3vinum s\u00ednum; \u00feetta finnst skrifa\u00f0 \u00ed B\u00f3k hins r\u00e9ttl\u00e1ta: \u201eS\u00f3lin st\u00f3\u00f0 mitt \u00e1 himni og gekk ekki til vi\u00f0ar allan daginn,<a name=\"14\"><span class=\"versanumer\">14<\/span><\/a>og enginn dagur hefir \u00feessum degi l\u00edkur veri\u00f0 hv\u00f6rki fyrr n\u00e9 s\u00ed\u00f0ar, a\u00f0 Drottinn skyldi l\u00e1ta a\u00f0 or\u00f0um eins manns, \u00fev\u00ed Drottinn bar\u00f0ist fyrir \u00cdsraelsmenn.\u201c<a name=\"15\"><span class=\"versanumer\">15<\/span><\/a>J\u00f3s\u00faa f\u00f3r \u00fe\u00e1 og allur \u00cdsrael me\u00f0 honum aftur til herb\u00fa\u00f0anna \u00ed Gilgal.<a name=\"16\"><span class=\"versanumer\">16<\/span><\/a>En \u00feeir fimm konungar fl\u00fa\u00f0u, og f\u00f3lu sig \u00ed hellirnum hj\u00e1 Makeda;<a name=\"17\"><span class=\"versanumer\">17<\/span><\/a>\u00fe\u00e1 var J\u00f3s\u00faa sagt: v\u00e9r h\u00f6fum fundi\u00f0 \u00fe\u00e1 fimm konunga, sem hafa fali\u00f0 sig \u00ed hellirnum hj\u00e1 Makeda,<a name=\"18\"><span class=\"versanumer\">18<\/span><\/a>\u00fe\u00e1 sag\u00f0i J\u00f3s\u00faa: velti\u00f0 st\u00f3rum steinum fyrir hellirsdyrnar, og f\u00e1i\u00f0 menn til a\u00f0 halda \u00fear v\u00f6r\u00f0;<a name=\"19\"><span class=\"versanumer\">19<\/span><\/a>haldi\u00f0 \u00fe\u00e9r ekki kyrru fyrir, heldur elti\u00f0 \u00f3vinina, felli\u00f0 \u00fe\u00e1 sem aftastir fara, og l\u00e1ti\u00f0 \u00fe\u00e1 ekki undan komast inn \u00ed borgir \u00feeirra, \u00fev\u00ed Drottinn y\u00f0ar Gu\u00f0 hefir gefi\u00f0 \u00fe\u00e1 y\u00f0ur \u00ed hendur.<a name=\"20\"><span class=\"versanumer\">20<\/span><\/a>En \u00fe\u00e1 J\u00f3s\u00faa og \u00cdsraelsb\u00f6rn h\u00f6f\u00f0u slegi\u00f0 \u00fe\u00e1, og gj\u00f6rt miki\u00f0 manntj\u00f3n \u00e1 \u00feeim og unni\u00f0 fullkominn sigur, h\u00f6f\u00f0u \u00fe\u00f3 nokkrir undan komist, inn \u00ed v\u00edggirtu borgirnar.<a name=\"21\"><span class=\"versanumer\">21<\/span><\/a>En herinn kom allur \u00f3skadda\u00f0ur til J\u00f3s\u00faa \u00ed herb\u00fa\u00f0irnar hj\u00e1 Makeda, og enginn \u00feor\u00f0i or\u00f0 a\u00f0 m\u00e6la gegn \u00cdsraelsb\u00f6rnum.<a name=\"22\"><span class=\"versanumer\">22<\/span><\/a>\u00de\u00e1 sag\u00f0i J\u00f3s\u00faa: opni\u00f0 hellisdyrnar, og lei\u00f0i\u00f0 \u00fe\u00e1 fimm konunga \u00fat til m\u00edn \u00far hellirnum.<a name=\"23\"><span class=\"versanumer\">23<\/span><\/a>Svo var gj\u00f6rt, og leiddu \u00feeir \u00feessa fimm konunga til hans \u00far hellirnum: Jer\u00fasalemskonung, Hebronskonung, Jarm\u00fatskonung, Lakiskonung, og Eglonskonung;<a name=\"24\"><span class=\"versanumer\">24<\/span><\/a>og \u00fe\u00e1 \u00feeir h\u00f6f\u00f0u leitt \u00feessa konunga \u00fat til J\u00f3s\u00faa, kalla\u00f0i J\u00f3s\u00faa saman hv\u00f6rn mann \u00ed \u00cdsrael, og sag\u00f0i til str\u00ed\u00f0smanna foringjanna, sem me\u00f0 honum h\u00f6f\u00f0u fari\u00f0: komi\u00f0 hinga\u00f0 og st\u00edgi\u00f0 f\u00e6ti \u00e1 h\u00e1ls konungum \u00feessum! \u00feeir gengu fram og stigu \u00e1 h\u00e1lsa \u00feeirra;<a name=\"25\"><span class=\"versanumer\">25<\/span><\/a>\u00fe\u00e1 sag\u00f0i J\u00f3s\u00faa til \u00feeirra: \u00f3ttist ekki, n\u00e9 \u00e6\u00f0rist, heldur veri\u00f0 hugrakkir og \u00f6ruggir, \u00fev\u00ed svo mun Drottinn fara me\u00f0 alla \u00f3vini y\u00f0ar, sem \u00fe\u00e9r berjist vi\u00f0.<a name=\"26\"><span class=\"versanumer\">26<\/span><\/a>Eftir \u00fea\u00f0 l\u00e9t J\u00f3s\u00faa afl\u00edfa \u00fe\u00e1, og hengja s\u00ed\u00f0an upp \u00ed fimm eikur, og \u00fear h\u00e9ngu \u00feeir til kv\u00f6lds,<a name=\"27\"><span class=\"versanumer\">27<\/span><\/a>en um s\u00f3lsetur bau\u00f0 hann a\u00f0 taka \u00fe\u00e1 ofan af eikunum, og dysja \u00ed hellirnum, sem \u00feeir h\u00f6f\u00f0u falist \u00ed, og bera st\u00f3ra steina fyrir hellisdyrnar, og eru \u00feeir \u00fear enn \u00ed dag. <br \/><a name=\"28\"><span class=\"versanumer\">28<\/span><\/a>\u00deenna sama dag vann J\u00f3s\u00faa borgina Makeda, t\u00f3k hana me\u00f0 herskildi og l\u00fdsti banni yfir konung hennar, og hv\u00f6rri s\u00e1l \u00ed henni, og l\u00e9t engan af komast; en me\u00f0 Makedakonung f\u00f3r hann eins og hann haf\u00f0i \u00e1\u00f0ur fari\u00f0 me\u00f0 Jer\u00edk\u00f3skonung.<a name=\"29\"><span class=\"versanumer\">29<\/span><\/a>S\u00ed\u00f0an f\u00f3r J\u00f3s\u00faa me\u00f0 allan \u00cdsraelsl\u00fd\u00f0 fr\u00e1 Makeda til Libna og herja\u00f0i \u00e1 hana;<a name=\"30\"><span class=\"versanumer\">30<\/span><\/a>og Drottinn gaf einnig hana \u00ed \u00cdsraels hendur, og konung hennar; og sl\u00f3 me\u00f0 sver\u00f0seggjum hv\u00f6rt mannsbarn \u00ed borginni og l\u00e9t engan undan komast, og me\u00f0 konunginn f\u00f3r hann eins og me\u00f0 Jer\u00edk\u00f3skonung.<a name=\"31\"><span class=\"versanumer\">31<\/span><\/a>J\u00f3s\u00faa og allur \u00cdsrael me\u00f0 honum f\u00f3r fr\u00e1 Libna til Lakis, setti herb\u00fa\u00f0ir hj\u00e1 henni, og herja\u00f0i \u00e1 hana;<a name=\"32\"><span class=\"versanumer\">32<\/span><\/a>og Drottinn gaf Lakis \u00ed hendur \u00cdsraels, svo J\u00f3s\u00faa t\u00f3k hana n\u00e6sta dag og sl\u00f3 hana me\u00f0 sver\u00f0seggjum og hv\u00f6rt mannsbarn, sem \u00ed henni var, \u00f6ldungis eins og hann haf\u00f0i gj\u00f6rt vi\u00f0 Libna. <br \/><a name=\"33\"><span class=\"versanumer\">33<\/span><\/a>\u00de\u00e1 f\u00f3r H\u00f3ram Gesersk\u00f3ngur til li\u00f0s vi\u00f0 Lakis, en J\u00f3s\u00faa felldi hann og menn hans, svo enginn komst undan.<a name=\"34\"><span class=\"versanumer\">34<\/span><\/a>\u00de\u00e1 f\u00f3r J\u00f3s\u00faa og allur \u00cdsrael me\u00f0 honum fr\u00e1 Lakis til Eglon, settu herb\u00fa\u00f0ir hj\u00e1 sta\u00f0num og herju\u00f0u \u00e1 hann;<a name=\"35\"><span class=\"versanumer\">35<\/span><\/a>t\u00f3ku hann samd\u00e6gurs og sl\u00f3gu hann og hv\u00f6rt mannsbarn, sem \u00ed honum var, og sama dag bannf\u00e6r\u00f0i hann hann, allt eins og hann gj\u00f6rt haf\u00f0i vi\u00f0 Lakis.<a name=\"36\"><span class=\"versanumer\">36<\/span><\/a>J\u00f3s\u00faa og allur \u00cdsrael me\u00f0 honum f\u00f3ru \u00fe\u00e1 upp fr\u00e1 Eglon til Hebrons, og herja\u00f0i \u00e1 \u00feann sta\u00f0;<a name=\"37\"><span class=\"versanumer\">37<\/span><\/a>\u00feeir t\u00f3ku hann og sl\u00f3gu hann og konunginn me\u00f0 sver\u00f0seggjum og \u00f6ll \u00feorp sta\u00f0arins og hv\u00f6rt mannsbarn, sem \u00ed honum var, og l\u00e9t hann engan undan komast, eins og hann haf\u00f0i gj\u00f6rt vi\u00f0 Eglon; hann bannf\u00e6r\u00f0i sta\u00f0inn og hv\u00f6rt mannsbarn sem \u00ed honum var.<a name=\"38\"><span class=\"versanumer\">38<\/span><\/a>\u00de\u00e1 sneri J\u00f3s\u00faa og allur \u00cdsrael til baka til Deb\u00edr og herja\u00f0i \u00e1 hana,<a name=\"39\"><span class=\"versanumer\">39<\/span><\/a>t\u00f3k hana, og konung hennar og \u00f6ll \u00feorp, sem \u00fear til heyr\u00f0u; \u00feeir sl\u00f3gu \u00fe\u00e1 me\u00f0 sver\u00f0seggjum, og bannf\u00e6r\u00f0u \u00fear hv\u00f6rt mannsbarn, svo \u00fear komst enginn undan; eins og hann haf\u00f0i gj\u00f6rt vi\u00f0 Hebron og Libnu og \u00feeirra konunga, svo gj\u00f6r\u00f0i hann vi\u00f0 Deb\u00edr og hennar konung.<a name=\"40\"><span class=\"versanumer\">40<\/span><\/a>\u00deannig herja\u00f0i J\u00f3s\u00faa landi\u00f0 allt, fjallbygg\u00f0ina, su\u00f0url\u00f6ndin, sl\u00e9ttlendi\u00f0 og l\u00e1glendi\u00f0, vann alla \u00feeirra konunga og l\u00e9t engan mann af komast; l\u00fdsti hann banni \u00ed \u00f6llu sem kvikt var, eins og Drottinn Gu\u00f0 \u00cdsraels, haf\u00f0i bo\u00f0i\u00f0;<a name=\"41\"><span class=\"versanumer\">41<\/span><\/a>og J\u00f3s\u00faa sl\u00f3 \u00fe\u00e1 fr\u00e1 Kades-Barnea til Gasa, allt landi\u00f0 Gosen til G\u00edbeons;<a name=\"42\"><span class=\"versanumer\">42<\/span><\/a>\u00e1 einni herf\u00f6r vann hann alla \u00feessa konunga og l\u00f6nd \u00feeirra, \u00fev\u00ed Drottinn Gu\u00f0 \u00cdsraels bar\u00f0ist fyrir \u00cdsrael.<a name=\"43\"><span class=\"versanumer\">43<\/span><\/a>F\u00f3r n\u00fa J\u00f3s\u00faa og allur \u00cdsrael me\u00f0 honum til baka til herb\u00fa\u00f0anna \u00ed Gilgal.<\/p>\n<div class=\"footnoteVidey\"><\/div>\n","protected":false},"excerpt":{"rendered":"<p>J\u00f3s\u00faa vinnur sigur \u00e1 fimm konungum Amor\u00edta. 1\u00deegar Ad\u00f3nisedek, Jer\u00fasalemskonungur, fr\u00e9tti a\u00f0 J\u00f3s\u00faa hef\u00f0i teki\u00f0 A\u00ed, og umturna\u00f0 henni, og gj\u00f6rt eins vi\u00f0 hana og hennar konung, eins og hann haf\u00f0i gj\u00f6rt vi\u00f0 Jer\u00edk\u00f3 og konunginn \u00fear, og a\u00f0 G\u00edbeon\u00edtar h\u00f6f\u00f0u sami\u00f0 fri\u00f0 vi\u00f0 \u00cdsraelsmenn og voru n\u00fa komnir me\u00f0al \u00feeirra,2kom hr\u00e6\u00f0sla mikil yfir \u00fe\u00e1, \u00fev\u00ed G\u00edbeon var engu minni sta\u00f0ur, en \u00feeir, hvar konungur haf\u00f0i a\u00f0setur, og st\u00e6rri en A\u00ed, voru l\u00edka allir innb\u00faar \u00fear g\u00f3\u00f0ir hermenn;3sendi Ad\u00f3nisedek, Jer\u00fasalemskonungur, til P\u00edrams Jarm\u00fatskonungs, til Jafia k\u00f3ngsins \u00ed Lak\u00eds og til Debirs, Eglonsk\u00f3ngs, og l\u00e9t segja \u00feeim:4komi\u00f0 til m\u00f3ts vi\u00f0 mig, <a href=\"https:\/\/biblian.is\/videy\/josuabok-10-kafli\/\"> [&#8230;]<\/a><\/p>\n","protected":false},"author":1,"featured_media":0,"parent":0,"menu_order":0,"comment_status":"open","ping_status":"open","template":"bibliukaflar.php","meta":{"footnotes":""},"class_list":["post-21046","page","type-page","status-publish","hentry"],"_links":{"self":[{"href":"https:\/\/biblian.is\/videy\/wp-json\/wp\/v2\/pages\/21046","targetHints":{"allow":["GET"]}}],"collection":[{"href":"https:\/\/biblian.is\/videy\/wp-json\/wp\/v2\/pages"}],"about":[{"href":"https:\/\/biblian.is\/videy\/wp-json\/wp\/v2\/types\/page"}],"author":[{"embeddable":true,"href":"https:\/\/biblian.is\/videy\/wp-json\/wp\/v2\/users\/1"}],"replies":[{"embeddable":true,"href":"https:\/\/biblian.is\/videy\/wp-json\/wp\/v2\/comments?post=21046"}],"version-history":[{"count":0,"href":"https:\/\/biblian.is\/videy\/wp-json\/wp\/v2\/pages\/21046\/revisions"}],"wp:attachment":[{"href":"https:\/\/biblian.is\/videy\/wp-json\/wp\/v2\/media?parent=21046"}],"curies":[{"name":"wp","href":"https:\/\/api.w.org\/{rel}","templated":true}]}}